{"id":1393,"date":"2018-06-13T13:10:04","date_gmt":"2018-06-13T11:10:04","guid":{"rendered":"https:\/\/www.nabu-aachen.de\/?page_id=1393"},"modified":"2018-06-27T13:10:13","modified_gmt":"2018-06-27T11:10:13","slug":"unsere-naturschutzstation","status":"publish","type":"page","link":"https:\/\/www.nabu-aachen.de\/en\/unsere-naturschutzstation\/","title":{"rendered":"Our nature conservation station"},"content":{"rendered":"<p>Die <a href=\"https:\/\/naturschutzstation-aachen.de\/\">NABU-Naturschutzstation Aachen<\/a> The NABU Aachen Nature Conservation Station supports and supplements the work of voluntary and full-time nature conservation in the urban area of the district-free city of Aachen. Its supporting association is made up of nine representatives of NABU Aachen e. V. and the City of Aachen.<\/p>\n<p><a href=\"https:\/\/naturschutzstation-aachen.de\/\" target=\"_blank\" rel=\"noopener\"><img loading=\"lazy\" decoding=\"async\" class=\"aligncenter wp-image-1379 size-medium\" src=\"https:\/\/www.nabu-aachen.de\/wp-content\/uploads\/2018\/06\/logo_naturschutzstation-300x248.jpg\" alt=\"\" width=\"300\" height=\"248\" srcset=\"https:\/\/www.nabu-aachen.de\/wp-content\/uploads\/2018\/06\/logo_naturschutzstation-300x248.jpg 300w, https:\/\/www.nabu-aachen.de\/wp-content\/uploads\/2018\/06\/logo_naturschutzstation-1000x827.jpg 1000w, https:\/\/www.nabu-aachen.de\/wp-content\/uploads\/2018\/06\/logo_naturschutzstation.jpg 1562w, https:\/\/www.nabu-aachen.de\/wp-content\/uploads\/2018\/06\/logo_naturschutzstation-300x248@2x.jpg 600w\" sizes=\"auto, (max-width: 300px) 100vw, 300px\" \/><\/a><\/p>\n<p>&nbsp;<\/p>\n<p><strong>Tasks and goals of the NABU Nature Conservation Station Aachen:\u2028<\/strong><br \/>\nIts tasks are in accordance with the funding guidelines for biological stations in NRW:<\/p>\n<p>- Species and biotope protection<br \/>\n- Protected area management (Natura 2000 areas, nature reserves)<br \/>\n- Contractual nature conservation (advice and technical support)<br \/>\n- Nature and environment-related public relations and educational work<br \/>\n- Promotion of voluntary commitment<br \/>\n- Supporting the state of NRW in fulfilling EU reporting obligations<br \/>\n- Involvement in landscape planning and municipal land management<br \/>\n- Scientific surveys of data on flora and fauna<br \/>\n- Planning and implementation of practical nature conservation and landscape management measures<\/p>\n<p>&nbsp;<\/p>\n<p>&nbsp;<\/p>\n<p>&nbsp;<\/p>\n<p>&nbsp;<\/p>\n<p>&nbsp;<\/p>","protected":false},"excerpt":{"rendered":"<p>Die NABU-Naturschutzstation Aachen unterst\u00fctzt und erg\u00e4nzt die Arbeit des ehren- und hauptamtlichen Naturschutzes im Stadtgebiet der kreisfreien Stadt Aachen. Ihr Tr\u00e4gerverein wird\u00a0von neun Vertretern des NABU Aachen e. V. und der Stadt Aachen gebildet.&#46;&#46;&#46;<\/p>","protected":false},"author":3,"featured_media":0,"parent":0,"menu_order":0,"comment_status":"closed","ping_status":"closed","template":"","meta":{"_lmt_disableupdate":"","_lmt_disable":"","footnotes":""},"categories":[],"tags":[],"class_list":["post-1393","page","type-page","status-publish","hentry"],"_links":{"self":[{"href":"https:\/\/www.nabu-aachen.de\/en\/wp-json\/wp\/v2\/pages\/1393","targetHints":{"allow":["GET"]}}],"collection":[{"href":"https:\/\/www.nabu-aachen.de\/en\/wp-json\/wp\/v2\/pages"}],"about":[{"href":"https:\/\/www.nabu-aachen.de\/en\/wp-json\/wp\/v2\/types\/page"}],"author":[{"embeddable":true,"href":"https:\/\/www.nabu-aachen.de\/en\/wp-json\/wp\/v2\/users\/3"}],"replies":[{"embeddable":true,"href":"https:\/\/www.nabu-aachen.de\/en\/wp-json\/wp\/v2\/comments?post=1393"}],"version-history":[{"count":7,"href":"https:\/\/www.nabu-aachen.de\/en\/wp-json\/wp\/v2\/pages\/1393\/revisions"}],"predecessor-version":[{"id":1425,"href":"https:\/\/www.nabu-aachen.de\/en\/wp-json\/wp\/v2\/pages\/1393\/revisions\/1425"}],"wp:attachment":[{"href":"https:\/\/www.nabu-aachen.de\/en\/wp-json\/wp\/v2\/media?parent=1393"}],"wp:term":[{"taxonomy":"category","embeddable":true,"href":"https:\/\/www.nabu-aachen.de\/en\/wp-json\/wp\/v2\/categories?post=1393"},{"taxonomy":"post_tag","embeddable":true,"href":"https:\/\/www.nabu-aachen.de\/en\/wp-json\/wp\/v2\/tags?post=1393"}],"curies":[{"name":"wp","href":"https:\/\/api.w.org\/{rel}","templated":true}]}}