{"id":151,"date":"2017-10-10T11:31:31","date_gmt":"2017-10-10T09:31:31","guid":{"rendered":"http:\/\/www.nabu-aachen.de\/?page_id=151"},"modified":"2020-09-16T16:11:03","modified_gmt":"2020-09-16T14:11:03","slug":"feuchtwiese-indetal","status":"publish","type":"page","link":"https:\/\/www.nabu-aachen.de\/en\/feuchtwiese-indetal\/","title":{"rendered":"Indetal wet meadow"},"content":{"rendered":"<p><strong>Location: <\/strong>In the Indetal valley between Kornelim\u00fcnster and Brand<\/p>\n<div id=\"attachment_544\" style=\"width: 310px\" class=\"wp-caption alignright\"><img loading=\"lazy\" decoding=\"async\" aria-describedby=\"caption-attachment-544\" class=\"size-medium wp-image-544\" src=\"https:\/\/www.nabu-aachen.de\/wp-content\/uploads\/2018\/01\/Indewiese_010505_MA_kl-300x225.jpg\" alt=\"\" width=\"300\" height=\"225\" srcset=\"https:\/\/www.nabu-aachen.de\/wp-content\/uploads\/2018\/01\/Indewiese_010505_MA_kl-300x225.jpg 300w, https:\/\/www.nabu-aachen.de\/wp-content\/uploads\/2018\/01\/Indewiese_010505_MA_kl.jpg 407w\" sizes=\"auto, (max-width: 300px) 100vw, 300px\" \/><p id=\"caption-attachment-544\" class=\"wp-caption-text\">Foto: Dr. Manfred Aletsee<\/p><\/div>\n<p><strong>Size:<\/strong> 3.6 hectares<\/p>\n<p><strong>Protected status:<\/strong> Nature reserve<\/p>\n<p><strong>Biotope\/geography\/geology:<\/strong> Wet and marshy meadow in the Aachen hill country with slope pressure sources on basic, Pleistocene clay deposits.<\/p>\n<p><strong>Conservation purpose:<\/strong> Valuable grassland and fen structures. Species-rich vegetation with typical insect fauna. Marsh marsh marigold meadows, brown sedge meadows, iris stands, large sedge meadows. Naturally meandering course of the Inde with wooded and structurally rich banks.<br \/>Breeding and feeding habitat for marsh warbler, goldfinch, whitethroat, yellow warbler, kingfisher, dipper, grey wagtail, lesser spotted woodpecker, tree falcon.<br \/>Habitat of rare grasshopper species: golden grasshopper, marsh grasshopper, marsh grasshopper.<\/p>\n<p><strong>Maintenance of sub-areas:<\/strong> Extensive grazing with sheep, single-cut mowing, hand mowing, hedge maintenance.<\/p>\n<p><strong>Funding:<\/strong> The NABU Aachen city association acquired the area between 1992 and 1995 with financial support from private donors and funding from the \"Aachener Revier\" nature conservation program.<br \/>The acquisition and protection of the area is regarded as the impetus for the designation of the Indetal nature reserve and forms its core area.<\/p>\n<p>\u00a0<\/p>\n\n<ul class=\"wp-block-latest-posts__list is-grid columns-2 has-dates wp-block-latest-posts\"><li><div class=\"wp-block-latest-posts__featured-image alignleft\"><img loading=\"lazy\" decoding=\"async\" width=\"150\" height=\"150\" src=\"https:\/\/www.nabu-aachen.de\/wp-content\/uploads\/2018\/01\/nabu_schutzgebiete-150x150.jpg\" class=\"attachment-thumbnail size-thumbnail wp-post-image\" alt=\"\" style=\"\" srcset=\"https:\/\/www.nabu-aachen.de\/wp-content\/uploads\/2018\/01\/nabu_schutzgebiete-150x150.jpg 150w, https:\/\/www.nabu-aachen.de\/wp-content\/uploads\/2018\/01\/nabu_schutzgebiete-160x160.jpg 160w, https:\/\/www.nabu-aachen.de\/wp-content\/uploads\/2018\/01\/nabu_schutzgebiete-320x320.jpg 320w, https:\/\/www.nabu-aachen.de\/wp-content\/uploads\/2018\/01\/nabu_schutzgebiete-150x150@2x.jpg 300w\" sizes=\"auto, (max-width: 150px) 100vw, 150px\" \/><\/div><a class=\"wp-block-latest-posts__post-title\" href=\"https:\/\/www.nabu-aachen.de\/en\/nabu-schutzgebiete\/\">NABU conservation areas<\/a><time datetime=\"2018-01-31T11:53:07+01:00\" class=\"wp-block-latest-posts__post-date\">31. January 2018<\/time><div class=\"wp-block-latest-posts__post-excerpt\">Die\u00a0Schutzgebiete des NABU Aachen\u00a0sind wichtige Zentren f\u00fcr den nachhaltigen Schutz der Arten- und Lebensraumvielfalt in Aachen. Sie repr\u00e4sentieren die Vielfalt naturnaher Lebensr\u00e4ume und historisch gewachsener Kulturlebensr\u00e4ume in unserer Region. Landwirtschaftlich gepr\u00e4gte Lebensr\u00e4ume werden in&#46;&#46;&#46;<\/div><\/li>\n<li><a class=\"wp-block-latest-posts__post-title\" href=\"https:\/\/www.nabu-aachen.de\/en\/26-2\/\">NABU Aachen begr\u00fc\u00dft Trassenvariante an der A 44 f\u00fcr Zeelink<\/a><time datetime=\"2017-09-18T20:53:16+02:00\" class=\"wp-block-latest-posts__post-date\">18. September 2017<\/time><div class=\"wp-block-latest-posts__post-excerpt\">Aachen. Der NABU-Stadtverband Aachen nimmt mit gro\u00dfer Erleichterung zur Kenntnis, dass im weiteren Verfahren f\u00fcr Zeelink nur noch die Trassenalternative entlang der A 44 &#8211; parallel zur ALEGrO-Kabeltrasse gepr\u00fcft werden soll. Der NABU hat&#46;&#46;&#46;<\/div><\/li>\n<\/ul>","protected":false},"excerpt":{"rendered":"<p>Lage: Im Indetal zwischen Kornelim\u00fcnster und Brand Gr\u00f6\u00dfe: 3,6 Hektar Schutzstatus: Naturschutzgebiet Biotop\/Geographie\/Geologie: Feucht- und Sumpfwiese im Aachener H\u00fcgelland mit Hangdruckquellen auf basischen, pleistoz\u00e4nen Lehmablagerungen. Schutzzweck: Wertvolle Gr\u00fcnland- und Flachmoorstrukturen. Artenreiche Vegetation mit typischer&#46;&#46;&#46;<\/p>","protected":false},"author":3,"featured_media":544,"parent":0,"menu_order":0,"comment_status":"closed","ping_status":"closed","template":"","meta":{"_lmt_disableupdate":"","_lmt_disable":"","footnotes":""},"categories":[3],"tags":[],"class_list":["post-151","page","type-page","status-publish","has-post-thumbnail","hentry","category-schutzgebiete"],"_links":{"self":[{"href":"https:\/\/www.nabu-aachen.de\/en\/wp-json\/wp\/v2\/pages\/151","targetHints":{"allow":["GET"]}}],"collection":[{"href":"https:\/\/www.nabu-aachen.de\/en\/wp-json\/wp\/v2\/pages"}],"about":[{"href":"https:\/\/www.nabu-aachen.de\/en\/wp-json\/wp\/v2\/types\/page"}],"author":[{"embeddable":true,"href":"https:\/\/www.nabu-aachen.de\/en\/wp-json\/wp\/v2\/users\/3"}],"replies":[{"embeddable":true,"href":"https:\/\/www.nabu-aachen.de\/en\/wp-json\/wp\/v2\/comments?post=151"}],"version-history":[{"count":5,"href":"https:\/\/www.nabu-aachen.de\/en\/wp-json\/wp\/v2\/pages\/151\/revisions"}],"predecessor-version":[{"id":3081,"href":"https:\/\/www.nabu-aachen.de\/en\/wp-json\/wp\/v2\/pages\/151\/revisions\/3081"}],"wp:featuredmedia":[{"embeddable":true,"href":"https:\/\/www.nabu-aachen.de\/en\/wp-json\/wp\/v2\/media\/544"}],"wp:attachment":[{"href":"https:\/\/www.nabu-aachen.de\/en\/wp-json\/wp\/v2\/media?parent=151"}],"wp:term":[{"taxonomy":"category","embeddable":true,"href":"https:\/\/www.nabu-aachen.de\/en\/wp-json\/wp\/v2\/categories?post=151"},{"taxonomy":"post_tag","embeddable":true,"href":"https:\/\/www.nabu-aachen.de\/en\/wp-json\/wp\/v2\/tags?post=151"}],"curies":[{"name":"wp","href":"https:\/\/api.w.org\/{rel}","templated":true}]}}