{"id":167,"date":"2018-01-10T13:23:00","date_gmt":"2018-01-10T12:23:00","guid":{"rendered":"http:\/\/www.nabu-aachen.de\/?page_id=167"},"modified":"2023-11-08T19:00:25","modified_gmt":"2023-11-08T18:00:25","slug":"wildbienen","status":"publish","type":"page","link":"https:\/\/www.nabu-aachen.de\/en\/wildbienen\/","title":{"rendered":"Working group wild bees"},"content":{"rendered":"<p>They are buzzing in the tub beds, gnawing on the poppies and freshly wallpapering empty snail shells. The food supply and the real estate market for wild bees have been in decline for decades. But they still exist and provide an indispensable service for us and, not least, for nature. And there is a lot we can do to keep them that way.<\/p>\n<div id=\"attachment_460\" style=\"width: 310px\" class=\"wp-caption alignleft\"><a href=\"https:\/\/www.nabu-aachen.de\/wp-content\/uploads\/2018\/01\/wildbiene_rosa_ho_schen_ulrich_schwenk2048pix.jpeg\"><img loading=\"lazy\" decoding=\"async\" aria-describedby=\"caption-attachment-460\" class=\"wp-image-460 size-medium\" src=\"https:\/\/www.nabu-aachen.de\/wp-content\/uploads\/2018\/01\/wildbiene_rosa_ho_schen_ulrich_schwenk2048pix-300x200.jpeg\" alt=\"\" width=\"300\" height=\"200\" srcset=\"https:\/\/www.nabu-aachen.de\/wp-content\/uploads\/2018\/01\/wildbiene_rosa_ho_schen_ulrich_schwenk2048pix-300x200.jpeg 300w, https:\/\/www.nabu-aachen.de\/wp-content\/uploads\/2018\/01\/wildbiene_rosa_ho_schen_ulrich_schwenk2048pix-1000x668.jpeg 1000w, https:\/\/www.nabu-aachen.de\/wp-content\/uploads\/2018\/01\/wildbiene_rosa_ho_schen_ulrich_schwenk2048pix.jpeg 1280w, https:\/\/www.nabu-aachen.de\/wp-content\/uploads\/2018\/01\/wildbiene_rosa_ho_schen_ulrich_schwenk2048pix-300x200@2x.jpeg 600w\" sizes=\"auto, (max-width: 300px) 100vw, 300px\" \/><\/a><p id=\"caption-attachment-460\" class=\"wp-caption-text\">Foto: Ulrich Schwenk<\/p><\/div>\n<p>Since 2014, the wild bees working group has been focusing on our mysterious - and incidentally absolutely harmless - helpers. In theory and on excursions, we learn about the diversity, the craziest strategies and also the reasons for the decline of this fascinating group of insects.<\/p>\n<p>If you are interested or have any specific questions, please write to us or simply drop by.<\/p>\n<p><strong>Date:<\/strong> Once a month by arrangement<\/p>\n<p><strong>Contact: <\/strong>Monika Neli\u00dfen (<a href=\"mailto:monneli@gmx.net\">monneli@gmx.net<\/a>)<\/p>\n\n\n<div class=\"wp-block-columns is-layout-flex wp-container-core-columns-is-layout-9d6595d7 wp-block-columns-is-layout-flex\">\n<div class=\"wp-block-column is-layout-flow wp-block-column-is-layout-flow\">\n<div class=\"wp-block-columns is-layout-flex wp-container-core-columns-is-layout-9d6595d7 wp-block-columns-is-layout-flex\">\n<div class=\"wp-block-column is-layout-flow wp-block-column-is-layout-flow\">\n<blockquote class=\"wp-block-quote is-layout-flow wp-block-quote-is-layout-flow\">\n<p>Bees fascinate me because, on the one hand, they live so inconspicuously in our immediate environment - if it is not too hostile. Once you have developed an eye for it, you can see the great diversity of species, the amazing adaptability to certain environmental conditions and the diverse networks with their environment, between the species or with other insect groups (parasites, cuckoo bees, ...). And you don't have to travel to the tropical jungle, not even to the Alps, to have exciting bee experiences. You can do it in your own garden, the fallow land around the corner, even on the neglected grass verge by the main road.<\/p>\n<cite>Monika Neli\u00dfen<\/cite><\/blockquote>\n<\/div>\n\n\n\n<div class=\"wp-block-column is-layout-flow wp-block-column-is-layout-flow\">\n<figure class=\"wp-block-image size-large\"><img loading=\"lazy\" decoding=\"async\" width=\"825\" height=\"1000\" src=\"https:\/\/www.nabu-aachen.de\/wp-content\/uploads\/2023\/11\/AK-monneli-825x1000.jpg\" alt=\"\" class=\"wp-image-5922\" srcset=\"https:\/\/www.nabu-aachen.de\/wp-content\/uploads\/2023\/11\/AK-monneli-825x1000.jpg 825w, https:\/\/www.nabu-aachen.de\/wp-content\/uploads\/2023\/11\/AK-monneli-247x300.jpg 247w, https:\/\/www.nabu-aachen.de\/wp-content\/uploads\/2023\/11\/AK-monneli.jpg 1084w, https:\/\/www.nabu-aachen.de\/wp-content\/uploads\/2023\/11\/AK-monneli-247x300@2x.jpg 494w\" sizes=\"auto, (max-width: 825px) 100vw, 825px\" \/><\/figure>\n<\/div>\n<\/div>\n<\/div>\n<\/div>\n\n\n<ul class=\"wp-block-latest-posts__list is-grid columns-2 has-dates wp-block-latest-posts\"><li><div class=\"wp-block-latest-posts__featured-image alignleft\"><img loading=\"lazy\" decoding=\"async\" width=\"150\" height=\"150\" src=\"https:\/\/www.nabu-aachen.de\/wp-content\/uploads\/2025\/09\/Asiatische_Hornisse-150x150.jpg\" class=\"attachment-thumbnail size-thumbnail wp-post-image\" alt=\"\" style=\"\" srcset=\"https:\/\/www.nabu-aachen.de\/wp-content\/uploads\/2025\/09\/Asiatische_Hornisse-150x150.jpg 150w, https:\/\/www.nabu-aachen.de\/wp-content\/uploads\/2025\/09\/Asiatische_Hornisse-160x160.jpg 160w, https:\/\/www.nabu-aachen.de\/wp-content\/uploads\/2025\/09\/Asiatische_Hornisse-320x320.jpg 320w, https:\/\/www.nabu-aachen.de\/wp-content\/uploads\/2025\/09\/Asiatische_Hornisse-150x150@2x.jpg 300w\" sizes=\"auto, (max-width: 150px) 100vw, 150px\" \/><\/div><a class=\"wp-block-latest-posts__post-title\" href=\"https:\/\/www.nabu-aachen.de\/en\/infos-zur-asiatischen-hornisse\/\">Infos zur Asiatischen Hornisse\u00a0<\/a><time datetime=\"2026-03-18T10:00:29+01:00\" class=\"wp-block-latest-posts__post-date\">18. March 2026<\/time><div class=\"wp-block-latest-posts__post-excerpt\">Die Asiatische Hornisse (Vespa velutina) ist eine invasive, gebietsfremde Art, die vermutlich 2004&nbsp;mit T\u00f6pferwaren aus China nach S\u00fcdfrankreich eingeschleppt wurde. Zu ihrem Beutespektrum f\u00fcr&nbsp;die Larvenaufzucht z\u00e4hlen insbesondere im urbanen Raum \u00fcberwiegend Honigbienen. Sie besitzt&#46;&#46;&#46;<\/div><\/li>\n<li><div class=\"wp-block-latest-posts__featured-image alignleft\"><img loading=\"lazy\" decoding=\"async\" width=\"150\" height=\"150\" src=\"https:\/\/www.nabu-aachen.de\/wp-content\/uploads\/2025\/08\/Asiat.-Hornisse_Ulrich-Karin-Klein_NABU-naturgucker.de_-150x150.jpg\" class=\"attachment-thumbnail size-thumbnail wp-post-image\" alt=\"\" style=\"\" srcset=\"https:\/\/www.nabu-aachen.de\/wp-content\/uploads\/2025\/08\/Asiat.-Hornisse_Ulrich-Karin-Klein_NABU-naturgucker.de_-150x150.jpg 150w, https:\/\/www.nabu-aachen.de\/wp-content\/uploads\/2025\/08\/Asiat.-Hornisse_Ulrich-Karin-Klein_NABU-naturgucker.de_-160x160.jpg 160w, https:\/\/www.nabu-aachen.de\/wp-content\/uploads\/2025\/08\/Asiat.-Hornisse_Ulrich-Karin-Klein_NABU-naturgucker.de_-320x320.jpg 320w, https:\/\/www.nabu-aachen.de\/wp-content\/uploads\/2025\/08\/Asiat.-Hornisse_Ulrich-Karin-Klein_NABU-naturgucker.de_-150x150@2x.jpg 300w\" sizes=\"auto, (max-width: 150px) 100vw, 150px\" \/><\/div><a class=\"wp-block-latest-posts__post-title\" href=\"https:\/\/www.nabu-aachen.de\/en\/guck-mal-wer-da-summt\/\">Guck mal, wer da summt<\/a><time datetime=\"2025-08-04T12:30:20+02:00\" class=\"wp-block-latest-posts__post-date\">4. August 2025<\/time><div class=\"wp-block-latest-posts__post-excerpt\">Umwelt \/ Hornissen Guck mal, wer da summt NABU und NABU|naturgucker rufen dazu auf, Hornissen zu melden Berlin \u2013 Sie ist gekommen, um zu bleiben: Die Asiatische Hornisse breitet sich in Deutschland von West&#46;&#46;&#46;<\/div><\/li>\n<li><div class=\"wp-block-latest-posts__featured-image alignleft\"><img loading=\"lazy\" decoding=\"async\" width=\"150\" height=\"150\" src=\"https:\/\/www.nabu-aachen.de\/wp-content\/uploads\/2024\/06\/IMG_20240607_163043-150x150.jpg\" class=\"attachment-thumbnail size-thumbnail wp-post-image\" alt=\"\" style=\"\" srcset=\"https:\/\/www.nabu-aachen.de\/wp-content\/uploads\/2024\/06\/IMG_20240607_163043-150x150.jpg 150w, https:\/\/www.nabu-aachen.de\/wp-content\/uploads\/2024\/06\/IMG_20240607_163043-160x160.jpg 160w, https:\/\/www.nabu-aachen.de\/wp-content\/uploads\/2024\/06\/IMG_20240607_163043-320x320.jpg 320w, https:\/\/www.nabu-aachen.de\/wp-content\/uploads\/2024\/06\/IMG_20240607_163043-150x150@2x.jpg 300w\" sizes=\"auto, (max-width: 150px) 100vw, 150px\" \/><\/div><a class=\"wp-block-latest-posts__post-title\" href=\"https:\/\/www.nabu-aachen.de\/en\/nabu-insektensommer-hautnah\/\">NABU-Insektensommer hautnah<\/a><time datetime=\"2024-06-10T20:25:00+02:00\" class=\"wp-block-latest-posts__post-date\">10. June 2024<\/time><div class=\"wp-block-latest-posts__post-excerpt\">Umweltbildungsreferentin Britta Mahn berichtet: Am Freitag, den 7.6. hatten wir\u00a0 bei sch\u00f6nstem Fr\u00fchsommerwetter eine sehr gelungene Exkursion mit 20 Teilnehmenden, Eltern, Kindern, UmweltbildnerInnen und der WDR Lokalzeit. Los ging es am Quartiersgarten. An der&#46;&#46;&#46;<\/div><\/li>\n<li><div class=\"wp-block-latest-posts__featured-image alignleft\"><img loading=\"lazy\" decoding=\"async\" width=\"150\" height=\"150\" src=\"https:\/\/www.nabu-aachen.de\/wp-content\/uploads\/2024\/05\/hornisse_teaser-150x150.jpg\" class=\"attachment-thumbnail size-thumbnail wp-post-image\" alt=\"\" style=\"\" srcset=\"https:\/\/www.nabu-aachen.de\/wp-content\/uploads\/2024\/05\/hornisse_teaser-150x150.jpg 150w, https:\/\/www.nabu-aachen.de\/wp-content\/uploads\/2024\/05\/hornisse_teaser-160x160.jpg 160w, https:\/\/www.nabu-aachen.de\/wp-content\/uploads\/2024\/05\/hornisse_teaser-320x320.jpg 320w, https:\/\/www.nabu-aachen.de\/wp-content\/uploads\/2024\/05\/hornisse_teaser-150x150@2x.jpg 300w\" sizes=\"auto, (max-width: 150px) 100vw, 150px\" \/><\/div><a class=\"wp-block-latest-posts__post-title\" href=\"https:\/\/www.nabu-aachen.de\/en\/ausbildung-zum-zur-wespen-und-hornissenberaterin\/\">Ausbildung zum\/zur Wespen- und Hornissenberater*in<\/a><time datetime=\"2024-05-16T17:35:47+02:00\" class=\"wp-block-latest-posts__post-date\">16. May 2024<\/time><div class=\"wp-block-latest-posts__post-excerpt\">Liebe Natursch\u00fctzer, jedes Jahr melden sich besorgte B\u00fcrger*innen mit Fragen zu sozialen Faltenwespen und ihren Verwandten. Eine sachkundige Beratung mit hilfreichen Tipps sind wichtige Aufgaben im Naturschutz. Daher bietet der Arbeitskreis Wildbienen des NABU-Stadtverband&#46;&#46;&#46;<\/div><\/li>\n<li><div class=\"wp-block-latest-posts__featured-image alignleft\"><img loading=\"lazy\" decoding=\"async\" width=\"150\" height=\"150\" src=\"https:\/\/www.nabu-aachen.de\/wp-content\/uploads\/2022\/12\/oktobernacht2022_fledertiere02_mi_dxo-150x150.jpg\" class=\"attachment-thumbnail size-thumbnail wp-post-image\" alt=\"\" style=\"\" srcset=\"https:\/\/www.nabu-aachen.de\/wp-content\/uploads\/2022\/12\/oktobernacht2022_fledertiere02_mi_dxo-150x150.jpg 150w, https:\/\/www.nabu-aachen.de\/wp-content\/uploads\/2022\/12\/oktobernacht2022_fledertiere02_mi_dxo-160x160.jpg 160w, https:\/\/www.nabu-aachen.de\/wp-content\/uploads\/2022\/12\/oktobernacht2022_fledertiere02_mi_dxo-320x320.jpg 320w, https:\/\/www.nabu-aachen.de\/wp-content\/uploads\/2022\/12\/oktobernacht2022_fledertiere02_mi_dxo-150x150@2x.jpg 300w\" sizes=\"auto, (max-width: 150px) 100vw, 150px\" \/><\/div><a class=\"wp-block-latest-posts__post-title\" href=\"https:\/\/www.nabu-aachen.de\/en\/halloween-mit-den-nabu-aachen-2022%ef%bf%bc\/\">Halloween mit dem NABU-Aachen 2022<\/a><time datetime=\"2022-12-01T15:38:57+01:00\" class=\"wp-block-latest-posts__post-date\">1. December 2022<\/time><div class=\"wp-block-latest-posts__post-excerpt\">Halloween mit dem NABU Aachen In diesem Jahr war es wieder soweit! F\u00fcnfzig Geister, Hexen und Trolle kamen und wollten die Geheimnisse des Waldes entdecken. Im Von Halfern-Park am Rande des Preuswaldes konnten die&#46;&#46;&#46;<\/div><\/li>\n<li><div class=\"wp-block-latest-posts__featured-image alignleft\"><img loading=\"lazy\" decoding=\"async\" width=\"150\" height=\"150\" src=\"https:\/\/www.nabu-aachen.de\/wp-content\/uploads\/2021\/12\/argynnis-paphia-kaisermantel-150x150.jpg\" class=\"attachment-thumbnail size-thumbnail wp-post-image\" alt=\"\" style=\"\" srcset=\"https:\/\/www.nabu-aachen.de\/wp-content\/uploads\/2021\/12\/argynnis-paphia-kaisermantel-150x150.jpg 150w, https:\/\/www.nabu-aachen.de\/wp-content\/uploads\/2021\/12\/argynnis-paphia-kaisermantel-160x160.jpg 160w, https:\/\/www.nabu-aachen.de\/wp-content\/uploads\/2021\/12\/argynnis-paphia-kaisermantel-320x320.jpg 320w, https:\/\/www.nabu-aachen.de\/wp-content\/uploads\/2021\/12\/argynnis-paphia-kaisermantel-150x150@2x.jpg 300w\" sizes=\"auto, (max-width: 150px) 100vw, 150px\" \/><\/div><a class=\"wp-block-latest-posts__post-title\" href=\"https:\/\/www.nabu-aachen.de\/en\/nabu-bilanz-5-jahre-krefelder-studie-insekten-immer-noch-nicht-wirksam-geschuetzt\/\">NABU-Bilanz: 5 Jahre \u201eKrefelder Studie\u201c \u2013 Insekten immer noch nicht wirksam gesch\u00fctzt<\/a><time datetime=\"2022-10-24T18:32:29+02:00\" class=\"wp-block-latest-posts__post-date\">24. October 2022<\/time><div class=\"wp-block-latest-posts__post-excerpt\">Kr\u00fcger: Ver\u00f6ffentlichung hat Umdenken in Politik und Gesellschaft in Gang gesetzt \/ Hoffnung auf europ\u00e4ische L\u00f6sung Vor f\u00fcnf Jahren hat der Entomologische Verein Krefeld mit seiner Studie auf das dramatische Insektensterben aufmerksam gemacht und&#46;&#46;&#46;<\/div><\/li>\n<\/ul>","protected":false},"excerpt":{"rendered":"<p>Es brummt im K\u00fcbelbeet, es nagt am Mohn und leere Schneckenh\u00e4user werden wieder frisch tapeziert. Das Nahrungsangebot und der Immobilienmarkt f\u00fcr Wildbienen sind seit Jahrzehnten schon r\u00fcckl\u00e4ufig. Aber es gibt sie noch und sie&#46;&#46;&#46;<\/p>","protected":false},"author":2,"featured_media":460,"parent":0,"menu_order":0,"comment_status":"closed","ping_status":"closed","template":"","meta":{"_lmt_disableupdate":"","_lmt_disable":"","footnotes":""},"categories":[22],"tags":[],"class_list":["post-167","page","type-page","status-publish","has-post-thumbnail","hentry","category-arbeitskreise"],"_links":{"self":[{"href":"https:\/\/www.nabu-aachen.de\/en\/wp-json\/wp\/v2\/pages\/167","targetHints":{"allow":["GET"]}}],"collection":[{"href":"https:\/\/www.nabu-aachen.de\/en\/wp-json\/wp\/v2\/pages"}],"about":[{"href":"https:\/\/www.nabu-aachen.de\/en\/wp-json\/wp\/v2\/types\/page"}],"author":[{"embeddable":true,"href":"https:\/\/www.nabu-aachen.de\/en\/wp-json\/wp\/v2\/users\/2"}],"replies":[{"embeddable":true,"href":"https:\/\/www.nabu-aachen.de\/en\/wp-json\/wp\/v2\/comments?post=167"}],"version-history":[{"count":13,"href":"https:\/\/www.nabu-aachen.de\/en\/wp-json\/wp\/v2\/pages\/167\/revisions"}],"predecessor-version":[{"id":5923,"href":"https:\/\/www.nabu-aachen.de\/en\/wp-json\/wp\/v2\/pages\/167\/revisions\/5923"}],"wp:featuredmedia":[{"embeddable":true,"href":"https:\/\/www.nabu-aachen.de\/en\/wp-json\/wp\/v2\/media\/460"}],"wp:attachment":[{"href":"https:\/\/www.nabu-aachen.de\/en\/wp-json\/wp\/v2\/media?parent=167"}],"wp:term":[{"taxonomy":"category","embeddable":true,"href":"https:\/\/www.nabu-aachen.de\/en\/wp-json\/wp\/v2\/categories?post=167"},{"taxonomy":"post_tag","embeddable":true,"href":"https:\/\/www.nabu-aachen.de\/en\/wp-json\/wp\/v2\/tags?post=167"}],"curies":[{"name":"wp","href":"https:\/\/api.w.org\/{rel}","templated":true}]}}