{"id":169,"date":"2018-01-10T13:23:58","date_gmt":"2018-01-10T12:23:58","guid":{"rendered":"http:\/\/www.nabu-aachen.de\/?page_id=169"},"modified":"2023-12-07T08:45:09","modified_gmt":"2023-12-07T07:45:09","slug":"tagfalter","status":"publish","type":"page","link":"https:\/\/www.nabu-aachen.de\/en\/tagfalter\/","title":{"rendered":"Butterfly working group"},"content":{"rendered":"<p>NABU Aachen has also had a butterfly working group since February 2017.<\/p>\n\n\n<div class=\"wp-block-image\">\n<figure class=\"alignleft\"><a href=\"https:\/\/www.nabu-aachen.de\/wp-content\/uploads\/2018\/01\/ak-tagfalter-exkursion-rabental_thomas-paetzold.jpg\"><img loading=\"lazy\" decoding=\"async\" width=\"225\" height=\"300\" src=\"https:\/\/www.nabu-aachen.de\/wp-content\/uploads\/2018\/01\/ak-tagfalter-exkursion-rabental_thomas-paetzold-225x300.jpg\" alt=\"\" class=\"wp-image-423\" srcset=\"https:\/\/www.nabu-aachen.de\/wp-content\/uploads\/2018\/01\/ak-tagfalter-exkursion-rabental_thomas-paetzold-225x300.jpg 225w, https:\/\/www.nabu-aachen.de\/wp-content\/uploads\/2018\/01\/ak-tagfalter-exkursion-rabental_thomas-paetzold-750x1000.jpg 750w, https:\/\/www.nabu-aachen.de\/wp-content\/uploads\/2018\/01\/ak-tagfalter-exkursion-rabental_thomas-paetzold.jpg 1385w, https:\/\/www.nabu-aachen.de\/wp-content\/uploads\/2018\/01\/ak-tagfalter-exkursion-rabental_thomas-paetzold-225x300@2x.jpg 450w\" sizes=\"auto, (max-width: 225px) 100vw, 225px\" \/><\/a><figcaption class=\"wp-element-caption\">Exkursion des Arbeitskreises Tagfalter im Rabental. Bild: Thomas P\u00e4tzold<\/figcaption><\/figure>\n<\/div>\n\n\n<p>In addition to general knowledge about the morphology and metabolism of this group of insects, we will deal with the native butterfly species. We get to know them better and learn to distinguish between them. We observe their development and learn about their ecological requirements and the causes of their sharp decline. In spring and summer, their occurrence in Aachen's natural landscape will be determined using a monitoring procedure (www.tagfaltermonitoring.de) and several excursions.<\/p>\n\n\n\n<p><strong><span>Date:<\/span><\/strong> Every second Wednesday of the month, 6-7.30 p.m., Preusweg 128a, NABU-Stadtverband Aachen e.V.<\/p>\n\n\n\n<p><strong><span>Contact:<\/span><\/strong> Martin Kn\u00f6rzer (<a href=\"mailto:martinknoerzer@aol.com\">martinknoerzer@aol.com<\/a> oder Tel.: 0241-873756)<\/p>\n\n\n\n<p><span><strong>Tagfalter in Aachen:<\/strong> <a rel=\"noopener\" href=\"https:\/\/www.nabu-aachen.de\/en\/tagfalter-in-aachen\/\" target=\"_blank\">Interaktive Aufstellung der Tagfalter<\/a><\/span><\/p>\n\n\n<div class=\"wp-block-image\">\n<figure class=\"aligncenter size-large is-resized\"><a href=\"https:\/\/www.nabu-aachen.de\/wp-content\/uploads\/2023\/04\/ak-schmetterlinge-treff4-2023.jpg\"><img loading=\"lazy\" decoding=\"async\" width=\"1000\" height=\"563\" src=\"https:\/\/www.nabu-aachen.de\/wp-content\/uploads\/2023\/04\/ak-schmetterlinge-treff4-2023-1000x563.jpg\" alt=\"\" class=\"wp-image-5564\" style=\"width:449px;height:auto\" srcset=\"https:\/\/www.nabu-aachen.de\/wp-content\/uploads\/2023\/04\/ak-schmetterlinge-treff4-2023-1000x563.jpg 1000w, https:\/\/www.nabu-aachen.de\/wp-content\/uploads\/2023\/04\/ak-schmetterlinge-treff4-2023-300x169.jpg 300w, https:\/\/www.nabu-aachen.de\/wp-content\/uploads\/2023\/04\/ak-schmetterlinge-treff4-2023-1536x864.jpg 1536w, https:\/\/www.nabu-aachen.de\/wp-content\/uploads\/2023\/04\/ak-schmetterlinge-treff4-2023.jpg 2000w, https:\/\/www.nabu-aachen.de\/wp-content\/uploads\/2023\/04\/ak-schmetterlinge-treff4-2023-300x169@2x.jpg 600w\" sizes=\"auto, (max-width: 1000px) 100vw, 1000px\" \/><\/a><figcaption class=\"wp-element-caption\">Tagfalter Kenn\u00fcbung im NABU-Versammlungsraum &#8211; Foto: Martin Kn\u00f6rzer<\/figcaption><\/figure>\n<\/div>\n\n\n<div class=\"wp-block-columns is-layout-flex wp-container-core-columns-is-layout-9d6595d7 wp-block-columns-is-layout-flex\">\n<div class=\"wp-block-column is-layout-flow wp-block-column-is-layout-flow\" style=\"flex-basis:100%\">\n<div class=\"wp-block-columns is-layout-flex wp-container-core-columns-is-layout-9d6595d7 wp-block-columns-is-layout-flex\">\n<div class=\"wp-block-column is-layout-flow wp-block-column-is-layout-flow\">\n<blockquote class=\"wp-block-quote is-layout-flow wp-block-quote-is-layout-flow\">\n<p>It gives me great pleasure to be involved in beautiful, interesting and always exciting nature. As bio-indicators of biodiversity, our butterflies show that nature is often in a bad way and that we all need to do our bit to protect it.<\/p>\n<cite>Martin Kn\u00f6rzer<\/cite><\/blockquote>\n<\/div>\n\n\n\n<div class=\"wp-block-column is-layout-flow wp-block-column-is-layout-flow\">\n<figure class=\"wp-block-image size-large is-resized\"><img loading=\"lazy\" decoding=\"async\" width=\"654\" height=\"1000\" src=\"https:\/\/www.nabu-aachen.de\/wp-content\/uploads\/2023\/11\/Martin-Portraet-654x1000.jpg\" alt=\"\" class=\"wp-image-5901\" style=\"width:230px;height:auto\" srcset=\"https:\/\/www.nabu-aachen.de\/wp-content\/uploads\/2023\/11\/Martin-Portraet-654x1000.jpg 654w, https:\/\/www.nabu-aachen.de\/wp-content\/uploads\/2023\/11\/Martin-Portraet-196x300.jpg 196w, https:\/\/www.nabu-aachen.de\/wp-content\/uploads\/2023\/11\/Martin-Portraet-1005x1536.jpg 1005w, https:\/\/www.nabu-aachen.de\/wp-content\/uploads\/2023\/11\/Martin-Portraet.jpg 1308w, https:\/\/www.nabu-aachen.de\/wp-content\/uploads\/2023\/11\/Martin-Portraet-196x300@2x.jpg 392w\" sizes=\"auto, (max-width: 654px) 100vw, 654px\" \/><\/figure>\n<\/div>\n<\/div>\n<\/div>\n<\/div>\n\n\n\n<div style=\"height:37px\" aria-hidden=\"true\" class=\"wp-block-spacer\"><\/div>\n\n\n<ul class=\"wp-block-latest-posts__list is-grid columns-2 has-dates wp-block-latest-posts\"><li><div class=\"wp-block-latest-posts__featured-image alignleft\"><img loading=\"lazy\" decoding=\"async\" width=\"150\" height=\"150\" src=\"https:\/\/www.nabu-aachen.de\/wp-content\/uploads\/2025\/08\/IMGP4905_DxO-topaz-denoise-sharpen-Kopie-2-150x150.jpg\" class=\"attachment-thumbnail size-thumbnail wp-post-image\" alt=\"\" style=\"\" srcset=\"https:\/\/www.nabu-aachen.de\/wp-content\/uploads\/2025\/08\/IMGP4905_DxO-topaz-denoise-sharpen-Kopie-2-150x150.jpg 150w, https:\/\/www.nabu-aachen.de\/wp-content\/uploads\/2025\/08\/IMGP4905_DxO-topaz-denoise-sharpen-Kopie-2-160x160.jpg 160w, https:\/\/www.nabu-aachen.de\/wp-content\/uploads\/2025\/08\/IMGP4905_DxO-topaz-denoise-sharpen-Kopie-2-320x320.jpg 320w, https:\/\/www.nabu-aachen.de\/wp-content\/uploads\/2025\/08\/IMGP4905_DxO-topaz-denoise-sharpen-Kopie-2-150x150@2x.jpg 300w\" sizes=\"auto, (max-width: 150px) 100vw, 150px\" \/><\/div><a class=\"wp-block-latest-posts__post-title\" href=\"https:\/\/www.nabu-aachen.de\/en\/gutes-jahr-fuer-schmetterlinge\/\">Gutes Jahr f\u00fcr Schmetterlinge<\/a><time datetime=\"2025-08-02T17:46:16+02:00\" class=\"wp-block-latest-posts__post-date\">2. August 2025<\/time><div class=\"wp-block-latest-posts__post-excerpt\">Schmetterlinge \/ Umweltschutz RESSEMITTEILUNG NABU NRW | NR 43\/25 | 25. JULI 2025 Gutes Jahr f\u00fcr Schmetterlinge D\u00fcsseldorf \u00a0Bereits zum zehnten Mal hatte der NABU NRW zur Teilnahme an der Falterz\u00e4hlaktion Schmetterlingszeit in Nordrhein-Westfalen&#46;&#46;&#46;<\/div><\/li>\n<li><div class=\"wp-block-latest-posts__featured-image alignleft\"><img loading=\"lazy\" decoding=\"async\" width=\"150\" height=\"150\" src=\"https:\/\/www.nabu-aachen.de\/wp-content\/uploads\/2025\/06\/8V2A4786-150x150.jpg\" class=\"attachment-thumbnail size-thumbnail wp-post-image\" alt=\"\" style=\"\" srcset=\"https:\/\/www.nabu-aachen.de\/wp-content\/uploads\/2025\/06\/8V2A4786-150x150.jpg 150w, https:\/\/www.nabu-aachen.de\/wp-content\/uploads\/2025\/06\/8V2A4786-160x160.jpg 160w, https:\/\/www.nabu-aachen.de\/wp-content\/uploads\/2025\/06\/8V2A4786-320x320.jpg 320w, https:\/\/www.nabu-aachen.de\/wp-content\/uploads\/2025\/06\/8V2A4786-150x150@2x.jpg 300w\" sizes=\"auto, (max-width: 150px) 100vw, 150px\" \/><\/div><a class=\"wp-block-latest-posts__post-title\" href=\"https:\/\/www.nabu-aachen.de\/en\/auf-die-plaetze-fertig-loszaehlen-2\/\">Auf die Pl\u00e4tze, fertig, losz\u00e4hlen!<\/a><time datetime=\"2025-06-14T13:17:47+02:00\" class=\"wp-block-latest-posts__post-date\">14. June 2025<\/time><div class=\"wp-block-latest-posts__post-excerpt\">Schmetterlinge \/ Naturschutz PRESSEMITTEILUNG NABU NRW | NR 31\/25 | 12. JUNI 2025 Auf die Pl\u00e4tze, fertig, losz\u00e4hlen! Vom 15.6. bis 15.7. Schmetterlinge beobachten und dem NABU NRW melden D\u00fcsseldorf L\u00e4ngst sind viele Tag-&#46;&#46;&#46;<\/div><\/li>\n<li><div class=\"wp-block-latest-posts__featured-image alignleft\"><img loading=\"lazy\" decoding=\"async\" width=\"150\" height=\"150\" src=\"https:\/\/www.nabu-aachen.de\/wp-content\/uploads\/2025\/03\/Spanische_Flagge-150x150.jpg\" class=\"attachment-thumbnail size-thumbnail wp-post-image\" alt=\"\" style=\"\" srcset=\"https:\/\/www.nabu-aachen.de\/wp-content\/uploads\/2025\/03\/Spanische_Flagge-150x150.jpg 150w, https:\/\/www.nabu-aachen.de\/wp-content\/uploads\/2025\/03\/Spanische_Flagge-160x160.jpg 160w, https:\/\/www.nabu-aachen.de\/wp-content\/uploads\/2025\/03\/Spanische_Flagge-320x320.jpg 320w, https:\/\/www.nabu-aachen.de\/wp-content\/uploads\/2025\/03\/Spanische_Flagge-150x150@2x.jpg 300w\" sizes=\"auto, (max-width: 150px) 100vw, 150px\" \/><\/div><a class=\"wp-block-latest-posts__post-title\" href=\"https:\/\/www.nabu-aachen.de\/en\/flatternde-daten-20-jahre-tagfaltermonitoring-fuer-den-schutz-der-natur\/\">Flatternde Daten: 20 Jahre Tagfaltermonitoring f\u00fcr den Schutz der Natur<\/a><time datetime=\"2025-03-15T11:03:42+01:00\" class=\"wp-block-latest-posts__post-date\">15. March 2025<\/time><div class=\"wp-block-latest-posts__post-excerpt\">NABU-Pressemitteilung 14.03.2025 Umwelt\/Insekten Flatternde Daten: 20 Jahre Tagfaltermonitoring f\u00fcr den Schutz der Natur Breitkreuz: Jede Schmetterlingssichtung z\u00e4hlt \u2013 f\u00fcr den Artenschutz in Deutschland und ganz Europa Berlin &#8211; Eine bl\u00fchende Wiese, ein sonniger Tag&#46;&#46;&#46;<\/div><\/li>\n<li><div class=\"wp-block-latest-posts__featured-image alignleft\"><img loading=\"lazy\" decoding=\"async\" width=\"150\" height=\"150\" src=\"https:\/\/www.nabu-aachen.de\/wp-content\/uploads\/2024\/06\/IMG_20240607_163043-150x150.jpg\" class=\"attachment-thumbnail size-thumbnail wp-post-image\" alt=\"\" style=\"\" srcset=\"https:\/\/www.nabu-aachen.de\/wp-content\/uploads\/2024\/06\/IMG_20240607_163043-150x150.jpg 150w, https:\/\/www.nabu-aachen.de\/wp-content\/uploads\/2024\/06\/IMG_20240607_163043-160x160.jpg 160w, https:\/\/www.nabu-aachen.de\/wp-content\/uploads\/2024\/06\/IMG_20240607_163043-320x320.jpg 320w, https:\/\/www.nabu-aachen.de\/wp-content\/uploads\/2024\/06\/IMG_20240607_163043-150x150@2x.jpg 300w\" sizes=\"auto, (max-width: 150px) 100vw, 150px\" \/><\/div><a class=\"wp-block-latest-posts__post-title\" href=\"https:\/\/www.nabu-aachen.de\/en\/nabu-insektensommer-hautnah\/\">NABU-Insektensommer hautnah<\/a><time datetime=\"2024-06-10T20:25:00+02:00\" class=\"wp-block-latest-posts__post-date\">10. June 2024<\/time><div class=\"wp-block-latest-posts__post-excerpt\">Umweltbildungsreferentin Britta Mahn berichtet: Am Freitag, den 7.6. hatten wir\u00a0 bei sch\u00f6nstem Fr\u00fchsommerwetter eine sehr gelungene Exkursion mit 20 Teilnehmenden, Eltern, Kindern, UmweltbildnerInnen und der WDR Lokalzeit. Los ging es am Quartiersgarten. An der&#46;&#46;&#46;<\/div><\/li>\n<li><div class=\"wp-block-latest-posts__featured-image alignleft\"><img loading=\"lazy\" decoding=\"async\" width=\"150\" height=\"150\" src=\"https:\/\/www.nabu-aachen.de\/wp-content\/uploads\/2023\/07\/imgp4898_dxo-kopie-150x150.jpg\" class=\"attachment-thumbnail size-thumbnail wp-post-image\" alt=\"\" style=\"\" srcset=\"https:\/\/www.nabu-aachen.de\/wp-content\/uploads\/2023\/07\/imgp4898_dxo-kopie-150x150.jpg 150w, https:\/\/www.nabu-aachen.de\/wp-content\/uploads\/2023\/07\/imgp4898_dxo-kopie-160x160.jpg 160w, https:\/\/www.nabu-aachen.de\/wp-content\/uploads\/2023\/07\/imgp4898_dxo-kopie-320x320.jpg 320w, https:\/\/www.nabu-aachen.de\/wp-content\/uploads\/2023\/07\/imgp4898_dxo-kopie-150x150@2x.jpg 300w\" sizes=\"auto, (max-width: 150px) 100vw, 150px\" \/><\/div><a class=\"wp-block-latest-posts__post-title\" href=\"https:\/\/www.nabu-aachen.de\/en\/ein-sonntagmorgen-am-schlangenberg\/\">Ein Sonntagmorgen am Schlangenberg<\/a><time datetime=\"2023-07-19T11:16:47+02:00\" class=\"wp-block-latest-posts__post-date\">19. July 2023<\/time><div class=\"wp-block-latest-posts__post-excerpt\">Es ist Sonntagmorgen. W\u00e4hrend sich mancher noch einmal im Bett umdreht, trafen sich etwa 40 Naturbegeisterte in Breinigerberg, um auf Schmetterlingssuche zu gehen. Unter der fachkundigen F\u00fchrung von Martin Kn\u00f6rzer, Leiter des Arbeitskreises Schmetterlinge&#46;&#46;&#46;<\/div><\/li>\n<li><div class=\"wp-block-latest-posts__featured-image alignleft\"><img loading=\"lazy\" decoding=\"async\" width=\"150\" height=\"150\" src=\"https:\/\/www.nabu-aachen.de\/wp-content\/uploads\/2023\/07\/imgp2251_dxo-kopie-150x150.jpg\" class=\"attachment-thumbnail size-thumbnail wp-post-image\" alt=\"\" style=\"\" srcset=\"https:\/\/www.nabu-aachen.de\/wp-content\/uploads\/2023\/07\/imgp2251_dxo-kopie-150x150.jpg 150w, https:\/\/www.nabu-aachen.de\/wp-content\/uploads\/2023\/07\/imgp2251_dxo-kopie-160x160.jpg 160w, https:\/\/www.nabu-aachen.de\/wp-content\/uploads\/2023\/07\/imgp2251_dxo-kopie-320x320.jpg 320w, https:\/\/www.nabu-aachen.de\/wp-content\/uploads\/2023\/07\/imgp2251_dxo-kopie-150x150@2x.jpg 300w\" sizes=\"auto, (max-width: 150px) 100vw, 150px\" \/><\/div><a class=\"wp-block-latest-posts__post-title\" href=\"https:\/\/www.nabu-aachen.de\/en\/bisher-nur-wenige-schmetterlinge-gesichtet\/\">Bisher nur wenige Schmetterlinge gesichtet<\/a><time datetime=\"2023-07-05T11:03:18+02:00\" class=\"wp-block-latest-posts__post-date\">5. July 2023<\/time><div class=\"wp-block-latest-posts__post-excerpt\">Schmetterlinge \/ Umwelt Pressemeldung NABU-Stadtverband Aachen e.V. vom 04Juli2023 Bisher nur wenige Schmetterlinge gesichtet Halbzeit bei der Schmetterlingsz\u00e4hlung in NRW Aachen &#8211; Seit 2016 ruft der NABU NRW im Rahmen des Projekts \u201eMehr Platz&#46;&#46;&#46;<\/div><\/li>\n<\/ul>","protected":false},"excerpt":{"rendered":"<p>Seit Februar 2017 gibt es beim NABU Aachen auch einen Arbeitskreis Schmetterlinge. Neben allgemeinen Kenntnissen \u00fcber Morphologie und Stoffwechsel dieser Insektengruppe befassen wir uns mit den einheimischen Tagfalterarten. Wir lernen sie n\u00e4her kennen und&#46;&#46;&#46;<\/p>","protected":false},"author":2,"featured_media":423,"parent":0,"menu_order":0,"comment_status":"closed","ping_status":"closed","template":"","meta":{"_lmt_disableupdate":"","_lmt_disable":"","footnotes":""},"categories":[22],"tags":[],"class_list":["post-169","page","type-page","status-publish","has-post-thumbnail","hentry","category-arbeitskreise"],"_links":{"self":[{"href":"https:\/\/www.nabu-aachen.de\/en\/wp-json\/wp\/v2\/pages\/169","targetHints":{"allow":["GET"]}}],"collection":[{"href":"https:\/\/www.nabu-aachen.de\/en\/wp-json\/wp\/v2\/pages"}],"about":[{"href":"https:\/\/www.nabu-aachen.de\/en\/wp-json\/wp\/v2\/types\/page"}],"author":[{"embeddable":true,"href":"https:\/\/www.nabu-aachen.de\/en\/wp-json\/wp\/v2\/users\/2"}],"replies":[{"embeddable":true,"href":"https:\/\/www.nabu-aachen.de\/en\/wp-json\/wp\/v2\/comments?post=169"}],"version-history":[{"count":21,"href":"https:\/\/www.nabu-aachen.de\/en\/wp-json\/wp\/v2\/pages\/169\/revisions"}],"predecessor-version":[{"id":5960,"href":"https:\/\/www.nabu-aachen.de\/en\/wp-json\/wp\/v2\/pages\/169\/revisions\/5960"}],"wp:featuredmedia":[{"embeddable":true,"href":"https:\/\/www.nabu-aachen.de\/en\/wp-json\/wp\/v2\/media\/423"}],"wp:attachment":[{"href":"https:\/\/www.nabu-aachen.de\/en\/wp-json\/wp\/v2\/media?parent=169"}],"wp:term":[{"taxonomy":"category","embeddable":true,"href":"https:\/\/www.nabu-aachen.de\/en\/wp-json\/wp\/v2\/categories?post=169"},{"taxonomy":"post_tag","embeddable":true,"href":"https:\/\/www.nabu-aachen.de\/en\/wp-json\/wp\/v2\/tags?post=169"}],"curies":[{"name":"wp","href":"https:\/\/api.w.org\/{rel}","templated":true}]}}