{"id":1757,"date":"2018-11-29T09:02:53","date_gmt":"2018-11-29T08:02:53","guid":{"rendered":"https:\/\/www.nabu-aachen.de\/?page_id=1757"},"modified":"2023-11-06T17:42:19","modified_gmt":"2023-11-06T16:42:19","slug":"ak-naturgarten","status":"publish","type":"page","link":"https:\/\/www.nabu-aachen.de\/en\/ak-naturgarten\/","title":{"rendered":"Nature garden working group"},"content":{"rendered":"<p>Would you like to get involved in gardening together and get to know and implement the various aspects of a natural garden?<\/p>\n<div id=\"attachment_687\" style=\"width: 393px\" class=\"wp-caption alignleft\"><a href=\"https:\/\/www.nabu-aachen.de\/wp-content\/uploads\/2018\/02\/giftpflanzengarten_carinazacharias.jpg\"><img loading=\"lazy\" decoding=\"async\" aria-describedby=\"caption-attachment-687\" class=\"wp-image-687\" src=\"https:\/\/www.nabu-aachen.de\/wp-content\/uploads\/2018\/02\/giftpflanzengarten_carinazacharias-300x200.jpg\" alt=\"\" width=\"383\" height=\"255\" srcset=\"https:\/\/www.nabu-aachen.de\/wp-content\/uploads\/2018\/02\/giftpflanzengarten_carinazacharias-300x200.jpg 300w, https:\/\/www.nabu-aachen.de\/wp-content\/uploads\/2018\/02\/giftpflanzengarten_carinazacharias-1000x667.jpg 1000w, https:\/\/www.nabu-aachen.de\/wp-content\/uploads\/2018\/02\/giftpflanzengarten_carinazacharias.jpg 1386w, https:\/\/www.nabu-aachen.de\/wp-content\/uploads\/2018\/02\/giftpflanzengarten_carinazacharias-300x200@2x.jpg 600w\" sizes=\"auto, (max-width: 383px) 100vw, 383px\" \/><\/a><p id=\"caption-attachment-687\" class=\"wp-caption-text\">Foto: Carina Zacharias<\/p><\/div>\n<p>Then come and visit us! We meet once a month in the Floriansgarten in the Floriansdorf on Seffenter Weg. In addition to native herbs, perennials and shrubs, many types of poisonous plants such as foxglove, deadly nightshade and lily of the valley also grow there. In our practical work, we want to create a diverse habitat for small animals, birds and insects, following the example of nature-oriented gardening.<\/p>\n<p>The garden is also used for environmental education purposes. The guided tours offered for children and adults include the topic of poisonous plants (What can you eat, what not? What to do if you suspect poisoning?) as well as aspects of near-natural, peat-free gardening, the neophyte problem and species protection.<\/p>\n<p>You are welcome to contact us if you are interested:<\/p>\n<p><span style=\"color: #000000;\"><strong>Date:<\/strong><\/span> Once a month on Saturdays from 10.00 - 13.00 by arrangement<\/p>\n<p><span style=\"color: #000000;\"><strong>Guided tours:<\/strong> <\/span>By arrangement<\/p>\n<p><span style=\"color: #000000;\"><strong>Contact:<\/strong>\u00a0<\/span>Betty Malangr\u00e9 (<strong>b-malangre@t-online.de<\/strong>)<\/p>\n<p>\u00a0<\/p>\n\n\n<div class=\"wp-block-columns is-layout-flex wp-container-core-columns-is-layout-9d6595d7 wp-block-columns-is-layout-flex\">\n<div class=\"wp-block-column is-layout-flow wp-block-column-is-layout-flow\">\n<blockquote class=\"wp-block-quote is-layout-flow wp-block-quote-is-layout-flow\">\n<p>Gardening together promotes biodiversity and is communicative. Digging in the earth and then enjoying the results makes you happy and keeps you fit. We can do something useful for nature and pass it on to others.<\/p>\n<cite>Betty Malangr\u00e9<\/cite><\/blockquote>\n<\/div>\n\n\n\n<div class=\"wp-block-column is-layout-flow wp-block-column-is-layout-flow\">\n<figure class=\"wp-block-image size-full\"><img loading=\"lazy\" decoding=\"async\" width=\"494\" height=\"606\" src=\"https:\/\/www.nabu-aachen.de\/wp-content\/uploads\/2023\/11\/1e989613-e217-451b-8f51-2cfa8dd5aedf.jpg\" alt=\"\" class=\"wp-image-5908\" srcset=\"https:\/\/www.nabu-aachen.de\/wp-content\/uploads\/2023\/11\/1e989613-e217-451b-8f51-2cfa8dd5aedf.jpg 494w, https:\/\/www.nabu-aachen.de\/wp-content\/uploads\/2023\/11\/1e989613-e217-451b-8f51-2cfa8dd5aedf-245x300.jpg 245w, https:\/\/www.nabu-aachen.de\/wp-content\/uploads\/2023\/11\/1e989613-e217-451b-8f51-2cfa8dd5aedf-245x300@2x.jpg 490w\" sizes=\"auto, (max-width: 494px) 100vw, 494px\" \/><\/figure>\n<\/div>\n<\/div>\n\n\n<ul class=\"wp-block-latest-posts__list is-grid columns-2 has-dates wp-block-latest-posts\"><li><div class=\"wp-block-latest-posts__featured-image alignleft\"><img loading=\"lazy\" decoding=\"async\" width=\"150\" height=\"150\" src=\"https:\/\/www.nabu-aachen.de\/wp-content\/uploads\/2026\/02\/pflanzenboerse-150x150.jpeg\" class=\"attachment-thumbnail size-thumbnail wp-post-image\" alt=\"\" style=\"\" srcset=\"https:\/\/www.nabu-aachen.de\/wp-content\/uploads\/2026\/02\/pflanzenboerse-150x150.jpeg 150w, https:\/\/www.nabu-aachen.de\/wp-content\/uploads\/2026\/02\/pflanzenboerse-160x160.jpeg 160w, https:\/\/www.nabu-aachen.de\/wp-content\/uploads\/2026\/02\/pflanzenboerse-320x320.jpeg 320w, https:\/\/www.nabu-aachen.de\/wp-content\/uploads\/2026\/02\/pflanzenboerse-150x150@2x.jpeg 300w\" sizes=\"auto, (max-width: 150px) 100vw, 150px\" \/><\/div><a class=\"wp-block-latest-posts__post-title\" href=\"https:\/\/www.nabu-aachen.de\/en\/nabu-stadtverband-und-kolpingsfamilie-aachen-veranstalten-saatgut-und-pflanzenboerse\/\">NABU-Stadtverband und Kolpingsfamilie Aachen veranstalten Saatgut- und Pflanzenb\u00f6rse<\/a><time datetime=\"2026-03-18T10:30:27+01:00\" class=\"wp-block-latest-posts__post-date\">18. March 2026<\/time><div class=\"wp-block-latest-posts__post-excerpt\">Der NABU-Stadtverband und die Kolpingsfamilie Aachen richten am Sonntag, dem 26. April 2026 in der Zeit von 11.00\u201316.00 Uhr abermals eine gemeinsame Saatgut-und Pflanzenb\u00f6rse im Floriansdorf (Seffenterweg\/Mathieustra\u00dfe, 52074 Aachen) aus. Ziel ist der Austausch&#46;&#46;&#46;<\/div><\/li>\n<li><div class=\"wp-block-latest-posts__featured-image alignleft\"><img loading=\"lazy\" decoding=\"async\" width=\"150\" height=\"150\" src=\"https:\/\/www.nabu-aachen.de\/wp-content\/uploads\/2025\/05\/IMG_3038-150x150.jpeg\" class=\"attachment-thumbnail size-thumbnail wp-post-image\" alt=\"\" style=\"\" srcset=\"https:\/\/www.nabu-aachen.de\/wp-content\/uploads\/2025\/05\/IMG_3038-150x150.jpeg 150w, https:\/\/www.nabu-aachen.de\/wp-content\/uploads\/2025\/05\/IMG_3038-160x160.jpeg 160w, https:\/\/www.nabu-aachen.de\/wp-content\/uploads\/2025\/05\/IMG_3038-320x320.jpeg 320w, https:\/\/www.nabu-aachen.de\/wp-content\/uploads\/2025\/05\/IMG_3038-150x150@2x.jpeg 300w\" sizes=\"auto, (max-width: 150px) 100vw, 150px\" \/><\/div><a class=\"wp-block-latest-posts__post-title\" href=\"https:\/\/www.nabu-aachen.de\/en\/rueckblick-auf-die-pflanzenboerse-2025\/\">R\u00fcckblick auf die Pflanzenb\u00f6rse 2025<\/a><time datetime=\"2025-05-18T07:10:08+02:00\" class=\"wp-block-latest-posts__post-date\">18. May 2025<\/time><div class=\"wp-block-latest-posts__post-excerpt\">Bereits zum vierten Mal richteten der NABU-Stadtverband Aachen und die Kolpingsfamilie am 27. April 2025 die beliebte Saatgut-und Pflanzenb\u00f6rse im Floriansdorf aus. 26 Aussteller*innen hatten sich gemeldet und konnten ihr Pflanzgut bei sch\u00f6nstem Wetter&#46;&#46;&#46;<\/div><\/li>\n<li><div class=\"wp-block-latest-posts__featured-image alignleft\"><img loading=\"lazy\" decoding=\"async\" width=\"150\" height=\"150\" src=\"https:\/\/www.nabu-aachen.de\/wp-content\/uploads\/2025\/04\/Gruppenbild-150x150.jpg\" class=\"attachment-thumbnail size-thumbnail wp-post-image\" alt=\"\" style=\"\" srcset=\"https:\/\/www.nabu-aachen.de\/wp-content\/uploads\/2025\/04\/Gruppenbild-150x150.jpg 150w, https:\/\/www.nabu-aachen.de\/wp-content\/uploads\/2025\/04\/Gruppenbild-160x160.jpg 160w, https:\/\/www.nabu-aachen.de\/wp-content\/uploads\/2025\/04\/Gruppenbild-320x320.jpg 320w, https:\/\/www.nabu-aachen.de\/wp-content\/uploads\/2025\/04\/Gruppenbild-150x150@2x.jpg 300w\" sizes=\"auto, (max-width: 150px) 100vw, 150px\" \/><\/div><a class=\"wp-block-latest-posts__post-title\" href=\"https:\/\/www.nabu-aachen.de\/en\/achtung-artenvielfalt-torffrei-gaertnern\/\">Achtung Artenvielfalt: Torffrei g\u00e4rtnern<\/a><time datetime=\"2025-04-29T12:10:59+02:00\" class=\"wp-block-latest-posts__post-date\">29. April 2025<\/time><div class=\"wp-block-latest-posts__post-excerpt\">Achtung Artenvielfalt: Torffrei g\u00e4rtnern Hobbyg\u00e4rtner aufgepasst: Torffreie Pflanzenerde Es ist Mitte April, die Sonne scheint, V\u00f6gel zwitschern, Blumen sprie\u00dfen farbenfroh aus der Erde: Der Fr\u00fchling hat begonnen. Das lockt eine besondere Art vor die&#46;&#46;&#46;<\/div><\/li>\n<li><div class=\"wp-block-latest-posts__featured-image alignleft\"><img loading=\"lazy\" decoding=\"async\" width=\"150\" height=\"150\" src=\"https:\/\/www.nabu-aachen.de\/wp-content\/uploads\/2023\/12\/imgp6014_dxo-150x150.jpg\" class=\"attachment-thumbnail size-thumbnail wp-post-image\" alt=\"\" style=\"\" srcset=\"https:\/\/www.nabu-aachen.de\/wp-content\/uploads\/2023\/12\/imgp6014_dxo-150x150.jpg 150w, https:\/\/www.nabu-aachen.de\/wp-content\/uploads\/2023\/12\/imgp6014_dxo-160x160.jpg 160w, https:\/\/www.nabu-aachen.de\/wp-content\/uploads\/2023\/12\/imgp6014_dxo-320x320.jpg 320w, https:\/\/www.nabu-aachen.de\/wp-content\/uploads\/2023\/12\/imgp6014_dxo-150x150@2x.jpg 300w\" sizes=\"auto, (max-width: 150px) 100vw, 150px\" \/><\/div><a class=\"wp-block-latest-posts__post-title\" href=\"https:\/\/www.nabu-aachen.de\/en\/pflanzenboerse-2025\/\">Pflanzenb\u00f6rse 2025<\/a><time datetime=\"2025-02-22T15:38:46+01:00\" class=\"wp-block-latest-posts__post-date\">22. February 2025<\/time><div class=\"wp-block-latest-posts__post-excerpt\">NABU-Stadtverband und Kolpingsfamilie Aachen veranstalten zum 4. Mal die beliebte Saatgut- und Pflanzenb\u00f6rse Der NABU-Stadtverband und die Kolpingsfamilie Aachen richten am Sonntag, dem 27. April 2025 in der Zeit von 11.00\u201316.00 Uhr eine gemeinsame&#46;&#46;&#46;<\/div><\/li>\n<li><div class=\"wp-block-latest-posts__featured-image alignleft\"><img loading=\"lazy\" decoding=\"async\" width=\"150\" height=\"150\" src=\"https:\/\/www.nabu-aachen.de\/wp-content\/uploads\/2024\/04\/imgp1721_dxo-150x150.jpg\" class=\"attachment-thumbnail size-thumbnail wp-post-image\" alt=\"\" style=\"\" srcset=\"https:\/\/www.nabu-aachen.de\/wp-content\/uploads\/2024\/04\/imgp1721_dxo-150x150.jpg 150w, https:\/\/www.nabu-aachen.de\/wp-content\/uploads\/2024\/04\/imgp1721_dxo-160x160.jpg 160w, https:\/\/www.nabu-aachen.de\/wp-content\/uploads\/2024\/04\/imgp1721_dxo-320x320.jpg 320w, https:\/\/www.nabu-aachen.de\/wp-content\/uploads\/2024\/04\/imgp1721_dxo-150x150@2x.jpg 300w\" sizes=\"auto, (max-width: 150px) 100vw, 150px\" \/><\/div><a class=\"wp-block-latest-posts__post-title\" href=\"https:\/\/www.nabu-aachen.de\/en\/das-war-die-pflanzenboerse-2024\/\">Das war die Pflanzenb\u00f6rse 2024<\/a><time datetime=\"2024-04-30T20:35:12+02:00\" class=\"wp-block-latest-posts__post-date\">30. April 2024<\/time><div class=\"wp-block-latest-posts__post-excerpt\">Am letzten Sonntag im April richteten der NABU-Stadtverband Aachen und die Kolpingsfamilie Aachen zum dritten Mal die beliebte \u201eAachener Pflanzenb\u00f6rse\u201c aus. Auch dieses Mal bot das Floriansdorf der Feuerwache Nord eine ideale Lokalit\u00e4t f\u00fcr&#46;&#46;&#46;<\/div><\/li>\n<li><div class=\"wp-block-latest-posts__featured-image alignleft\"><img loading=\"lazy\" decoding=\"async\" width=\"150\" height=\"150\" src=\"https:\/\/www.nabu-aachen.de\/wp-content\/uploads\/2024\/02\/pflanzenboerse_plakat_reduziert_teaser-150x150.jpg\" class=\"attachment-thumbnail size-thumbnail wp-post-image\" alt=\"\" style=\"\" srcset=\"https:\/\/www.nabu-aachen.de\/wp-content\/uploads\/2024\/02\/pflanzenboerse_plakat_reduziert_teaser-150x150.jpg 150w, https:\/\/www.nabu-aachen.de\/wp-content\/uploads\/2024\/02\/pflanzenboerse_plakat_reduziert_teaser-160x160.jpg 160w, https:\/\/www.nabu-aachen.de\/wp-content\/uploads\/2024\/02\/pflanzenboerse_plakat_reduziert_teaser-320x320.jpg 320w, https:\/\/www.nabu-aachen.de\/wp-content\/uploads\/2024\/02\/pflanzenboerse_plakat_reduziert_teaser-150x150@2x.jpg 300w\" sizes=\"auto, (max-width: 150px) 100vw, 150px\" \/><\/div><a class=\"wp-block-latest-posts__post-title\" href=\"https:\/\/www.nabu-aachen.de\/en\/pflanzenboerse-2024\/\">Pflanzenb\u00f6rse 2024<\/a><time datetime=\"2024-02-14T11:30:38+01:00\" class=\"wp-block-latest-posts__post-date\">14. February 2024<\/time><div class=\"wp-block-latest-posts__post-excerpt\">Pflanzenb\u00f6rse 2024 NABU-Stadtverband und Kolpingsfamilie Aachen veranstalten Saatgut- und Pflanzenb\u00f6rse Der NABU-Stadtverband und die Kolpingsfamilie Aachen richten am Sonntag, dem 28. April 2024 in der Zeit von 11.00\u201317.00 Uhr eine gemeinsame Saatgut-und Pflanzenb\u00f6rse im&#46;&#46;&#46;<\/div><\/li>\n<li><div class=\"wp-block-latest-posts__featured-image alignleft\"><img loading=\"lazy\" decoding=\"async\" width=\"150\" height=\"150\" src=\"https:\/\/www.nabu-aachen.de\/wp-content\/uploads\/2023\/06\/imgp3695_dxo-150x150.jpg\" class=\"attachment-thumbnail size-thumbnail wp-post-image\" alt=\"\" style=\"\" srcset=\"https:\/\/www.nabu-aachen.de\/wp-content\/uploads\/2023\/06\/imgp3695_dxo-150x150.jpg 150w, https:\/\/www.nabu-aachen.de\/wp-content\/uploads\/2023\/06\/imgp3695_dxo-160x160.jpg 160w, https:\/\/www.nabu-aachen.de\/wp-content\/uploads\/2023\/06\/imgp3695_dxo-320x320.jpg 320w, https:\/\/www.nabu-aachen.de\/wp-content\/uploads\/2023\/06\/imgp3695_dxo-150x150@2x.jpg 300w\" sizes=\"auto, (max-width: 150px) 100vw, 150px\" \/><\/div><a class=\"wp-block-latest-posts__post-title\" href=\"https:\/\/www.nabu-aachen.de\/en\/auf-die-plaetze-fertig-loszaehlen\/\">Auf die Pl\u00e4tze, fertig, losz\u00e4hlen!<\/a><time datetime=\"2023-06-13T17:54:49+02:00\" class=\"wp-block-latest-posts__post-date\">13. June 2023<\/time><div class=\"wp-block-latest-posts__post-excerpt\">Auf die Pl\u00e4tze, fertig, losz\u00e4hlen! Vom 15.6. bis 15.7. Schmetterlinge beobachten und dem NABU NRW melden Aachen.\u00a0L\u00e4ngst sind viele Tag- und Nachtfalter nicht mehr so h\u00e4ufig zu Gast in unseren G\u00e4rten wie noch vor&#46;&#46;&#46;<\/div><\/li>\n<li><div class=\"wp-block-latest-posts__featured-image alignleft\"><img loading=\"lazy\" decoding=\"async\" width=\"150\" height=\"150\" src=\"https:\/\/www.nabu-aachen.de\/wp-content\/uploads\/2023\/05\/IMGP6014_DxO-150x150.jpg\" class=\"attachment-thumbnail size-thumbnail wp-post-image\" alt=\"\" style=\"\" srcset=\"https:\/\/www.nabu-aachen.de\/wp-content\/uploads\/2023\/05\/IMGP6014_DxO-150x150.jpg 150w, https:\/\/www.nabu-aachen.de\/wp-content\/uploads\/2023\/05\/IMGP6014_DxO-160x160.jpg 160w, https:\/\/www.nabu-aachen.de\/wp-content\/uploads\/2023\/05\/IMGP6014_DxO-320x320.jpg 320w, https:\/\/www.nabu-aachen.de\/wp-content\/uploads\/2023\/05\/IMGP6014_DxO-150x150@2x.jpg 300w\" sizes=\"auto, (max-width: 150px) 100vw, 150px\" \/><\/div><a class=\"wp-block-latest-posts__post-title\" href=\"https:\/\/www.nabu-aachen.de\/en\/das-war-die-pflanzenboerse-2023\/\">Das war die Pflanzenb\u00f6rse 2023<\/a><time datetime=\"2023-05-04T18:10:52+02:00\" class=\"wp-block-latest-posts__post-date\">4. May 2023<\/time><div class=\"wp-block-latest-posts__post-excerpt\">25 Aussteller, ungef\u00e4hr 1.000 Besucher*innen, ungez\u00e4hlte Gespr\u00e4che und Begegnungen: Das war die Pflanzenb\u00f6rse 2023, organisiert vom NABU Aachen und der Kolpingfamilie. Bei wundersch\u00f6nem Wetter konnten Hobby-G\u00e4rtner und -G\u00e4rtnerinnen Saatgut und Pflanzen handeln, Tipps und&#46;&#46;&#46;<\/div><\/li>\n<\/ul>","protected":false},"excerpt":{"rendered":"<p>Sie m\u00f6chten beim gemeinsamen G\u00e4rtnern aktiv werden und die verschiedenen Aspekte eines naturnahen Gartens kennenlernen und umsetzen? Dann besuchen Sie uns! Wir treffen uns 1 x monatlich im Floriansgarten im Floriansdorf am Seffenter Weg.&#46;&#46;&#46;<\/p>","protected":false},"author":3,"featured_media":687,"parent":0,"menu_order":0,"comment_status":"closed","ping_status":"closed","template":"","meta":{"_lmt_disableupdate":"","_lmt_disable":"","footnotes":""},"categories":[22],"tags":[],"class_list":["post-1757","page","type-page","status-publish","has-post-thumbnail","hentry","category-arbeitskreise"],"_links":{"self":[{"href":"https:\/\/www.nabu-aachen.de\/en\/wp-json\/wp\/v2\/pages\/1757","targetHints":{"allow":["GET"]}}],"collection":[{"href":"https:\/\/www.nabu-aachen.de\/en\/wp-json\/wp\/v2\/pages"}],"about":[{"href":"https:\/\/www.nabu-aachen.de\/en\/wp-json\/wp\/v2\/types\/page"}],"author":[{"embeddable":true,"href":"https:\/\/www.nabu-aachen.de\/en\/wp-json\/wp\/v2\/users\/3"}],"replies":[{"embeddable":true,"href":"https:\/\/www.nabu-aachen.de\/en\/wp-json\/wp\/v2\/comments?post=1757"}],"version-history":[{"count":14,"href":"https:\/\/www.nabu-aachen.de\/en\/wp-json\/wp\/v2\/pages\/1757\/revisions"}],"predecessor-version":[{"id":5909,"href":"https:\/\/www.nabu-aachen.de\/en\/wp-json\/wp\/v2\/pages\/1757\/revisions\/5909"}],"wp:featuredmedia":[{"embeddable":true,"href":"https:\/\/www.nabu-aachen.de\/en\/wp-json\/wp\/v2\/media\/687"}],"wp:attachment":[{"href":"https:\/\/www.nabu-aachen.de\/en\/wp-json\/wp\/v2\/media?parent=1757"}],"wp:term":[{"taxonomy":"category","embeddable":true,"href":"https:\/\/www.nabu-aachen.de\/en\/wp-json\/wp\/v2\/categories?post=1757"},{"taxonomy":"post_tag","embeddable":true,"href":"https:\/\/www.nabu-aachen.de\/en\/wp-json\/wp\/v2\/tags?post=1757"}],"curies":[{"name":"wp","href":"https:\/\/api.w.org\/{rel}","templated":true}]}}