{"id":1768,"date":"2018-11-29T09:37:43","date_gmt":"2018-11-29T08:37:43","guid":{"rendered":"https:\/\/www.nabu-aachen.de\/?page_id=1768"},"modified":"2023-11-07T21:36:13","modified_gmt":"2023-11-07T20:36:13","slug":"ak-naturfotografie","status":"publish","type":"page","link":"https:\/\/www.nabu-aachen.de\/en\/ak-naturfotografie\/","title":{"rendered":"Nature photography working group"},"content":{"rendered":"<div class=\"wp-block-image wp-image-2550 size-medium\">\n<figure class=\"alignleft\"><img loading=\"lazy\" decoding=\"async\" width=\"300\" height=\"267\" src=\"https:\/\/www.nabu-aachen.de\/wp-content\/uploads\/2020\/03\/wasseramsel_paar-300x267.jpg\" alt=\"\" class=\"wp-image-2550\" srcset=\"https:\/\/www.nabu-aachen.de\/wp-content\/uploads\/2020\/03\/wasseramsel_paar-300x267.jpg 300w, https:\/\/www.nabu-aachen.de\/wp-content\/uploads\/2020\/03\/wasseramsel_paar-1000x890.jpg 1000w, https:\/\/www.nabu-aachen.de\/wp-content\/uploads\/2020\/03\/wasseramsel_paar.jpg 1594w, https:\/\/www.nabu-aachen.de\/wp-content\/uploads\/2020\/03\/wasseramsel_paar-300x267@2x.jpg 600w\" sizes=\"auto, (max-width: 300px) 100vw, 300px\" \/><figcaption class=\"wp-element-caption\">Ein Wasseramselpaar an der Rur. Foto: Ulrich Schwenk<\/figcaption><\/figure>\n<\/div>\n\n\n<p>The working group offers photography enthusiasts a platform to present their nature photos and exchange photographic tips, techniques and equipment. They can also practice and improve their skills on joint photo excursions.<\/p>\n\n\n\n<p><strong>Date:<\/strong> by arrangement, 19:00 to 21:00, Preusweg 128a, NABU-Stadtverband Aachen e.V.<\/p>\n\n\n\n<p><strong>Contact:<\/strong> Ulrich Schwenk (<a href=\"mailto:ulrich.schwenk@t-online.de\">ulrich.schwenk@t-online.de<\/a>)<\/p>\n\n\n\n<div style=\"height:47px\" aria-hidden=\"true\" class=\"wp-block-spacer\"><\/div>\n\n\n\n<div class=\"wp-block-columns is-layout-flex wp-container-core-columns-is-layout-9d6595d7 wp-block-columns-is-layout-flex\">\n<div class=\"wp-block-column is-layout-flow wp-block-column-is-layout-flow\">\n<blockquote class=\"wp-block-quote is-layout-flow wp-block-quote-is-layout-flow\">\n<p>Through photography, I have learned to consciously see and observe. This is how I came to nature conservation. The medium of photography encourages you to learn something about the subjects in order to be able to depict them better. This brings you closer to nature and makes a walk more exciting.<\/p>\n<cite>Ulrich Schwenk<\/cite><\/blockquote>\n<\/div>\n\n\n\n<div class=\"wp-block-column is-layout-flow wp-block-column-is-layout-flow\">\n<figure class=\"wp-block-image size-large\"><img loading=\"lazy\" decoding=\"async\" width=\"630\" height=\"1000\" src=\"https:\/\/www.nabu-aachen.de\/wp-content\/uploads\/2023\/11\/Wildbachbegehung_Ulli-630x1000.jpeg\" alt=\"\" class=\"wp-image-5911\" srcset=\"https:\/\/www.nabu-aachen.de\/wp-content\/uploads\/2023\/11\/Wildbachbegehung_Ulli-630x1000.jpeg 630w, https:\/\/www.nabu-aachen.de\/wp-content\/uploads\/2023\/11\/Wildbachbegehung_Ulli-189x300.jpeg 189w, https:\/\/www.nabu-aachen.de\/wp-content\/uploads\/2023\/11\/Wildbachbegehung_Ulli.jpeg 807w, https:\/\/www.nabu-aachen.de\/wp-content\/uploads\/2023\/11\/Wildbachbegehung_Ulli-189x300@2x.jpeg 378w\" sizes=\"auto, (max-width: 630px) 100vw, 630px\" \/><\/figure>\n<\/div>\n<\/div>\n\n\n<ul class=\"wp-block-latest-posts__list is-grid columns-2 has-dates wp-block-latest-posts\"><li><div class=\"wp-block-latest-posts__featured-image alignleft\"><img loading=\"lazy\" decoding=\"async\" width=\"150\" height=\"150\" src=\"https:\/\/www.nabu-aachen.de\/wp-content\/uploads\/2018\/05\/philip_graaf_brennesselgrunrussler_b_31mai2018-150x150.jpg\" class=\"attachment-thumbnail size-thumbnail wp-post-image\" alt=\"\" style=\"\" srcset=\"https:\/\/www.nabu-aachen.de\/wp-content\/uploads\/2018\/05\/philip_graaf_brennesselgrunrussler_b_31mai2018-150x150.jpg 150w, https:\/\/www.nabu-aachen.de\/wp-content\/uploads\/2018\/05\/philip_graaf_brennesselgrunrussler_b_31mai2018-160x160.jpg 160w, https:\/\/www.nabu-aachen.de\/wp-content\/uploads\/2018\/05\/philip_graaf_brennesselgrunrussler_b_31mai2018-320x320.jpg 320w, https:\/\/www.nabu-aachen.de\/wp-content\/uploads\/2018\/05\/philip_graaf_brennesselgrunrussler_b_31mai2018-150x150@2x.jpg 300w, https:\/\/www.nabu-aachen.de\/wp-content\/uploads\/2018\/05\/philip_graaf_brennesselgrunrussler_b_31mai2018-320x320@2x.jpg 640w\" sizes=\"auto, (max-width: 150px) 100vw, 150px\" \/><\/div><a class=\"wp-block-latest-posts__post-title\" href=\"https:\/\/www.nabu-aachen.de\/en\/gewinner-des-fotowettbewerbs-naturerlebnisse-in-aachen\/\">Gewinner des Fotowettbewerbs &#8222;Naturerlebnisse in Aachen&#8220;<\/a><time datetime=\"2018-07-04T09:03:51+02:00\" class=\"wp-block-latest-posts__post-date\">4. July 2018<\/time><div class=\"wp-block-latest-posts__post-excerpt\">Herzlichen Dank an alle Teilnehmer des Fotowettbewerbs &#8222;Naturerlebnisse in Aachen&#8220;, der im Rahmen des 30-j\u00e4hrigen NABU-Jubil\u00e4ums ausgerufen wurde! Die Gewinner k\u00f6nnen sich \u00fcber folgende Preise freuen: 1. Platz: Eine\u00a0Ballonfahrt f\u00fcr 2 Personen im Wert&#46;&#46;&#46;<\/div><\/li>\n<\/ul>\n\n\n<div style=\"height:100px\" aria-hidden=\"true\" class=\"wp-block-spacer\"><\/div>","protected":false},"excerpt":{"rendered":"<p>Der Arbeitskreis bietet Fotografie-Interessierten eine Plattform, um ihre Naturfotos zu pr\u00e4sentieren und sich \u00fcber fotografische Tipps, Techniken und Ausr\u00fcstung auszutauschen. Au\u00dferdem k\u00f6nnen sie auf gemeinsamen Fotoexkursionen ihr K\u00f6nnen in der Praxis proben und verbessern.&#46;&#46;&#46;<\/p>","protected":false},"author":3,"featured_media":1866,"parent":0,"menu_order":0,"comment_status":"closed","ping_status":"closed","template":"","meta":{"_lmt_disableupdate":"","_lmt_disable":"","footnotes":""},"categories":[22],"tags":[],"class_list":["post-1768","page","type-page","status-publish","has-post-thumbnail","hentry","category-arbeitskreise"],"_links":{"self":[{"href":"https:\/\/www.nabu-aachen.de\/en\/wp-json\/wp\/v2\/pages\/1768","targetHints":{"allow":["GET"]}}],"collection":[{"href":"https:\/\/www.nabu-aachen.de\/en\/wp-json\/wp\/v2\/pages"}],"about":[{"href":"https:\/\/www.nabu-aachen.de\/en\/wp-json\/wp\/v2\/types\/page"}],"author":[{"embeddable":true,"href":"https:\/\/www.nabu-aachen.de\/en\/wp-json\/wp\/v2\/users\/3"}],"replies":[{"embeddable":true,"href":"https:\/\/www.nabu-aachen.de\/en\/wp-json\/wp\/v2\/comments?post=1768"}],"version-history":[{"count":12,"href":"https:\/\/www.nabu-aachen.de\/en\/wp-json\/wp\/v2\/pages\/1768\/revisions"}],"predecessor-version":[{"id":5919,"href":"https:\/\/www.nabu-aachen.de\/en\/wp-json\/wp\/v2\/pages\/1768\/revisions\/5919"}],"wp:featuredmedia":[{"embeddable":true,"href":"https:\/\/www.nabu-aachen.de\/en\/wp-json\/wp\/v2\/media\/1866"}],"wp:attachment":[{"href":"https:\/\/www.nabu-aachen.de\/en\/wp-json\/wp\/v2\/media?parent=1768"}],"wp:term":[{"taxonomy":"category","embeddable":true,"href":"https:\/\/www.nabu-aachen.de\/en\/wp-json\/wp\/v2\/categories?post=1768"},{"taxonomy":"post_tag","embeddable":true,"href":"https:\/\/www.nabu-aachen.de\/en\/wp-json\/wp\/v2\/tags?post=1768"}],"curies":[{"name":"wp","href":"https:\/\/api.w.org\/{rel}","templated":true}]}}