{"id":2744,"date":"2020-04-28T12:03:20","date_gmt":"2020-04-28T10:03:20","guid":{"rendered":"https:\/\/www.nabu-aachen.de\/?page_id=2744"},"modified":"2023-05-25T11:46:04","modified_gmt":"2023-05-25T09:46:04","slug":"waelder","status":"publish","type":"page","link":"https:\/\/www.nabu-aachen.de\/en\/waelder\/","title":{"rendered":"W\u00e4lder"},"content":{"rendered":"<h2 class=\"wp-block-heading\">NABU-Positionen zu \u00f6kologisch vertretbaren Standorten f\u00fcr weitere Windkraftanlagen und Mountainbike-Trails im Wald<\/h2>\n\n\n\n<p>Aus aktuellem Anlass beschlossen die NABU-Mitglieder auf der NABU-Jahreshauptversammlung am 2. M\u00e4rz 2020 Positionspapiere zu zwei Themen, die derzeit naturschutzpolitisch diskutiert werden. Beide Positionen wurden einstimmig beschlossen:<\/p>\n\n\n\n<p>Auch in Aachen kommt dem Ausbau der Windenergie eine gro\u00dfe Bedeutung zu. Zun\u00e4chst sollten aber alle M\u00f6glichkeiten zur Energieeinsparung und zur Effizienzsteigerung genutzt werden. In \u00dcbereinstimmung mit den NABU-Positionen auf Bundes- und Landesebene lehnt der NABU Aachen Windkraftanlagen in \u00f6kologisch sensiblen Gebieten ab. Der NABU benennt daher Ausschlussgebiete, etwa den Schneeberg, den Aachener Wald und das M\u00fcnsterl\u00e4ndchen. Er schl\u00e4gt aber, wie schon in den Diskussionen um den Standort M\u00fcnsterwald, \u00f6kologisch besser geeignete Gebiete vor, nach dem Prinzip \u201eTechnik zu Technik\u201c etwa im Bereich des Aachener Kreuzes an der A 44. Schwerpunkt sollte das Repowering des vorhandenen Windparks \u201eButterweiden\u201c sein, dessen Leistung verdoppelt werden k\u00f6nnte.<\/p>\n\n\n\n<p><a href=\"https:\/\/www.nabu-aachen.de\/wp-content\/uploads\/2020\/03\/positionspapier_nabu_aachen_wea.pdf\" target=\"_blank\" rel=\"noreferrer noopener\">Das Positionspapier zur Windenergie kann hier heruntergeladen werden.<\/a><\/p>\n\n\n\n<p>In Hinblick auf die Diskussion \u00fcber zus\u00e4tzliche Strecken f\u00fcr Mountainbiker betont der NABU, dass die Waldgebiete in der Stadt vornehmlich dem Schutz der Wald\u00f6kosysteme und der ruhigen Erholung dienen. Das Radfahren sollte daher nur auf befestigten Fahrwegen mit einer Mindestbreite von 2 Metern gestattet werden, um Konflikte zwischen den Waldnutzern zu vermeiden. Zum Schutz der Tierwelt, insbesondere nachaktiver Arten, sollte das n\u00e4chtliche Befahren des Waldes zu Freizeitzwecken untersagt werden. Zus\u00e4tzliche Fahrrad-Trails oder weitere Mountainbike-Strecken lehnt der NABU ausdr\u00fccklich ab. Der Aachener Wald sei ohnehin sehr gut erschlossen. Zudem zeige die Erfahrung aus anderen St\u00e4dten, dass zus\u00e4tzliche MTB-Trails das Befahren unbefestigter Wege oder Pfade nicht verhindern, sondern weitere Mountainbiker anlocken und damit die Probleme noch versch\u00e4rfen w\u00fcrden.<\/p>\n\n\n\n<p><a href=\"https:\/\/www.nabu-aachen.de\/wp-content\/uploads\/2020\/03\/positionspapier_nabu_ac-wald_fahrrad-trail.pdf\" target=\"_blank\" rel=\"noreferrer noopener\">Das Positionspapier zu neuen Mountainbike-Trails kann hier heruntergeladen werden.<\/a><\/p>\n\n\n\n<h2 class=\"wp-block-heading\">Freyent Forest<\/h2>\n\n\n<div class=\"wp-block-image size-medium wp-image-2790\">\n<figure class=\"alignleft\"><img loading=\"lazy\" decoding=\"async\" width=\"300\" height=\"200\" src=\"https:\/\/www.nabu-aachen.de\/wp-content\/uploads\/2020\/05\/freyenter_wald-300x200.jpg\" alt=\"\" class=\"wp-image-2790\" srcset=\"https:\/\/www.nabu-aachen.de\/wp-content\/uploads\/2020\/05\/freyenter_wald-300x200.jpg 300w, https:\/\/www.nabu-aachen.de\/wp-content\/uploads\/2020\/05\/freyenter_wald-1000x665.jpg 1000w, https:\/\/www.nabu-aachen.de\/wp-content\/uploads\/2020\/05\/freyenter_wald-1536x1021.jpg 1536w, https:\/\/www.nabu-aachen.de\/wp-content\/uploads\/2020\/05\/freyenter_wald.jpg 2000w, https:\/\/www.nabu-aachen.de\/wp-content\/uploads\/2020\/05\/freyenter_wald-300x200@2x.jpg 600w\" sizes=\"auto, (max-width: 300px) 100vw, 300px\" \/><figcaption class=\"wp-element-caption\">Freyenter Wald &#8211; Foto: Ulrich Schwenk<\/figcaption><\/figure>\n<\/div>\n\n\n<p>Die NRW-Stiftung und der NABU-Stadtverband Aachen e.V. haben k\u00fcrzlich den deutschen Teil des Freyenter Waldes erworben.<\/p>\n\n\n\n<p><a href=\"https:\/\/www.nabu-aachen.de\/en\/freyenter-wald\/\" data-type=\"page\" data-id=\"2742\">Die Pressemeldung von NRW-Stiftung und NABU zum Erwerb des Freyenter Waldes finden Sie hier:<\/a><\/p>\n\n\n\n<p>Blog \u00fcber den Besuch der OB-Kandidatin der B\u00dcNDNIS 90\/ DIE GRUENEN, Frau Sibylle Keupen, im Freyenter Wald:<\/p>\n\n\n\n<p><a href=\"https:\/\/www.sibylle-keupen.de\/besuch-im-freyenter-wald\/\">Hier geht es zum Blog<\/a><\/p>\n\n\n\n<p>Hier finden Sie einen kleinen Bericht des OB-Kandidaten der SPD \u00fcber den Besuch mit seiner jungen Familie im Freyenter Wald, Herrn Mathias Dopatka:<\/p>\n\n\n\n<p><a href=\"https:\/\/mathias-dopatka.de\/aktuelles\/detail\/nabu-fuehrt-durch-freyenter-wald\/\">Hier geht es zum Bericht<\/a><\/p>\n\n\n\n<h2 class=\"wp-block-heading\">FSC-Zertifizierung des Aachener Forstamtes durch die unabh\u00e4ngige Zertifizierungsgesellschaft DIN CERTCO (Hauptsitz Berlin, Abt. Forstwirtschaft in K\u00f6ln beim T\u00dcV Rheinland)<\/h2>\n\n\n\n<p>Das Unternehmen hat \u00fcber die Presse (etwa &#8222;Zeitung am Sonntag&#8220;, 11.10.2020, Seite 1) alle B\u00fcrgerinnen und B\u00fcrger aufgefordert, sich zur Waldbewirtschaftung in Aachen zu \u00e4u\u00dfern. Die M\u00f6glichkeit der pers\u00f6nlichen Stellungnahme ist \u00fcber die Mail-Adresse <a href=\"mailto:service-forst@dincertco.de\">service-forst@dincertco.de<\/a>&nbsp;gegeben.<\/p>\n\n\n\n<p>Unter dem folgenden Link finden Sie die Stellungnahme des NABU-Stadtverbandes Aachen e.V.: <a href=\"https:\/\/www.nabu-aachen.de\/wp-content\/uploads\/2020\/10\/nabu-stellungnahme_fsc_2020-10-23_akt.pdf\">nabu-stellungnahme_fsc_2020-10-23_akt<\/a><\/p>\n\n\n\n<h2 class=\"wp-block-heading\">Holz als Heizmaterial<\/h2>\n\n\n\n<p>Das industrielle Verheizen von Holz steht Mitte September 2022 bei einer Abstimmung im EU-Parlament auf der Agenda. Die Umweltorganisationen NABU, Robin Wood und die Deutsche Umwelthilfe haben vorab ein deutliches Zeichen gegen das Verfeuern von Holz gesetzt.<\/p>\n\n\n\n<p><a href=\"https:\/\/www.nabu.de\/news\/2022\/09\/32187.html\" target=\"_blank\" rel=\"noreferrer noopener\">Hier geht es zum vollst\u00e4ndigen Artikel.<\/a><\/p>\n\n\n<ul class=\"wp-block-latest-posts__list is-grid columns-2 has-dates wp-block-latest-posts\"><li><div class=\"wp-block-latest-posts__featured-image alignleft\"><img loading=\"lazy\" decoding=\"async\" width=\"150\" height=\"150\" src=\"https:\/\/www.nabu-aachen.de\/wp-content\/uploads\/2020\/05\/freyenter_wald-150x150.jpg\" class=\"attachment-thumbnail size-thumbnail wp-post-image\" alt=\"\" style=\"\" srcset=\"https:\/\/www.nabu-aachen.de\/wp-content\/uploads\/2020\/05\/freyenter_wald-150x150.jpg 150w, https:\/\/www.nabu-aachen.de\/wp-content\/uploads\/2020\/05\/freyenter_wald-160x160.jpg 160w, https:\/\/www.nabu-aachen.de\/wp-content\/uploads\/2020\/05\/freyenter_wald-320x320.jpg 320w, https:\/\/www.nabu-aachen.de\/wp-content\/uploads\/2020\/05\/freyenter_wald-150x150@2x.jpg 300w, https:\/\/www.nabu-aachen.de\/wp-content\/uploads\/2020\/05\/freyenter_wald-320x320@2x.jpg 640w\" sizes=\"auto, (max-width: 150px) 100vw, 150px\" \/><\/div><a class=\"wp-block-latest-posts__post-title\" href=\"https:\/\/www.nabu-aachen.de\/en\/waelder-von-morgen-nur-bedingt-naturnah-artenreich-und-klimaresilient\/\">W\u00e4lder von morgen: nur bedingt naturnah, artenreich und klimaresilient<\/a><time datetime=\"2026-04-23T14:18:18+02:00\" class=\"wp-block-latest-posts__post-date\">23. April 2026<\/time><div class=\"wp-block-latest-posts__post-excerpt\">PRESSEMITTEILUNG NABU NRW | NR 21\/26 | 23. APRIL 2026 W\u00e4lder von morgen: nur bedingt naturnah, artenreich und klimaresilient NABU NRW: Echter Neuanfang in der Forstpolitik durch heute vorgestellte Waldstrategie f\u00fcr Nordrhein-Westfalen bleibt aus&#46;&#46;&#46;<\/div><\/li>\n<li><div class=\"wp-block-latest-posts__featured-image alignleft\"><img loading=\"lazy\" decoding=\"async\" width=\"150\" height=\"150\" src=\"https:\/\/www.nabu-aachen.de\/wp-content\/uploads\/2020\/08\/efeu-150x150.jpg\" class=\"attachment-thumbnail size-thumbnail wp-post-image\" alt=\"Durchtrennter Efeutrieb bei den Sieben Quellen (Foto: G. Maxam)\" style=\"\" srcset=\"https:\/\/www.nabu-aachen.de\/wp-content\/uploads\/2020\/08\/efeu-150x150.jpg 150w, https:\/\/www.nabu-aachen.de\/wp-content\/uploads\/2020\/08\/efeu-160x160.jpg 160w, https:\/\/www.nabu-aachen.de\/wp-content\/uploads\/2020\/08\/efeu-320x320.jpg 320w, https:\/\/www.nabu-aachen.de\/wp-content\/uploads\/2020\/08\/efeu-150x150@2x.jpg 300w, https:\/\/www.nabu-aachen.de\/wp-content\/uploads\/2020\/08\/efeu-320x320@2x.jpg 640w\" sizes=\"auto, (max-width: 150px) 100vw, 150px\" \/><\/div><a class=\"wp-block-latest-posts__post-title\" href=\"https:\/\/www.nabu-aachen.de\/en\/efeu-nicht-von-baeumen-entfernen\/\">Efeu nicht von B\u00e4umen entfernen<\/a><time datetime=\"2022-03-01T14:00:00+01:00\" class=\"wp-block-latest-posts__post-date\">1. March 2022<\/time><div class=\"wp-block-latest-posts__post-excerpt\">\u00d6kologisch wertvoller Bewuchs Aachen. Vermehrt fallen abgeschnittene Efeutriebe (Hedera helix) an Baumst\u00e4mmen im Stadtgebiet auf. So beobachtete bspw. Helmut Kreusch, Ansprechpartner f\u00fcr Botanik beim NABU-Stadtverband Aachen, armdicke, durchtrennte Efeutriebe in Sief und anderenorts. \u201eDie&#46;&#46;&#46;<\/div><\/li>\n<li><div class=\"wp-block-latest-posts__featured-image alignleft\"><img loading=\"lazy\" decoding=\"async\" width=\"150\" height=\"150\" src=\"https:\/\/www.nabu-aachen.de\/wp-content\/uploads\/2018\/05\/gero_sutmann_morgen_im_aachener_wald_24mai2018-150x150.jpg\" class=\"attachment-thumbnail size-thumbnail wp-post-image\" alt=\"\" style=\"\" srcset=\"https:\/\/www.nabu-aachen.de\/wp-content\/uploads\/2018\/05\/gero_sutmann_morgen_im_aachener_wald_24mai2018-150x150.jpg 150w, https:\/\/www.nabu-aachen.de\/wp-content\/uploads\/2018\/05\/gero_sutmann_morgen_im_aachener_wald_24mai2018-160x160.jpg 160w, https:\/\/www.nabu-aachen.de\/wp-content\/uploads\/2018\/05\/gero_sutmann_morgen_im_aachener_wald_24mai2018-320x320.jpg 320w, https:\/\/www.nabu-aachen.de\/wp-content\/uploads\/2018\/05\/gero_sutmann_morgen_im_aachener_wald_24mai2018-150x150@2x.jpg 300w, https:\/\/www.nabu-aachen.de\/wp-content\/uploads\/2018\/05\/gero_sutmann_morgen_im_aachener_wald_24mai2018-320x320@2x.jpg 640w\" sizes=\"auto, (max-width: 150px) 100vw, 150px\" \/><\/div><a class=\"wp-block-latest-posts__post-title\" href=\"https:\/\/www.nabu-aachen.de\/en\/nabu-stellungnahme-zu-mtb-trails\/\">NABU-Stellungnahme zu MTB-Trails<\/a><time datetime=\"2021-07-27T17:24:28+02:00\" class=\"wp-block-latest-posts__post-date\">27. July 2021<\/time><div class=\"wp-block-latest-posts__post-excerpt\">Stand Juli 2021 1. \u00a0Generelle Bedenken: Wie nachfolgend dargestellt, sind die gesetzlich anerkannten Naturschutzverb\u00e4nde und die Naturschutzbeir\u00e4te der Stadt (erstmalig am 18. Mai 2021) und der St\u00e4dteregion (SR) so schnell wie m\u00f6glich vollst\u00e4ndig in&#46;&#46;&#46;<\/div><\/li>\n<li><div class=\"wp-block-latest-posts__featured-image alignleft\"><img loading=\"lazy\" decoding=\"async\" width=\"150\" height=\"150\" src=\"https:\/\/www.nabu-aachen.de\/wp-content\/uploads\/2021\/03\/apfelbluete-150x150.jpg\" class=\"attachment-thumbnail size-thumbnail wp-post-image\" alt=\"\" style=\"\" srcset=\"https:\/\/www.nabu-aachen.de\/wp-content\/uploads\/2021\/03\/apfelbluete-150x150.jpg 150w, https:\/\/www.nabu-aachen.de\/wp-content\/uploads\/2021\/03\/apfelbluete-160x160.jpg 160w, https:\/\/www.nabu-aachen.de\/wp-content\/uploads\/2021\/03\/apfelbluete-320x320.jpg 320w, https:\/\/www.nabu-aachen.de\/wp-content\/uploads\/2021\/03\/apfelbluete-150x150@2x.jpg 300w\" sizes=\"auto, (max-width: 150px) 100vw, 150px\" \/><\/div><a class=\"wp-block-latest-posts__post-title\" href=\"https:\/\/www.nabu-aachen.de\/en\/nabu-tipps-zum-naturgerechten-verhalten-im-wald-und-in-naturschutzgebieten\/\">NABU-Tipps zum naturgerechten Verhalten im Wald und in Naturschutzgebieten<\/a><time datetime=\"2021-03-30T17:11:45+02:00\" class=\"wp-block-latest-posts__post-date\">30. March 2021<\/time><div class=\"wp-block-latest-posts__post-excerpt\">NABU-Pressemeldung Umwelt \/ Naturschutz \/ Artenschutz Naturerleben in Corona-Zeiten NABU-Tipps zum naturgerechten Verhalten im Wald und in Naturschutzgebieten Was ist im Wald und in NSG erlaubt, was verboten? Wie im letzten Jahr zur Osterzeit,&#46;&#46;&#46;<\/div><\/li>\n<li><div class=\"wp-block-latest-posts__featured-image alignleft\"><img loading=\"lazy\" decoding=\"async\" width=\"150\" height=\"150\" src=\"https:\/\/www.nabu-aachen.de\/wp-content\/uploads\/2020\/04\/forst-mit-d\u00fcrresch\u00e4den-150x150.jpg\" class=\"attachment-thumbnail size-thumbnail wp-post-image\" alt=\"\" style=\"\" srcset=\"https:\/\/www.nabu-aachen.de\/wp-content\/uploads\/2020\/04\/forst-mit-d\u00fcrresch\u00e4den-150x150.jpg 150w, https:\/\/www.nabu-aachen.de\/wp-content\/uploads\/2020\/04\/forst-mit-d\u00fcrresch\u00e4den-160x160.jpg 160w, https:\/\/www.nabu-aachen.de\/wp-content\/uploads\/2020\/04\/forst-mit-d\u00fcrresch\u00e4den-320x320.jpg 320w, https:\/\/www.nabu-aachen.de\/wp-content\/uploads\/2020\/04\/forst-mit-d\u00fcrresch\u00e4den-150x150@2x.jpg 300w, https:\/\/www.nabu-aachen.de\/wp-content\/uploads\/2020\/04\/forst-mit-d\u00fcrresch\u00e4den-320x320@2x.jpg 640w\" sizes=\"auto, (max-width: 150px) 100vw, 150px\" \/><\/div><a class=\"wp-block-latest-posts__post-title\" href=\"https:\/\/www.nabu-aachen.de\/en\/nabu-warnt-vor-hohem-waldverlust-durch-duerre-und-trockenheit\/\">NABU warnt vor hohem Waldverlust durch D\u00fcrre und Trockenheit<\/a><time datetime=\"2020-04-24T18:10:54+02:00\" class=\"wp-block-latest-posts__post-date\">24. April 2020<\/time><div class=\"wp-block-latest-posts__post-excerpt\">NABU-PRESSEMITTEILUNG | NR 31\/20 | 24. APRIL 2020 ________________________________________________________________ Umwelt\/Wald (zum Tag des Baumes, 25.4.) NABU warnt vor hohem Waldverlust durch D\u00fcrre und Trockenheit Kr\u00fcger: Wir m\u00fcssen dem Wald die Chance zur Selbsthilfe geben&#46;&#46;&#46;<\/div><\/li>\n<li><div class=\"wp-block-latest-posts__featured-image alignleft\"><img loading=\"lazy\" decoding=\"async\" width=\"150\" height=\"150\" src=\"https:\/\/www.nabu-aachen.de\/wp-content\/uploads\/2020\/03\/buschwindr\u00f6schen-150x150.jpg\" class=\"attachment-thumbnail size-thumbnail wp-post-image\" alt=\"\" style=\"\" srcset=\"https:\/\/www.nabu-aachen.de\/wp-content\/uploads\/2020\/03\/buschwindr\u00f6schen-150x150.jpg 150w, https:\/\/www.nabu-aachen.de\/wp-content\/uploads\/2020\/03\/buschwindr\u00f6schen-160x160.jpg 160w, https:\/\/www.nabu-aachen.de\/wp-content\/uploads\/2020\/03\/buschwindr\u00f6schen-320x320.jpg 320w, https:\/\/www.nabu-aachen.de\/wp-content\/uploads\/2020\/03\/buschwindr\u00f6schen-150x150@2x.jpg 300w, https:\/\/www.nabu-aachen.de\/wp-content\/uploads\/2020\/03\/buschwindr\u00f6schen-320x320@2x.jpg 640w\" sizes=\"auto, (max-width: 150px) 100vw, 150px\" \/><\/div><a class=\"wp-block-latest-posts__post-title\" href=\"https:\/\/www.nabu-aachen.de\/en\/erste-farbtupfer-im-wald\/\">Erste Farbtupfer im Wald<\/a><time datetime=\"2020-03-27T17:56:16+01:00\" class=\"wp-block-latest-posts__post-date\">27. March 2020<\/time><div class=\"wp-block-latest-posts__post-excerpt\">Fr\u00fchbl\u00fcher nutzen die Zeit vor der Belaubung der B\u00e4ume Liegt da etwa noch Schnee? Im Gegenteil: Es sind die ausgedehnten Bl\u00fctenteppiche der Buschwindr\u00f6schen, die uns Winter vorgaukeln. Der Fr\u00fchling kommt mit Macht. Unter den&#46;&#46;&#46;<\/div><\/li>\n<\/ul>","protected":false},"excerpt":{"rendered":"<p>NABU-Positionen zu \u00f6kologisch vertretbaren Standorten f\u00fcr weitere Windkraftanlagen und Mountainbike-Trails im Wald Aus aktuellem Anlass beschlossen die NABU-Mitglieder auf der NABU-Jahreshauptversammlung am 2. M\u00e4rz 2020 Positionspapiere zu zwei Themen, die derzeit naturschutzpolitisch diskutiert werden.&#46;&#46;&#46;<\/p>","protected":false},"author":4,"featured_media":0,"parent":0,"menu_order":0,"comment_status":"closed","ping_status":"closed","template":"","meta":{"_lmt_disableupdate":"","_lmt_disable":"","footnotes":""},"categories":[26],"tags":[],"class_list":["post-2744","page","type-page","status-publish","hentry","category-themen"],"_links":{"self":[{"href":"https:\/\/www.nabu-aachen.de\/en\/wp-json\/wp\/v2\/pages\/2744","targetHints":{"allow":["GET"]}}],"collection":[{"href":"https:\/\/www.nabu-aachen.de\/en\/wp-json\/wp\/v2\/pages"}],"about":[{"href":"https:\/\/www.nabu-aachen.de\/en\/wp-json\/wp\/v2\/types\/page"}],"author":[{"embeddable":true,"href":"https:\/\/www.nabu-aachen.de\/en\/wp-json\/wp\/v2\/users\/4"}],"replies":[{"embeddable":true,"href":"https:\/\/www.nabu-aachen.de\/en\/wp-json\/wp\/v2\/comments?post=2744"}],"version-history":[{"count":16,"href":"https:\/\/www.nabu-aachen.de\/en\/wp-json\/wp\/v2\/pages\/2744\/revisions"}],"predecessor-version":[{"id":5638,"href":"https:\/\/www.nabu-aachen.de\/en\/wp-json\/wp\/v2\/pages\/2744\/revisions\/5638"}],"wp:attachment":[{"href":"https:\/\/www.nabu-aachen.de\/en\/wp-json\/wp\/v2\/media?parent=2744"}],"wp:term":[{"taxonomy":"category","embeddable":true,"href":"https:\/\/www.nabu-aachen.de\/en\/wp-json\/wp\/v2\/categories?post=2744"},{"taxonomy":"post_tag","embeddable":true,"href":"https:\/\/www.nabu-aachen.de\/en\/wp-json\/wp\/v2\/tags?post=2744"}],"curies":[{"name":"wp","href":"https:\/\/api.w.org\/{rel}","templated":true}]}}