{"id":31,"date":"2017-12-16T20:59:59","date_gmt":"2017-12-16T19:59:59","guid":{"rendered":"http:\/\/www.nabu-aachen.de\/?page_id=31"},"modified":"2026-02-08T18:23:47","modified_gmt":"2026-02-08T17:23:47","slug":"anfahrt","status":"publish","type":"page","link":"https:\/\/www.nabu-aachen.de\/en\/anfahrt\/","title":{"rendered":"Directions"},"content":{"rendered":"<p><strong>NABU Stadtverband Aachen e.V.<\/strong><br \/>\nOffice<br \/>\nPia Hellebrandt<br \/>\nPreusweg 128a, 52074 Aachen<br \/>\nPhone: 0241 \/ 870891<br \/>\nFax: 0241 \/ 95784529<\/p>\n<p>E-mail:\u00a0<a class=\"bb-url\" href=\"mailto:info@nabu-aachen.de\">info@nabu-aachen.de<\/a><\/p>\n<p><strong>Anfahrt zur Gesch\u00e4ftsstelle des NABU Aachen e.V., Preusweg 128a, 52074 Aachen<\/strong><\/p>\n<p><strong>1) Aus Richtung Norden und Osten<\/strong><br \/>\nAb Autobahnkreuz Aachen Autobahn A 4 in Richtung Heerlen \/ Niederlande bis zur Ausfahrt Aachen-Laurensberg (letzte Ausfahrt vor der ehem. Grenze). Dort rechts ab auf die \u201eKohlscheider Stra\u00dfe\u201d in Richtung Aachen-Innenstadt \/ Au\u00dfenring. Auf dem Au\u00dfenring bleiben; hei\u00dft ab Abzweigung \u201eToledoring\u201d. Weiter auf Au\u00dfenring Richtung RWTH \/ Klinikum \/ Vaalserquartier. Nach ca. 3 km m\u00fcndet der Ring auf die \u201eVaalser Stra\u00dfe\u201d. An der Kreuzung links auf die Vaalser Stra\u00dfe stadteinw\u00e4rts, nach ca. 500 m rechts ab auf den \u201eAmsterdamer Ring\u201c. Die 3. Stra\u00dfe rechts abbiegen in den \u201ePreusweg\u201c Bis zum Ende durchfahren und auf dem Wanderparkplatz \u201eAdamsh\u00e4uschen\u201c parken. Von dort wieder ca. 200 m zur\u00fccklaufen. Preusweg 128a liegt links in einer kleinen Anwohner-Stichstra\u00dfe.<\/p>\n<p><strong>2) Aus Nordosten \u00fcber die \u201eKrefelder Stra\u00dfe\u201d<\/strong><br \/>\nA 4 bis Abfahrt Aachen-Innenstadt \/ Zentrum. Dort rechts auf die \u201eKrefelder Stra\u00dfe\u201d Richtung Innenstadt. An der Kreuzung \u201eBastei\u201d rechts ab auf die \u201eLudwigsallee\u201d (B 1 a). Diese durchfahren, hei\u00dft dann abschnittsweise \u201ePontwall\u201d und \u201eTurmstra\u00dfe\u201d; an der Kreuzung \u201eSchanz\u201d rechts ab auf die \u201eL\u00fctticher Stra\u00dfe\u201d. Weiter bis Kreuzung \u201eAmsterdamer Ring\u201c, dort rechts und direkt danach links abbiegen in den \u201ePreusweg\u201c. Weiter wie oben beschrieben.<\/p>\n<p><strong>3) Aus Richtung S\u00fcden<\/strong><br \/>\nB 258 (Himmelsleiter \/ Monschauer Stra\u00dfe) in Richtung Aachen-Innenstadt bis Kreuzung \u201eSiegel\u201d (wo im Sommer das legend\u00e4re \u201eEism\u00e4nnchen\u201d mit seinem Verkaufswagen steht). Dort links ab auf den Au\u00dfenring, \u201eSiegelallee\u201d, danach \u201eLuxemburger Ring\u201d. An der Kreuzung mit \u201eL\u00fctticher Stra\u00dfe\u201d (B 264) rechts, nach ca. 400 m wieder links in den \u201eAmsterdamer Ring\u201d (L 212). Direkt danach links abbiegen in den \u201ePreusweg\u201c. Weiter wie oben beschrieben.<\/p>","protected":false},"excerpt":{"rendered":"<p>NABU Stadtverband Aachen e.V. Gesch\u00e4ftsstelle Pia Hellebrandt Preusweg 128a, 52074 Aachen Tel.: 0241 \/ 870891 Fax: 0241 \/ 95784529 E-Mail:\u00a0info@nabu-aachen.de Anfahrt zur Gesch\u00e4ftsstelle des NABU Aachen e.V., Preusweg 128a, 52074 Aachen 1) Aus Richtung&#46;&#46;&#46;<\/p>","protected":false},"author":1,"featured_media":0,"parent":0,"menu_order":0,"comment_status":"closed","ping_status":"closed","template":"","meta":{"_lmt_disableupdate":"","_lmt_disable":"","footnotes":""},"categories":[],"tags":[],"class_list":["post-31","page","type-page","status-publish","hentry"],"_links":{"self":[{"href":"https:\/\/www.nabu-aachen.de\/en\/wp-json\/wp\/v2\/pages\/31","targetHints":{"allow":["GET"]}}],"collection":[{"href":"https:\/\/www.nabu-aachen.de\/en\/wp-json\/wp\/v2\/pages"}],"about":[{"href":"https:\/\/www.nabu-aachen.de\/en\/wp-json\/wp\/v2\/types\/page"}],"author":[{"embeddable":true,"href":"https:\/\/www.nabu-aachen.de\/en\/wp-json\/wp\/v2\/users\/1"}],"replies":[{"embeddable":true,"href":"https:\/\/www.nabu-aachen.de\/en\/wp-json\/wp\/v2\/comments?post=31"}],"version-history":[{"count":5,"href":"https:\/\/www.nabu-aachen.de\/en\/wp-json\/wp\/v2\/pages\/31\/revisions"}],"predecessor-version":[{"id":7562,"href":"https:\/\/www.nabu-aachen.de\/en\/wp-json\/wp\/v2\/pages\/31\/revisions\/7562"}],"wp:attachment":[{"href":"https:\/\/www.nabu-aachen.de\/en\/wp-json\/wp\/v2\/media?parent=31"}],"wp:term":[{"taxonomy":"category","embeddable":true,"href":"https:\/\/www.nabu-aachen.de\/en\/wp-json\/wp\/v2\/categories?post=31"},{"taxonomy":"post_tag","embeddable":true,"href":"https:\/\/www.nabu-aachen.de\/en\/wp-json\/wp\/v2\/tags?post=31"}],"curies":[{"name":"wp","href":"https:\/\/api.w.org\/{rel}","templated":true}]}}