{"id":316,"date":"2017-07-17T12:01:09","date_gmt":"2017-07-17T10:01:09","guid":{"rendered":"http:\/\/www.nabu-aachen.de\/?page_id=316"},"modified":"2020-09-16T15:58:02","modified_gmt":"2020-09-16T13:58:02","slug":"316-2","status":"publish","type":"page","link":"https:\/\/www.nabu-aachen.de\/en\/316-2\/","title":{"rendered":"Obstwiesen"},"content":{"rendered":"<p>Die Gemeinden im Aachener Raum waren einst wichtige Zentren der Streuobstwiesenkultur: Tausende von hochst\u00e4mmigen Obstb\u00e4umen umgaben die Stadt und die umliegenden Ortschaften. Von hier aus wurden die M\u00e4rkte in und um Aachen bedient.<\/p>\n<div class=\"image-page\">\n<div style=\"width: 410px\" class=\"wp-caption aligncenter\"><img loading=\"lazy\" decoding=\"async\" src=\"https:\/\/nabu-aachen.de\/files\/images\/AmTuermchen.jpg\" alt=\"\" width=\"400\" height=\"300\" \/><p class=\"wp-caption-text\">Foto: Dr. Manfred Aletsee<\/p><\/div>\n<\/div>\n<p>Obstwiesen aus hochst\u00e4mmigen Obstb\u00e4umen sind wichtige historisch gewachsene Elemente unserer Kulturlandschaft. Sie sind sowohl f\u00fcr das Landschaftsbild als auch f\u00fcr den Biotop- und Artenschutz und den Erhalt alter, lokaler Obstsorten von herausragender Bedeutung. Durch \u00dcberalterung und ausbleibende Pflege sind sie zurzeit in der Stadt Aachen akut bedroht.<\/p>\n<p><strong>Was der NABU Aachen tut:<\/strong><\/p>\n<p>Der NABU Aachen-Stadt kauft Fl\u00e4chen mit alten Streuobstwiesen oder pflanzt neue Obstb\u00e4ume an, um einen nachhaltigen Schutz dieses wichtigen Lebensraums zu gew\u00e4hrleisten. Die Fl\u00e4chen werden zum gr\u00f6\u00dften Teil von der NABU-Naturschutzstation, aber auch in Zusammenarbeit mit Ehrenamtlichen gepflegt. Zu der Pflege geh\u00f6rt das Schneiden der B\u00e4ume ebenso wie das Ernten der Fr\u00fcchte. Jeden Herbst werden aus den \u00c4pfeln mit einer eigenen Presse hunderte Liter Apfelsaft gepresst und verkauft. Ein Obstwiesenkataster soll au\u00dferdem Daten \u00fcber den aktuellen Bestand liefern und Grundlage f\u00fcr ein zuk\u00fcnftiges Schutzkonzept sein.<\/p>\n<div class=\"image-page\">\n<div style=\"width: 410px\" class=\"wp-caption aligncenter\"><img loading=\"lazy\" decoding=\"async\" src=\"https:\/\/nabu-aachen.de\/files\/images\/Obstwiese.jpg\" alt=\"\" width=\"400\" height=\"300\" \/><p class=\"wp-caption-text\">Im Rheinland werden Streuobstwiesen traditionell mit Rindern beweidet. Foto: Dr. Manfred Aletsee<\/p><\/div>\n<\/div>\n<div>\u00a0<\/div>\n<div>Ein Projekt im Rahmen der Kooperation zwischen Umweltamt der Stadt Aachen und dem NABU-Stadtverband Aachen e.V.<\/div>\n<div>\u00a0<\/div>\n<p>\u00a0<\/p>\n<div><strong>Sortenliste NABU Aachen (Stand Sept. 2015)<\/strong>\u00a0(PDF-Dokument):\u00a0<a href=\"https:\/\/www.nabu-aachen.de\/wp-content\/uploads\/2018\/01\/sortenliste_nabuac_20150921.pdf\" target=\"_blank\" rel=\"noopener noreferrer\">Sortenliste NABU Aachen<\/a><\/div>\n<div><strong>Empfehlungen zur Obstsortenwahl in der Region Aachen <\/strong>(PDF-Dokument): <a href=\"https:\/\/www.nabu-aachen.de\/wp-content\/uploads\/2018\/01\/empfehlung_obstsorten_nabuacstadt.pdf\" target=\"_blank\" rel=\"noopener noreferrer\">Obstsorten Empfehlungen des NABU Aachen<\/a><\/div>\n<div>\u00a0<\/div>\n<div>\u00a0<\/div>\n\n<ul class=\"wp-block-latest-posts__list is-grid columns-2 has-dates wp-block-latest-posts\"><li><div class=\"wp-block-latest-posts__featured-image alignleft\"><img loading=\"lazy\" decoding=\"async\" width=\"150\" height=\"150\" src=\"https:\/\/www.nabu-aachen.de\/wp-content\/uploads\/2025\/12\/Pflanzung2_Obstwiese-Oberforstbach_20251209_ManfredAletseen_Teaser-150x150.jpg\" class=\"attachment-thumbnail size-thumbnail wp-post-image\" alt=\"\" style=\"\" srcset=\"https:\/\/www.nabu-aachen.de\/wp-content\/uploads\/2025\/12\/Pflanzung2_Obstwiese-Oberforstbach_20251209_ManfredAletseen_Teaser-150x150.jpg 150w, https:\/\/www.nabu-aachen.de\/wp-content\/uploads\/2025\/12\/Pflanzung2_Obstwiese-Oberforstbach_20251209_ManfredAletseen_Teaser-160x160.jpg 160w, https:\/\/www.nabu-aachen.de\/wp-content\/uploads\/2025\/12\/Pflanzung2_Obstwiese-Oberforstbach_20251209_ManfredAletseen_Teaser-320x320.jpg 320w, https:\/\/www.nabu-aachen.de\/wp-content\/uploads\/2025\/12\/Pflanzung2_Obstwiese-Oberforstbach_20251209_ManfredAletseen_Teaser-150x150@2x.jpg 300w\" sizes=\"auto, (max-width: 150px) 100vw, 150px\" \/><\/div><a class=\"wp-block-latest-posts__post-title\" href=\"https:\/\/www.nabu-aachen.de\/en\/obstbaumpflanzung-der-nabu-naturschutzstation-aachen-2025\/\">Obstbaumpflanzung der NABU-Naturschutzstation Aachen 2025<\/a><time datetime=\"2025-12-12T17:36:09+01:00\" class=\"wp-block-latest-posts__post-date\">12. December 2025<\/time><div class=\"wp-block-latest-posts__post-excerpt\">Obstbaumpflanzung der NABU-Naturschutzstation Aachen 2025\u00a0 150 hochst\u00e4mmige Obstb\u00e4ume gepflanzt! Es ist schon Tradition. Dezember ist f\u00fcr die NABU-Naturschutzstation Pflanzzeit. Dieses Jahr wurden wieder 150 hochst\u00e4mmige Obstb\u00e4ume rund um Aachen gepflanzt. Zum Abschluss des Projektes&#46;&#46;&#46;<\/div><\/li>\n<li><div class=\"wp-block-latest-posts__featured-image alignleft\"><img loading=\"lazy\" decoding=\"async\" width=\"150\" height=\"150\" src=\"https:\/\/www.nabu-aachen.de\/wp-content\/uploads\/2025\/11\/Apfelsaft_Teaser-150x150.jpg\" class=\"attachment-thumbnail size-thumbnail wp-post-image\" alt=\"\" style=\"\" srcset=\"https:\/\/www.nabu-aachen.de\/wp-content\/uploads\/2025\/11\/Apfelsaft_Teaser-150x150.jpg 150w, https:\/\/www.nabu-aachen.de\/wp-content\/uploads\/2025\/11\/Apfelsaft_Teaser-160x160.jpg 160w, https:\/\/www.nabu-aachen.de\/wp-content\/uploads\/2025\/11\/Apfelsaft_Teaser-320x320.jpg 320w, https:\/\/www.nabu-aachen.de\/wp-content\/uploads\/2025\/11\/Apfelsaft_Teaser-150x150@2x.jpg 300w\" sizes=\"auto, (max-width: 150px) 100vw, 150px\" \/><\/div><a class=\"wp-block-latest-posts__post-title\" href=\"https:\/\/www.nabu-aachen.de\/en\/apfelsaft-von-unseren-streuobstwiesen\/\">Apfelsaft von unseren Streuobstwiesen<\/a><time datetime=\"2025-11-22T12:18:35+01:00\" class=\"wp-block-latest-posts__post-date\">22. November 2025<\/time><div class=\"wp-block-latest-posts__post-excerpt\">Apfelsaft von unseren Streuobstwiesen Info zum Apfelsaft Der naturtr\u00fcbe Apfelsaft des NABU Stadtverbandes Aachen wird aus den \u00c4pfeln unserer Streuobstwiesen in Aachen hergestellt. Die gesammelten Fr\u00fcchte werden in Zusammenarbeit mit einer mobilen Saftpresse verarbeitet,&#46;&#46;&#46;<\/div><\/li>\n<li><div class=\"wp-block-latest-posts__featured-image alignleft\"><img loading=\"lazy\" decoding=\"async\" width=\"150\" height=\"150\" src=\"https:\/\/www.nabu-aachen.de\/wp-content\/uploads\/2025\/09\/PR_Herbst6-1536x1024-1-150x150.jpg\" class=\"attachment-thumbnail size-thumbnail wp-post-image\" alt=\"\" style=\"\" srcset=\"https:\/\/www.nabu-aachen.de\/wp-content\/uploads\/2025\/09\/PR_Herbst6-1536x1024-1-150x150.jpg 150w, https:\/\/www.nabu-aachen.de\/wp-content\/uploads\/2025\/09\/PR_Herbst6-1536x1024-1-160x160.jpg 160w, https:\/\/www.nabu-aachen.de\/wp-content\/uploads\/2025\/09\/PR_Herbst6-1536x1024-1-320x320.jpg 320w, https:\/\/www.nabu-aachen.de\/wp-content\/uploads\/2025\/09\/PR_Herbst6-1536x1024-1-150x150@2x.jpg 300w\" sizes=\"auto, (max-width: 150px) 100vw, 150px\" \/><\/div><a class=\"wp-block-latest-posts__post-title\" href=\"https:\/\/www.nabu-aachen.de\/en\/herbstfest-im-nabu-quartiersgarten-gut-kullen-begeistert-familien-und-nachbarschaft\/\">Herbstfest im NABU-Quartiersgarten Gut Kullen begeistert Familien und Nachbarschaft<\/a><time datetime=\"2025-09-13T15:53:28+02:00\" class=\"wp-block-latest-posts__post-date\">13. September 2025<\/time><div class=\"wp-block-latest-posts__post-excerpt\">Herbstfest im NABU-Quartiersgarten Gut Kullen begeistert Familien und Nachbarschaft Der NABU-Quartiersgarten Gut Kullen war am 11. September 2025 erneut ein lebendiger Treffpunkt f\u00fcr Gro\u00df und Klein. Viele Kinder mit ihren Familien nutzten die Gelegenheit,&#46;&#46;&#46;<\/div><\/li>\n<li><div class=\"wp-block-latest-posts__featured-image alignleft\"><img loading=\"lazy\" decoding=\"async\" width=\"150\" height=\"150\" src=\"https:\/\/www.nabu-aachen.de\/wp-content\/uploads\/2025\/08\/IMGP2014_DxO-Kopie-150x150.jpg\" class=\"attachment-thumbnail size-thumbnail wp-post-image\" alt=\"\" style=\"\" srcset=\"https:\/\/www.nabu-aachen.de\/wp-content\/uploads\/2025\/08\/IMGP2014_DxO-Kopie-150x150.jpg 150w, https:\/\/www.nabu-aachen.de\/wp-content\/uploads\/2025\/08\/IMGP2014_DxO-Kopie-160x160.jpg 160w, https:\/\/www.nabu-aachen.de\/wp-content\/uploads\/2025\/08\/IMGP2014_DxO-Kopie-320x320.jpg 320w, https:\/\/www.nabu-aachen.de\/wp-content\/uploads\/2025\/08\/IMGP2014_DxO-Kopie-150x150@2x.jpg 300w\" sizes=\"auto, (max-width: 150px) 100vw, 150px\" \/><\/div><a class=\"wp-block-latest-posts__post-title\" href=\"https:\/\/www.nabu-aachen.de\/en\/das-13-aachener-obstwiesenfest-findet-in-brand-statt\/\">Das 13. Aachener Obstwiesenfest findet in Brand statt<\/a><time datetime=\"2025-08-18T17:36:58+02:00\" class=\"wp-block-latest-posts__post-date\">18. August 2025<\/time><div class=\"wp-block-latest-posts__post-excerpt\">Das 13. Aachener Obstwiesenfest findet in Brand statt Am Sonntag, 28. September 2025 ist es wieder so weit: Das Aachener Obstwiesenfest findet zum inzwischen 13. Mal statt, in diesem Jahr auf dem Marktplatz in&#46;&#46;&#46;<\/div><\/li>\n<li><div class=\"wp-block-latest-posts__featured-image alignleft\"><img loading=\"lazy\" decoding=\"async\" width=\"150\" height=\"150\" src=\"https:\/\/www.nabu-aachen.de\/wp-content\/uploads\/2021\/12\/obstbaumpflanzungorsbach_20211211_103652_manfred-aletsee-150x150.jpg\" class=\"attachment-thumbnail size-thumbnail wp-post-image\" alt=\"\" style=\"\" srcset=\"https:\/\/www.nabu-aachen.de\/wp-content\/uploads\/2021\/12\/obstbaumpflanzungorsbach_20211211_103652_manfred-aletsee-150x150.jpg 150w, https:\/\/www.nabu-aachen.de\/wp-content\/uploads\/2021\/12\/obstbaumpflanzungorsbach_20211211_103652_manfred-aletsee-160x160.jpg 160w, https:\/\/www.nabu-aachen.de\/wp-content\/uploads\/2021\/12\/obstbaumpflanzungorsbach_20211211_103652_manfred-aletsee-320x320.jpg 320w, https:\/\/www.nabu-aachen.de\/wp-content\/uploads\/2021\/12\/obstbaumpflanzungorsbach_20211211_103652_manfred-aletsee-150x150@2x.jpg 300w\" sizes=\"auto, (max-width: 150px) 100vw, 150px\" \/><\/div><a class=\"wp-block-latest-posts__post-title\" href=\"https:\/\/www.nabu-aachen.de\/en\/obstbaumpflanzung-des-nabu-aachen-2022\/\">Obstbaumpflanzung des NABU Aachen 2022<\/a><time datetime=\"2022-12-22T10:55:23+01:00\" class=\"wp-block-latest-posts__post-date\">22. December 2022<\/time><div class=\"wp-block-latest-posts__post-excerpt\">NABU-Pressemeldung, 22. Dezember 2022 Streuobstwiesen Obstbaumpflanzung des NABU Aachen 2022 Zur Winterwende wird wieder gepflanzt! Aachen \u2013 Es gab eine Zeit, in der man rings um Aachen sehr viele Streuobstwiesen finden konnte. Sie dienten&#46;&#46;&#46;<\/div><\/li>\n<li><div class=\"wp-block-latest-posts__featured-image alignleft\"><img loading=\"lazy\" decoding=\"async\" width=\"150\" height=\"150\" src=\"https:\/\/www.nabu-aachen.de\/wp-content\/uploads\/2021\/12\/obstbaumpflanzungorsbach_20211211_103652_manfred-aletsee-150x150.jpg\" class=\"attachment-thumbnail size-thumbnail wp-post-image\" alt=\"\" style=\"\" srcset=\"https:\/\/www.nabu-aachen.de\/wp-content\/uploads\/2021\/12\/obstbaumpflanzungorsbach_20211211_103652_manfred-aletsee-150x150.jpg 150w, https:\/\/www.nabu-aachen.de\/wp-content\/uploads\/2021\/12\/obstbaumpflanzungorsbach_20211211_103652_manfred-aletsee-160x160.jpg 160w, https:\/\/www.nabu-aachen.de\/wp-content\/uploads\/2021\/12\/obstbaumpflanzungorsbach_20211211_103652_manfred-aletsee-320x320.jpg 320w, https:\/\/www.nabu-aachen.de\/wp-content\/uploads\/2021\/12\/obstbaumpflanzungorsbach_20211211_103652_manfred-aletsee-150x150@2x.jpg 300w\" sizes=\"auto, (max-width: 150px) 100vw, 150px\" \/><\/div><a class=\"wp-block-latest-posts__post-title\" href=\"https:\/\/www.nabu-aachen.de\/en\/schutz-von-streuobstwiesen\/\">Schutz von Streuobstwiesen<\/a><time datetime=\"2021-12-17T18:37:06+01:00\" class=\"wp-block-latest-posts__post-date\">17. December 2021<\/time><div class=\"wp-block-latest-posts__post-excerpt\">Schutz von Streuobstwiesen Neuer Rekord: NABU-Naturschutzstation Aachen pflanzt \u00fcber 200 Obstb\u00e4ume Die verst\u00e4rkten Bem\u00fchungen f\u00fcr die Aachener Obstwiesen machen sich bezahlt: nachdem die NABU-Naturschutzstation Aachen bereits in den letzten Jahren jeweils mehr als 100&#46;&#46;&#46;<\/div><\/li>\n<\/ul>","protected":false},"excerpt":{"rendered":"<p>Die Gemeinden im Aachener Raum waren einst wichtige Zentren der Streuobstwiesenkultur: Tausende von hochst\u00e4mmigen Obstb\u00e4umen umgaben die Stadt und die umliegenden Ortschaften. Von hier aus wurden die M\u00e4rkte in und um Aachen bedient. Obstwiesen&#46;&#46;&#46;<\/p>","protected":false},"author":2,"featured_media":800,"parent":0,"menu_order":0,"comment_status":"closed","ping_status":"closed","template":"","meta":{"_lmt_disableupdate":"","_lmt_disable":"","footnotes":""},"categories":[26],"tags":[],"class_list":["post-316","page","type-page","status-publish","has-post-thumbnail","hentry","category-themen"],"_links":{"self":[{"href":"https:\/\/www.nabu-aachen.de\/en\/wp-json\/wp\/v2\/pages\/316","targetHints":{"allow":["GET"]}}],"collection":[{"href":"https:\/\/www.nabu-aachen.de\/en\/wp-json\/wp\/v2\/pages"}],"about":[{"href":"https:\/\/www.nabu-aachen.de\/en\/wp-json\/wp\/v2\/types\/page"}],"author":[{"embeddable":true,"href":"https:\/\/www.nabu-aachen.de\/en\/wp-json\/wp\/v2\/users\/2"}],"replies":[{"embeddable":true,"href":"https:\/\/www.nabu-aachen.de\/en\/wp-json\/wp\/v2\/comments?post=316"}],"version-history":[{"count":17,"href":"https:\/\/www.nabu-aachen.de\/en\/wp-json\/wp\/v2\/pages\/316\/revisions"}],"predecessor-version":[{"id":3068,"href":"https:\/\/www.nabu-aachen.de\/en\/wp-json\/wp\/v2\/pages\/316\/revisions\/3068"}],"wp:featuredmedia":[{"embeddable":true,"href":"https:\/\/www.nabu-aachen.de\/en\/wp-json\/wp\/v2\/media\/800"}],"wp:attachment":[{"href":"https:\/\/www.nabu-aachen.de\/en\/wp-json\/wp\/v2\/media?parent=316"}],"wp:term":[{"taxonomy":"category","embeddable":true,"href":"https:\/\/www.nabu-aachen.de\/en\/wp-json\/wp\/v2\/categories?post=316"},{"taxonomy":"post_tag","embeddable":true,"href":"https:\/\/www.nabu-aachen.de\/en\/wp-json\/wp\/v2\/tags?post=316"}],"curies":[{"name":"wp","href":"https:\/\/api.w.org\/{rel}","templated":true}]}}