{"id":319,"date":"2018-01-17T12:13:20","date_gmt":"2018-01-17T11:13:20","guid":{"rendered":"http:\/\/www.nabu-aachen.de\/?page_id=319"},"modified":"2024-04-09T20:14:13","modified_gmt":"2024-04-09T18:14:13","slug":"sommerferiencamps","status":"publish","type":"page","link":"https:\/\/www.nabu-aachen.de\/en\/sommerferiencamps\/","title":{"rendered":"Feriencamps und Ferienspiele"},"content":{"rendered":"<p>F\u00fcnf Tage voller Spiel und Spa\u00df in der Natur: Die NABU-Sommerferiencamps erfreuen sich einer immer gr\u00f6\u00dferen Beliebtheit. Die Umweltbildungsreferentinnen vom NABU Aachen lassen sich f\u00fcr die etwa 30 Teilnehmer zwischen\u00a0sieben und zw\u00f6lf Jahren jedes Jahr ein buntes Programm einfallen. Bei Exkursionen an den Bach oder Spazierg\u00e4ngen in den Wald kommt nat\u00fcrlich auch die Naturerfahrung nicht zu kurz.<\/p>\n<div id=\"attachment_324\" style=\"width: 310px\" class=\"wp-caption aligncenter\"><img loading=\"lazy\" decoding=\"async\" aria-describedby=\"caption-attachment-324\" class=\"wp-image-324 size-medium\" src=\"https:\/\/www.nabu-aachen.de\/wp-content\/uploads\/2013\/11\/sommercamp2013_00-lager-300x225.jpg\" alt=\"\" width=\"300\" height=\"225\" srcset=\"https:\/\/www.nabu-aachen.de\/wp-content\/uploads\/2013\/11\/sommercamp2013_00-lager-300x225.jpg 300w, https:\/\/www.nabu-aachen.de\/wp-content\/uploads\/2013\/11\/sommercamp2013_00-lager.jpg 420w\" sizes=\"auto, (max-width: 300px) 100vw, 300px\" \/><p id=\"caption-attachment-324\" class=\"wp-caption-text\">2013 wurde das Lager auf dem Naturcampingplatz in Hergenrath eingerichtet. Foto: NABU\/M. Neli\u00dfen<\/p><\/div>\n<p><strong>Contact:<\/strong> Umweltbildungsreferentin Britta Mahn, <a href=\"mailto:umweltbildung@nabu-aachen.de\">umweltbildung@nabu-aachen.de<\/a><\/p>\n\n<ul class=\"wp-block-latest-posts__list is-grid columns-2 has-dates wp-block-latest-posts\"><li><div class=\"wp-block-latest-posts__featured-image alignleft\"><img loading=\"lazy\" decoding=\"async\" width=\"150\" height=\"150\" src=\"https:\/\/www.nabu-aachen.de\/wp-content\/uploads\/2026\/02\/IMG_20250920_125038-150x150.jpg\" class=\"attachment-thumbnail size-thumbnail wp-post-image\" alt=\"Wildnis-K\u00fcche Waldjugendheim Urft\" style=\"\" srcset=\"https:\/\/www.nabu-aachen.de\/wp-content\/uploads\/2026\/02\/IMG_20250920_125038-150x150.jpg 150w, https:\/\/www.nabu-aachen.de\/wp-content\/uploads\/2026\/02\/IMG_20250920_125038-160x160.jpg 160w, https:\/\/www.nabu-aachen.de\/wp-content\/uploads\/2026\/02\/IMG_20250920_125038-320x320.jpg 320w, https:\/\/www.nabu-aachen.de\/wp-content\/uploads\/2026\/02\/IMG_20250920_125038-150x150@2x.jpg 300w\" sizes=\"auto, (max-width: 150px) 100vw, 150px\" \/><\/div><a class=\"wp-block-latest-posts__post-title\" href=\"https:\/\/www.nabu-aachen.de\/en\/naturerlebniscamp-in-den-sommerferien-2026-2\/\">Naturerlebniscamp in den Sommerferien 2026<\/a><time datetime=\"2026-03-18T11:00:21+01:00\" class=\"wp-block-latest-posts__post-date\">18. March 2026<\/time><div class=\"wp-block-latest-posts__post-excerpt\">In diesen Sommerferien vom 10.08.2026 \u2013 14.08.2026 veranstaltet der NABU Aachen wieder eine Ferienfreizeit f\u00fcr Kinder von 7-12 Jahren! Diesmal machen wir uns auf den Weg in die Eifel zum Jugendwaldheim Urft. Wir werden&#46;&#46;&#46;<\/div><\/li>\n<li><div class=\"wp-block-latest-posts__featured-image alignleft\"><img loading=\"lazy\" decoding=\"async\" width=\"150\" height=\"150\" src=\"https:\/\/www.nabu-aachen.de\/wp-content\/uploads\/2023\/06\/230531_naturgruppe_bm-150x150.jpg\" class=\"attachment-thumbnail size-thumbnail wp-post-image\" alt=\"\" style=\"\" srcset=\"https:\/\/www.nabu-aachen.de\/wp-content\/uploads\/2023\/06\/230531_naturgruppe_bm-150x150.jpg 150w, https:\/\/www.nabu-aachen.de\/wp-content\/uploads\/2023\/06\/230531_naturgruppe_bm-160x160.jpg 160w, https:\/\/www.nabu-aachen.de\/wp-content\/uploads\/2023\/06\/230531_naturgruppe_bm-320x320.jpg 320w, https:\/\/www.nabu-aachen.de\/wp-content\/uploads\/2023\/06\/230531_naturgruppe_bm-150x150@2x.jpg 300w\" sizes=\"auto, (max-width: 150px) 100vw, 150px\" \/><\/div><a class=\"wp-block-latest-posts__post-title\" href=\"https:\/\/www.nabu-aachen.de\/en\/rueckblick-auf-das-nabu-feriencamp-2023\/\">R\u00fcckblick auf das NABU Feriencamp 2023<\/a><time datetime=\"2023-08-14T15:48:33+02:00\" class=\"wp-block-latest-posts__post-date\">14. August 2023<\/time><div class=\"wp-block-latest-posts__post-excerpt\">Auch in diesen Sommerferien fand wieder ein f\u00fcnft\u00e4giges NABU-Zeltlager statt und wurde mit Begeisterung angenommen. Die 22 Kinder zwischen 7 und 13 Jahren und 7 Betreuer campten in mitgebrachten Zelten auf dem Jugendzeltplatz Tiefenbachtal&#46;&#46;&#46;<\/div><\/li>\n<li><div class=\"wp-block-latest-posts__featured-image alignleft\"><img loading=\"lazy\" decoding=\"async\" width=\"150\" height=\"150\" src=\"https:\/\/www.nabu-aachen.de\/wp-content\/uploads\/2022\/09\/IMG_2829-150x150.jpg\" class=\"attachment-thumbnail size-thumbnail wp-post-image\" alt=\"\" style=\"\" srcset=\"https:\/\/www.nabu-aachen.de\/wp-content\/uploads\/2022\/09\/IMG_2829-150x150.jpg 150w, https:\/\/www.nabu-aachen.de\/wp-content\/uploads\/2022\/09\/IMG_2829-160x160.jpg 160w, https:\/\/www.nabu-aachen.de\/wp-content\/uploads\/2022\/09\/IMG_2829-320x320.jpg 320w, https:\/\/www.nabu-aachen.de\/wp-content\/uploads\/2022\/09\/IMG_2829-150x150@2x.jpg 300w\" sizes=\"auto, (max-width: 150px) 100vw, 150px\" \/><\/div><a class=\"wp-block-latest-posts__post-title\" href=\"https:\/\/www.nabu-aachen.de\/en\/das-war-das-nabu-feriencamp-2022\/\">Das war das NABU Feriencamp 2022!<\/a><time datetime=\"2022-09-28T18:53:59+02:00\" class=\"wp-block-latest-posts__post-date\">28. September 2022<\/time><div class=\"wp-block-latest-posts__post-excerpt\">Nach zwei Jahren Corona-Zwangspause fand in diesen Sommerferien endlich wieder ein f\u00fcnft\u00e4giges NABU-Zeltlager statt und wurde mit Begeisterung angenommen. Die 25 Kinder zwischen 7 und 13 Jahren und 5 Betreuer campten in mitgebrachten Zelten&#46;&#46;&#46;<\/div><\/li>\n<li><div class=\"wp-block-latest-posts__featured-image alignleft\"><img loading=\"lazy\" decoding=\"async\" width=\"150\" height=\"150\" src=\"https:\/\/www.nabu-aachen.de\/wp-content\/uploads\/2021\/07\/Die-Bootbauer-150x150.jpg\" class=\"attachment-thumbnail size-thumbnail wp-post-image\" alt=\"\" style=\"\" srcset=\"https:\/\/www.nabu-aachen.de\/wp-content\/uploads\/2021\/07\/Die-Bootbauer-150x150.jpg 150w, https:\/\/www.nabu-aachen.de\/wp-content\/uploads\/2021\/07\/Die-Bootbauer-160x160.jpg 160w, https:\/\/www.nabu-aachen.de\/wp-content\/uploads\/2021\/07\/Die-Bootbauer-320x320.jpg 320w, https:\/\/www.nabu-aachen.de\/wp-content\/uploads\/2021\/07\/Die-Bootbauer-150x150@2x.jpg 300w\" sizes=\"auto, (max-width: 150px) 100vw, 150px\" \/><\/div><a class=\"wp-block-latest-posts__post-title\" href=\"https:\/\/www.nabu-aachen.de\/en\/ferienangebote-des-nabu-aachen-2021\/\">Ferienangebote des NABU Aachen 2021<\/a><time datetime=\"2021-07-28T08:48:35+02:00\" class=\"wp-block-latest-posts__post-date\">28. July 2021<\/time><div class=\"wp-block-latest-posts__post-excerpt\">Auch im Sommer 2021 gab es wieder kein NABU-Feriencamp mit Zelten, Lagerfeuer und Stockbrot. Die Corona-Pandemie hat uns nach wie vor im Griff. Jedoch sind endlich wieder Pr\u00e4senzveranstaltungen m\u00f6glich und die Nachfrage nach gemeinsamen&#46;&#46;&#46;<\/div><\/li>\n<li><a class=\"wp-block-latest-posts__post-title\" href=\"https:\/\/www.nabu-aachen.de\/en\/nabu-sommerferienspiele-august-2020\/\">NABU-Sommerferienspiele August 2020<\/a><time datetime=\"2020-08-13T12:11:00+02:00\" class=\"wp-block-latest-posts__post-date\">13. August 2020<\/time><div class=\"wp-block-latest-posts__post-excerpt\">NABU-Forscher auf Expedition rund um Aachen Eigentlich war in diesem Sommer etwas Besonderes geplant gewesen: Das 10. NABU-Ferienzeltlager \u2013 aber dann kam Corona. Immerhin, eine Ferienfreizeit in kleinerem Rahmen konnten wir letztendlich doch durchf\u00fchren.&#46;&#46;&#46;<\/div><\/li>\n<li><div class=\"wp-block-latest-posts__featured-image alignleft\"><img loading=\"lazy\" decoding=\"async\" width=\"150\" height=\"150\" src=\"https:\/\/www.nabu-aachen.de\/wp-content\/uploads\/2019\/09\/img_20190819_165647_k-150x150.jpg\" class=\"attachment-thumbnail size-thumbnail wp-post-image\" alt=\"\" style=\"\" srcset=\"https:\/\/www.nabu-aachen.de\/wp-content\/uploads\/2019\/09\/img_20190819_165647_k-150x150.jpg 150w, https:\/\/www.nabu-aachen.de\/wp-content\/uploads\/2019\/09\/img_20190819_165647_k-160x160.jpg 160w, https:\/\/www.nabu-aachen.de\/wp-content\/uploads\/2019\/09\/img_20190819_165647_k-320x320.jpg 320w, https:\/\/www.nabu-aachen.de\/wp-content\/uploads\/2019\/09\/img_20190819_165647_k-150x150@2x.jpg 300w, https:\/\/www.nabu-aachen.de\/wp-content\/uploads\/2019\/09\/img_20190819_165647_k-320x320@2x.jpg 640w\" sizes=\"auto, (max-width: 150px) 100vw, 150px\" \/><\/div><a class=\"wp-block-latest-posts__post-title\" href=\"https:\/\/www.nabu-aachen.de\/en\/abenteuer-im-auenland\/\">Abenteuer im Auenland<\/a><time datetime=\"2019-09-02T11:04:33+02:00\" class=\"wp-block-latest-posts__post-date\">2. September 2019<\/time><div class=\"wp-block-latest-posts__post-excerpt\">Ein Bericht vom NABU-Sommerlager 2019 Zum neunten Mal bot der NABU-Stadtverband Aachen f\u00fcr Kinder zwischen 7 und 12 Jahren eine Zeltwoche in der letzten Sommerferienwoche an. Vierunddrei\u00dfig Kindern schlugen im Familien- und Jugendbildungshof \u201eAuenland\u201c&#46;&#46;&#46;<\/div><\/li>\n<\/ul>","protected":false},"excerpt":{"rendered":"<p>F\u00fcnf Tage voller Spiel und Spa\u00df in der Natur: Die NABU-Sommerferiencamps erfreuen sich einer immer gr\u00f6\u00dferen Beliebtheit. Die Umweltbildungsreferentinnen vom NABU Aachen lassen sich f\u00fcr die etwa 30 Teilnehmer zwischen\u00a0sieben und zw\u00f6lf Jahren jedes&#46;&#46;&#46;<\/p>","protected":false},"author":2,"featured_media":324,"parent":0,"menu_order":0,"comment_status":"closed","ping_status":"closed","template":"","meta":{"_lmt_disableupdate":"","_lmt_disable":"","footnotes":""},"categories":[8],"tags":[],"class_list":["post-319","page","type-page","status-publish","has-post-thumbnail","hentry","category-umweltbildung"],"_links":{"self":[{"href":"https:\/\/www.nabu-aachen.de\/en\/wp-json\/wp\/v2\/pages\/319","targetHints":{"allow":["GET"]}}],"collection":[{"href":"https:\/\/www.nabu-aachen.de\/en\/wp-json\/wp\/v2\/pages"}],"about":[{"href":"https:\/\/www.nabu-aachen.de\/en\/wp-json\/wp\/v2\/types\/page"}],"author":[{"embeddable":true,"href":"https:\/\/www.nabu-aachen.de\/en\/wp-json\/wp\/v2\/users\/2"}],"replies":[{"embeddable":true,"href":"https:\/\/www.nabu-aachen.de\/en\/wp-json\/wp\/v2\/comments?post=319"}],"version-history":[{"count":11,"href":"https:\/\/www.nabu-aachen.de\/en\/wp-json\/wp\/v2\/pages\/319\/revisions"}],"predecessor-version":[{"id":6251,"href":"https:\/\/www.nabu-aachen.de\/en\/wp-json\/wp\/v2\/pages\/319\/revisions\/6251"}],"wp:featuredmedia":[{"embeddable":true,"href":"https:\/\/www.nabu-aachen.de\/en\/wp-json\/wp\/v2\/media\/324"}],"wp:attachment":[{"href":"https:\/\/www.nabu-aachen.de\/en\/wp-json\/wp\/v2\/media?parent=319"}],"wp:term":[{"taxonomy":"category","embeddable":true,"href":"https:\/\/www.nabu-aachen.de\/en\/wp-json\/wp\/v2\/categories?post=319"},{"taxonomy":"post_tag","embeddable":true,"href":"https:\/\/www.nabu-aachen.de\/en\/wp-json\/wp\/v2\/tags?post=319"}],"curies":[{"name":"wp","href":"https:\/\/api.w.org\/{rel}","templated":true}]}}