{"id":33,"date":"2017-12-16T21:00:21","date_gmt":"2017-12-16T20:00:21","guid":{"rendered":"http:\/\/www.nabu-aachen.de\/?page_id=33"},"modified":"2023-06-13T17:07:21","modified_gmt":"2023-06-13T15:07:21","slug":"foerderer","status":"publish","type":"page","link":"https:\/\/www.nabu-aachen.de\/en\/foerderer\/","title":{"rendered":"Sponsors and Links"},"content":{"rendered":"<p><strong>Wir danken unseren F\u00f6rderern, die die vielf\u00e4ltige Arbeit des NABU Aachen und der NABU-Naturschutzstation Aachen unterst\u00fctzen:<\/strong><\/p>\n<div><a href=\"http:\/\/www.aachen.de\/DE\/stadt_buerger\/umwelt\/index.html\" target=\"_blank\" rel=\"noopener\"><img loading=\"lazy\" decoding=\"async\" class=\"alignnone\" src=\"https:\/\/www.nabu-aachen.de\/files\/images\/foerderer\/Aachen_schwarz.jpg\" alt=\"\" width=\"83\" height=\"50\" \/><\/a><br \/>\nf\u00f6rdert &#8222;HABITAT Euregio&#8220;, &#8222;GrenzRouten&#8220;, &#8222;Landschaftspflegehof&#8220;, &#8222;Steinkauz&#8220;, &#8222;Quartiersgarten Gut Kullen&#8220;<\/div>\n<div><a href=\"http:\/\/ec.europa.eu\/regional_policy\/de\/funding\/erdf\/\" target=\"_blank\" rel=\"noopener\"><img loading=\"lazy\" decoding=\"async\" class=\"alignnone\" src=\"https:\/\/www.nabu-aachen.de\/files\/images\/foerderer\/eu_logo_klein.jpg\" alt=\"\" width=\"75\" height=\"50\" \/><\/a><\/div>\n<div>Gef\u00f6rdert durch den Europ\u00e4ischen Fonds f\u00fcr Regionale Entwicklung (EFRE).<br \/>\nDie Europ\u00e4ische Kommission investiert in Ihre Zukunft.<\/div>\n<div><img decoding=\"async\" src=\"https:\/\/www.nabu-aachen.de\/files\/images\/foerderer\/NRW_Wirtschaft_Logo.jpg\" \/><\/div>\n<div>f\u00f6rderte &#8222;HABITAT Euregio&#8220;, &#8222;GrenzRouten der EuRegionalen 2008&#8220;<\/div>\n<div><a href=\"https:\/\/nrw.nabu.de\/\" target=\"_blank\" rel=\"noopener\"><img loading=\"lazy\" decoding=\"async\" class=\"irc_mi alignnone\" src=\"https:\/\/nrw.nabu.de\/css_nabu\/2014\/images\/logos\/NABU_Logo_RGB_nordrhein.jpg\" alt=\"Bildergebnis f\u00fcr nabu nrw\" width=\"177\" height=\"168\" \/><\/a><br \/>\nf\u00f6rdert &#8222;NABU-Eifelteam&#8220;<\/div>\n<div><a href=\"https:\/\/nrw.nabu.de\/spenden-und-mitmachen\/stiftung-naturerbe\/\" target=\"_blank\" rel=\"noopener\"><img loading=\"lazy\" decoding=\"async\" class=\"irc_mi alignnone\" src=\"https:\/\/nrw.nabu.de\/css_nabu\/2014\/images\/logos\/logo-naturerbe-nrw.jpg\" alt=\"Bildergebnis f\u00fcr nabu stiftung naturerbe nrw\" width=\"177\" height=\"167\" \/><\/a><br \/>\nf\u00f6rderte &#8222;Infotafeln NABU-Schutzgebiete&#8220;<\/div>\n<div><a href=\"http:\/\/www.nrw-stiftung.de\/\" target=\"_blank\" rel=\"noopener\"><img loading=\"lazy\" decoding=\"async\" class=\"alignnone\" src=\"https:\/\/www.nabu-aachen.de\/files\/images\/foerderer\/logo_NRWStiftung.jpg\" alt=\"\" width=\"174\" height=\"50\" \/><\/a><br \/>\nf\u00f6rderte Erwerb der Streuobstwiese &#8222;Am T\u00fcrmchen&#8220;<br \/>\nund Ausstellungstafeln<\/div>\n<div><a href=\"https:\/\/naturschutzstation-aachen.de\/\" target=\"_blank\" rel=\"noopener\"><img loading=\"lazy\" decoding=\"async\" class=\"alignnone wp-image-1379\" src=\"https:\/\/www.nabu-aachen.de\/wp-content\/uploads\/2018\/06\/logo_naturschutzstation-300x248.jpg\" alt=\"\" width=\"215\" height=\"178\" srcset=\"https:\/\/www.nabu-aachen.de\/wp-content\/uploads\/2018\/06\/logo_naturschutzstation-300x248.jpg 300w, https:\/\/www.nabu-aachen.de\/wp-content\/uploads\/2018\/06\/logo_naturschutzstation-1000x827.jpg 1000w, https:\/\/www.nabu-aachen.de\/wp-content\/uploads\/2018\/06\/logo_naturschutzstation.jpg 1562w, https:\/\/www.nabu-aachen.de\/wp-content\/uploads\/2018\/06\/logo_naturschutzstation-300x248@2x.jpg 600w\" sizes=\"auto, (max-width: 215px) 100vw, 215px\" \/><\/a><\/div>\n<div><\/div>\n<div><img loading=\"lazy\" decoding=\"async\" class=\"alignleft size-medium wp-image-5694\" src=\"https:\/\/www.nabu-aachen.de\/wp-content\/uploads\/2023\/06\/sue_logo_home-300x65.png\" alt=\"\" width=\"300\" height=\"65\" srcset=\"https:\/\/www.nabu-aachen.de\/wp-content\/uploads\/2023\/06\/sue_logo_home-300x65.png 300w, https:\/\/www.nabu-aachen.de\/wp-content\/uploads\/2023\/06\/sue_logo_home.png 582w\" sizes=\"auto, (max-width: 300px) 100vw, 300px\" \/><\/div>\n<div><\/div>\n<p>f\u00f6rdert das Projekt &#8222;Quartiersgarten Gut Kullen&#8220;<\/p>\n<p><a href=\"https:\/\/www.aufbruch-fahrrad.de\/\" target=\"_blank\" rel=\"noopener\"><img loading=\"lazy\" decoding=\"async\" class=\"wp-image-1849 size-full alignnone\" src=\"https:\/\/www.nabu-aachen.de\/wp-content\/uploads\/2018\/11\/aufbruchfahrrad_banner.jpg\" alt=\"\" width=\"768\" height=\"108\" srcset=\"https:\/\/www.nabu-aachen.de\/wp-content\/uploads\/2018\/11\/aufbruchfahrrad_banner.jpg 768w, https:\/\/www.nabu-aachen.de\/wp-content\/uploads\/2018\/11\/aufbruchfahrrad_banner-300x42.jpg 300w, https:\/\/www.nabu-aachen.de\/wp-content\/uploads\/2018\/11\/aufbruchfahrrad_banner-300x42@2x.jpg 600w\" sizes=\"auto, (max-width: 768px) 100vw, 768px\" \/><\/a><\/p>\n<h4>Weiterf\u00fchrende Links:<\/h4>\n<p>NABU Deutschland:\u00a0<a href=\"https:\/\/www.nabu.de\/\">https:\/\/www.nabu.de\/<\/a><\/p>\n<p>NABU NRW:\u00a0<a href=\"https:\/\/nrw.nabu.de\/\">https:\/\/nrw.nabu.de\/<\/a><\/p>\n<p>NABU Aachen-Land:\u00a0<a href=\"https:\/\/www.nabu-aachen-land.de\/\">https:\/\/www.nabu-aachen-land.de\/<\/a><\/p>\n<p>NABU D\u00fcren:\u00a0<a href=\"http:\/\/www.nabu-dueren.de\/\">http:\/\/www.nabu-dueren.de\/<\/a><\/p>\n<hr \/>\n<div><\/div>\n<div>\n<p><strong>Sie m\u00f6chten mit einer Spenden den NABU Aachen unterst\u00fctzen?<\/strong><\/p>\n<p><strong>Bank details:<\/strong><br \/>\n<strong>NABU Aachen<\/strong><br \/>\n<strong>SORT CODE:<\/strong> 390 500 00<br \/>\n<strong>Account number: <\/strong>188888<br \/>\n<strong>IBAN:<\/strong> DE47 3905 0000 0000 1888 88<br \/>\n<strong>BIC:<\/strong> AACSDE33XXX<\/p>\n<p>F\u00fcr Betr\u00e4ge bis 100\u20ac gen\u00fcgt der Einzahlungsbeleg f\u00fcr das Finanzamt. Bei Spenden \u00fcber 100\u20ac schicken wir Ihnen eine Spendenbescheinigung.<\/p>\n<\/div>\n<div><\/div>","protected":false},"excerpt":{"rendered":"<p>Wir danken unseren F\u00f6rderern, die die vielf\u00e4ltige Arbeit des NABU Aachen und der NABU-Naturschutzstation Aachen unterst\u00fctzen: f\u00f6rdert &#8222;HABITAT Euregio&#8220;, &#8222;GrenzRouten&#8220;, &#8222;Landschaftspflegehof&#8220;, &#8222;Steinkauz&#8220;, &#8222;Quartiersgarten Gut Kullen&#8220; Gef\u00f6rdert durch den Europ\u00e4ischen Fonds f\u00fcr Regionale Entwicklung (EFRE).&#46;&#46;&#46;<\/p>","protected":false},"author":1,"featured_media":0,"parent":0,"menu_order":0,"comment_status":"closed","ping_status":"closed","template":"","meta":{"_lmt_disableupdate":"","_lmt_disable":"","footnotes":""},"categories":[],"tags":[],"class_list":["post-33","page","type-page","status-publish","hentry"],"_links":{"self":[{"href":"https:\/\/www.nabu-aachen.de\/en\/wp-json\/wp\/v2\/pages\/33","targetHints":{"allow":["GET"]}}],"collection":[{"href":"https:\/\/www.nabu-aachen.de\/en\/wp-json\/wp\/v2\/pages"}],"about":[{"href":"https:\/\/www.nabu-aachen.de\/en\/wp-json\/wp\/v2\/types\/page"}],"author":[{"embeddable":true,"href":"https:\/\/www.nabu-aachen.de\/en\/wp-json\/wp\/v2\/users\/1"}],"replies":[{"embeddable":true,"href":"https:\/\/www.nabu-aachen.de\/en\/wp-json\/wp\/v2\/comments?post=33"}],"version-history":[{"count":25,"href":"https:\/\/www.nabu-aachen.de\/en\/wp-json\/wp\/v2\/pages\/33\/revisions"}],"predecessor-version":[{"id":5695,"href":"https:\/\/www.nabu-aachen.de\/en\/wp-json\/wp\/v2\/pages\/33\/revisions\/5695"}],"wp:attachment":[{"href":"https:\/\/www.nabu-aachen.de\/en\/wp-json\/wp\/v2\/media?parent=33"}],"wp:term":[{"taxonomy":"category","embeddable":true,"href":"https:\/\/www.nabu-aachen.de\/en\/wp-json\/wp\/v2\/categories?post=33"},{"taxonomy":"post_tag","embeddable":true,"href":"https:\/\/www.nabu-aachen.de\/en\/wp-json\/wp\/v2\/tags?post=33"}],"curies":[{"name":"wp","href":"https:\/\/api.w.org\/{rel}","templated":true}]}}