{"id":35,"date":"2017-12-16T21:01:08","date_gmt":"2017-12-16T20:01:08","guid":{"rendered":"http:\/\/www.nabu-aachen.de\/?page_id=35"},"modified":"2023-06-03T09:31:26","modified_gmt":"2023-06-03T07:31:26","slug":"impressum","status":"publish","type":"page","link":"https:\/\/www.nabu-aachen.de\/en\/impressum\/","title":{"rendered":"Imprint"},"content":{"rendered":"<p><strong>Published by<\/strong><\/p>\n<p><strong>NABU City Association Aachen e.V.<\/strong><br \/>\nPreusweg 128a, 52074 Aachen<br \/>\nPhone: 0241 \/ 870891<br \/>\nFax: 0241 \/ 95784529<\/p>\n<p><strong>1st chairman<\/strong><br \/>\nUlrich schwenk<br \/>\nE-Mail: ulrich.schwenk@nabu-aachen.de<\/p>\n<p><strong>Managing Director<\/strong><br \/>\n&#8211;<\/p>\n<p><strong>Editorial office<\/strong><br \/>\nDr. Manfred Aletsee<br \/>\nCarina Zacharias<br \/>\nE-Mail: info@nabu-aachen.de<\/p>\n<p><strong>Office hours:<\/strong><br \/>\nBusiness hours are listed under \"Contact\"<br \/>\nE-mail:\u00a0<a class=\"bb-url\" href=\"mailto:info@nabu-aachen.de\">info@nabu-aachen.de<\/a><\/p>\n<p><strong>Bank details:<\/strong><br \/>\n<strong>SORT CODE:<\/strong>\u00a039050000<br \/>\n<strong>Account number:<\/strong>\u00a0188888<br \/>\n<strong>IBAN:<\/strong>\u00a0DE47 3905 0000 0000 1888 88<br \/>\n<strong>BIC:<\/strong>\u00a0AACSDE33XXX<\/p>\n<p><b>Disclaimer<\/b><br \/>\nDespite careful control of the content, we assume no liability for the content of external links. We expressly emphasize that we have no influence whatsoever on the design and content of the linked pages. We therefore expressly distance ourselves from the content of all linked pages and do not adopt their content as our own. The operators of the linked pages are solely responsible for their content. This declaration applies to all links to external sites on our website.\n\nTranslated with DeepL.com (free version)<\/p>\n<p><b>Copyright<\/b><br \/>\nPress releases are available for free use with reference to NABU Aachen. Photos can only be used if this is expressly permitted. All other photos and articles are protected by copyright and may not be used freely.<\/p>\n<p><b>Data protection notice<\/b><br \/>\n<a href=\"https:\/\/www.nabu.de\/wir-ueber-uns\/datenschutz.html\" target=\"_blank\" rel=\"noopener noreferrer\">Information on data protection<\/a><\/p>","protected":false},"excerpt":{"rendered":"<p>Herausgeber NABU-Stadtverband Aachen e.V. Preusweg 128a, 52074 Aachen Tel.: 0241 \/ 870891 Fax: 0241 \/ 95784529 1. Vorsitzender Ulrich schwenk E-Mail: ulrich.schwenk@nabu-aachen.de Gesch\u00e4ftsf\u00fchrer &#8211; Redaktion Dr. Manfred Aletsee Carina Zacharias E-Mail: info@nabu-aachen.de Gesch\u00e4ftszeiten: Die&#46;&#46;&#46;<\/p>","protected":false},"author":1,"featured_media":0,"parent":0,"menu_order":0,"comment_status":"closed","ping_status":"closed","template":"","meta":{"_lmt_disableupdate":"","_lmt_disable":"","footnotes":""},"categories":[],"tags":[],"class_list":["post-35","page","type-page","status-publish","hentry"],"_links":{"self":[{"href":"https:\/\/www.nabu-aachen.de\/en\/wp-json\/wp\/v2\/pages\/35","targetHints":{"allow":["GET"]}}],"collection":[{"href":"https:\/\/www.nabu-aachen.de\/en\/wp-json\/wp\/v2\/pages"}],"about":[{"href":"https:\/\/www.nabu-aachen.de\/en\/wp-json\/wp\/v2\/types\/page"}],"author":[{"embeddable":true,"href":"https:\/\/www.nabu-aachen.de\/en\/wp-json\/wp\/v2\/users\/1"}],"replies":[{"embeddable":true,"href":"https:\/\/www.nabu-aachen.de\/en\/wp-json\/wp\/v2\/comments?post=35"}],"version-history":[{"count":9,"href":"https:\/\/www.nabu-aachen.de\/en\/wp-json\/wp\/v2\/pages\/35\/revisions"}],"predecessor-version":[{"id":5669,"href":"https:\/\/www.nabu-aachen.de\/en\/wp-json\/wp\/v2\/pages\/35\/revisions\/5669"}],"wp:attachment":[{"href":"https:\/\/www.nabu-aachen.de\/en\/wp-json\/wp\/v2\/media?parent=35"}],"wp:term":[{"taxonomy":"category","embeddable":true,"href":"https:\/\/www.nabu-aachen.de\/en\/wp-json\/wp\/v2\/categories?post=35"},{"taxonomy":"post_tag","embeddable":true,"href":"https:\/\/www.nabu-aachen.de\/en\/wp-json\/wp\/v2\/tags?post=35"}],"curies":[{"name":"wp","href":"https:\/\/api.w.org\/{rel}","templated":true}]}}