{"id":351,"date":"2018-01-17T13:13:48","date_gmt":"2018-01-17T12:13:48","guid":{"rendered":"http:\/\/www.nabu-aachen.de\/?page_id=351"},"modified":"2022-01-18T16:28:08","modified_gmt":"2022-01-18T15:28:08","slug":"kinderexkursionen","status":"publish","type":"page","link":"https:\/\/www.nabu-aachen.de\/en\/kinderexkursionen\/","title":{"rendered":"Excursions and activities for children and families"},"content":{"rendered":"<p>Family excursions have always been an integral part of the NABU program in Aachen. Parents and children go out into nature, into the forest, to the stream and to the meadow. Once again this year, there are many family excursions in our current NABU half-year program. Our events are aimed at families with children, with or without disabilities, who are curious about what nature has to offer us. The excursions usually last two to three hours and leave enough room for individual experience of the environment. No previous knowledge is necessary. Please register via info@nabu-aachen.de and bring weatherproof clothing! <a href=\"mailto:info@nabu-aachen.de\">info@nabu-aachen.de<\/a> und um wetterfeste Kleidung!<\/p>\n<p>For all events, please refer to our event program <u><a href=\"https:\/\/www.nabu-aachen.de\/en\/veranstaltungen\/\">Veranstaltungsprogramm<\/a><\/u>.<\/p>\n<p><strong>If we have piqued your interest, you are also welcome to sign up to our family excursion mailing list. Simply register at info@nabu-aachen.de and you will receive an email when the next family excursion is due!<\/strong><\/p>\n<div id=\"attachment_798\" style=\"width: 310px\" class=\"wp-caption aligncenter\"><img loading=\"lazy\" decoding=\"async\" aria-describedby=\"caption-attachment-798\" class=\"size-medium wp-image-798\" src=\"https:\/\/www.nabu-aachen.de\/wp-content\/uploads\/2018\/02\/kinderexkursion-300x225.png\" alt=\"\" width=\"300\" height=\"225\" srcset=\"https:\/\/www.nabu-aachen.de\/wp-content\/uploads\/2018\/02\/kinderexkursion-300x225.png 300w, https:\/\/www.nabu-aachen.de\/wp-content\/uploads\/2018\/02\/kinderexkursion.png 420w\" sizes=\"auto, (max-width: 300px) 100vw, 300px\" \/><p id=\"caption-attachment-798\" class=\"wp-caption-text\">Foto: NABU Aachen<\/p><\/div>\n<div style=\"width: 430px\" class=\"wp-caption aligncenter\"><img loading=\"lazy\" decoding=\"async\" src=\"https:\/\/nabu-aachen.de\/files\/images\/keine-Angst-vor-Wasserwanzen.png\" alt=\"\" width=\"420\" height=\"315\" \/><p class=\"wp-caption-text\">Foto: NABU Aachen<\/p><\/div>\n<p>\u00a0<\/p>\n\n<ul class=\"wp-block-latest-posts__list is-grid columns-2 has-dates wp-block-latest-posts\"><li><div class=\"wp-block-latest-posts__featured-image alignleft\"><img loading=\"lazy\" decoding=\"async\" width=\"150\" height=\"150\" src=\"https:\/\/www.nabu-aachen.de\/wp-content\/uploads\/2020\/11\/allerwaldnacht2020_07_dxo-150x150.jpg\" class=\"attachment-thumbnail size-thumbnail wp-post-image\" alt=\"\" style=\"\" srcset=\"https:\/\/www.nabu-aachen.de\/wp-content\/uploads\/2020\/11\/allerwaldnacht2020_07_dxo-150x150.jpg 150w, https:\/\/www.nabu-aachen.de\/wp-content\/uploads\/2020\/11\/allerwaldnacht2020_07_dxo-160x160.jpg 160w, https:\/\/www.nabu-aachen.de\/wp-content\/uploads\/2020\/11\/allerwaldnacht2020_07_dxo-320x320.jpg 320w, https:\/\/www.nabu-aachen.de\/wp-content\/uploads\/2020\/11\/allerwaldnacht2020_07_dxo-150x150@2x.jpg 300w, https:\/\/www.nabu-aachen.de\/wp-content\/uploads\/2020\/11\/allerwaldnacht2020_07_dxo-320x320@2x.jpg 640w\" sizes=\"auto, (max-width: 150px) 100vw, 150px\" \/><\/div><a class=\"wp-block-latest-posts__post-title\" href=\"https:\/\/www.nabu-aachen.de\/en\/geheimnisse-des-waldes-die-etwas-andere-halloween-veranstaltung-des-nabu-aachen\/\">&#8222;Geheimnisse des Waldes&#8220; &#8211; die etwas andere Halloween-Veranstaltung des NABU Aachen<\/a><time datetime=\"2020-11-11T14:49:57+01:00\" class=\"wp-block-latest-posts__post-date\">11. November 2020<\/time><div class=\"wp-block-latest-posts__post-excerpt\">&#8222;Geheimnisse des Waldes&#8220; &#8211; die etwas andere Halloween-Veranstaltung des NABU Aachen Traditionell veranstaltet der NABU Stadtverband Aachen jedes bzw. jedes zweite Jahr am 31. Oktober, dem Abend zu Allerheiligen \u2013 bekannter als \u201eHalloween\u201c &#8211;&#46;&#46;&#46;<\/div><\/li>\n<li><div class=\"wp-block-latest-posts__featured-image alignleft\"><img loading=\"lazy\" decoding=\"async\" width=\"150\" height=\"150\" src=\"https:\/\/www.nabu-aachen.de\/wp-content\/uploads\/2018\/11\/img_5549-150x150.jpg\" class=\"attachment-thumbnail size-thumbnail wp-post-image\" alt=\"\" style=\"\" srcset=\"https:\/\/www.nabu-aachen.de\/wp-content\/uploads\/2018\/11\/img_5549-150x150.jpg 150w, https:\/\/www.nabu-aachen.de\/wp-content\/uploads\/2018\/11\/img_5549-160x160.jpg 160w, https:\/\/www.nabu-aachen.de\/wp-content\/uploads\/2018\/11\/img_5549-320x320.jpg 320w, https:\/\/www.nabu-aachen.de\/wp-content\/uploads\/2018\/11\/img_5549-150x150@2x.jpg 300w, https:\/\/www.nabu-aachen.de\/wp-content\/uploads\/2018\/11\/img_5549-320x320@2x.jpg 640w\" sizes=\"auto, (max-width: 150px) 100vw, 150px\" \/><\/div><a class=\"wp-block-latest-posts__post-title\" href=\"https:\/\/www.nabu-aachen.de\/en\/geheimnisvolle-dunkelheit-fledermaeuse-und-spinnen\/\">Geheimnisvolle Dunkelheit, Flederm\u00e4use und Spinnen<\/a><time datetime=\"2018-11-12T11:16:04+01:00\" class=\"wp-block-latest-posts__post-date\">12. November 2018<\/time><div class=\"wp-block-latest-posts__post-excerpt\">Halloween? Nein! Der NABU-Stadtverband Aachen lud zur Familien-Nachtwanderung \u201eDie Geheimnisse des Waldes\u201c \u201eWie viele Beine hat eine Spinne?\u201c \u201eWiegt eine Zwerg-Fledermaus so viel wie ein St\u00fcck Zucker, wie drei oder wie zehn?\u201c \u201eWelche Tierstimme&#46;&#46;&#46;<\/div><\/li>\n<li><a class=\"wp-block-latest-posts__post-title\" href=\"https:\/\/www.nabu-aachen.de\/en\/nabu-aachen-erhaelt-auszeichnung-als-projekt-der-un-dekade-biologische-vielfalt\/\">NABU Aachen erh\u00e4lt Auszeichnung als Projekt der UN-Dekade Biologische Vielfalt<\/a><time datetime=\"2013-05-25T09:26:17+02:00\" class=\"wp-block-latest-posts__post-date\">25. May 2013<\/time><div class=\"wp-block-latest-posts__post-excerpt\">Die Vereinten Nationen haben das Jahrzehnt von 2011 bis 2020 als UN-Dekade&nbsp;Biologische&nbsp;Vielfalt ausgerufen. Die Dekade soll die Umsetzung des UN- \u00dcbereinkommens von 1992 unterst\u00fctzen. Ziel ist es, den weltweiten R\u00fcckgang der biologischen Vielfalt aufzuhalten.&#46;&#46;&#46;<\/div><\/li>\n<\/ul>","protected":false},"excerpt":{"rendered":"<p>Familienexkursionen sind seit jeher fester Bestandteil des NABU-Programms in Aachen. Mit Eltern und Kindern geht es raus in die Natur, in den Wald, an den Bach und auf die Wiese. Auch in diesem Jahr&#46;&#46;&#46;<\/p>","protected":false},"author":2,"featured_media":798,"parent":0,"menu_order":0,"comment_status":"closed","ping_status":"closed","template":"","meta":{"_lmt_disableupdate":"","_lmt_disable":"","footnotes":""},"categories":[8],"tags":[],"class_list":["post-351","page","type-page","status-publish","has-post-thumbnail","hentry","category-umweltbildung"],"_links":{"self":[{"href":"https:\/\/www.nabu-aachen.de\/en\/wp-json\/wp\/v2\/pages\/351","targetHints":{"allow":["GET"]}}],"collection":[{"href":"https:\/\/www.nabu-aachen.de\/en\/wp-json\/wp\/v2\/pages"}],"about":[{"href":"https:\/\/www.nabu-aachen.de\/en\/wp-json\/wp\/v2\/types\/page"}],"author":[{"embeddable":true,"href":"https:\/\/www.nabu-aachen.de\/en\/wp-json\/wp\/v2\/users\/2"}],"replies":[{"embeddable":true,"href":"https:\/\/www.nabu-aachen.de\/en\/wp-json\/wp\/v2\/comments?post=351"}],"version-history":[{"count":12,"href":"https:\/\/www.nabu-aachen.de\/en\/wp-json\/wp\/v2\/pages\/351\/revisions"}],"predecessor-version":[{"id":4474,"href":"https:\/\/www.nabu-aachen.de\/en\/wp-json\/wp\/v2\/pages\/351\/revisions\/4474"}],"wp:featuredmedia":[{"embeddable":true,"href":"https:\/\/www.nabu-aachen.de\/en\/wp-json\/wp\/v2\/media\/798"}],"wp:attachment":[{"href":"https:\/\/www.nabu-aachen.de\/en\/wp-json\/wp\/v2\/media?parent=351"}],"wp:term":[{"taxonomy":"category","embeddable":true,"href":"https:\/\/www.nabu-aachen.de\/en\/wp-json\/wp\/v2\/categories?post=351"},{"taxonomy":"post_tag","embeddable":true,"href":"https:\/\/www.nabu-aachen.de\/en\/wp-json\/wp\/v2\/tags?post=351"}],"curies":[{"name":"wp","href":"https:\/\/api.w.org\/{rel}","templated":true}]}}