{"id":40,"date":"2017-12-16T21:01:51","date_gmt":"2017-12-16T20:01:51","guid":{"rendered":"http:\/\/www.nabu-aachen.de\/?page_id=40"},"modified":"2020-09-16T16:08:53","modified_gmt":"2020-09-16T14:08:53","slug":"seite-zu-unterpunkt-1-schutzgebiet","status":"publish","type":"page","link":"https:\/\/www.nabu-aachen.de\/en\/seite-zu-unterpunkt-1-schutzgebiet\/","title":{"rendered":"Finkenhag biotope network"},"content":{"rendered":"<p><strong>Location: <\/strong>Orsbach Finkenhag along the German-Dutch border<\/p>\n<div id=\"attachment_538\" style=\"width: 310px\" class=\"wp-caption alignright\"><img loading=\"lazy\" decoding=\"async\" aria-describedby=\"caption-attachment-538\" class=\"size-medium wp-image-538\" src=\"https:\/\/www.nabu-aachen.de\/wp-content\/uploads\/2018\/01\/Finkenhag_MA_05-300x225.jpg\" alt=\"\" width=\"300\" height=\"225\" srcset=\"https:\/\/www.nabu-aachen.de\/wp-content\/uploads\/2018\/01\/Finkenhag_MA_05-300x225.jpg 300w, https:\/\/www.nabu-aachen.de\/wp-content\/uploads\/2018\/01\/Finkenhag_MA_05.jpg 407w\" sizes=\"auto, (max-width: 300px) 100vw, 300px\" \/><p id=\"caption-attachment-538\" class=\"wp-caption-text\">Foto: Dr. Manfred Aletsee<\/p><\/div>\n<p><strong>Size:<\/strong> 1.4 hectares<\/p>\n<p><strong>Biotope\/geography\/geology:<\/strong> Grassland and hedgerow structure on the south-western edge of the Horbacher B\u00f6rde on loess soils.<\/p>\n<p><strong>Conservation purpose:<\/strong> Biotope network system consisting of hedges, bushes, small oak groves and pollarded trees as well as grassland structures in the otherwise structurally poor, intensively farmed B\u00f6rdeland landscape. Establishment of new orchards (2001 &amp; 2007) with old varieties (e.g. Red Star Grenache, Rhenish Bean Apple, Countess of Paris, Aachen House Apple), breeding habitat for open land and field breeders: partridge, blackcap, whitethroat, blackcap, garden warbler, marsh warbler, yellow warbler, chiffchaff, willow warbler, lapwing, pheasant. Wintering area of the hen harrier.<\/p>\n<p><strong>Maintenance:<\/strong> extensive grazing with sheep, fruit and pollard tree care.<\/p>\n<p><strong>Funding: <\/strong>The NABU Aachen city association acquired the area between 1993 and 2000 with financial support from private donors and the \"Aachener Revier\" nature conservation program.<br \/>The creation of the orchard was funded by the City of Aachen (2001) and the Rhineland Regional Association (2007). It is maintained by the NABU nature conservation station in Aachen.<\/p>\n<p>\u00a0<\/p>\n\n<ul class=\"wp-block-latest-posts__list is-grid columns-2 has-dates wp-block-latest-posts\"><li><div class=\"wp-block-latest-posts__featured-image alignleft\"><img loading=\"lazy\" decoding=\"async\" width=\"150\" height=\"150\" src=\"https:\/\/www.nabu-aachen.de\/wp-content\/uploads\/2018\/01\/nabu_schutzgebiete-150x150.jpg\" class=\"attachment-thumbnail size-thumbnail wp-post-image\" alt=\"\" style=\"\" srcset=\"https:\/\/www.nabu-aachen.de\/wp-content\/uploads\/2018\/01\/nabu_schutzgebiete-150x150.jpg 150w, https:\/\/www.nabu-aachen.de\/wp-content\/uploads\/2018\/01\/nabu_schutzgebiete-160x160.jpg 160w, https:\/\/www.nabu-aachen.de\/wp-content\/uploads\/2018\/01\/nabu_schutzgebiete-320x320.jpg 320w, https:\/\/www.nabu-aachen.de\/wp-content\/uploads\/2018\/01\/nabu_schutzgebiete-150x150@2x.jpg 300w\" sizes=\"auto, (max-width: 150px) 100vw, 150px\" \/><\/div><a class=\"wp-block-latest-posts__post-title\" href=\"https:\/\/www.nabu-aachen.de\/en\/nabu-schutzgebiete\/\">NABU conservation areas<\/a><time datetime=\"2018-01-31T11:53:07+01:00\" class=\"wp-block-latest-posts__post-date\">31. January 2018<\/time><div class=\"wp-block-latest-posts__post-excerpt\">Die\u00a0Schutzgebiete des NABU Aachen\u00a0sind wichtige Zentren f\u00fcr den nachhaltigen Schutz der Arten- und Lebensraumvielfalt in Aachen. Sie repr\u00e4sentieren die Vielfalt naturnaher Lebensr\u00e4ume und historisch gewachsener Kulturlebensr\u00e4ume in unserer Region. Landwirtschaftlich gepr\u00e4gte Lebensr\u00e4ume werden in&#46;&#46;&#46;<\/div><\/li>\n<\/ul>","protected":false},"excerpt":{"rendered":"<p>Lage: Orsbach Finkenhag entlang der deutsch-niederl\u00e4ndischen Grenze Gr\u00f6\u00dfe: 1,4 Hektar Biotop\/Geographie\/Geologie: Gr\u00fcnland- und Heckenstruktur am s\u00fcdwestlichen Rand der Horbacher B\u00f6rde auf L\u00f6\u00dfb\u00f6den. Schutzzweck: Biotopverbundsystem bestehend aus Hecken, Geb\u00fcschen, kleinen Eichengeh\u00f6lzen und Kopfb\u00e4umen sowie Gr\u00fcnlandstrukturen&#46;&#46;&#46;<\/p>","protected":false},"author":3,"featured_media":538,"parent":0,"menu_order":0,"comment_status":"closed","ping_status":"closed","template":"","meta":{"_lmt_disableupdate":"","_lmt_disable":"","footnotes":""},"categories":[3],"tags":[],"class_list":["post-40","page","type-page","status-publish","has-post-thumbnail","hentry","category-schutzgebiete"],"_links":{"self":[{"href":"https:\/\/www.nabu-aachen.de\/en\/wp-json\/wp\/v2\/pages\/40","targetHints":{"allow":["GET"]}}],"collection":[{"href":"https:\/\/www.nabu-aachen.de\/en\/wp-json\/wp\/v2\/pages"}],"about":[{"href":"https:\/\/www.nabu-aachen.de\/en\/wp-json\/wp\/v2\/types\/page"}],"author":[{"embeddable":true,"href":"https:\/\/www.nabu-aachen.de\/en\/wp-json\/wp\/v2\/users\/3"}],"replies":[{"embeddable":true,"href":"https:\/\/www.nabu-aachen.de\/en\/wp-json\/wp\/v2\/comments?post=40"}],"version-history":[{"count":11,"href":"https:\/\/www.nabu-aachen.de\/en\/wp-json\/wp\/v2\/pages\/40\/revisions"}],"predecessor-version":[{"id":3079,"href":"https:\/\/www.nabu-aachen.de\/en\/wp-json\/wp\/v2\/pages\/40\/revisions\/3079"}],"wp:featuredmedia":[{"embeddable":true,"href":"https:\/\/www.nabu-aachen.de\/en\/wp-json\/wp\/v2\/media\/538"}],"wp:attachment":[{"href":"https:\/\/www.nabu-aachen.de\/en\/wp-json\/wp\/v2\/media?parent=40"}],"wp:term":[{"taxonomy":"category","embeddable":true,"href":"https:\/\/www.nabu-aachen.de\/en\/wp-json\/wp\/v2\/categories?post=40"},{"taxonomy":"post_tag","embeddable":true,"href":"https:\/\/www.nabu-aachen.de\/en\/wp-json\/wp\/v2\/tags?post=40"}],"curies":[{"name":"wp","href":"https:\/\/api.w.org\/{rel}","templated":true}]}}