{"id":404,"date":"2017-09-11T15:14:43","date_gmt":"2017-09-11T13:14:43","guid":{"rendered":"http:\/\/www.nabu-aachen.de\/?page_id=404"},"modified":"2020-09-16T15:55:39","modified_gmt":"2020-09-16T13:55:39","slug":"landschaftspflegehof","status":"publish","type":"page","link":"https:\/\/www.nabu-aachen.de\/en\/landschaftspflegehof\/","title":{"rendered":"Landschaftspflegehof"},"content":{"rendered":"<p>Ein wichtiges Ziel des NABU Aachens ist der Erhalt und Schutz wertvoller Lebensr\u00e4ume unserer Kulturlandschaft. Zu diesem Zweck wurde 2009 ein Landschaftspflegehof gegr\u00fcndet.<\/p>\n<div class=\"image-page\">\n<div style=\"width: 430px\" class=\"wp-caption aligncenter\"><img loading=\"lazy\" decoding=\"async\" src=\"https:\/\/nabu-aachen.de\/files\/images\/Flockenblumen_auf-einer-Magerweide.png\" alt=\"\" width=\"420\" height=\"315\"><p class=\"wp-caption-text\">Foto: Manfred Aletsee<\/p><\/div>\n<p>Die Aufgaben des Landschaftspflegehofes umfassen die naturschutzfachliche Pflege und Entwicklung wertvoller Biotopfl\u00e4chen der Kulturlandschaft und den Aufbau&nbsp;eines Netzes landwirtschaftlich extensiv genutzter, strukturreicher Gr\u00fcnlandbiotope. Ziel ist der Schutz historischer Nutzungsstrukturen mit einer im Vergleich zu konventionellen landwirtschaftlichen Nutzfl\u00e4chen herausragenden Artenvielfalt.<\/p>\n<p>Zurzeit pflegt der Landschaftspflegehof rund 40 Hektar unterschiedlicher Kulturlebensr\u00e4ume. Er arbeitet dabei intensiv mit Landwirten, der Stadt Aachen und der NRW-Stiftung zusammen.<\/p>\n<p><strong>Charakteristische Kulturlebensr\u00e4ume in der Aachener Region sind:<\/strong><br>\nStreuobstwiesen<br>\nGr\u00fcnland mit Hecken- und Kopfbaumstrukturen<br>\nSumpf- und Feuchtwiesen<br>\nMagergr\u00fcnland auf unterschiedlichen B\u00f6den (Kalk- bzw. Silikatgestein)<\/p>\n<p><strong>Was macht der Landschaftspflegehof:<\/strong><br>\nAnlage und Nachpflanzung von hochst\u00e4mmigen Obstb\u00e4umen, Ausz\u00e4unung junger Obstb\u00e4ume, Pflanzung von Kopfb\u00e4umen und Hecken, Pflege von Obstb\u00e4umen, Hecken und Kopfb\u00e4umen durch regelm\u00e4\u00dfigen Schnitt, Entbuschung, Wiederaufnahme der Bewirtschaftung, extensive Beweidung oder Mahd, d.h. ohne D\u00fcngung und mit begrenzter St\u00fcckzahl an Weidetieren, Vern\u00e4ssung, Ausz\u00e4unung trittempfindlicher Biotope, Anlage von Kleinstgew\u00e4ssern sowie Aushagerung durch mehrmalige Mahd und extensive Beweidung.<\/p>\n<\/div>\n<div class=\"image-page\">\n<div style=\"width: 430px\" class=\"wp-caption aligncenter\"><img loading=\"lazy\" decoding=\"async\" src=\"https:\/\/nabu-aachen.de\/files\/images\/Handmahd-auf-einer-Sumpfwiese.png\" alt=\"\" width=\"420\" height=\"315\"><p class=\"wp-caption-text\">Foto: Manfred Aletsee<\/p><\/div>\n<\/div>\n\n<ul class=\"wp-block-latest-posts__list is-grid columns-2 has-dates wp-block-latest-posts\"><li><div class=\"wp-block-latest-posts__featured-image alignleft\"><img loading=\"lazy\" decoding=\"async\" width=\"150\" height=\"150\" src=\"https:\/\/www.nabu-aachen.de\/wp-content\/uploads\/2025\/12\/Pflanzung2_Obstwiese-Oberforstbach_20251209_ManfredAletseen_Teaser-150x150.jpg\" class=\"attachment-thumbnail size-thumbnail wp-post-image\" alt=\"\" style=\"\" srcset=\"https:\/\/www.nabu-aachen.de\/wp-content\/uploads\/2025\/12\/Pflanzung2_Obstwiese-Oberforstbach_20251209_ManfredAletseen_Teaser-150x150.jpg 150w, https:\/\/www.nabu-aachen.de\/wp-content\/uploads\/2025\/12\/Pflanzung2_Obstwiese-Oberforstbach_20251209_ManfredAletseen_Teaser-160x160.jpg 160w, https:\/\/www.nabu-aachen.de\/wp-content\/uploads\/2025\/12\/Pflanzung2_Obstwiese-Oberforstbach_20251209_ManfredAletseen_Teaser-320x320.jpg 320w, https:\/\/www.nabu-aachen.de\/wp-content\/uploads\/2025\/12\/Pflanzung2_Obstwiese-Oberforstbach_20251209_ManfredAletseen_Teaser-150x150@2x.jpg 300w\" sizes=\"auto, (max-width: 150px) 100vw, 150px\" \/><\/div><a class=\"wp-block-latest-posts__post-title\" href=\"https:\/\/www.nabu-aachen.de\/en\/obstbaumpflanzung-der-nabu-naturschutzstation-aachen-2025\/\">Obstbaumpflanzung der NABU-Naturschutzstation Aachen 2025<\/a><time datetime=\"2025-12-12T17:36:09+01:00\" class=\"wp-block-latest-posts__post-date\">12. December 2025<\/time><div class=\"wp-block-latest-posts__post-excerpt\">Obstbaumpflanzung der NABU-Naturschutzstation Aachen 2025\u00a0 150 hochst\u00e4mmige Obstb\u00e4ume gepflanzt! Es ist schon Tradition. Dezember ist f\u00fcr die NABU-Naturschutzstation Pflanzzeit. Dieses Jahr wurden wieder 150 hochst\u00e4mmige Obstb\u00e4ume rund um Aachen gepflanzt. Zum Abschluss des Projektes&#46;&#46;&#46;<\/div><\/li>\n<\/ul>","protected":false},"excerpt":{"rendered":"<p>Ein wichtiges Ziel des NABU Aachens ist der Erhalt und Schutz wertvoller Lebensr\u00e4ume unserer Kulturlandschaft. Zu diesem Zweck wurde 2009 ein Landschaftspflegehof gegr\u00fcndet. Die Aufgaben des Landschaftspflegehofes umfassen die naturschutzfachliche Pflege und Entwicklung wertvoller&#46;&#46;&#46;<\/p>","protected":false},"author":2,"featured_media":1039,"parent":0,"menu_order":0,"comment_status":"closed","ping_status":"closed","template":"","meta":{"_lmt_disableupdate":"","_lmt_disable":"","footnotes":""},"categories":[26],"tags":[],"class_list":["post-404","page","type-page","status-publish","has-post-thumbnail","hentry","category-themen"],"_links":{"self":[{"href":"https:\/\/www.nabu-aachen.de\/en\/wp-json\/wp\/v2\/pages\/404","targetHints":{"allow":["GET"]}}],"collection":[{"href":"https:\/\/www.nabu-aachen.de\/en\/wp-json\/wp\/v2\/pages"}],"about":[{"href":"https:\/\/www.nabu-aachen.de\/en\/wp-json\/wp\/v2\/types\/page"}],"author":[{"embeddable":true,"href":"https:\/\/www.nabu-aachen.de\/en\/wp-json\/wp\/v2\/users\/2"}],"replies":[{"embeddable":true,"href":"https:\/\/www.nabu-aachen.de\/en\/wp-json\/wp\/v2\/comments?post=404"}],"version-history":[{"count":6,"href":"https:\/\/www.nabu-aachen.de\/en\/wp-json\/wp\/v2\/pages\/404\/revisions"}],"predecessor-version":[{"id":3065,"href":"https:\/\/www.nabu-aachen.de\/en\/wp-json\/wp\/v2\/pages\/404\/revisions\/3065"}],"wp:featuredmedia":[{"embeddable":true,"href":"https:\/\/www.nabu-aachen.de\/en\/wp-json\/wp\/v2\/media\/1039"}],"wp:attachment":[{"href":"https:\/\/www.nabu-aachen.de\/en\/wp-json\/wp\/v2\/media?parent=404"}],"wp:term":[{"taxonomy":"category","embeddable":true,"href":"https:\/\/www.nabu-aachen.de\/en\/wp-json\/wp\/v2\/categories?post=404"},{"taxonomy":"post_tag","embeddable":true,"href":"https:\/\/www.nabu-aachen.de\/en\/wp-json\/wp\/v2\/tags?post=404"}],"curies":[{"name":"wp","href":"https:\/\/api.w.org\/{rel}","templated":true}]}}