{"id":410,"date":"2017-08-17T15:52:37","date_gmt":"2017-08-17T13:52:37","guid":{"rendered":"http:\/\/www.nabu-aachen.de\/?page_id=410"},"modified":"2020-09-16T16:06:52","modified_gmt":"2020-09-16T14:06:52","slug":"steinkauz-2","status":"publish","type":"page","link":"https:\/\/www.nabu-aachen.de\/en\/steinkauz-2\/","title":{"rendered":"Steinkauz"},"content":{"rendered":"<p><strong>Der Steinkauz in Aachen<\/strong><\/p>\n<div style=\"width: 210px\" class=\"wp-caption alignright\"><img loading=\"lazy\" decoding=\"async\" src=\"https:\/\/nabu-aachen.de\/files\/images\/steinkauz.png\" alt=\"\" width=\"200\" height=\"253\" \/><p class=\"wp-caption-text\">Der Steinkauz (<em>Athene noctua<\/em>). Unsere kleinste heimische Eulenart.<\/p><\/div>\n<p>Die NABU-Naturschutzstation Aachen koordiniert mit dem Ornithologischen Arbeitskreis des NABU Aachen alle zwei Jahre eine Steinkauz-Revierkartierung:<\/p>\n<p>Ziele der regelm\u00e4\u00dfigen Erfassung sind:<\/p>\n<ul>\n<li class=\"li1\"><span class=\"s1\">Fl\u00e4chige Ermittlung des Bestandes in der Stadt Aachen <\/span><\/li>\n<li class=\"li1\"><span class=\"s1\">Untersuchung der Bestandsentwicklung durch Vergleich mit fr\u00fcheren Kartierungen <\/span><\/li>\n<li class=\"li1\"><span class=\"s1\">Untersuchung der Revierbindung an Streuobstwiesen und anderen Strukturen<\/span><\/li>\n<li class=\"li1\"><span class=\"s1\">Ermittlung der Effizienz von k\u00fcnstlichen Brutr\u00f6hren<\/span><\/li>\n<li class=\"li1\"><span class=\"s1\">Entwicklung der Revieranzahl des Steinkauzes (<i>Athene noctua<\/i>) in der Stadt Aachen 1995-2015<\/span><\/li>\n<\/ul>\n<p>Weitere Informationen zur Kartierung 2019 finden Sie <a href=\"https:\/\/www.nabu-aachen.de\/en\/steinkauz-erfassung\/\" target=\"_blank\" rel=\"noopener noreferrer\">hier<\/a>.<\/p>\n<p><strong>Merkmale<\/strong><br \/>Der Steinkauz (<em>Athene noctua<\/em>) ist im Rheinland unsere kleinste Eulenart. Grundfarbe braun, hell gesprenkelt. Augen gelb. Ruf: ein helles durchdringendes \u201ekwiu\u201c. Vorwiegend d\u00e4mmerungs- aber z.T. auch tagaktiv. Ansitzj\u00e4ger. Reviergr\u00f6\u00dfe 10 &#8211; 40 ha.<\/p>\n<p><strong>Lebensraum<\/strong><br \/>Er besiedelt vorwiegend alte Streuobstbest\u00e4nde und extensiv genutzte Weiden mit Kopfb\u00e4umen und Schneitelbuchen. Hier findet er sowohl ausreichend Nahrung als auch geeignete Bruth\u00f6hlen. Als Brutplatz werden neben nat\u00fcrlichen Baumh\u00f6hlen auch entsprechende Brutm\u00f6glichkeiten in alten Gem\u00e4uern oder auch k\u00fcnstliche R\u00f6hren angenommen.<\/p>\n<p><strong>Nahrung<\/strong><br \/>Als Nahrung bevorzugt der Steinkauz Kleins\u00e4uger (M\u00e4use). Er erbeutet aber auch Kleinv\u00f6gel, Insekten und sogar Regenw\u00fcrmer. Als Endglied der Nahrungskette ist der Steinkauz ein hervorragender Indikator der strukturierten, extensiv genutzten Kulturlandschaft.<\/p>\n<p><strong>Bestand und Bestandsentwicklung<\/strong><br \/><span class=\"s1\">Die Niederrheinische Bucht gilt als Verbreitungsschwerpunkt des Steinkauzes in Deutschland. Der Kreis und die Stadt Aachen werden fl\u00e4chig mit geringer Dichte bis zur s\u00fcdlichen Grenze, Sief &#8211; Hahn &#8211; Breinig, besiedelt. Die H\u00f6henlagen der Eifel (Roetgen, Simmerath) werden aus klimatischen Gr\u00fcnden gemieden. Seit den 50er Jahren erleidet der Steinkauz in der Region, wie in ganz Europa dramatische Populationseinbu\u00dfen.<\/span><\/p>\n<p><strong>Gef\u00e4hrdung und Schutz<\/strong><br \/>Hauptursache f\u00fcr den kontinuierlichen R\u00fcckgang ist die parallel verlaufende Zerst\u00f6rung des Lebensraumes: Flurbereinigung, Abholzung alter Streuobstbest\u00e4nde und Kopfb\u00e4ume, Vernichtung ortsnaher Weidefl\u00e4chen durch Neubausiedlungen. Zus\u00e4tzlich wirken sich der Pestizideinsatz und der zunehmende Autoverkehr negativ auf den Bestand aus. Nat\u00fcrliche Verluste durch Pr\u00e4datoren (Habicht, Marder, etc.) oder strenge, schneereiche Winter werden von einer stabilen Population schnell ausgeglichen.<\/p>\n<p>Entsprechend den Gef\u00e4hrdungsursachen muss der Schwerpunkt aller Schutzbem\u00fchungen auf den Erhalt und die Neuschaffung geeigneter Lebensr\u00e4ume liegen. In der Aachener Region gilt es insbesondere reichstrukturierte Gr\u00fcnlandfl\u00e4chen (inkl. Kopfb\u00e4ume, Hecken, alte Streuobstbest\u00e4nde) zu sichern. Dar\u00fcber hinaus m\u00fcssen solche Strukturen wieder neu geschaffen werden. Da in den 60er bis 80er Jahren fast keine hochst\u00e4mmigen Obstb\u00e4ume gepflanzt wurden, ist das Anbringen k\u00fcnstlicher Brutr\u00f6hren oftmals notwendig.<\/p>\n<p>Der Steinkauz ist nach der Vogelschutzrichtlinie der EU gesch\u00fctzt.<\/p>\n<p><span class=\"s1\">Rote Liste NRW (2010): Gef\u00e4hrdet<\/span><\/p>\n<p>\u00a0<\/p>\n\n<ul class=\"wp-block-latest-posts__list is-grid columns-2 has-dates wp-block-latest-posts\"><li><div class=\"wp-block-latest-posts__featured-image alignleft\"><img loading=\"lazy\" decoding=\"async\" width=\"150\" height=\"150\" src=\"https:\/\/www.nabu-aachen.de\/wp-content\/uploads\/2021\/02\/almuth_adieu3-kopie-150x150.jpeg\" class=\"attachment-thumbnail size-thumbnail wp-post-image\" alt=\"\" style=\"\" srcset=\"https:\/\/www.nabu-aachen.de\/wp-content\/uploads\/2021\/02\/almuth_adieu3-kopie-150x150.jpeg 150w, https:\/\/www.nabu-aachen.de\/wp-content\/uploads\/2021\/02\/almuth_adieu3-kopie-160x160.jpeg 160w, https:\/\/www.nabu-aachen.de\/wp-content\/uploads\/2021\/02\/almuth_adieu3-kopie-320x320.jpeg 320w, https:\/\/www.nabu-aachen.de\/wp-content\/uploads\/2021\/02\/almuth_adieu3-kopie-150x150@2x.jpeg 300w, https:\/\/www.nabu-aachen.de\/wp-content\/uploads\/2021\/02\/almuth_adieu3-kopie-320x320@2x.jpeg 640w\" sizes=\"auto, (max-width: 150px) 100vw, 150px\" \/><\/div><a class=\"wp-block-latest-posts__post-title\" href=\"https:\/\/www.nabu-aachen.de\/en\/hilfe-fuer-verletzte-wildtiere\/\">Hilfe f\u00fcr verletzte Wildtiere<\/a><time datetime=\"2025-12-02T11:47:21+01:00\" class=\"wp-block-latest-posts__post-date\">2. December 2025<\/time><div class=\"wp-block-latest-posts__post-excerpt\">Der Anfang ist gemacht- Der Verein Wildtierstation Nordrhein e.V. ist gegru\u0308ndet! Du\u0308ren &#8211; Am 1. Oktober gru\u0308ndeten acht dem Naturschutz verpflichtete Vereine im Mariaweiler Hof den Verein \u201eWildtierstatioon Nordrhein e.V.\u201c. Alle Gru\u0308ndungs-Vereine verbindet der&#46;&#46;&#46;<\/div><\/li>\n<li><div class=\"wp-block-latest-posts__featured-image alignleft\"><img loading=\"lazy\" decoding=\"async\" width=\"150\" height=\"150\" src=\"https:\/\/www.nabu-aachen.de\/wp-content\/uploads\/2021\/02\/steinkauz_2021-150x150.jpg\" class=\"attachment-thumbnail size-thumbnail wp-post-image\" alt=\"\" style=\"\" srcset=\"https:\/\/www.nabu-aachen.de\/wp-content\/uploads\/2021\/02\/steinkauz_2021-150x150.jpg 150w, https:\/\/www.nabu-aachen.de\/wp-content\/uploads\/2021\/02\/steinkauz_2021-160x160.jpg 160w, https:\/\/www.nabu-aachen.de\/wp-content\/uploads\/2021\/02\/steinkauz_2021-320x320.jpg 320w, https:\/\/www.nabu-aachen.de\/wp-content\/uploads\/2021\/02\/steinkauz_2021-150x150@2x.jpg 300w, https:\/\/www.nabu-aachen.de\/wp-content\/uploads\/2021\/02\/steinkauz_2021-320x320@2x.jpg 640w\" sizes=\"auto, (max-width: 150px) 100vw, 150px\" \/><\/div><a class=\"wp-block-latest-posts__post-title\" href=\"https:\/\/www.nabu-aachen.de\/en\/aachens-zweijaehrige-steinkauzkartierung\/\">Aachens zweij\u00e4hrliche Steinkauzkartierung<\/a><time datetime=\"2023-03-26T18:21:04+02:00\" class=\"wp-block-latest-posts__post-date\">26. March 2023<\/time><div class=\"wp-block-latest-posts__post-excerpt\">Bei windstillen, klaren Abendstunden stehen sie bibbernd vor ihren Autos und Fahrr\u00e4dern in der K\u00e4lte, die Smartphones in der Hand, und spielen ihre kreischende Audios ab, dann lauschen sie in die n\u00e4chtliche Ger\u00e4uschkulisse. Wer&#46;&#46;&#46;<\/div><\/li>\n<li><div class=\"wp-block-latest-posts__featured-image alignleft\"><img loading=\"lazy\" decoding=\"async\" width=\"150\" height=\"150\" src=\"https:\/\/www.nabu-aachen.de\/wp-content\/uploads\/2021\/12\/imgp1214_dxo-kopie-2-150x150.jpg\" class=\"attachment-thumbnail size-thumbnail wp-post-image\" alt=\"\" style=\"\" srcset=\"https:\/\/www.nabu-aachen.de\/wp-content\/uploads\/2021\/12\/imgp1214_dxo-kopie-2-150x150.jpg 150w, https:\/\/www.nabu-aachen.de\/wp-content\/uploads\/2021\/12\/imgp1214_dxo-kopie-2-160x160.jpg 160w, https:\/\/www.nabu-aachen.de\/wp-content\/uploads\/2021\/12\/imgp1214_dxo-kopie-2-320x320.jpg 320w, https:\/\/www.nabu-aachen.de\/wp-content\/uploads\/2021\/12\/imgp1214_dxo-kopie-2-150x150@2x.jpg 300w\" sizes=\"auto, (max-width: 150px) 100vw, 150px\" \/><\/div><a class=\"wp-block-latest-posts__post-title\" href=\"https:\/\/www.nabu-aachen.de\/en\/vom-apfel-am-baum-bis-zum-apfelsaft-auf-dem-tisch-obsternte-2021\/\">Vom Apfel am Baum bis zum Apfelsaft auf dem Tisch \u2013 Obsternte 2021<\/a><time datetime=\"2021-12-09T18:39:28+01:00\" class=\"wp-block-latest-posts__post-date\">9. December 2021<\/time><div class=\"wp-block-latest-posts__post-excerpt\">Vom Apfel am Baum bis zum Apfelsaft auf dem Tisch \u2013 Obsternte 2021 Auch in diesem Jahr konnten wieder mehrere Tonnen \u00c4pfel von unseren Streuobstwiesen geerntet und zu leckerem Apfelsaft gepresst werden. Der NABU-Stadtverband&#46;&#46;&#46;<\/div><\/li>\n<li><div class=\"wp-block-latest-posts__featured-image alignleft\"><img loading=\"lazy\" decoding=\"async\" width=\"150\" height=\"150\" src=\"https:\/\/www.nabu-aachen.de\/wp-content\/uploads\/2018\/01\/steinkauz-150x150.jpg\" class=\"attachment-thumbnail size-thumbnail wp-post-image\" alt=\"\" style=\"\" srcset=\"https:\/\/www.nabu-aachen.de\/wp-content\/uploads\/2018\/01\/steinkauz-150x150.jpg 150w, https:\/\/www.nabu-aachen.de\/wp-content\/uploads\/2018\/01\/steinkauz-160x160.jpg 160w, https:\/\/www.nabu-aachen.de\/wp-content\/uploads\/2018\/01\/steinkauz-320x320.jpg 320w, https:\/\/www.nabu-aachen.de\/wp-content\/uploads\/2018\/01\/steinkauz-150x150@2x.jpg 300w, https:\/\/www.nabu-aachen.de\/wp-content\/uploads\/2018\/01\/steinkauz-320x320@2x.jpg 640w\" sizes=\"auto, (max-width: 150px) 100vw, 150px\" \/><\/div><a class=\"wp-block-latest-posts__post-title\" href=\"https:\/\/www.nabu-aachen.de\/en\/steinkauz-erfassung\/\">Steinkauz-Erfassung in Aachen<\/a><time datetime=\"2019-01-31T15:03:24+01:00\" class=\"wp-block-latest-posts__post-date\">31. January 2019<\/time><div class=\"wp-block-latest-posts__post-excerpt\">Bereits seit 1995 koordiniert die NABU-Naturschutzstation Aachen im zweij\u00e4hrigen Turnus Steinkauz-Kartierungen in der Region Aachen. In Zusammenarbeit mit ehrenamtlichen Helfern des NABU Aachen, zumeist Mitglieder des\u00a0Ornithologischen Arbeitskreises,\u00a0werden hierbei die Reviere der kleinen Eulenart erfasst.&#46;&#46;&#46;<\/div><\/li>\n<\/ul>","protected":false},"excerpt":{"rendered":"<p>Der Steinkauz in Aachen Die NABU-Naturschutzstation Aachen koordiniert mit dem Ornithologischen Arbeitskreis des NABU Aachen alle zwei Jahre eine Steinkauz-Revierkartierung: Ziele der regelm\u00e4\u00dfigen Erfassung sind: Fl\u00e4chige Ermittlung des Bestandes in der Stadt Aachen Untersuchung&#46;&#46;&#46;<\/p>","protected":false},"author":3,"featured_media":408,"parent":0,"menu_order":0,"comment_status":"closed","ping_status":"closed","template":"","meta":{"_lmt_disableupdate":"","_lmt_disable":"","footnotes":""},"categories":[4],"tags":[],"class_list":["post-410","page","type-page","status-publish","has-post-thumbnail","hentry","category-tiere-pflanzen"],"_links":{"self":[{"href":"https:\/\/www.nabu-aachen.de\/en\/wp-json\/wp\/v2\/pages\/410","targetHints":{"allow":["GET"]}}],"collection":[{"href":"https:\/\/www.nabu-aachen.de\/en\/wp-json\/wp\/v2\/pages"}],"about":[{"href":"https:\/\/www.nabu-aachen.de\/en\/wp-json\/wp\/v2\/types\/page"}],"author":[{"embeddable":true,"href":"https:\/\/www.nabu-aachen.de\/en\/wp-json\/wp\/v2\/users\/3"}],"replies":[{"embeddable":true,"href":"https:\/\/www.nabu-aachen.de\/en\/wp-json\/wp\/v2\/comments?post=410"}],"version-history":[{"count":13,"href":"https:\/\/www.nabu-aachen.de\/en\/wp-json\/wp\/v2\/pages\/410\/revisions"}],"predecessor-version":[{"id":3077,"href":"https:\/\/www.nabu-aachen.de\/en\/wp-json\/wp\/v2\/pages\/410\/revisions\/3077"}],"wp:featuredmedia":[{"embeddable":true,"href":"https:\/\/www.nabu-aachen.de\/en\/wp-json\/wp\/v2\/media\/408"}],"wp:attachment":[{"href":"https:\/\/www.nabu-aachen.de\/en\/wp-json\/wp\/v2\/media?parent=410"}],"wp:term":[{"taxonomy":"category","embeddable":true,"href":"https:\/\/www.nabu-aachen.de\/en\/wp-json\/wp\/v2\/categories?post=410"},{"taxonomy":"post_tag","embeddable":true,"href":"https:\/\/www.nabu-aachen.de\/en\/wp-json\/wp\/v2\/tags?post=410"}],"curies":[{"name":"wp","href":"https:\/\/api.w.org\/{rel}","templated":true}]}}