{"id":42,"date":"2017-12-16T21:02:20","date_gmt":"2017-12-16T20:02:20","guid":{"rendered":"http:\/\/www.nabu-aachen.de\/?page_id=42"},"modified":"2020-09-16T16:01:16","modified_gmt":"2020-09-16T14:01:16","slug":"biber","status":"publish","type":"page","link":"https:\/\/www.nabu-aachen.de\/en\/biber\/","title":{"rendered":"Biber"},"content":{"rendered":"<p><strong>Der Biber in Aachen<\/strong><\/p>\n<div id=\"attachment_428\" style=\"width: 378px\" class=\"wp-caption alignleft\"><a href=\"https:\/\/www.nabu-aachen.de\/wp-content\/uploads\/2018\/01\/biber-an-der-havel.jpg\"><img loading=\"lazy\" decoding=\"async\" aria-describedby=\"caption-attachment-428\" class=\"wp-image-428\" src=\"https:\/\/www.nabu-aachen.de\/wp-content\/uploads\/2018\/01\/biber-an-der-havel-300x200.jpg\" alt=\"\" width=\"368\" height=\"245\" srcset=\"https:\/\/www.nabu-aachen.de\/wp-content\/uploads\/2018\/01\/biber-an-der-havel-300x200.jpg 300w, https:\/\/www.nabu-aachen.de\/wp-content\/uploads\/2018\/01\/biber-an-der-havel-1000x667.jpg 1000w, https:\/\/www.nabu-aachen.de\/wp-content\/uploads\/2018\/01\/biber-an-der-havel.jpg 1620w, https:\/\/www.nabu-aachen.de\/wp-content\/uploads\/2018\/01\/biber-an-der-havel-300x200@2x.jpg 600w\" sizes=\"auto, (max-width: 368px) 100vw, 368px\" \/><\/a><p id=\"caption-attachment-428\" class=\"wp-caption-text\">NABU\/Klemens Karkow<\/p><\/div>\n<p>In den 1980er Jahren wilderte die Forstbeh\u00f6rde Biber\u00a0(<em>Castor fiber<\/em>) im Tal der Wei\u00dfen Wehe (H\u00fcrtgenwald, Eifel) aus. Zuvor waren die Tiere in der Region ausgestorben, doch seitdem verbreiteten sie sich entlang der Flie\u00dfgew\u00e4sser bis in die Niederlande \u2013 und nach Aachen. Im Aachener Stadtgebiet ist der Biber mittlerweile an der Inde, an der Wurm und am Wildbach anzutreffen. An der Iter hatte er 2014 flei\u00dfig Kopfweiden gef\u00e4llt bis das Revier dort wieder aufgegeben wurde. Das Auswilderungsprojekt ist also eine wahre Erfolgsgeschichte, doch blieb diese nicht ohne \u201eNebenwirkungen\u201c. Denn Biber sind Landschaftsgestalter: Sie f\u00e4llen B\u00e4ume, bauen D\u00e4mme, stauen B\u00e4che, schaffen stehende Gew\u00e4sser und \u00dcberschwemmungen. All das bringt Konflikte mit sich. Ein Beispiel ist der beliebte Spazierweg am Alten Tuchwerk in der Soers, der seit zwei Jahren wegen Einbruchsgefahr gesperrt ist, weil der Biber ihn untergraben hat. Der NABU Aachen bem\u00fcht sich hier, Vermittler zwischen dem unter Naturschutz stehenden Nager und den besorgten Anwohnern zu sein. In Zusammenarbeit mit dem Umweltamt Aachen sucht er L\u00f6sungen f\u00fcr ein friedliches Miteinander zwischen Mensch und Biber \u2013 auch daf\u00fcr, dass Jogger und Hundebesitzer ihren Spazierweg bald wieder haben.<\/p>\n<p><strong>Sie haben <\/strong><strong>Sorgen oder Fragen zum Thema Biber? Sprechen Sie uns gerne an:<\/strong><br \/>Dr. Manfred Aletsee (Gesch\u00e4ftsf\u00fchrer der NABU-Naturschutzstation Aachen, Tel: 0241\/870891) und Dr. Winfried Engels (Untere Naturschutzbeh\u00f6rde der Stadt Aachen, Tel.: 0241\/43236428)<\/p>\n<p><strong>Merkmale<\/strong><br \/>Der Biber\u00a0geh\u00f6rt zur Ordnung der Nagetiere (Rodentia).\u00a0Er kann maximal einen Meter lang und bis zu 30 kg schwer werden und bringt damit das gleiche Gewicht auf die Waage wie ein ausgewachsenes Reh. Allerdings sind die meisten Biber deutlich leichter.<\/p>\n<p>Achtung Verwechslungsgefahr: H\u00e4ufig wird der Biber mit dem Bisam oder dem Nutria verwechselt. <strong><a href=\"https:\/\/www.nabu-aachen.de\/en\/biber-bisam-oder-nutria\/\">Wir haben Ihnen die Unterschiedungsmerkmale in diesem Beitrag zusammengestellt.<\/a><\/strong><\/p>\n<p><strong>Lebensraum<\/strong><br \/>Biber leben an stehenden und flie\u00dfenden Gew\u00e4ssern. Am bekanntesten sind sie wohl f\u00fcr ihre freistehenden, aus \u00c4sten und Erde gebauten sogenannten Burgen. Eine Burg bauen Biber aber nur, wenn sie keine geeignete Uferb\u00f6schung finden, um einen Erdbau zu graben.<\/p>\n<p><strong>Lebensweise<\/strong><br \/>Der Biber ist ein Familientier und lebt in einer Gemeinschaft aus mehreren Generationen, in der eine Rangordnung herrscht. Die Familiengemeinschaft besteht meist aus 4 bis 6 Familienmitgliedern, wobei das Elternpaar monogam ist. Fremden Bibern im Revier wird grunds\u00e4tzlich feindlich begegnet, der Eindringling aggressiv aus dem Revier vertrieben. Das Revier kann je nach Nahrungsangebot einen Gew\u00e4sserabschnitt von 0,5 km bei optimalen Bedingungen bis 6 km L\u00e4nge bei schlechtem Nahrungsangebot umfassen. Biber sind nachtaktiv und ausgezeichnete Schwimmer, wirken an Land aber eher beh\u00e4big.<\/p>\n<p><strong>Nahrung<\/strong><br \/>Der Biber ist ein reiner Vegetarier, bei der Wahl seiner pflanzlichen Nahrung jedoch flexibel. Was letztendlich im Magen des Bibers landet, h\u00e4ngt von der Jahreszeit und der Umgebung ab. Im Sommer frisst der Biber gr\u00f6\u00dftenteils krautige Pflanzen sowie Wasserpflanzen, von denen er am liebsten die Rhizome (Wurzeln) verspeist. Wenn der Biber seine Baue in der N\u00e4he von \u00c4ckern anlegt, frisst er auch Feldfr\u00fcchte wie Mais, R\u00fcben oder Raps. Im Sp\u00e4tsommer bereichert er seinen Speiseplan durch Fallobst. (Quelle: Biologische Station D\u00fcren)<\/p>\n<p><strong>Gef\u00e4hrdung und Schutz<\/strong><br \/>Der Biber ist in Anhang II der Fauna-Flora-Habitat-Richtlinie (FFH-Richtlinie) der EU als Tierart\u00a0von gemeinschaftlichem Interesse, f\u00fcr deren Erhaltung besondere Schutzgebiete ausgewiesen werden m\u00fcssen, und in Anhang IV der FFH-Richtlinie als streng zu sch\u00fctzende Tierart aufgef\u00fchrt.<\/p>\n<p>Rote Liste NRW (2010): Gef\u00e4hrdet<\/p>\n<p>\u00a0<\/p>\n\n<ul class=\"wp-block-latest-posts__list is-grid columns-2 has-dates wp-block-latest-posts\"><li><div class=\"wp-block-latest-posts__featured-image alignleft\"><img loading=\"lazy\" decoding=\"async\" width=\"150\" height=\"150\" src=\"https:\/\/www.nabu-aachen.de\/wp-content\/uploads\/2018\/02\/biber-an-der-havel-150x150.jpg\" class=\"attachment-thumbnail size-thumbnail wp-post-image\" alt=\"\" style=\"\" srcset=\"https:\/\/www.nabu-aachen.de\/wp-content\/uploads\/2018\/02\/biber-an-der-havel-150x150.jpg 150w, https:\/\/www.nabu-aachen.de\/wp-content\/uploads\/2018\/02\/biber-an-der-havel-160x160.jpg 160w, https:\/\/www.nabu-aachen.de\/wp-content\/uploads\/2018\/02\/biber-an-der-havel-320x320.jpg 320w, https:\/\/www.nabu-aachen.de\/wp-content\/uploads\/2018\/02\/biber-an-der-havel-150x150@2x.jpg 300w, https:\/\/www.nabu-aachen.de\/wp-content\/uploads\/2018\/02\/biber-an-der-havel-320x320@2x.jpg 640w\" sizes=\"auto, (max-width: 150px) 100vw, 150px\" \/><\/div><a class=\"wp-block-latest-posts__post-title\" href=\"https:\/\/www.nabu-aachen.de\/en\/vom-nager-zum-klimaschuetzer-biber-machen-dieeu-wiederherstellungsverordnung-lebendig\/\">Vom Nager zum Klimasch\u00fctzer: Biber machen die EU-Wiederherstellungsverordnung lebendig<\/a><time datetime=\"2026-04-07T13:26:56+02:00\" class=\"wp-block-latest-posts__post-date\">7. April 2026<\/time><div class=\"wp-block-latest-posts__post-excerpt\">Internationaler Tag des Bibers Vom Nager zum Klimasch\u00fctzer: Biber machen dieEU-Wiederherstellungsverordnung lebendig Der Biber kehrt zur\u00fcck &#8211; und wird zum Schl\u00fcssel f\u00fcr Klimaschutz undresiliente Fl\u00fcsse Berlin &#8211; Der Eurasische Biber ist zur\u00fcck und mit&#46;&#46;&#46;<\/div><\/li>\n<li><div class=\"wp-block-latest-posts__featured-image alignleft\"><img loading=\"lazy\" decoding=\"async\" width=\"150\" height=\"150\" src=\"https:\/\/www.nabu-aachen.de\/wp-content\/uploads\/2021\/02\/almuth_adieu3-kopie-150x150.jpeg\" class=\"attachment-thumbnail size-thumbnail wp-post-image\" alt=\"\" style=\"\" srcset=\"https:\/\/www.nabu-aachen.de\/wp-content\/uploads\/2021\/02\/almuth_adieu3-kopie-150x150.jpeg 150w, https:\/\/www.nabu-aachen.de\/wp-content\/uploads\/2021\/02\/almuth_adieu3-kopie-160x160.jpeg 160w, https:\/\/www.nabu-aachen.de\/wp-content\/uploads\/2021\/02\/almuth_adieu3-kopie-320x320.jpeg 320w, https:\/\/www.nabu-aachen.de\/wp-content\/uploads\/2021\/02\/almuth_adieu3-kopie-150x150@2x.jpeg 300w, https:\/\/www.nabu-aachen.de\/wp-content\/uploads\/2021\/02\/almuth_adieu3-kopie-320x320@2x.jpeg 640w\" sizes=\"auto, (max-width: 150px) 100vw, 150px\" \/><\/div><a class=\"wp-block-latest-posts__post-title\" href=\"https:\/\/www.nabu-aachen.de\/en\/hilfe-fuer-verletzte-wildtiere\/\">Hilfe f\u00fcr verletzte Wildtiere<\/a><time datetime=\"2025-12-02T11:47:21+01:00\" class=\"wp-block-latest-posts__post-date\">2. December 2025<\/time><div class=\"wp-block-latest-posts__post-excerpt\">Der Anfang ist gemacht- Der Verein Wildtierstation Nordrhein e.V. ist gegru\u0308ndet! Du\u0308ren &#8211; Am 1. Oktober gru\u0308ndeten acht dem Naturschutz verpflichtete Vereine im Mariaweiler Hof den Verein \u201eWildtierstatioon Nordrhein e.V.\u201c. Alle Gru\u0308ndungs-Vereine verbindet der&#46;&#46;&#46;<\/div><\/li>\n<li><a class=\"wp-block-latest-posts__post-title\" href=\"https:\/\/www.nabu-aachen.de\/en\/biber-bisam-oder-nutria\/\">Biber, Bisam oder Nutria?<\/a><time datetime=\"2018-02-28T16:09:52+01:00\" class=\"wp-block-latest-posts__post-date\">28. February 2018<\/time><div class=\"wp-block-latest-posts__post-excerpt\">Die R\u00fcckkehr des heimischen Bibers (Castor fiber) nach Aachen hat schon f\u00fcr viel Aufregung gesorgt. Doch nicht alle pelzigen Nager, die durch unsere Gew\u00e4sser schwimmen, sind zwangsl\u00e4ufig Biber. Oftmals kann es sich um den&#46;&#46;&#46;<\/div><\/li>\n<li><div class=\"wp-block-latest-posts__featured-image alignleft\"><img loading=\"lazy\" decoding=\"async\" width=\"150\" height=\"150\" src=\"https:\/\/www.nabu-aachen.de\/wp-content\/uploads\/2018\/02\/dsc00025-150x150.jpg\" class=\"attachment-thumbnail size-thumbnail wp-post-image\" alt=\"\" style=\"\" srcset=\"https:\/\/www.nabu-aachen.de\/wp-content\/uploads\/2018\/02\/dsc00025-150x150.jpg 150w, https:\/\/www.nabu-aachen.de\/wp-content\/uploads\/2018\/02\/dsc00025-160x160.jpg 160w, https:\/\/www.nabu-aachen.de\/wp-content\/uploads\/2018\/02\/dsc00025-320x320.jpg 320w, https:\/\/www.nabu-aachen.de\/wp-content\/uploads\/2018\/02\/dsc00025-150x150@2x.jpg 300w, https:\/\/www.nabu-aachen.de\/wp-content\/uploads\/2018\/02\/dsc00025-320x320@2x.jpg 640w\" sizes=\"auto, (max-width: 150px) 100vw, 150px\" \/><\/div><a class=\"wp-block-latest-posts__post-title\" href=\"https:\/\/www.nabu-aachen.de\/en\/pressetermin-der-biber-in-aachen\/\">Pressetermin: Der Biber in Aachen<\/a><time datetime=\"2018-02-21T14:28:58+01:00\" class=\"wp-block-latest-posts__post-date\">21. February 2018<\/time><div class=\"wp-block-latest-posts__post-excerpt\">Der Biber lebt nicht nur an abgelegenen Eifelb\u00e4chen, sondern seit bereits 10 Jahren auch an Inde und Wurm im Aachener Stadtgebiet. W\u00e4hrend dies von vielen begr\u00fc\u00dft wird, kann es durch die besondere Lebensweise des&#46;&#46;&#46;<\/div><\/li>\n<\/ul>","protected":false},"excerpt":{"rendered":"<p>Der Biber in Aachen In den 1980er Jahren wilderte die Forstbeh\u00f6rde Biber\u00a0(Castor fiber) im Tal der Wei\u00dfen Wehe (H\u00fcrtgenwald, Eifel) aus. Zuvor waren die Tiere in der Region ausgestorben, doch seitdem verbreiteten sie sich&#46;&#46;&#46;<\/p>","protected":false},"author":3,"featured_media":428,"parent":0,"menu_order":0,"comment_status":"closed","ping_status":"closed","template":"","meta":{"_lmt_disableupdate":"","_lmt_disable":"","footnotes":""},"categories":[4],"tags":[],"class_list":["post-42","page","type-page","status-publish","has-post-thumbnail","hentry","category-tiere-pflanzen"],"_links":{"self":[{"href":"https:\/\/www.nabu-aachen.de\/en\/wp-json\/wp\/v2\/pages\/42","targetHints":{"allow":["GET"]}}],"collection":[{"href":"https:\/\/www.nabu-aachen.de\/en\/wp-json\/wp\/v2\/pages"}],"about":[{"href":"https:\/\/www.nabu-aachen.de\/en\/wp-json\/wp\/v2\/types\/page"}],"author":[{"embeddable":true,"href":"https:\/\/www.nabu-aachen.de\/en\/wp-json\/wp\/v2\/users\/3"}],"replies":[{"embeddable":true,"href":"https:\/\/www.nabu-aachen.de\/en\/wp-json\/wp\/v2\/comments?post=42"}],"version-history":[{"count":24,"href":"https:\/\/www.nabu-aachen.de\/en\/wp-json\/wp\/v2\/pages\/42\/revisions"}],"predecessor-version":[{"id":3071,"href":"https:\/\/www.nabu-aachen.de\/en\/wp-json\/wp\/v2\/pages\/42\/revisions\/3071"}],"wp:featuredmedia":[{"embeddable":true,"href":"https:\/\/www.nabu-aachen.de\/en\/wp-json\/wp\/v2\/media\/428"}],"wp:attachment":[{"href":"https:\/\/www.nabu-aachen.de\/en\/wp-json\/wp\/v2\/media?parent=42"}],"wp:term":[{"taxonomy":"category","embeddable":true,"href":"https:\/\/www.nabu-aachen.de\/en\/wp-json\/wp\/v2\/categories?post=42"},{"taxonomy":"post_tag","embeddable":true,"href":"https:\/\/www.nabu-aachen.de\/en\/wp-json\/wp\/v2\/tags?post=42"}],"curies":[{"name":"wp","href":"https:\/\/api.w.org\/{rel}","templated":true}]}}