{"id":433,"date":"2017-07-24T14:34:03","date_gmt":"2017-07-24T12:34:03","guid":{"rendered":"http:\/\/www.nabu-aachen.de\/?page_id=433"},"modified":"2020-09-16T16:07:56","modified_gmt":"2020-09-16T14:07:56","slug":"wespen-hornissen","status":"publish","type":"page","link":"https:\/\/www.nabu-aachen.de\/en\/wespen-hornissen\/","title":{"rendered":"Wespen &#038; Hornissen"},"content":{"rendered":"<p><strong>Wespen (Vespinae)\u00a0<\/strong><\/p>\n<p>Es gibt einige Hundert Wespenarten in Deutschland. Davon sind aber den meisten lediglich die \u201el\u00e4stigen Wespen\u201c bekannt, die auf dem Kuchen sitzen oder als Erdwespen unangenehme Gartenbewohner sein k\u00f6nnen. Dabei sind nur einige wenige Arten sozial lebend. Die meisten Arten leben solit\u00e4r, dort versorgt also ein Weibchen allein seine Brut.<\/p>\n<div id=\"attachment_434\" style=\"width: 357px\" class=\"wp-caption alignleft\"><a href=\"https:\/\/www.nabu-aachen.de\/wp-content\/uploads\/2018\/01\/hornisse.jpg\"><img loading=\"lazy\" decoding=\"async\" aria-describedby=\"caption-attachment-434\" class=\"wp-image-434\" src=\"https:\/\/www.nabu-aachen.de\/wp-content\/uploads\/2018\/01\/hornisse-300x200.jpg\" alt=\"\" width=\"347\" height=\"231\" srcset=\"https:\/\/www.nabu-aachen.de\/wp-content\/uploads\/2018\/01\/hornisse-300x200.jpg 300w, https:\/\/www.nabu-aachen.de\/wp-content\/uploads\/2018\/01\/hornisse-1000x668.jpg 1000w, https:\/\/www.nabu-aachen.de\/wp-content\/uploads\/2018\/01\/hornisse.jpg 2000w, https:\/\/www.nabu-aachen.de\/wp-content\/uploads\/2018\/01\/hornisse-300x200@2x.jpg 600w\" sizes=\"auto, (max-width: 347px) 100vw, 347px\" \/><\/a><p id=\"caption-attachment-434\" class=\"wp-caption-text\">Hornisse. Foto: Ulrich Schwenk<\/p><\/div>\n<p>Die sozial lebenden Wespen, deren gr\u00f6\u00dfte Vertreterin mit bis zu vier Zentimetern K\u00f6rperl\u00e4nge die <strong>Hornisse (<em>Vespa crabro<\/em>)<\/strong> ist, werden von Taxonomen in vier Gruppen eingeteilt:<\/p>\n<p>\u2022\u00a0Langkopfwespen<br \/>\u2022\u00a0Kurzkopfwespen<br \/>\u2022 Hornissen<br \/>\u2022 Feldwespen<\/p>\n<p>Die Gruppen unterscheiden sich teilweise erheblich in ihrer Lebensweise und dies hat damit auch Einfluss auf unser Zusammenleben mit diesen Insekten.<\/p>\n<p>Allen drei Gruppen ist gemein, dass sie wie die Hummeln Sommerstaaten bilden. Eine einzelne K\u00f6nigin gr\u00fcndet im M\u00e4rz\/April (Hornissen erst ab Mitte Mai) nach der Winterruhe ihr Volk mit dem Bau der ersten Wabe. Die sozialen Wespen bauen diese im Gegensatz zu den Bienen nicht aus selbstproduziertem Wachs, sondern aus gesammeltem Holz. Ihre Waben h\u00e4ngen als Etagen \u00fcbereinander, wobei die Larven kopf\u00fcber in den unten offenen Zellen h\u00e4ngen.<\/p>\n<p>Die K\u00f6nigin legt in jede Zelle ein Ei und versorgt die schl\u00fcpfenden Larven mit erbeuteten Insekten, darunter viele Pflanzensch\u00e4dlinge und M\u00fccken und Fliegen. Die Arbeiterinnen selbst ben\u00f6tigen s\u00fc\u00dfe Futtermittel \u2013 je nach Art sind das Baums\u00e4fte, Bl\u00fctennektar oder Fallobst,\u00a0nur zwei der insgesamt 15 vorkommenden sozialen Wespenarten gehen an Nahrungsmittel des Menschen. Die Larven verpuppen sich anschlie\u00dfend und schl\u00fcpfen \u2013 rund vier Wochen nach der Nestgr\u00fcndung \u2013 als Arbeiterinnen. Sie \u00fcbernehmen den weiteren Ausbau des Nestes und die Brutversorgung, w\u00e4hrend sich die K\u00f6nigin auf die Eiablage beschr\u00e4nkt.<\/p>\n<p>Im Sommer werden gr\u00f6\u00dfere Wabenzellen gebaut, in denen Jungk\u00f6niginnen und M\u00e4nnchen (aus unbefruchteten Eiern) herangezogen werden. Nur die jungen K\u00f6niginnen \u00fcberwintern nach der Paarung. Die alte K\u00f6nigin, die M\u00e4nnchen und das Volk sterben im Herbst ab. Das leere Nest wird im n\u00e4chsten Jahr nicht wiederbesiedelt.<\/p>\n<p><strong>Kein Grund zur Panik<\/strong><\/p>\n<p>Nat\u00fcrlich k\u00f6nnen die Weibchen aller oben genannten Artengruppen stechen. Wespen und Hornissen sind jedoch weitaus ungef\u00e4hrlicher als viele Menschen glauben. So greifen Hornissen z. B. niemals grundlos an, sie sind sogar scheuer als Honigbienen und ziehen es immer vor, einem Konflikt durch Flucht auszuweichen.<\/p>\n<p>Mithilfe der richtigen Verhaltensweisen\u00a0k\u00f6nnen selbst Hornissen und Menschen friedliche Nachbarn werden. So ist es im Sommer ratsam, s\u00fc\u00dfe Nahrungsmittel im Freien abzudecken und Limonaden mit d\u00fcnnen Strohhalmen zu trinken. Au\u00dferdem ist es sinnvoll, nicht nach anfliegenden Tieren zu schlagen. St\u00f6rungen wie heftige Bewegungen, Blockieren der Flugbahn sowie Ersch\u00fctterungen am Nest m\u00fcssen nat\u00fcrlich grunds\u00e4tzlich vermieden werden. Mehr Tipps zum richtigen Umgang mit Wespen finden Sie <a href=\"https:\/\/www.nabu-aachen.de\/en\/der-richtige-umgang-mit-wespen-und-hornissen-20-tipps\/\" target=\"_blank\" rel=\"noopener noreferrer\">hier<\/a>.<\/p>\n<p><strong>Wespen sterben im Herbst<\/strong><\/p>\n<p>Wichtig zu wissen ist: Nach den ersten Frostn\u00e4chten im Herbst gehen die Wespen ein. Man kann ein Nest dann gefahrlos entfernen. Es empfiehlt sich, die Stelle gut zu s\u00e4ubern, denn Wespen orientieren sich am Geruch.<strong>\u00a0<\/strong>Wohnungssuchende K\u00f6niginnen\u00a0k\u00f6nnten sich sonst im n\u00e4chsten Jahr wieder an der Stelle einfinden, an der es \u201enach Wespe riecht\u201c.\u00a0 Ein Abdichten von Hohlr\u00e4umen mit geeigneten Materialien (Gitter, Lehm, M\u00f6rtel etc.) kann in vielen F\u00e4llen prophylaktisch sinnvoll sein, sollte aber in der Zeit zwischen Anfang Oktober und Ende Februar stattfinden.<\/p>\n<p>\u00a0<\/p>\n\n<ul class=\"wp-block-latest-posts__list is-grid columns-2 has-dates wp-block-latest-posts\"><li><div class=\"wp-block-latest-posts__featured-image alignleft\"><img loading=\"lazy\" decoding=\"async\" width=\"150\" height=\"150\" src=\"https:\/\/www.nabu-aachen.de\/wp-content\/uploads\/2025\/09\/Asiatische_Hornisse-150x150.jpg\" class=\"attachment-thumbnail size-thumbnail wp-post-image\" alt=\"\" style=\"\" srcset=\"https:\/\/www.nabu-aachen.de\/wp-content\/uploads\/2025\/09\/Asiatische_Hornisse-150x150.jpg 150w, https:\/\/www.nabu-aachen.de\/wp-content\/uploads\/2025\/09\/Asiatische_Hornisse-160x160.jpg 160w, https:\/\/www.nabu-aachen.de\/wp-content\/uploads\/2025\/09\/Asiatische_Hornisse-320x320.jpg 320w, https:\/\/www.nabu-aachen.de\/wp-content\/uploads\/2025\/09\/Asiatische_Hornisse-150x150@2x.jpg 300w\" sizes=\"auto, (max-width: 150px) 100vw, 150px\" \/><\/div><a class=\"wp-block-latest-posts__post-title\" href=\"https:\/\/www.nabu-aachen.de\/en\/infos-zur-asiatischen-hornisse\/\">Infos zur Asiatischen Hornisse\u00a0<\/a><time datetime=\"2026-03-18T10:00:29+01:00\" class=\"wp-block-latest-posts__post-date\">18. March 2026<\/time><div class=\"wp-block-latest-posts__post-excerpt\">Die Asiatische Hornisse (Vespa velutina) ist eine invasive, gebietsfremde Art, die vermutlich 2004&nbsp;mit T\u00f6pferwaren aus China nach S\u00fcdfrankreich eingeschleppt wurde. Zu ihrem Beutespektrum f\u00fcr&nbsp;die Larvenaufzucht z\u00e4hlen insbesondere im urbanen Raum \u00fcberwiegend Honigbienen. Sie besitzt&#46;&#46;&#46;<\/div><\/li>\n<li><div class=\"wp-block-latest-posts__featured-image alignleft\"><img loading=\"lazy\" decoding=\"async\" width=\"150\" height=\"150\" src=\"https:\/\/www.nabu-aachen.de\/wp-content\/uploads\/2025\/08\/Asiat.-Hornisse_Ulrich-Karin-Klein_NABU-naturgucker.de_-150x150.jpg\" class=\"attachment-thumbnail size-thumbnail wp-post-image\" alt=\"\" style=\"\" srcset=\"https:\/\/www.nabu-aachen.de\/wp-content\/uploads\/2025\/08\/Asiat.-Hornisse_Ulrich-Karin-Klein_NABU-naturgucker.de_-150x150.jpg 150w, https:\/\/www.nabu-aachen.de\/wp-content\/uploads\/2025\/08\/Asiat.-Hornisse_Ulrich-Karin-Klein_NABU-naturgucker.de_-160x160.jpg 160w, https:\/\/www.nabu-aachen.de\/wp-content\/uploads\/2025\/08\/Asiat.-Hornisse_Ulrich-Karin-Klein_NABU-naturgucker.de_-320x320.jpg 320w, https:\/\/www.nabu-aachen.de\/wp-content\/uploads\/2025\/08\/Asiat.-Hornisse_Ulrich-Karin-Klein_NABU-naturgucker.de_-150x150@2x.jpg 300w\" sizes=\"auto, (max-width: 150px) 100vw, 150px\" \/><\/div><a class=\"wp-block-latest-posts__post-title\" href=\"https:\/\/www.nabu-aachen.de\/en\/guck-mal-wer-da-summt\/\">Guck mal, wer da summt<\/a><time datetime=\"2025-08-04T12:30:20+02:00\" class=\"wp-block-latest-posts__post-date\">4. August 2025<\/time><div class=\"wp-block-latest-posts__post-excerpt\">Umwelt \/ Hornissen Guck mal, wer da summt NABU und NABU|naturgucker rufen dazu auf, Hornissen zu melden Berlin \u2013 Sie ist gekommen, um zu bleiben: Die Asiatische Hornisse breitet sich in Deutschland von West&#46;&#46;&#46;<\/div><\/li>\n<li><div class=\"wp-block-latest-posts__featured-image alignleft\"><img loading=\"lazy\" decoding=\"async\" width=\"150\" height=\"150\" src=\"https:\/\/www.nabu-aachen.de\/wp-content\/uploads\/2024\/05\/imgp0728_dxo-kopie-150x150.jpg\" class=\"attachment-thumbnail size-thumbnail wp-post-image\" alt=\"\" style=\"\" srcset=\"https:\/\/www.nabu-aachen.de\/wp-content\/uploads\/2024\/05\/imgp0728_dxo-kopie-150x150.jpg 150w, https:\/\/www.nabu-aachen.de\/wp-content\/uploads\/2024\/05\/imgp0728_dxo-kopie-160x160.jpg 160w, https:\/\/www.nabu-aachen.de\/wp-content\/uploads\/2024\/05\/imgp0728_dxo-kopie-320x320.jpg 320w, https:\/\/www.nabu-aachen.de\/wp-content\/uploads\/2024\/05\/imgp0728_dxo-kopie-150x150@2x.jpg 300w\" sizes=\"auto, (max-width: 150px) 100vw, 150px\" \/><\/div><a class=\"wp-block-latest-posts__post-title\" href=\"https:\/\/www.nabu-aachen.de\/en\/insektensommer-2024\/\">Insektensommer 2024<\/a><time datetime=\"2024-05-24T13:37:17+02:00\" class=\"wp-block-latest-posts__post-date\">24. May 2024<\/time><div class=\"wp-block-latest-posts__post-excerpt\">NABU-Insektensommer 2024: Sechsbeiner beobachten und kennenlernen Vom 31. Mai bis 9. Juni und vom 2. bis 11. August 2024 eine Stunde Insekten beobachten und z\u00e4hlen Insekten beobachten, an einer bundesweiten Aktion teilnehmen und dabei&#46;&#46;&#46;<\/div><\/li>\n<li><div class=\"wp-block-latest-posts__featured-image alignleft\"><img loading=\"lazy\" decoding=\"async\" width=\"150\" height=\"150\" src=\"https:\/\/www.nabu-aachen.de\/wp-content\/uploads\/2022\/08\/imgp8665_dxo-kopie-150x150.jpg\" class=\"attachment-thumbnail size-thumbnail wp-post-image\" alt=\"\" style=\"\" srcset=\"https:\/\/www.nabu-aachen.de\/wp-content\/uploads\/2022\/08\/imgp8665_dxo-kopie-150x150.jpg 150w, https:\/\/www.nabu-aachen.de\/wp-content\/uploads\/2022\/08\/imgp8665_dxo-kopie-160x160.jpg 160w, https:\/\/www.nabu-aachen.de\/wp-content\/uploads\/2022\/08\/imgp8665_dxo-kopie-320x320.jpg 320w, https:\/\/www.nabu-aachen.de\/wp-content\/uploads\/2022\/08\/imgp8665_dxo-kopie-150x150@2x.jpg 300w\" sizes=\"auto, (max-width: 150px) 100vw, 150px\" \/><\/div><a class=\"wp-block-latest-posts__post-title\" href=\"https:\/\/www.nabu-aachen.de\/en\/machen-hummeln-urlaub\/\">Machen Hummeln Urlaub?<\/a><time datetime=\"2022-08-09T17:30:56+02:00\" class=\"wp-block-latest-posts__post-date\">9. August 2022<\/time><div class=\"wp-block-latest-posts__post-excerpt\">NABU-Pressemeldung 08. August 2022 Insekten Machen Hummeln Urlaub? Insektensommer geht in die zweite Runde\/Vom 5. bis 14. August Sechsbeiner beobachten und z\u00e4hlen Aachen \u2013 F\u00fcr Urlaub und Sonnenbaden haben Hummeln nicht wirklich Zeit: Sie&#46;&#46;&#46;<\/div><\/li>\n<li><div class=\"wp-block-latest-posts__featured-image alignleft\"><img loading=\"lazy\" decoding=\"async\" width=\"150\" height=\"150\" src=\"https:\/\/www.nabu-aachen.de\/wp-content\/uploads\/2018\/07\/img_2330-150x150.jpg\" class=\"attachment-thumbnail size-thumbnail wp-post-image\" alt=\"\" style=\"\" srcset=\"https:\/\/www.nabu-aachen.de\/wp-content\/uploads\/2018\/07\/img_2330-150x150.jpg 150w, https:\/\/www.nabu-aachen.de\/wp-content\/uploads\/2018\/07\/img_2330-160x160.jpg 160w, https:\/\/www.nabu-aachen.de\/wp-content\/uploads\/2018\/07\/img_2330-320x320.jpg 320w, https:\/\/www.nabu-aachen.de\/wp-content\/uploads\/2018\/07\/img_2330-150x150@2x.jpg 300w, https:\/\/www.nabu-aachen.de\/wp-content\/uploads\/2018\/07\/img_2330-320x320@2x.jpg 640w\" sizes=\"auto, (max-width: 150px) 100vw, 150px\" \/><\/div><a class=\"wp-block-latest-posts__post-title\" href=\"https:\/\/www.nabu-aachen.de\/en\/ruhe-bewahren-bei-wespe-co\/\">Ruhe bewahren bei Wespe &#038; Co<\/a><time datetime=\"2022-07-30T18:09:34+02:00\" class=\"wp-block-latest-posts__post-date\">30. July 2022<\/time><div class=\"wp-block-latest-posts__post-excerpt\">So gelingt der friedliche Umgang mit den wehrhaften Insekten Das warme und trockene Fr\u00fchjahr hat g\u00fcnstige Voraussetzungen f\u00fcr die Entwicklung von Wespen- und Hornissenv\u00f6lkern geschaffen. Jetzt im Sommer haben die V\u00f6lker ihre h\u00f6chste Individuenzahl&#46;&#46;&#46;<\/div><\/li>\n<li><div class=\"wp-block-latest-posts__featured-image alignleft\"><img loading=\"lazy\" decoding=\"async\" width=\"150\" height=\"150\" src=\"https:\/\/www.nabu-aachen.de\/wp-content\/uploads\/2018\/07\/img_2330-150x150.jpg\" class=\"attachment-thumbnail size-thumbnail wp-post-image\" alt=\"\" style=\"\" srcset=\"https:\/\/www.nabu-aachen.de\/wp-content\/uploads\/2018\/07\/img_2330-150x150.jpg 150w, https:\/\/www.nabu-aachen.de\/wp-content\/uploads\/2018\/07\/img_2330-160x160.jpg 160w, https:\/\/www.nabu-aachen.de\/wp-content\/uploads\/2018\/07\/img_2330-320x320.jpg 320w, https:\/\/www.nabu-aachen.de\/wp-content\/uploads\/2018\/07\/img_2330-150x150@2x.jpg 300w, https:\/\/www.nabu-aachen.de\/wp-content\/uploads\/2018\/07\/img_2330-320x320@2x.jpg 640w\" sizes=\"auto, (max-width: 150px) 100vw, 150px\" \/><\/div><a class=\"wp-block-latest-posts__post-title\" href=\"https:\/\/www.nabu-aachen.de\/en\/der-richtige-umgang-mit-wespen-und-hornissen-20-tipps\/\">Der richtige Umgang mit Wespen und Hornissen &#8211; 20 Tipps<\/a><time datetime=\"2019-07-17T10:05:48+02:00\" class=\"wp-block-latest-posts__post-date\">17. July 2019<\/time><div class=\"wp-block-latest-posts__post-excerpt\">Hornissen und Wespen sind friedlicher als allgemein gedacht Ob der Sommer fr\u00fch oder sp\u00e4t in die G\u00e4nge kommt, auf eines ist Verlass: Zu Kuchen oder Eis im Freien gesellen sich schnell ungebetene G\u00e4ste. Wespen&#46;&#46;&#46;<\/div><\/li>\n<\/ul>","protected":false},"excerpt":{"rendered":"<p>Wespen (Vespinae)\u00a0 Es gibt einige Hundert Wespenarten in Deutschland. Davon sind aber den meisten lediglich die \u201el\u00e4stigen Wespen\u201c bekannt, die auf dem Kuchen sitzen oder als Erdwespen unangenehme Gartenbewohner sein k\u00f6nnen. Dabei sind nur&#46;&#46;&#46;<\/p>","protected":false},"author":3,"featured_media":434,"parent":0,"menu_order":0,"comment_status":"closed","ping_status":"closed","template":"","meta":{"_lmt_disableupdate":"","_lmt_disable":"","footnotes":""},"categories":[4],"tags":[],"class_list":["post-433","page","type-page","status-publish","has-post-thumbnail","hentry","category-tiere-pflanzen"],"_links":{"self":[{"href":"https:\/\/www.nabu-aachen.de\/en\/wp-json\/wp\/v2\/pages\/433","targetHints":{"allow":["GET"]}}],"collection":[{"href":"https:\/\/www.nabu-aachen.de\/en\/wp-json\/wp\/v2\/pages"}],"about":[{"href":"https:\/\/www.nabu-aachen.de\/en\/wp-json\/wp\/v2\/types\/page"}],"author":[{"embeddable":true,"href":"https:\/\/www.nabu-aachen.de\/en\/wp-json\/wp\/v2\/users\/3"}],"replies":[{"embeddable":true,"href":"https:\/\/www.nabu-aachen.de\/en\/wp-json\/wp\/v2\/comments?post=433"}],"version-history":[{"count":17,"href":"https:\/\/www.nabu-aachen.de\/en\/wp-json\/wp\/v2\/pages\/433\/revisions"}],"predecessor-version":[{"id":3078,"href":"https:\/\/www.nabu-aachen.de\/en\/wp-json\/wp\/v2\/pages\/433\/revisions\/3078"}],"wp:featuredmedia":[{"embeddable":true,"href":"https:\/\/www.nabu-aachen.de\/en\/wp-json\/wp\/v2\/media\/434"}],"wp:attachment":[{"href":"https:\/\/www.nabu-aachen.de\/en\/wp-json\/wp\/v2\/media?parent=433"}],"wp:term":[{"taxonomy":"category","embeddable":true,"href":"https:\/\/www.nabu-aachen.de\/en\/wp-json\/wp\/v2\/categories?post=433"},{"taxonomy":"post_tag","embeddable":true,"href":"https:\/\/www.nabu-aachen.de\/en\/wp-json\/wp\/v2\/tags?post=433"}],"curies":[{"name":"wp","href":"https:\/\/api.w.org\/{rel}","templated":true}]}}