{"id":44,"date":"2017-11-16T21:02:46","date_gmt":"2017-11-16T20:02:46","guid":{"rendered":"http:\/\/www.nabu-aachen.de\/?page_id=44"},"modified":"2020-09-16T16:09:47","modified_gmt":"2020-09-16T14:09:47","slug":"seite-zu-unterpunkt-2-schutzgebiet","status":"publish","type":"page","link":"https:\/\/www.nabu-aachen.de\/en\/seite-zu-unterpunkt-2-schutzgebiet\/","title":{"rendered":"Senserbach wetland"},"content":{"rendered":"<p><strong>Location: <\/strong>In the Senserbach valley near Lemiers on the German-Dutch border<\/p>\n<div id=\"attachment_542\" style=\"width: 310px\" class=\"wp-caption alignright\"><img loading=\"lazy\" decoding=\"async\" aria-describedby=\"caption-attachment-542\" class=\"size-medium wp-image-542\" src=\"https:\/\/www.nabu-aachen.de\/wp-content\/uploads\/2018\/01\/Senserbach_MA_kl_DSCN9436_-300x225.jpg\" alt=\"\" width=\"300\" height=\"225\" srcset=\"https:\/\/www.nabu-aachen.de\/wp-content\/uploads\/2018\/01\/Senserbach_MA_kl_DSCN9436_-300x225.jpg 300w, https:\/\/www.nabu-aachen.de\/wp-content\/uploads\/2018\/01\/Senserbach_MA_kl_DSCN9436_.jpg 407w\" sizes=\"auto, (max-width: 300px) 100vw, 300px\" \/><p id=\"caption-attachment-542\" class=\"wp-caption-text\">Foto: Dr. Manfred Aletsee<\/p><\/div>\n<p><strong>Size:<\/strong> 3.1 hectares<\/p>\n<p><strong>Protected status: <\/strong>Protected landscape feature<\/p>\n<p><strong>Biotope\/geography\/geology:<\/strong> Wet meadow and pond on Pleistocene alluvial loam and slopes on limestone marl.<\/p>\n<p><strong>Conservation purpose:<\/strong> Structurally rich wet and dry grassland with spring, former reservoir, wooded slopes, stream banks, reedbeds, tall herbaceous meadows.<br \/>Breeding and feeding habitat for marsh warbler, reed warbler, yellowhammer, kingfisher, turtle dove, pond rail, coot rail, little grebe, green woodpecker, grey heron, Egyptian goose.<br \/>Stepping stone biotope for migratory birds: garganey, pintail, water rail, wood sandpiper, little ringed plover.<br \/>Establishment of a new orchard with tall old varieties (e.g. Rheinischer Bohnapfel, Sch\u00f6ner von Boskoop).<br \/>Valuable spawning biotope for amphibians such as the common toad, grass frog, alpine newt and pond newt.<br \/>Remarkable plant occurrences (e.g. nodding celery, nodding two-toothed, perennial heather)<\/p>\n<p><strong>Maintenance:<\/strong> Extensive grazing with sheep, maintenance of pollarded willows, sludge removal from watercourses.<\/p>\n<p><strong>Funding: <\/strong>The NABU Aachen city association acquired the area in 1998 with financial support from private donors and the \"Aachener Revier\" nature conservation program. The creation of the orchard and the desilting of the pond were funded by the City of Aachen (1999).<br \/>Maintenance is carried out by the NABU nature conservation station in Aachen.<\/p>\n<p>\u00a0<\/p>\n\n<ul class=\"wp-block-latest-posts__list is-grid columns-2 has-dates wp-block-latest-posts\"><li><div class=\"wp-block-latest-posts__featured-image alignleft\"><img loading=\"lazy\" decoding=\"async\" width=\"150\" height=\"150\" src=\"https:\/\/www.nabu-aachen.de\/wp-content\/uploads\/2018\/01\/nabu_schutzgebiete-150x150.jpg\" class=\"attachment-thumbnail size-thumbnail wp-post-image\" alt=\"\" style=\"\" srcset=\"https:\/\/www.nabu-aachen.de\/wp-content\/uploads\/2018\/01\/nabu_schutzgebiete-150x150.jpg 150w, https:\/\/www.nabu-aachen.de\/wp-content\/uploads\/2018\/01\/nabu_schutzgebiete-160x160.jpg 160w, https:\/\/www.nabu-aachen.de\/wp-content\/uploads\/2018\/01\/nabu_schutzgebiete-320x320.jpg 320w, https:\/\/www.nabu-aachen.de\/wp-content\/uploads\/2018\/01\/nabu_schutzgebiete-150x150@2x.jpg 300w\" sizes=\"auto, (max-width: 150px) 100vw, 150px\" \/><\/div><a class=\"wp-block-latest-posts__post-title\" href=\"https:\/\/www.nabu-aachen.de\/en\/nabu-schutzgebiete\/\">NABU conservation areas<\/a><time datetime=\"2018-01-31T11:53:07+01:00\" class=\"wp-block-latest-posts__post-date\">31. January 2018<\/time><div class=\"wp-block-latest-posts__post-excerpt\">Die\u00a0Schutzgebiete des NABU Aachen\u00a0sind wichtige Zentren f\u00fcr den nachhaltigen Schutz der Arten- und Lebensraumvielfalt in Aachen. Sie repr\u00e4sentieren die Vielfalt naturnaher Lebensr\u00e4ume und historisch gewachsener Kulturlebensr\u00e4ume in unserer Region. Landwirtschaftlich gepr\u00e4gte Lebensr\u00e4ume werden in&#46;&#46;&#46;<\/div><\/li>\n<li><a class=\"wp-block-latest-posts__post-title\" href=\"https:\/\/www.nabu-aachen.de\/en\/naturwanderung-gegen-geplante-radwegtrasse\/\">Naturwanderung gegen geplante Radwegtrasse<\/a><time datetime=\"2016-01-18T13:16:25+01:00\" class=\"wp-block-latest-posts__post-date\">18. January 2016<\/time><div class=\"wp-block-latest-posts__post-excerpt\">Pressemeldung des NABU-Stadtverbandes Aachen Datum: 18.01.2016 NABU Aachen und Bu\u0308rgerinitiative Vallei Lemiers informierten die mehr als 100 Teilnehmer u\u0308ber die Auswirkungen des geplanten Radwegs auf das Senserbachtal Aachen \/ Lemiers &#8211; Erst vor kurzem&#46;&#46;&#46;<\/div><\/li>\n<\/ul>","protected":false},"excerpt":{"rendered":"<p>Lage: Im Senserbachtal bei Lemiers an der deutsch-niederl\u00e4ndischen Grenze Gr\u00f6\u00dfe: 3,1 Hektar Schutzstatus: Gesch\u00fctzter Landschaftsbestandteil Biotop\/Geographie\/Geologie: Feuchtwiese und Weiher auf pleistoz\u00e4nen Auenlehmen und B\u00f6schungen auf Kalkmergel. Schutzzweck: Strukturreiches Feucht- und Trockengr\u00fcnland mit Quelle, ehemaligem&#46;&#46;&#46;<\/p>","protected":false},"author":3,"featured_media":542,"parent":0,"menu_order":0,"comment_status":"closed","ping_status":"closed","template":"","meta":{"_lmt_disableupdate":"","_lmt_disable":"","footnotes":""},"categories":[3],"tags":[],"class_list":["post-44","page","type-page","status-publish","has-post-thumbnail","hentry","category-schutzgebiete"],"_links":{"self":[{"href":"https:\/\/www.nabu-aachen.de\/en\/wp-json\/wp\/v2\/pages\/44","targetHints":{"allow":["GET"]}}],"collection":[{"href":"https:\/\/www.nabu-aachen.de\/en\/wp-json\/wp\/v2\/pages"}],"about":[{"href":"https:\/\/www.nabu-aachen.de\/en\/wp-json\/wp\/v2\/types\/page"}],"author":[{"embeddable":true,"href":"https:\/\/www.nabu-aachen.de\/en\/wp-json\/wp\/v2\/users\/3"}],"replies":[{"embeddable":true,"href":"https:\/\/www.nabu-aachen.de\/en\/wp-json\/wp\/v2\/comments?post=44"}],"version-history":[{"count":8,"href":"https:\/\/www.nabu-aachen.de\/en\/wp-json\/wp\/v2\/pages\/44\/revisions"}],"predecessor-version":[{"id":3080,"href":"https:\/\/www.nabu-aachen.de\/en\/wp-json\/wp\/v2\/pages\/44\/revisions\/3080"}],"wp:featuredmedia":[{"embeddable":true,"href":"https:\/\/www.nabu-aachen.de\/en\/wp-json\/wp\/v2\/media\/542"}],"wp:attachment":[{"href":"https:\/\/www.nabu-aachen.de\/en\/wp-json\/wp\/v2\/media?parent=44"}],"wp:term":[{"taxonomy":"category","embeddable":true,"href":"https:\/\/www.nabu-aachen.de\/en\/wp-json\/wp\/v2\/categories?post=44"},{"taxonomy":"post_tag","embeddable":true,"href":"https:\/\/www.nabu-aachen.de\/en\/wp-json\/wp\/v2\/tags?post=44"}],"curies":[{"name":"wp","href":"https:\/\/api.w.org\/{rel}","templated":true}]}}