{"id":4466,"date":"2022-01-18T16:20:52","date_gmt":"2022-01-18T15:20:52","guid":{"rendered":"https:\/\/www.nabu-aachen.de\/?page_id=4466"},"modified":"2022-01-18T16:20:53","modified_gmt":"2022-01-18T15:20:53","slug":"bildungsort-im-floriansdorf","status":"publish","type":"page","link":"https:\/\/www.nabu-aachen.de\/en\/bildungsort-im-floriansdorf\/","title":{"rendered":"Bildungsort im Floriansdorf"},"content":{"rendered":"<ul class=\"wp-block-latest-posts__list is-grid columns-2 has-dates wp-block-latest-posts\"><li><div class=\"wp-block-latest-posts__featured-image\"><img loading=\"lazy\" decoding=\"async\" width=\"150\" height=\"150\" src=\"https:\/\/www.nabu-aachen.de\/wp-content\/uploads\/2021\/09\/imgp2749_dxo-150x150.jpg\" class=\"attachment-thumbnail size-thumbnail wp-post-image\" alt=\"\" style=\"\" srcset=\"https:\/\/www.nabu-aachen.de\/wp-content\/uploads\/2021\/09\/imgp2749_dxo-150x150.jpg 150w, https:\/\/www.nabu-aachen.de\/wp-content\/uploads\/2021\/09\/imgp2749_dxo-160x160.jpg 160w, https:\/\/www.nabu-aachen.de\/wp-content\/uploads\/2021\/09\/imgp2749_dxo-320x320.jpg 320w, https:\/\/www.nabu-aachen.de\/wp-content\/uploads\/2021\/09\/imgp2749_dxo-150x150@2x.jpg 300w\" sizes=\"auto, (max-width: 150px) 100vw, 150px\" \/><\/div><a class=\"wp-block-latest-posts__post-title\" href=\"https:\/\/www.nabu-aachen.de\/en\/kooperation-zwischen-feuerwehr-und-nabu-floriansdorf-wird-umweltbildungszentrum\/\">Kooperation zwischen Feuerwehr und NABU \u2013 Floriansdorf wird Umweltbildungszentrum<\/a><time datetime=\"2021-09-02T16:02:39+02:00\" class=\"wp-block-latest-posts__post-date\">2. September 2021<\/time><div class=\"wp-block-latest-posts__post-excerpt\">NABU-Pressemeldung Umweltbildung Kooperation zwischen Feuerwehr und NABU \u2013 Floriansdorf wird Umweltbildungszentrum Aachen \u2013 Urspr\u00fcnglich von dem Feuerwehrverband Aachen gegr\u00fcndet, um Brandschutz\u00fcbungen f\u00fcr Kinder durchzuf\u00fchren, hat sich das Floriansdorf auf dem Campus Melaten mittlerweile zu&#46;&#46;&#46;<\/div><\/li>\n<li><div class=\"wp-block-latest-posts__featured-image\"><img loading=\"lazy\" decoding=\"async\" width=\"150\" height=\"150\" src=\"https:\/\/www.nabu-aachen.de\/wp-content\/uploads\/2021\/07\/img_7530-150x150.jpg\" class=\"attachment-thumbnail size-thumbnail wp-post-image\" alt=\"\" style=\"\" srcset=\"https:\/\/www.nabu-aachen.de\/wp-content\/uploads\/2021\/07\/img_7530-150x150.jpg 150w, https:\/\/www.nabu-aachen.de\/wp-content\/uploads\/2021\/07\/img_7530-160x160.jpg 160w, https:\/\/www.nabu-aachen.de\/wp-content\/uploads\/2021\/07\/img_7530-320x320.jpg 320w, https:\/\/www.nabu-aachen.de\/wp-content\/uploads\/2021\/07\/img_7530-150x150@2x.jpg 300w\" sizes=\"auto, (max-width: 150px) 100vw, 150px\" \/><\/div><a class=\"wp-block-latest-posts__post-title\" href=\"https:\/\/www.nabu-aachen.de\/en\/das-floriansdorf-aachen\/\">Das Floriansdorf Aachen<\/a><time datetime=\"2021-07-28T11:02:29+02:00\" class=\"wp-block-latest-posts__post-date\">28. July 2021<\/time><div class=\"wp-block-latest-posts__post-excerpt\">Das Floriansdorf Aachen &#8211; seit 2015 ist auch der NABU Aachen hier aktiv. Angefangen hat es damit, dass wir die Pflege des dortigen Giftpflanzengartens \u00fcbernommen haben und sich aus diesem Engagement der Arbeitskreis Naturgarten&#46;&#46;&#46;<\/div><\/li>\n<\/ul>","protected":false},"excerpt":{"rendered":"","protected":false},"author":3,"featured_media":0,"parent":0,"menu_order":0,"comment_status":"closed","ping_status":"closed","template":"","meta":{"_lmt_disableupdate":"","_lmt_disable":"","footnotes":""},"categories":[],"tags":[],"class_list":["post-4466","page","type-page","status-publish","hentry"],"_links":{"self":[{"href":"https:\/\/www.nabu-aachen.de\/en\/wp-json\/wp\/v2\/pages\/4466","targetHints":{"allow":["GET"]}}],"collection":[{"href":"https:\/\/www.nabu-aachen.de\/en\/wp-json\/wp\/v2\/pages"}],"about":[{"href":"https:\/\/www.nabu-aachen.de\/en\/wp-json\/wp\/v2\/types\/page"}],"author":[{"embeddable":true,"href":"https:\/\/www.nabu-aachen.de\/en\/wp-json\/wp\/v2\/users\/3"}],"replies":[{"embeddable":true,"href":"https:\/\/www.nabu-aachen.de\/en\/wp-json\/wp\/v2\/comments?post=4466"}],"version-history":[{"count":2,"href":"https:\/\/www.nabu-aachen.de\/en\/wp-json\/wp\/v2\/pages\/4466\/revisions"}],"predecessor-version":[{"id":4468,"href":"https:\/\/www.nabu-aachen.de\/en\/wp-json\/wp\/v2\/pages\/4466\/revisions\/4468"}],"wp:attachment":[{"href":"https:\/\/www.nabu-aachen.de\/en\/wp-json\/wp\/v2\/media?parent=4466"}],"wp:term":[{"taxonomy":"category","embeddable":true,"href":"https:\/\/www.nabu-aachen.de\/en\/wp-json\/wp\/v2\/categories?post=4466"},{"taxonomy":"post_tag","embeddable":true,"href":"https:\/\/www.nabu-aachen.de\/en\/wp-json\/wp\/v2\/tags?post=4466"}],"curies":[{"name":"wp","href":"https:\/\/api.w.org\/{rel}","templated":true}]}}