{"id":449,"date":"2017-10-24T15:18:14","date_gmt":"2017-10-24T13:18:14","guid":{"rendered":"http:\/\/www.nabu-aachen.de\/?page_id=449"},"modified":"2020-09-16T16:04:15","modified_gmt":"2020-09-16T14:04:15","slug":"gelbbauchunke","status":"publish","type":"page","link":"https:\/\/www.nabu-aachen.de\/en\/gelbbauchunke\/","title":{"rendered":"Gelbbauchunke"},"content":{"rendered":"<p><strong>Gelbbauchunke (<em>Bombina variegata<\/em>)<\/strong><\/p>\n<div id=\"attachment_456\" style=\"width: 310px\" class=\"wp-caption alignleft\"><a href=\"https:\/\/www.nabu-aachen.de\/wp-content\/uploads\/2018\/01\/gelbbauchunke-im-wasser.jpg\"><img loading=\"lazy\" decoding=\"async\" aria-describedby=\"caption-attachment-456\" class=\"wp-image-456 size-medium\" src=\"https:\/\/www.nabu-aachen.de\/wp-content\/uploads\/2018\/01\/gelbbauchunke-im-wasser-300x225.jpg\" alt=\"\" width=\"300\" height=\"225\" srcset=\"https:\/\/www.nabu-aachen.de\/wp-content\/uploads\/2018\/01\/gelbbauchunke-im-wasser-300x225.jpg 300w, https:\/\/www.nabu-aachen.de\/wp-content\/uploads\/2018\/01\/gelbbauchunke-im-wasser.jpg 513w\" sizes=\"auto, (max-width: 300px) 100vw, 300px\" \/><\/a><p id=\"caption-attachment-456\" class=\"wp-caption-text\">Foto: Dr. Manfred Aletsee<\/p><\/div>\n<p><strong>Die Gelbbauchunke in Aachen<\/strong><br>Die Gelbbauchunke (<em>Bombina variegata<\/em>)hat im Bereich Aachen-Stolberg eines der gr\u00f6\u00dften nordrhein-westf\u00e4lischen Vorkommen. Als Amphibienart mit besonderem europ\u00e4ischen Schutzstatus entsprechend der Fauna-Flora-Habitat Richtlinie hat Aachen an der Nordgrenze des Verbreitungsareals eine besondere Verantwortung. Die Population verteilt sich auf kleine Metapopulationen, die vorwiegend Sekund\u00e4rstandorte wie Steinbr\u00fcche und Truppen\u00fcbungspl\u00e4tze besiedeln. Einzelne naturnahe Vorkommen befinden sich im Indetal zwischen Kornelim\u00fcnster und M\u00fcnsterbusch. Die Gr\u00f6\u00dfe dieser Populationen sollen erfasst werden, um f\u00fcr zuk\u00fcnftigen Schutzkonzeptionen eine Datengrundlage zu erarbeiten.<\/p>\n<p>Der Gelbbauchunkenschutz in Aachen durch die NABU-Naturschutzstation ist Teil des&nbsp;NABU-Projekts \u201eSt\u00e4rkung und Vernetzung von Gelbbauchunken-Vorkommen in Deutschland\u201c, welches am 9. November 2017 als offizielles Projekt der UN-Dekade Biologische Vielfalt ausgezeichnet wurde.<\/p>\n<p><strong>Merkmale<\/strong><br>Gelbbauchunken werden etwa 3,5 bis 4,5 cm gro\u00df.&nbsp;&nbsp;Die Pupillen der Unken sind herz- oder tropfenf\u00f6rmig, wohingegen sie bei allen anderen Froschlurchen oval bis elliptisch sind. Die Oberseite ist rau und warzig, zumeist einfarbig lehmfarben oder br\u00e4unlich, seltener gr\u00fcnlich oder schw\u00e4rzlich. Die&nbsp;Bauchseite ist auffallend gelb-orange gefleckt. Das Muster ist von Tier zu Tier verschieden \u2013 wie ein Daumenabdruck \u2013 was eine Unterscheidung der einzelnen Individuen erm\u00f6glicht.<\/p>\n<div id=\"attachment_457\" style=\"width: 310px\" class=\"wp-caption alignleft\"><a href=\"https:\/\/www.nabu-aachen.de\/wp-content\/uploads\/2018\/01\/gelbbauchunke-unterseite.jpg\"><img loading=\"lazy\" decoding=\"async\" aria-describedby=\"caption-attachment-457\" class=\"wp-image-457 size-medium\" src=\"https:\/\/www.nabu-aachen.de\/wp-content\/uploads\/2018\/01\/gelbbauchunke-unterseite-300x278.jpg\" alt=\"\" width=\"300\" height=\"278\" srcset=\"https:\/\/www.nabu-aachen.de\/wp-content\/uploads\/2018\/01\/gelbbauchunke-unterseite-300x278.jpg 300w, https:\/\/www.nabu-aachen.de\/wp-content\/uploads\/2018\/01\/gelbbauchunke-unterseite.jpg 413w\" sizes=\"auto, (max-width: 300px) 100vw, 300px\" \/><\/a><p id=\"caption-attachment-457\" class=\"wp-caption-text\">Die individuelle schwarz-gelbe Zeichnung dient der Erfassung einzelner Individuen. Foto: Dr. Manfred Aletsee<\/p><\/div>\n<p><strong>Lebensraum<\/strong><br>Der urspr\u00fcngliche Lebensraum der Gelbbauchunke sind die Auen der nat\u00fcrlichen Flie\u00dfgew\u00e4sser. Dort entstehen die von der Unke ben\u00f6tigten Fortpflanzungs- und Aufenthaltsgew\u00e4sser in Form von Kleingew\u00e4ssern ohne Pflanzenbewuchs als Folge regelm\u00e4\u00dfig auftretender Hochwasser st\u00e4ndig neu. Da nat\u00fcrliche oder naturnahe Auen in Mitteleuropa weitgehend verschwunden sind, ist die Unke heute vor allem dort anzutreffen, wo der Mensch daf\u00fcr sorgt, dass st\u00e4ndig neue Kleingew\u00e4sser entstehen \u2013 sei es in Kies-, Sand- oder Tongruben, in Steinbr\u00fcchen oder in Form von wassergef\u00fcllten Fahrspuren oder wegbegleitenden Gr\u00e4ben auf Truppen\u00fcbungspl\u00e4tzen oder im Wald. Stellenweise nutzt die Gelbbauchunke auch flach \u00fcberstaute Quells\u00fcmpfe bzw. Bereiche mit Hangdruckwasser; oft werden diese Bereiche als Viehweiden genutzt, dort entwickeln sich die Kaulquappen in den Trittspuren.<\/p>\n<p><strong>Gef\u00e4hrdung und Schutz<\/strong><br>Die Gelbbauchunke ist haupts\u00e4chlich durch den Verlust geeigneter Laichgew\u00e4sser und die Verinselung der Vorkommen gef\u00e4hrdet.<\/p>\n<p>Die Gelbbauchunke ist in Anhang II der Fauna-Flora-Habitat-Richtlinie (FFH-Richtlinie) der EU als Tierart, f\u00fcr deren Erhaltung besondere Schutzgebiete ausgewiesen werden m\u00fcssen, und in Anhang IV der FFH-Richtlinie als streng zu sch\u00fctzende Tierart von gemeinschaftlichem Interesse aufgef\u00fchrt.<\/p>\n<p>Rote Liste NRW (2010): Vom Aussterben bedroht<\/p>\n<p><\/p>\n\n<ul class=\"wp-block-latest-posts__list is-grid columns-2 has-dates wp-block-latest-posts\"><li><div class=\"wp-block-latest-posts__featured-image alignleft\"><img loading=\"lazy\" decoding=\"async\" width=\"150\" height=\"150\" src=\"https:\/\/www.nabu-aachen.de\/wp-content\/uploads\/2021\/02\/almuth_adieu3-kopie-150x150.jpeg\" class=\"attachment-thumbnail size-thumbnail wp-post-image\" alt=\"\" style=\"\" srcset=\"https:\/\/www.nabu-aachen.de\/wp-content\/uploads\/2021\/02\/almuth_adieu3-kopie-150x150.jpeg 150w, https:\/\/www.nabu-aachen.de\/wp-content\/uploads\/2021\/02\/almuth_adieu3-kopie-160x160.jpeg 160w, https:\/\/www.nabu-aachen.de\/wp-content\/uploads\/2021\/02\/almuth_adieu3-kopie-320x320.jpeg 320w, https:\/\/www.nabu-aachen.de\/wp-content\/uploads\/2021\/02\/almuth_adieu3-kopie-150x150@2x.jpeg 300w, https:\/\/www.nabu-aachen.de\/wp-content\/uploads\/2021\/02\/almuth_adieu3-kopie-320x320@2x.jpeg 640w\" sizes=\"auto, (max-width: 150px) 100vw, 150px\" \/><\/div><a class=\"wp-block-latest-posts__post-title\" href=\"https:\/\/www.nabu-aachen.de\/en\/hilfe-fuer-verletzte-wildtiere\/\">Hilfe f\u00fcr verletzte Wildtiere<\/a><time datetime=\"2025-12-02T11:47:21+01:00\" class=\"wp-block-latest-posts__post-date\">2. December 2025<\/time><div class=\"wp-block-latest-posts__post-excerpt\">Der Anfang ist gemacht- Der Verein Wildtierstation Nordrhein e.V. ist gegru\u0308ndet! Du\u0308ren &#8211; Am 1. Oktober gru\u0308ndeten acht dem Naturschutz verpflichtete Vereine im Mariaweiler Hof den Verein \u201eWildtierstatioon Nordrhein e.V.\u201c. Alle Gru\u0308ndungs-Vereine verbindet der&#46;&#46;&#46;<\/div><\/li>\n<li><a class=\"wp-block-latest-posts__post-title\" href=\"https:\/\/www.nabu-aachen.de\/en\/bauch-zeigen\/\">Bauch zeigen<\/a><time datetime=\"2013-11-01T15:58:27+01:00\" class=\"wp-block-latest-posts__post-date\">1. November 2013<\/time><div class=\"wp-block-latest-posts__post-excerpt\">Bericht&nbsp;aus: Naturschutz in NRW 4\/2013 Datum: 01.11.2013 Autoren: Dr. Manfred Aletsee, Bernd Pieper Biometrische Fotoerfassung der Gelbbauchunke&nbsp; Die NABU-Naturschutzstation Aachen ist Partner des bundesweiten, vom Bundesamt f\u00fcr Naturschutz (BfN) gef\u00f6rderten Projekts \u201eSt\u00e4rkung und Vernetzung&#46;&#46;&#46;<\/div><\/li>\n<li><a class=\"wp-block-latest-posts__post-title\" href=\"https:\/\/www.nabu-aachen.de\/en\/hoffnung-fuer-die-gelbbauchunke\/\">Hoffnung f\u00fcr die Gelbbauchunke<\/a><time datetime=\"2012-07-14T13:32:55+02:00\" class=\"wp-block-latest-posts__post-date\">14. July 2012<\/time><div class=\"wp-block-latest-posts__post-excerpt\">Gemeinsame Pressemeldung von BMU, BfN und NABU Datum: 14.07.2012 Bundesprogramm Biologische Vielfalt f\u00f6rdert die \u201eSt\u00e4rkung und Vernetzung von Gelbbauchunken-Vorkommen in Deutschland\u201c Obernkirchen-Liekwegen\/Hannover\/Bonn \u2013 Heute (13. Juli) wird im Steinbruch Liekwegen der Start des Projektes&#46;&#46;&#46;<\/div><\/li>\n<\/ul>","protected":false},"excerpt":{"rendered":"<p>Gelbbauchunke (Bombina variegata) Die Gelbbauchunke in AachenDie Gelbbauchunke (Bombina variegata)hat im Bereich Aachen-Stolberg eines der gr\u00f6\u00dften nordrhein-westf\u00e4lischen Vorkommen. Als Amphibienart mit besonderem europ\u00e4ischen Schutzstatus entsprechend der Fauna-Flora-Habitat Richtlinie hat Aachen an der Nordgrenze des&#46;&#46;&#46;<\/p>","protected":false},"author":3,"featured_media":456,"parent":0,"menu_order":0,"comment_status":"closed","ping_status":"closed","template":"","meta":{"_lmt_disableupdate":"","_lmt_disable":"","footnotes":""},"categories":[4],"tags":[],"class_list":["post-449","page","type-page","status-publish","has-post-thumbnail","hentry","category-tiere-pflanzen"],"_links":{"self":[{"href":"https:\/\/www.nabu-aachen.de\/en\/wp-json\/wp\/v2\/pages\/449","targetHints":{"allow":["GET"]}}],"collection":[{"href":"https:\/\/www.nabu-aachen.de\/en\/wp-json\/wp\/v2\/pages"}],"about":[{"href":"https:\/\/www.nabu-aachen.de\/en\/wp-json\/wp\/v2\/types\/page"}],"author":[{"embeddable":true,"href":"https:\/\/www.nabu-aachen.de\/en\/wp-json\/wp\/v2\/users\/3"}],"replies":[{"embeddable":true,"href":"https:\/\/www.nabu-aachen.de\/en\/wp-json\/wp\/v2\/comments?post=449"}],"version-history":[{"count":15,"href":"https:\/\/www.nabu-aachen.de\/en\/wp-json\/wp\/v2\/pages\/449\/revisions"}],"predecessor-version":[{"id":3074,"href":"https:\/\/www.nabu-aachen.de\/en\/wp-json\/wp\/v2\/pages\/449\/revisions\/3074"}],"wp:featuredmedia":[{"embeddable":true,"href":"https:\/\/www.nabu-aachen.de\/en\/wp-json\/wp\/v2\/media\/456"}],"wp:attachment":[{"href":"https:\/\/www.nabu-aachen.de\/en\/wp-json\/wp\/v2\/media?parent=449"}],"wp:term":[{"taxonomy":"category","embeddable":true,"href":"https:\/\/www.nabu-aachen.de\/en\/wp-json\/wp\/v2\/categories?post=449"},{"taxonomy":"post_tag","embeddable":true,"href":"https:\/\/www.nabu-aachen.de\/en\/wp-json\/wp\/v2\/tags?post=449"}],"curies":[{"name":"wp","href":"https:\/\/api.w.org\/{rel}","templated":true}]}}