{"id":46,"date":"2017-09-10T16:05:41","date_gmt":"2017-09-10T14:05:41","guid":{"rendered":"http:\/\/www.nabu-aachen.de\/?page_id=46"},"modified":"2020-09-16T16:05:03","modified_gmt":"2020-09-16T14:05:03","slug":"46-2","status":"publish","type":"page","link":"https:\/\/www.nabu-aachen.de\/en\/46-2\/","title":{"rendered":"Kiebitz"},"content":{"rendered":"<p><strong>Kiebitz (<em><i>Vanellus vanellus<\/i><\/em>)<\/strong><\/p>\n<div id=\"attachment_443\" style=\"width: 360px\" class=\"wp-caption alignleft\"><a href=\"https:\/\/www.nabu-aachen.de\/wp-content\/uploads\/2018\/01\/kiebitzschutz_orsbach.jpg\"><img loading=\"lazy\" decoding=\"async\" aria-describedby=\"caption-attachment-443\" class=\"wp-image-443\" src=\"https:\/\/www.nabu-aachen.de\/wp-content\/uploads\/2018\/01\/kiebitzschutz_orsbach-300x199.jpg\" alt=\"\" width=\"350\" height=\"232\" srcset=\"https:\/\/www.nabu-aachen.de\/wp-content\/uploads\/2018\/01\/kiebitzschutz_orsbach-300x199.jpg 300w, https:\/\/www.nabu-aachen.de\/wp-content\/uploads\/2018\/01\/kiebitzschutz_orsbach-1000x665.jpg 1000w, https:\/\/www.nabu-aachen.de\/wp-content\/uploads\/2018\/01\/kiebitzschutz_orsbach.jpg 2000w, https:\/\/www.nabu-aachen.de\/wp-content\/uploads\/2018\/01\/kiebitzschutz_orsbach-300x199@2x.jpg 600w\" sizes=\"auto, (max-width: 350px) 100vw, 350px\" \/><\/a><p id=\"caption-attachment-443\" class=\"wp-caption-text\">Kiebitz in Orsbach. Foto: Ulrich Schwenk<\/p><\/div>\n<p><strong>Der Kiebitz in Aachen<\/strong><br \/>Im Jahr 2017 f\u00fchrte der Arbeitskreis Ornithologie des NABU Aachen eine Feldvogelkartierung im Aachener Stadtgebiet durch, wobei unter anderem die Best\u00e4nde des Kiebitz\u2018 (<em><i>Vanellus vanellus<\/i><\/em>) erfasst wurden.\u00a0Es konnten zw\u00f6lf Reviere und zehn Gelege festgestellt werden. F\u00fcnf Gelege wurden in Zusammenarbeit mit der NABU-Naturschutzstation Aachen direkt vor der Zerst\u00f6rung durch landwirtschaftliches Ger\u00e4t gerettet. Dies geschah durch eine Markierung der Gelege mit langen Holzst\u00e4ben und in guter Zusammenarbeit mit den hiesigen Landwirten. Ziel der Markierung ist es, dass ein schmaler Streifen mit dem Gelege bei der Bearbeitung ausgespart und somit gesch\u00fctzt wird.<\/p>\n<p><strong>Merkmale<\/strong><br \/>Der Kiebitz ist etwa taubengro\u00df (28 bis 32 cm). Durch den Kontrast zwischen schwarzer Oberseite mit gr\u00fcnlich schimmerndem Metallglanz, wei\u00dfer Unterseite mit schwarzem Brustband, sowie\u00a0 der abstehenden Federholle am Hinterkopf ist die Spezies in unserer Agrarlandschaft unverkennbar. Die Kopfseite ist wei\u00dflich mit schwarzem Streif unter dem gro\u00dfen dunklen Auge.<\/p>\n<p><strong>Lebensraum<\/strong><br \/>Der Kiebitz bevorzugt offenes, flaches und feuchtes Dauergr\u00fcnland, Wiesen, Weiden und \u00dcberschwemmungsfl\u00e4chen. Sein Lebensraum \u2013 das Feuchtgr\u00fcnland \u2013 ist in Deutschland jedoch selten geworden. Wo Gr\u00fcnland umgebrochen wurde, kann man den brutplatztreuen Kiebitz auch auf \u00c4ckern antreffen. Meist br\u00fctet er dort aber ohne oder nur mit geringerem Erfolg, so dass auch solche Brutpl\u00e4tze nach einigen Jahren verwaisen.<\/p>\n<p><strong>Lebensweise<\/strong><br \/>Nach der R\u00fcckkehr aus den \u00dcberwinterungsgebieten in die Brutgebiete fallen besonders die auff\u00e4lligen Balz- und Revierfl\u00fcge auf. Auch die typischen &#8222;Kiewitt&#8220;-Rufe, von denen der Kiebitz seinen Namen tr\u00e4gt, sind dann zu h\u00f6ren.<\/p>\n<p><strong>Nahrung<\/strong><br \/>Insekten und deren Larven bilden die Hauptnahrung des auff\u00e4lligen Vogels und spielen eine gro\u00dfe Rolle f\u00fcr die Aufzucht der Jungtiere. Regenw\u00fcrmer, Samen und Fr\u00fcchte von Wiesenpflanzen, sowie Getreidek\u00f6rner sind weitere Bestandteile in seinem vielseitigen Nahrungsspektrum.<\/p>\n<p><strong>Bestand und Bestandsentwicklung<\/strong><br \/>Der europ\u00e4ische Brutbestand (ohne Russland) wird auf 1,1 bis 1,7 Millionen Brutpaare gesch\u00e4tzt. In Deutschland br\u00fcten gegenw\u00e4rtig noch 70.000 bis 100.000 Paare. In optimalen Gebieten kommen Kiebitze kolonieartig vor bzw. mit bis zu 5 Paaren pro Quadratkilometer. Meist betr\u00e4gt die Siedlungsdichte jedoch kaum mehr als ein Paar pro Quadratkilometer.<\/p>\n<p><strong>Gef\u00e4hrdung und Schutz<\/strong><br \/>Der Kiebitz wurde in der Vergangenheit aus seinem urspr\u00fcnglichen Lebensraum vertrieben. Hauptfaktoren hierf\u00fcr sind Entw\u00e4sserung, Grundwasserabsenkung, fr\u00fche Wiesenmahd, industrieller Torfabbau, Aufforstung von Mooren und der Wandel in der Bewirtschaftung der landwirtschaftlichen Fl\u00e4chen. Zu weiteren Gef\u00e4hrdungsursachen z\u00e4hlen St\u00f6rungen der Brutgebiete durch intensive Freizeitnutzung, sowie in manchen L\u00e4ndern auch immer noch die direkte Verfolgung durch Jagd und Eiersammler.<\/p>\n<div id=\"attachment_442\" style=\"width: 361px\" class=\"wp-caption alignleft\"><a href=\"https:\/\/www.nabu-aachen.de\/wp-content\/uploads\/2018\/01\/dscn0677.jpg\"><img loading=\"lazy\" decoding=\"async\" aria-describedby=\"caption-attachment-442\" class=\"wp-image-442\" src=\"https:\/\/www.nabu-aachen.de\/wp-content\/uploads\/2018\/01\/dscn0677-300x225.jpg\" alt=\"\" width=\"351\" height=\"263\" srcset=\"https:\/\/www.nabu-aachen.de\/wp-content\/uploads\/2018\/01\/dscn0677-300x225.jpg 300w, https:\/\/www.nabu-aachen.de\/wp-content\/uploads\/2018\/01\/dscn0677-1000x750.jpg 1000w, https:\/\/www.nabu-aachen.de\/wp-content\/uploads\/2018\/01\/dscn0677.jpg 2000w, https:\/\/www.nabu-aachen.de\/wp-content\/uploads\/2018\/01\/dscn0677-300x225@2x.jpg 600w\" sizes=\"auto, (max-width: 351px) 100vw, 351px\" \/><\/a><p id=\"caption-attachment-442\" class=\"wp-caption-text\">Kiebitzgelege bei Herzogenrath. Foto: Manfred Aletsee<\/p><\/div>\n<p>Die intensive Bewirtschaftung von landwirtschaftlichen Fl\u00e4chen ist aus verschiedenen Gr\u00fcnden f\u00fcr den Kiebitz problematisch. Zum einen\u00a0kollidiert das Brutgesch\u00e4ft auf den Ackerfl\u00e4chen h\u00e4ufig mit den Bearbeitungsschritten des Ackerbaus. Die ersten Gelege werden h\u00e4ufig schon vor der Bodenvorbereitung bis Mitte\/Ende M\u00e4rz angelegt. Mitte April sorgt dann die Maissaat f\u00fcr gro\u00dfe Gelegeverluste. Zum anderen fehlt durch den Einsatz von Pflanzenschutzmitteln in Kombination mit fehlenden Brachfl\u00e4chen und Saumstrukturen die zur Jungenaufzucht ben\u00f6tigte n\u00e4hrstoffreiche Insektennahrung.<\/p>\n<p>Der Kiebitz ist nach der Vogelschutzrichtlinie der EU gesch\u00fctzt.<\/p>\n<p>Rote Liste NRW (2010): Gef\u00e4hrdet<\/p>\n<p>\u00a0<\/p>\n<p>\u00a0<\/p>\n\n<ul class=\"wp-block-latest-posts__list is-grid columns-2 has-dates wp-block-latest-posts\"><li><div class=\"wp-block-latest-posts__featured-image alignleft\"><img loading=\"lazy\" decoding=\"async\" width=\"150\" height=\"150\" src=\"https:\/\/www.nabu-aachen.de\/wp-content\/uploads\/2021\/02\/almuth_adieu3-kopie-150x150.jpeg\" class=\"attachment-thumbnail size-thumbnail wp-post-image\" alt=\"\" style=\"\" srcset=\"https:\/\/www.nabu-aachen.de\/wp-content\/uploads\/2021\/02\/almuth_adieu3-kopie-150x150.jpeg 150w, https:\/\/www.nabu-aachen.de\/wp-content\/uploads\/2021\/02\/almuth_adieu3-kopie-160x160.jpeg 160w, https:\/\/www.nabu-aachen.de\/wp-content\/uploads\/2021\/02\/almuth_adieu3-kopie-320x320.jpeg 320w, https:\/\/www.nabu-aachen.de\/wp-content\/uploads\/2021\/02\/almuth_adieu3-kopie-150x150@2x.jpeg 300w, https:\/\/www.nabu-aachen.de\/wp-content\/uploads\/2021\/02\/almuth_adieu3-kopie-320x320@2x.jpeg 640w\" sizes=\"auto, (max-width: 150px) 100vw, 150px\" \/><\/div><a class=\"wp-block-latest-posts__post-title\" href=\"https:\/\/www.nabu-aachen.de\/en\/hilfe-fuer-verletzte-wildtiere\/\">Hilfe f\u00fcr verletzte Wildtiere<\/a><time datetime=\"2025-12-02T11:47:21+01:00\" class=\"wp-block-latest-posts__post-date\">2. December 2025<\/time><div class=\"wp-block-latest-posts__post-excerpt\">Der Anfang ist gemacht- Der Verein Wildtierstation Nordrhein e.V. ist gegru\u0308ndet! Du\u0308ren &#8211; Am 1. Oktober gru\u0308ndeten acht dem Naturschutz verpflichtete Vereine im Mariaweiler Hof den Verein \u201eWildtierstatioon Nordrhein e.V.\u201c. Alle Gru\u0308ndungs-Vereine verbindet der&#46;&#46;&#46;<\/div><\/li>\n<li><div class=\"wp-block-latest-posts__featured-image alignleft\"><img loading=\"lazy\" decoding=\"async\" width=\"150\" height=\"150\" src=\"https:\/\/www.nabu-aachen.de\/wp-content\/uploads\/2023\/10\/imgp4488-kopie_1_dxo-150x150.jpg\" class=\"attachment-thumbnail size-thumbnail wp-post-image\" alt=\"\" style=\"\" srcset=\"https:\/\/www.nabu-aachen.de\/wp-content\/uploads\/2023\/10\/imgp4488-kopie_1_dxo-150x150.jpg 150w, https:\/\/www.nabu-aachen.de\/wp-content\/uploads\/2023\/10\/imgp4488-kopie_1_dxo-160x160.jpg 160w, https:\/\/www.nabu-aachen.de\/wp-content\/uploads\/2023\/10\/imgp4488-kopie_1_dxo-320x320.jpg 320w, https:\/\/www.nabu-aachen.de\/wp-content\/uploads\/2023\/10\/imgp4488-kopie_1_dxo-150x150@2x.jpg 300w\" sizes=\"auto, (max-width: 150px) 100vw, 150px\" \/><\/div><a class=\"wp-block-latest-posts__post-title\" href=\"https:\/\/www.nabu-aachen.de\/en\/der-kiebitz-ist-der-vogel-des-jahres-2024\/\">Der Kiebitz ist der Vogel des Jahres 2024<\/a><time datetime=\"2023-10-13T17:14:50+02:00\" class=\"wp-block-latest-posts__post-date\">13. October 2023<\/time><div class=\"wp-block-latest-posts__post-excerpt\">Der Kiebitz ist der Vogel des Jahres 2024 Rund 120.000 Menschen haben den \u201eGaukler der L\u00fcfte\u201c gek\u00fcrt Aachen\/Berlin\u00a0Deutschland hat einen neuen Super-Vogel: 2024 ist der Kiebitz (Vanellus vanellus) Vogel des Jahres und l\u00f6st damit&#46;&#46;&#46;<\/div><\/li>\n<\/ul>","protected":false},"excerpt":{"rendered":"<p>Kiebitz (Vanellus vanellus) Der Kiebitz in AachenIm Jahr 2017 f\u00fchrte der Arbeitskreis Ornithologie des NABU Aachen eine Feldvogelkartierung im Aachener Stadtgebiet durch, wobei unter anderem die Best\u00e4nde des Kiebitz\u2018 (Vanellus vanellus) erfasst wurden.\u00a0Es konnten&#46;&#46;&#46;<\/p>","protected":false},"author":3,"featured_media":443,"parent":0,"menu_order":0,"comment_status":"closed","ping_status":"closed","template":"","meta":{"_lmt_disableupdate":"","_lmt_disable":"","footnotes":""},"categories":[4],"tags":[],"class_list":["post-46","page","type-page","status-publish","has-post-thumbnail","hentry","category-tiere-pflanzen"],"_links":{"self":[{"href":"https:\/\/www.nabu-aachen.de\/en\/wp-json\/wp\/v2\/pages\/46","targetHints":{"allow":["GET"]}}],"collection":[{"href":"https:\/\/www.nabu-aachen.de\/en\/wp-json\/wp\/v2\/pages"}],"about":[{"href":"https:\/\/www.nabu-aachen.de\/en\/wp-json\/wp\/v2\/types\/page"}],"author":[{"embeddable":true,"href":"https:\/\/www.nabu-aachen.de\/en\/wp-json\/wp\/v2\/users\/3"}],"replies":[{"embeddable":true,"href":"https:\/\/www.nabu-aachen.de\/en\/wp-json\/wp\/v2\/comments?post=46"}],"version-history":[{"count":15,"href":"https:\/\/www.nabu-aachen.de\/en\/wp-json\/wp\/v2\/pages\/46\/revisions"}],"predecessor-version":[{"id":3075,"href":"https:\/\/www.nabu-aachen.de\/en\/wp-json\/wp\/v2\/pages\/46\/revisions\/3075"}],"wp:featuredmedia":[{"embeddable":true,"href":"https:\/\/www.nabu-aachen.de\/en\/wp-json\/wp\/v2\/media\/443"}],"wp:attachment":[{"href":"https:\/\/www.nabu-aachen.de\/en\/wp-json\/wp\/v2\/media?parent=46"}],"wp:term":[{"taxonomy":"category","embeddable":true,"href":"https:\/\/www.nabu-aachen.de\/en\/wp-json\/wp\/v2\/categories?post=46"},{"taxonomy":"post_tag","embeddable":true,"href":"https:\/\/www.nabu-aachen.de\/en\/wp-json\/wp\/v2\/tags?post=46"}],"curies":[{"name":"wp","href":"https:\/\/api.w.org\/{rel}","templated":true}]}}