{"id":4944,"date":"2022-09-08T18:49:57","date_gmt":"2022-09-08T16:49:57","guid":{"rendered":"https:\/\/www.nabu-aachen.de\/?page_id=4944"},"modified":"2022-09-12T17:53:42","modified_gmt":"2022-09-12T15:53:42","slug":"naturschutz","status":"publish","type":"page","link":"https:\/\/www.nabu-aachen.de\/en\/naturschutz\/","title":{"rendered":"Grundlagen des Naturschutzes"},"content":{"rendered":"<p><strong><a href=\"https:\/\/www.nabu-aachen.de\/wp-content\/uploads\/2022\/09\/nabu_ac_logo_vector_farbe_corporate_18.png\"><img loading=\"lazy\" decoding=\"async\" class=\"alignleft size-medium wp-image-4958\" src=\"https:\/\/www.nabu-aachen.de\/wp-content\/uploads\/2022\/09\/nabu_ac_logo_vector_farbe_corporate_18-300x266.png\" alt=\"\" width=\"300\" height=\"266\" srcset=\"https:\/\/www.nabu-aachen.de\/wp-content\/uploads\/2022\/09\/nabu_ac_logo_vector_farbe_corporate_18-300x266.png 300w, https:\/\/www.nabu-aachen.de\/wp-content\/uploads\/2022\/09\/nabu_ac_logo_vector_farbe_corporate_18-1000x887.png 1000w, https:\/\/www.nabu-aachen.de\/wp-content\/uploads\/2022\/09\/nabu_ac_logo_vector_farbe_corporate_18.png 1087w, https:\/\/www.nabu-aachen.de\/wp-content\/uploads\/2022\/09\/nabu_ac_logo_vector_farbe_corporate_18-300x266@2x.png 600w\" sizes=\"auto, (max-width: 300px) 100vw, 300px\" \/><\/a>Naturschutz konkret!<\/strong><\/p>\n<p>Hier finden Sie eine Zusammenfassung aller wichtigen Themen, die mit dem Naturschutz zusammenh\u00e4ngen.<\/p>\n<p>In der angeh\u00e4ngten Pr\u00e4sentation von Claus Mayr (erster Vorsitzender des NABU-Stadtverbands Aachen e.V.), finden Sie ausf\u00fchrliche Antworten auf folgende Fragen:<\/p>\n<ul>\n<li>Was ist der NABU? Wie steht es um das Artensterben? Was sind Rote Listen?<\/li>\n<li>Welche nationale und internationale Gesetzgebung regelt den Naturschutz?<\/li>\n<li>Welche Arten von Schutzgebieten gibt es und was sind ihre Konzepte?<\/li>\n<li>Welche Verhaltensregeln gelten in Schutzgebieten?<\/li>\n<\/ul>\n<p>Viel Spa\u00df bei der Lekt\u00fcre!<\/p>\n<p><a href=\"https:\/\/www.nabu-aachen.de\/wp-content\/uploads\/2022\/09\/nabu_vortrag_naturschutz_konkret_2022-09-05.ppt\" target=\"_blank\" rel=\"noopener\">NABU-Vortrag Naturschutz konkret vom 2022-09-05<\/a><\/p>","protected":false},"excerpt":{"rendered":"<p>Naturschutz konkret! Hier finden Sie eine Zusammenfassung aller wichtigen Themen, die mit dem Naturschutz zusammenh\u00e4ngen. In der angeh\u00e4ngten Pr\u00e4sentation von Claus Mayr (erster Vorsitzender des NABU-Stadtverbands Aachen e.V.), finden Sie ausf\u00fchrliche Antworten auf folgende&#46;&#46;&#46;<\/p>","protected":false},"author":6,"featured_media":0,"parent":0,"menu_order":0,"comment_status":"closed","ping_status":"closed","template":"","meta":{"_lmt_disableupdate":"","_lmt_disable":"","footnotes":""},"categories":[92],"tags":[],"class_list":["post-4944","page","type-page","status-publish","hentry","category-naturschutz"],"_links":{"self":[{"href":"https:\/\/www.nabu-aachen.de\/en\/wp-json\/wp\/v2\/pages\/4944","targetHints":{"allow":["GET"]}}],"collection":[{"href":"https:\/\/www.nabu-aachen.de\/en\/wp-json\/wp\/v2\/pages"}],"about":[{"href":"https:\/\/www.nabu-aachen.de\/en\/wp-json\/wp\/v2\/types\/page"}],"author":[{"embeddable":true,"href":"https:\/\/www.nabu-aachen.de\/en\/wp-json\/wp\/v2\/users\/6"}],"replies":[{"embeddable":true,"href":"https:\/\/www.nabu-aachen.de\/en\/wp-json\/wp\/v2\/comments?post=4944"}],"version-history":[{"count":8,"href":"https:\/\/www.nabu-aachen.de\/en\/wp-json\/wp\/v2\/pages\/4944\/revisions"}],"predecessor-version":[{"id":4959,"href":"https:\/\/www.nabu-aachen.de\/en\/wp-json\/wp\/v2\/pages\/4944\/revisions\/4959"}],"wp:attachment":[{"href":"https:\/\/www.nabu-aachen.de\/en\/wp-json\/wp\/v2\/media?parent=4944"}],"wp:term":[{"taxonomy":"category","embeddable":true,"href":"https:\/\/www.nabu-aachen.de\/en\/wp-json\/wp\/v2\/categories?post=4944"},{"taxonomy":"post_tag","embeddable":true,"href":"https:\/\/www.nabu-aachen.de\/en\/wp-json\/wp\/v2\/tags?post=4944"}],"curies":[{"name":"wp","href":"https:\/\/api.w.org\/{rel}","templated":true}]}}