{"id":53,"date":"2017-12-16T21:05:04","date_gmt":"2017-12-16T20:05:04","guid":{"rendered":"http:\/\/www.nabu-aachen.de\/?page_id=53"},"modified":"2025-04-23T14:19:43","modified_gmt":"2025-04-23T12:19:43","slug":"wir-ueber-uns","status":"publish","type":"page","link":"https:\/\/www.nabu-aachen.de\/en\/wir-ueber-uns\/","title":{"rendered":"About us"},"content":{"rendered":"<p>The German Nature and Biodiversity Conservation Union (NABU) is the oldest and largest nature conservation organization in Germany. Founded in 1899, initially as the German Association for the Protection of Birds, it has been successfully campaigning for the interests of nature and environmental protection for over 100 years now. The municipal association in Aachen was founded in 1988 and has been campaigning for nature conservation in the city of Aachen ever since.<\/p>\n<p>Hier finden Sie einen Link zum Artikel \u00fcber unsere 30-Jahr-Feier im Sommer 2018:\u00a0<a href=\"https:\/\/www.nabu-aachen.de\/en\/unsere-jubilaeumsfeier-ein-rueckblick\/\">NABU-Stadtverband Aachen e.V. Jubil\u00e4um<\/a><\/p>\n<p>The statutes (German version) of NABU-Stadtverband Aachen e.V. can be found here:\u00a0<a href=\"https:\/\/www.nabu-aachen.de\/wp-content\/uploads\/2025\/01\/Satzung_NABU_AC_2024-03-11.pdf\">NABU-Stadtverband Aachen e.V. Satzung<\/a><\/p>\n<p><strong>What we do:<\/strong><\/p>\n<div id=\"attachment_6651\" style=\"width: 160px\" class=\"wp-caption alignright\"><a href=\"https:\/\/www.nabu-aachen.de\/wp-content\/uploads\/2024\/12\/Stategietreffen.jpg\"><img loading=\"lazy\" decoding=\"async\" aria-describedby=\"caption-attachment-6651\" class=\"size-thumbnail wp-image-6651\" src=\"https:\/\/www.nabu-aachen.de\/wp-content\/uploads\/2024\/12\/Stategietreffen-150x150.jpg\" alt=\"\" width=\"150\" height=\"150\" srcset=\"https:\/\/www.nabu-aachen.de\/wp-content\/uploads\/2024\/12\/Stategietreffen-150x150.jpg 150w, https:\/\/www.nabu-aachen.de\/wp-content\/uploads\/2024\/12\/Stategietreffen-160x160.jpg 160w, https:\/\/www.nabu-aachen.de\/wp-content\/uploads\/2024\/12\/Stategietreffen-320x320.jpg 320w, https:\/\/www.nabu-aachen.de\/wp-content\/uploads\/2024\/12\/Stategietreffen-150x150@2x.jpg 300w\" sizes=\"auto, (max-width: 150px) 100vw, 150px\" \/><\/a><p id=\"caption-attachment-6651\" class=\"wp-caption-text\">NABU Strategietreffen 2024, NABU Vorstand und NABU Beirat &#8211; Foto: Ulrich Schwenk<\/p><\/div>\n<ul>\n<li>Preservation of local endangered animal and plant species<\/li>\n<li>Establishment and maintenance of protected areas<\/li>\n<li>Environmental Education<\/li>\n<li>Advising politicians and administrations<\/li>\n<li>Press work and public relations<\/li>\n<li>Excursions and events<\/li>\n<li>Working groups and voluntary work concerning different nature conservation topics<\/li>\n<li>Participation in the creation and implementation of Aachen\u2018s new landscape plan<\/li>\n<li>Public statements on current nature and environmental issues<\/li>\n<li>Battling invasive species<\/li>\n<li>Responsible body of the NABU Nature Conservation Station Aachen<\/li>\n<\/ul>\n<p><strong>Meetings of active members:<\/strong><br \/>\nI.d.R. jeden 1. und 3. Montag im Monat um 19.00 Uhr in der NABU-Gesch\u00e4ftsstelle statt:<\/p>\n<p>NABU-Stadtverband Aachen e.V., Preusweg 128a, 52074 Aachen<\/p>\n<p><strong>Mitglieder und G\u00e4ste sind herzlich willkommen!<\/strong><\/p>\n\n<table id=\"tablepress-2\" class=\"tablepress tablepress-id-2\">\n<tbody class=\"row-striping row-hover\">\n<tr class=\"row-1\">\n\t<td class=\"column-1\"><p align=\"left\">chairman<\/p><\/td><td class=\"column-2\"><p align=\"left\">Ulrich Schwenk<\/p><\/td>\n<\/tr>\n<tr class=\"row-2\">\n\t<td class=\"column-1\"><p align=\"left\">vice chairwoman<\/p><\/td><td class=\"column-2\"><p align=\"left\">Betty Malangr\u00e9<\/p><\/td>\n<\/tr>\n<tr class=\"row-3\">\n\t<td class=\"column-1\"><p align=\"left\">treasurer<\/p><\/td><td class=\"column-2\"><p align=\"left\">Dr. Ulrich Stamm<\/p><\/td>\n<\/tr>\n<tr class=\"row-4\">\n\t<td class=\"column-1\"><p align=\"left\">environmental education officer<\/p><\/td><td class=\"column-2\"><p align=\"left\">Regina Nicolay<\/p><\/td>\n<\/tr>\n<tr class=\"row-5\">\n\t<td class=\"column-1\"><p align=\"left\">press spokeswoman<\/p><\/td><td class=\"column-2\"><p align=\"left\">Victoria Giri<\/p><\/td>\n<\/tr>\n<\/tbody>\n<\/table>\n<!-- #tablepress-2 from cache -->","protected":false},"excerpt":{"rendered":"<p>Der Naturschutzbund Deutschland (NABU) ist der \u00e4lteste und mitgliederst\u00e4rkste Naturschutzverband Deutschlands. Gegr\u00fcndet 1899, zun\u00e4chst als Deutscher Bund f\u00fcr Vogelschutz, setzt er sich seit nun schon \u00fcber 100 Jahren erfolgreich f\u00fcr die Belange der Natur&#46;&#46;&#46;<\/p>","protected":false},"author":1,"featured_media":0,"parent":0,"menu_order":0,"comment_status":"closed","ping_status":"closed","template":"","meta":{"_lmt_disableupdate":"","_lmt_disable":"","footnotes":""},"categories":[],"tags":[],"class_list":["post-53","page","type-page","status-publish","hentry"],"_links":{"self":[{"href":"https:\/\/www.nabu-aachen.de\/en\/wp-json\/wp\/v2\/pages\/53","targetHints":{"allow":["GET"]}}],"collection":[{"href":"https:\/\/www.nabu-aachen.de\/en\/wp-json\/wp\/v2\/pages"}],"about":[{"href":"https:\/\/www.nabu-aachen.de\/en\/wp-json\/wp\/v2\/types\/page"}],"author":[{"embeddable":true,"href":"https:\/\/www.nabu-aachen.de\/en\/wp-json\/wp\/v2\/users\/1"}],"replies":[{"embeddable":true,"href":"https:\/\/www.nabu-aachen.de\/en\/wp-json\/wp\/v2\/comments?post=53"}],"version-history":[{"count":27,"href":"https:\/\/www.nabu-aachen.de\/en\/wp-json\/wp\/v2\/pages\/53\/revisions"}],"predecessor-version":[{"id":6928,"href":"https:\/\/www.nabu-aachen.de\/en\/wp-json\/wp\/v2\/pages\/53\/revisions\/6928"}],"wp:attachment":[{"href":"https:\/\/www.nabu-aachen.de\/en\/wp-json\/wp\/v2\/media?parent=53"}],"wp:term":[{"taxonomy":"category","embeddable":true,"href":"https:\/\/www.nabu-aachen.de\/en\/wp-json\/wp\/v2\/categories?post=53"},{"taxonomy":"post_tag","embeddable":true,"href":"https:\/\/www.nabu-aachen.de\/en\/wp-json\/wp\/v2\/tags?post=53"}],"curies":[{"name":"wp","href":"https:\/\/api.w.org\/{rel}","templated":true}]}}