{"id":586,"date":"2017-11-30T15:41:19","date_gmt":"2017-11-30T14:41:19","guid":{"rendered":"http:\/\/www.nabu-aachen.de\/?page_id=586"},"modified":"2020-09-16T16:02:13","modified_gmt":"2020-09-16T14:02:13","slug":"fledermaeuse","status":"publish","type":"page","link":"https:\/\/www.nabu-aachen.de\/en\/fledermaeuse\/","title":{"rendered":"Flederm\u00e4use"},"content":{"rendered":"<p>Sie fliegen mit den H\u00e4nden, sehen mit den Ohren und schlafen mit dem Kopf nach unten: Flederm\u00e4use gibt es seit 50 Millionen Jahren \u2013 als einziges S\u00e4ugetier, das aktiv fliegen kann. Nachts werden sie munter und begeben sich auf die Suche nach Insekten. Mittels Echoortung k\u00f6nnen sich die faszinierenden Flugakrobaten selbst in absoluter Dunkelheit orientieren. Die Wintermonate verschlafen sie in H\u00f6hlen, Kellern oder Stollen. Heute leben auf der Erde mehr als 1.200 Fledermausarten. In Deutschland sind 25 Fledermausarten heimisch. Doch sie k\u00e4mpfen mit gro\u00dfen Gefahren &#8230;<\/p>\n<div id=\"attachment_587\" style=\"width: 310px\" class=\"wp-caption alignright\"><a href=\"https:\/\/www.nabu-aachen.de\/wp-content\/uploads\/2018\/01\/grosses-mausohr.jpg\"><img loading=\"lazy\" decoding=\"async\" aria-describedby=\"caption-attachment-587\" class=\"wp-image-587 size-medium\" src=\"https:\/\/www.nabu-aachen.de\/wp-content\/uploads\/2018\/01\/grosses-mausohr-300x200.jpg\" alt=\"\" width=\"300\" height=\"200\" srcset=\"https:\/\/www.nabu-aachen.de\/wp-content\/uploads\/2018\/01\/grosses-mausohr-300x200.jpg 300w, https:\/\/www.nabu-aachen.de\/wp-content\/uploads\/2018\/01\/grosses-mausohr.jpg 1000w, https:\/\/www.nabu-aachen.de\/wp-content\/uploads\/2018\/01\/grosses-mausohr-300x200@2x.jpg 600w\" sizes=\"auto, (max-width: 300px) 100vw, 300px\" \/><\/a><p id=\"caption-attachment-587\" class=\"wp-caption-text\">Gro\u00dfes Mausohr. Foto: NABU\/Otto Sch\u00e4fer<\/p><\/div>\n<p><strong>Gef\u00e4hrdungsursachen:<\/strong><\/p>\n<p>Seit den 1950er Jahren sind die Fledermausbest\u00e4nde in Deutschland dramatisch eingebrochen.\u00a0Viele ihrer Quartiere werden unwissentlich zerst\u00f6rt, wenn Geb\u00e4ude saniert, Hohlr\u00e4ume versiegelt oder alte Bauten abgerissen werden. In unseren Wirtschaftsw\u00e4ldern findet man kaum noch alte B\u00e4ume und stehendes Totholz. Auch die Nahrungsgrundlage f\u00fcr die Fledermaus schwindet: Unsere industrialisierte Landwirtschaft bietet Insekten immer weniger Lebensraum, so dass die Fledermaus keine Beute mehr findet.<\/p>\n<p><strong>Das k\u00f6nnen Sie tun:<\/strong><\/p>\n<ul>\n<li>Denken Sie bei\u00a0<strong>Bau- und Umbauma\u00dfnahmen<\/strong>\u00a0vor allem im Dachbereich an Flederm\u00e4use und erhalten oder schaffen Sie Einflug\u00f6ffnungen. Sind die Tiere bereits da, so sollte der Fledermausfachmann um Rat gefragt und die Arbeiten im Herbst oder Fr\u00fchjahr ausgef\u00fchrt werden.<\/li>\n<li>Je artenreicher der Garten, desto mehr Insekten tummeln sich dort. Besonders der &#8222;<strong>Fledermausgarten<\/strong>&#8220;\u00a0mit nachtbl\u00fchenden Stauden und Str\u00e4uchern zieht Nachtfalter an und damit auch die Flederm\u00e4use. Verzichten Sie auf Insektizide und andere Gifte im Garten.<\/li>\n<li>Flederm\u00e4use brauchen sichere Quartiere. Bieten Sie ihnen k\u00fcnstliche Spaltenquartiere wie Fledermausbretter oder Flachk\u00e4sten an Giebelw\u00e4nden an &#8211; sie werden von den Tieren gerne angenommen. Bringen Sie\u00a0<strong>Fledermausk\u00e4sten<\/strong>\u00a0in Baumbest\u00e4nden, Streuobstwiesen, Parks oder W\u00e4ldern aus.<\/li>\n<\/ul>\n<p>Neugierig geworden? Wenn Sie mehr \u00fcber die geheimnisvollen Fledertiere erfahren wollen, k\u00f6nnen Sie im Sommer an der j\u00e4hrlich stattfindenden Exkursion des NABU Aachen im Rahmen der internationalen Batnight teilnehmen.\u00a0 Behalten Sie einfach unser <a href=\"https:\/\/www.nabu-aachen.de\/en\/veranstaltungen\/\">Veranstaltungsprogramm<\/a> im Auge.<\/p>\n<p>\u00a0<\/p>\n\n<ul class=\"wp-block-latest-posts__list is-grid columns-2 has-dates wp-block-latest-posts\"><li><div class=\"wp-block-latest-posts__featured-image\"><img loading=\"lazy\" decoding=\"async\" width=\"150\" height=\"150\" src=\"https:\/\/www.nabu-aachen.de\/wp-content\/uploads\/2021\/02\/almuth_adieu3-kopie-150x150.jpeg\" class=\"attachment-thumbnail size-thumbnail wp-post-image\" alt=\"\" style=\"\" srcset=\"https:\/\/www.nabu-aachen.de\/wp-content\/uploads\/2021\/02\/almuth_adieu3-kopie-150x150.jpeg 150w, https:\/\/www.nabu-aachen.de\/wp-content\/uploads\/2021\/02\/almuth_adieu3-kopie-160x160.jpeg 160w, https:\/\/www.nabu-aachen.de\/wp-content\/uploads\/2021\/02\/almuth_adieu3-kopie-320x320.jpeg 320w, https:\/\/www.nabu-aachen.de\/wp-content\/uploads\/2021\/02\/almuth_adieu3-kopie-150x150@2x.jpeg 300w, https:\/\/www.nabu-aachen.de\/wp-content\/uploads\/2021\/02\/almuth_adieu3-kopie-320x320@2x.jpeg 640w\" sizes=\"auto, (max-width: 150px) 100vw, 150px\" \/><\/div><a class=\"wp-block-latest-posts__post-title\" href=\"https:\/\/www.nabu-aachen.de\/en\/hilfe-fuer-verletzte-wildtiere\/\">Hilfe f\u00fcr verletzte Wildtiere<\/a><time datetime=\"2025-12-02T11:47:21+01:00\" class=\"wp-block-latest-posts__post-date\">2. December 2025<\/time><div class=\"wp-block-latest-posts__post-excerpt\">Der Anfang ist gemacht- Der Verein Wildtierstation Nordrhein e.V. ist gegru\u0308ndet! Du\u0308ren &#8211; Am 1. Oktober gru\u0308ndeten acht dem Naturschutz verpflichtete Vereine im Mariaweiler Hof den Verein \u201eWildtierstatioon Nordrhein e.V.\u201c. Alle Gru\u0308ndungs-Vereine verbindet der&#46;&#46;&#46;<\/div><\/li>\n<li><div class=\"wp-block-latest-posts__featured-image\"><img loading=\"lazy\" decoding=\"async\" width=\"150\" height=\"150\" src=\"https:\/\/www.nabu-aachen.de\/wp-content\/uploads\/2018\/08\/zwergfledermaus-150x150.jpg\" class=\"attachment-thumbnail size-thumbnail wp-post-image\" alt=\"\" style=\"\" srcset=\"https:\/\/www.nabu-aachen.de\/wp-content\/uploads\/2018\/08\/zwergfledermaus-150x150.jpg 150w, https:\/\/www.nabu-aachen.de\/wp-content\/uploads\/2018\/08\/zwergfledermaus-160x160.jpg 160w, https:\/\/www.nabu-aachen.de\/wp-content\/uploads\/2018\/08\/zwergfledermaus-320x320.jpg 320w, https:\/\/www.nabu-aachen.de\/wp-content\/uploads\/2018\/08\/zwergfledermaus-150x150@2x.jpg 300w, https:\/\/www.nabu-aachen.de\/wp-content\/uploads\/2018\/08\/zwergfledermaus-320x320@2x.jpg 640w\" sizes=\"auto, (max-width: 150px) 100vw, 150px\" \/><\/div><a class=\"wp-block-latest-posts__post-title\" href=\"https:\/\/www.nabu-aachen.de\/en\/fledermaeuse-in-der-wohnung\/\">Flederm\u00e4use in der Wohnung<\/a><time datetime=\"2018-08-15T09:18:59+02:00\" class=\"wp-block-latest-posts__post-date\">15. August 2018<\/time><div class=\"wp-block-latest-posts__post-excerpt\">Der Sp\u00e4tsommer ist die Zeit der sogenannten &#8222;Fledermausinvasionen&#8220;. Bei uns gehen momentan wieder viele Anrufe besorgter Menschen ein, die Flederm\u00e4use in ihrer Wohnung entdecken. Dies ist jedoch kein Grund zur Panik. Es sind f\u00fcr&#46;&#46;&#46;<\/div><\/li>\n<li><a class=\"wp-block-latest-posts__post-title\" href=\"https:\/\/www.nabu-aachen.de\/en\/europaeischen-nacht-der-fledermaeuse\/\">Europ\u00e4ischen Nacht der Flederm\u00e4use<\/a><time datetime=\"2010-09-04T13:42:18+02:00\" class=\"wp-block-latest-posts__post-date\">4. September 2010<\/time><div class=\"wp-block-latest-posts__post-excerpt\">Pressemeldung des NABU-Stadtverbandes Aachen Datum: 04.09.2010 Fledermausnacht im Euregiozoo &#8211; Gemeinsames Programm vom NABU Aachen und Aachener Tierpark zur \u201ebatnight\u201c Flederm\u00e4use als heimliche J\u00e4ger in der dunklen Nacht sind immer noch von Geheimnissen umwittert.&#46;&#46;&#46;<\/div><\/li>\n<\/ul>","protected":false},"excerpt":{"rendered":"<p>Sie fliegen mit den H\u00e4nden, sehen mit den Ohren und schlafen mit dem Kopf nach unten: Flederm\u00e4use gibt es seit 50 Millionen Jahren \u2013 als einziges S\u00e4ugetier, das aktiv fliegen kann. Nachts werden sie&#46;&#46;&#46;<\/p>","protected":false},"author":3,"featured_media":587,"parent":0,"menu_order":0,"comment_status":"closed","ping_status":"closed","template":"","meta":{"_lmt_disableupdate":"","_lmt_disable":"","footnotes":""},"categories":[4],"tags":[],"class_list":["post-586","page","type-page","status-publish","has-post-thumbnail","hentry","category-tiere-pflanzen"],"_links":{"self":[{"href":"https:\/\/www.nabu-aachen.de\/en\/wp-json\/wp\/v2\/pages\/586","targetHints":{"allow":["GET"]}}],"collection":[{"href":"https:\/\/www.nabu-aachen.de\/en\/wp-json\/wp\/v2\/pages"}],"about":[{"href":"https:\/\/www.nabu-aachen.de\/en\/wp-json\/wp\/v2\/types\/page"}],"author":[{"embeddable":true,"href":"https:\/\/www.nabu-aachen.de\/en\/wp-json\/wp\/v2\/users\/3"}],"replies":[{"embeddable":true,"href":"https:\/\/www.nabu-aachen.de\/en\/wp-json\/wp\/v2\/comments?post=586"}],"version-history":[{"count":9,"href":"https:\/\/www.nabu-aachen.de\/en\/wp-json\/wp\/v2\/pages\/586\/revisions"}],"predecessor-version":[{"id":3072,"href":"https:\/\/www.nabu-aachen.de\/en\/wp-json\/wp\/v2\/pages\/586\/revisions\/3072"}],"wp:featuredmedia":[{"embeddable":true,"href":"https:\/\/www.nabu-aachen.de\/en\/wp-json\/wp\/v2\/media\/587"}],"wp:attachment":[{"href":"https:\/\/www.nabu-aachen.de\/en\/wp-json\/wp\/v2\/media?parent=586"}],"wp:term":[{"taxonomy":"category","embeddable":true,"href":"https:\/\/www.nabu-aachen.de\/en\/wp-json\/wp\/v2\/categories?post=586"},{"taxonomy":"post_tag","embeddable":true,"href":"https:\/\/www.nabu-aachen.de\/en\/wp-json\/wp\/v2\/tags?post=586"}],"curies":[{"name":"wp","href":"https:\/\/api.w.org\/{rel}","templated":true}]}}