{"id":6208,"date":"2024-03-09T14:07:32","date_gmt":"2024-03-09T13:07:32","guid":{"rendered":"https:\/\/www.nabu-aachen.de\/?page_id=6208"},"modified":"2024-03-09T14:08:25","modified_gmt":"2024-03-09T13:08:25","slug":"quartiersgarten-gut-kullen","status":"publish","type":"page","link":"https:\/\/www.nabu-aachen.de\/en\/quartiersgarten-gut-kullen\/","title":{"rendered":"Estate garden Gut Kullen"},"content":{"rendered":"<p>Since early summer 2023, a sustainable and ecological nature and kitchen garden has been under construction adjacent to the GGS Gut Kullen school grounds. It will initially be used primarily for the children and will later be opened up to everyone in the neighborhood.<\/p>\n\n\n\n<p>The garden should be a diverse living space, meeting space, play space, learning space and discovery space, where community, security and balance for everyday life can be experienced.<\/p>\n\n\n\n<p>Numerous skills are promoted in the project, including a relationship to nature, research, social behavior, communication, intercultural competence, a sense of responsibility, independence, openness to new things (e.g. planting healthy food, watching it grow and tasting it).<\/p>\n\n\n\n<figure class=\"wp-block-gallery has-nested-images columns-default is-cropped wp-block-gallery-1 is-layout-flex wp-block-gallery-is-layout-flex\">\n<figure class=\"wp-block-image size-large\"><img loading=\"lazy\" decoding=\"async\" width=\"1000\" height=\"668\" data-id=\"6211\" src=\"https:\/\/www.nabu-aachen.de\/wp-content\/uploads\/2024\/03\/IMGP6802_DxO-1000x668.jpg\" alt=\"\" class=\"wp-image-6211\" srcset=\"https:\/\/www.nabu-aachen.de\/wp-content\/uploads\/2024\/03\/IMGP6802_DxO-1000x668.jpg 1000w, https:\/\/www.nabu-aachen.de\/wp-content\/uploads\/2024\/03\/IMGP6802_DxO-300x200.jpg 300w, https:\/\/www.nabu-aachen.de\/wp-content\/uploads\/2024\/03\/IMGP6802_DxO-1536x1025.jpg 1536w, https:\/\/www.nabu-aachen.de\/wp-content\/uploads\/2024\/03\/IMGP6802_DxO.jpg 2000w, https:\/\/www.nabu-aachen.de\/wp-content\/uploads\/2024\/03\/IMGP6802_DxO-300x200@2x.jpg 600w\" sizes=\"auto, (max-width: 1000px) 100vw, 1000px\" \/><\/figure>\n\n\n\n<figure class=\"wp-block-image size-large\"><img loading=\"lazy\" decoding=\"async\" width=\"1000\" height=\"668\" data-id=\"6212\" src=\"https:\/\/www.nabu-aachen.de\/wp-content\/uploads\/2024\/03\/IMGP6809_DxO-1000x668.jpg\" alt=\"\" class=\"wp-image-6212\" srcset=\"https:\/\/www.nabu-aachen.de\/wp-content\/uploads\/2024\/03\/IMGP6809_DxO-1000x668.jpg 1000w, https:\/\/www.nabu-aachen.de\/wp-content\/uploads\/2024\/03\/IMGP6809_DxO-300x200.jpg 300w, https:\/\/www.nabu-aachen.de\/wp-content\/uploads\/2024\/03\/IMGP6809_DxO-1536x1025.jpg 1536w, https:\/\/www.nabu-aachen.de\/wp-content\/uploads\/2024\/03\/IMGP6809_DxO.jpg 2000w, https:\/\/www.nabu-aachen.de\/wp-content\/uploads\/2024\/03\/IMGP6809_DxO-300x200@2x.jpg 600w\" sizes=\"auto, (max-width: 1000px) 100vw, 1000px\" \/><\/figure>\n\n\n\n<figure class=\"wp-block-image size-large\"><img loading=\"lazy\" decoding=\"async\" width=\"1000\" height=\"668\" data-id=\"6213\" src=\"https:\/\/www.nabu-aachen.de\/wp-content\/uploads\/2024\/03\/IMGP6811_DxO-1000x668.jpg\" alt=\"\" class=\"wp-image-6213\" srcset=\"https:\/\/www.nabu-aachen.de\/wp-content\/uploads\/2024\/03\/IMGP6811_DxO-1000x668.jpg 1000w, https:\/\/www.nabu-aachen.de\/wp-content\/uploads\/2024\/03\/IMGP6811_DxO-300x200.jpg 300w, https:\/\/www.nabu-aachen.de\/wp-content\/uploads\/2024\/03\/IMGP6811_DxO-1536x1025.jpg 1536w, https:\/\/www.nabu-aachen.de\/wp-content\/uploads\/2024\/03\/IMGP6811_DxO.jpg 2000w, https:\/\/www.nabu-aachen.de\/wp-content\/uploads\/2024\/03\/IMGP6811_DxO-300x200@2x.jpg 600w\" sizes=\"auto, (max-width: 1000px) 100vw, 1000px\" \/><\/figure>\n\n\n\n<figure class=\"wp-block-image size-large\"><img loading=\"lazy\" decoding=\"async\" width=\"1000\" height=\"656\" data-id=\"6215\" src=\"https:\/\/www.nabu-aachen.de\/wp-content\/uploads\/2024\/03\/IMGP6816_DxO-1000x656.jpg\" alt=\"\" class=\"wp-image-6215\" srcset=\"https:\/\/www.nabu-aachen.de\/wp-content\/uploads\/2024\/03\/IMGP6816_DxO-1000x656.jpg 1000w, https:\/\/www.nabu-aachen.de\/wp-content\/uploads\/2024\/03\/IMGP6816_DxO-300x197.jpg 300w, https:\/\/www.nabu-aachen.de\/wp-content\/uploads\/2024\/03\/IMGP6816_DxO-1536x1008.jpg 1536w, https:\/\/www.nabu-aachen.de\/wp-content\/uploads\/2024\/03\/IMGP6816_DxO.jpg 2000w, https:\/\/www.nabu-aachen.de\/wp-content\/uploads\/2024\/03\/IMGP6816_DxO-300x197@2x.jpg 600w\" sizes=\"auto, (max-width: 1000px) 100vw, 1000px\" \/><\/figure>\n\n\n\n<figure class=\"wp-block-image size-large\"><img loading=\"lazy\" decoding=\"async\" width=\"1000\" height=\"656\" data-id=\"6214\" src=\"https:\/\/www.nabu-aachen.de\/wp-content\/uploads\/2024\/03\/IMGP6829_DxO-1000x656.jpg\" alt=\"\" class=\"wp-image-6214\" srcset=\"https:\/\/www.nabu-aachen.de\/wp-content\/uploads\/2024\/03\/IMGP6829_DxO-1000x656.jpg 1000w, https:\/\/www.nabu-aachen.de\/wp-content\/uploads\/2024\/03\/IMGP6829_DxO-300x197.jpg 300w, https:\/\/www.nabu-aachen.de\/wp-content\/uploads\/2024\/03\/IMGP6829_DxO-1536x1008.jpg 1536w, https:\/\/www.nabu-aachen.de\/wp-content\/uploads\/2024\/03\/IMGP6829_DxO.jpg 2000w, https:\/\/www.nabu-aachen.de\/wp-content\/uploads\/2024\/03\/IMGP6829_DxO-300x197@2x.jpg 600w\" sizes=\"auto, (max-width: 1000px) 100vw, 1000px\" \/><\/figure>\n\n\n\n<figure class=\"wp-block-image size-large\"><img loading=\"lazy\" decoding=\"async\" width=\"1000\" height=\"668\" data-id=\"6210\" src=\"https:\/\/www.nabu-aachen.de\/wp-content\/uploads\/2024\/03\/IMGP6830_DxO-1000x668.jpg\" alt=\"\" class=\"wp-image-6210\" srcset=\"https:\/\/www.nabu-aachen.de\/wp-content\/uploads\/2024\/03\/IMGP6830_DxO-1000x668.jpg 1000w, https:\/\/www.nabu-aachen.de\/wp-content\/uploads\/2024\/03\/IMGP6830_DxO-300x200.jpg 300w, https:\/\/www.nabu-aachen.de\/wp-content\/uploads\/2024\/03\/IMGP6830_DxO-1536x1025.jpg 1536w, https:\/\/www.nabu-aachen.de\/wp-content\/uploads\/2024\/03\/IMGP6830_DxO.jpg 2000w, https:\/\/www.nabu-aachen.de\/wp-content\/uploads\/2024\/03\/IMGP6830_DxO-300x200@2x.jpg 600w\" sizes=\"auto, (max-width: 1000px) 100vw, 1000px\" \/><\/figure>\n<\/figure>\n\n\n\n<div style=\"height:43px\" aria-hidden=\"true\" class=\"wp-block-spacer\"><\/div>\n\n\n\n<figure class=\"wp-block-image size-large\"><img loading=\"lazy\" decoding=\"async\" width=\"1000\" height=\"919\" src=\"https:\/\/www.nabu-aachen.de\/wp-content\/uploads\/2024\/03\/Helen_Maeusenest-1000x919.jpg\" alt=\"\" class=\"wp-image-6209\" srcset=\"https:\/\/www.nabu-aachen.de\/wp-content\/uploads\/2024\/03\/Helen_Maeusenest-1000x919.jpg 1000w, https:\/\/www.nabu-aachen.de\/wp-content\/uploads\/2024\/03\/Helen_Maeusenest-300x276.jpg 300w, https:\/\/www.nabu-aachen.de\/wp-content\/uploads\/2024\/03\/Helen_Maeusenest.jpg 1048w, https:\/\/www.nabu-aachen.de\/wp-content\/uploads\/2024\/03\/Helen_Maeusenest-300x276@2x.jpg 600w\" sizes=\"auto, (max-width: 1000px) 100vw, 1000px\" \/><figcaption class=\"wp-element-caption\">Helen Kahlenberg, Projektleitung Quartiersgarten Gut Kullen. Foto: Ulrich Schwenk<\/figcaption><\/figure>\n\n\n\n<p>We are still looking for volunteers for this project who are interested in gardening. If you are interested, please contact the project management:<\/p>\n\n\n\n<p>Helen Kahlenberg<\/p>\n\n\n\n<p>E-mail:&nbsp;<a href=\"mailto:helen.kahlenberg@nabu-aachen.de\">helen.kahlenberg@nabu-aachen.de<\/a><\/p>\n\n\n\n<p>Tel.: +49 (0) 1775836585<\/p>\n\n\n\n<figure class=\"wp-block-image size-full\"><img loading=\"lazy\" decoding=\"async\" width=\"442\" height=\"291\" src=\"https:\/\/www.nabu-aachen.de\/wp-content\/uploads\/2023\/06\/Quartiersgarten-Kullen-Logo.jpg\" alt=\"\" class=\"wp-image-5716\" srcset=\"https:\/\/www.nabu-aachen.de\/wp-content\/uploads\/2023\/06\/Quartiersgarten-Kullen-Logo.jpg 442w, https:\/\/www.nabu-aachen.de\/wp-content\/uploads\/2023\/06\/Quartiersgarten-Kullen-Logo-300x198.jpg 300w\" sizes=\"auto, (max-width: 442px) 100vw, 442px\" \/><\/figure>","protected":false},"excerpt":{"rendered":"<p>Seit dem Fr\u00fchsommer 2023 entsteht angrenzend an das Schulgel\u00e4nde der GGS Gut Kullen ein nachhaltiger und \u00f6kologischer Natur- und Nutzgarten. Er soll zun\u00e4chst vorwiegend f\u00fcr die Kinder genutzt und sp\u00e4ter f\u00fcr alle Menschen des&#46;&#46;&#46;<\/p>","protected":false},"author":3,"featured_media":0,"parent":0,"menu_order":0,"comment_status":"closed","ping_status":"closed","template":"","meta":{"_lmt_disableupdate":"","_lmt_disable":"","footnotes":""},"categories":[8],"tags":[115,91,114,80],"class_list":["post-6208","page","type-page","status-publish","hentry","category-umweltbildung","tag-garten","tag-naturgarten","tag-quartiersgarten","tag-umweltbildung"],"_links":{"self":[{"href":"https:\/\/www.nabu-aachen.de\/en\/wp-json\/wp\/v2\/pages\/6208","targetHints":{"allow":["GET"]}}],"collection":[{"href":"https:\/\/www.nabu-aachen.de\/en\/wp-json\/wp\/v2\/pages"}],"about":[{"href":"https:\/\/www.nabu-aachen.de\/en\/wp-json\/wp\/v2\/types\/page"}],"author":[{"embeddable":true,"href":"https:\/\/www.nabu-aachen.de\/en\/wp-json\/wp\/v2\/users\/3"}],"replies":[{"embeddable":true,"href":"https:\/\/www.nabu-aachen.de\/en\/wp-json\/wp\/v2\/comments?post=6208"}],"version-history":[{"count":2,"href":"https:\/\/www.nabu-aachen.de\/en\/wp-json\/wp\/v2\/pages\/6208\/revisions"}],"predecessor-version":[{"id":6217,"href":"https:\/\/www.nabu-aachen.de\/en\/wp-json\/wp\/v2\/pages\/6208\/revisions\/6217"}],"wp:attachment":[{"href":"https:\/\/www.nabu-aachen.de\/en\/wp-json\/wp\/v2\/media?parent=6208"}],"wp:term":[{"taxonomy":"category","embeddable":true,"href":"https:\/\/www.nabu-aachen.de\/en\/wp-json\/wp\/v2\/categories?post=6208"},{"taxonomy":"post_tag","embeddable":true,"href":"https:\/\/www.nabu-aachen.de\/en\/wp-json\/wp\/v2\/tags?post=6208"}],"curies":[{"name":"wp","href":"https:\/\/api.w.org\/{rel}","templated":true}]}}