{"id":6221,"date":"2024-03-09T14:17:46","date_gmt":"2024-03-09T13:17:46","guid":{"rendered":"https:\/\/www.nabu-aachen.de\/?page_id=6221"},"modified":"2024-03-09T14:17:47","modified_gmt":"2024-03-09T13:17:47","slug":"mensch-natur-unser-viertel","status":"publish","type":"page","link":"https:\/\/www.nabu-aachen.de\/en\/mensch-natur-unser-viertel\/","title":{"rendered":"Mensch \u2013 Natur \u2013 Unser Viertel"},"content":{"rendered":"<p>\u201eMensch, Natur, Unser Viertel\u201c hei\u00dft ein Projekt von Caritas Aachen und NABU Aachen in den Stadtteilen Kullen, Steppenberg und Vaalserquartier. Ziel des Projekts ist es, gemeinsam mit den Bewohnern und Bewohnerinnen ihr Wohnumfeld,&nbsp; ihr Umweltbewusstsein und die nachhaltige Entwicklung zu f\u00f6rdern. Die Menschen des Viertels stehen dabei im Mittelpunkt und sollen bef\u00e4higt werden, den Prozess nach Abschluss des Projekts im Jahr 2025 weiter zu tragen.<\/p>\n\n\n\n<p>Das innovative Projektkonzept \u00fcberzeugte die Stiftung Umwelt und Entwicklung NRW, welche das Projekt mit rund 260.000 \u20ac f\u00f6rdert. Die Caritas Aachen \u00fcbernimmt dabei die Leitung, w\u00e4hrend der NABU Aachen Kooperationspartner ist. Das Vorhaben wird au\u00dferdem von der Katholischen Hochschule NRW wissenschaftlich begleitet, die vor allem zwei Fragen untersucht: Wie wird Demokratief\u00f6rderung von unten umgesetzt? Und wie bringe ich Nachhaltigkeitsthemen in sozial benachteiligte Quartiere?<\/p>\n\n\n\n<figure class=\"wp-block-image\"><img loading=\"lazy\" decoding=\"async\" width=\"1000\" height=\"750\" src=\"https:\/\/www.nabu-aachen.de\/wp-content\/uploads\/2023\/05\/mensch-natur-unser-viertel-1000x750.jpg\" alt=\"\" class=\"wp-image-5633\" srcset=\"https:\/\/www.nabu-aachen.de\/wp-content\/uploads\/2023\/05\/mensch-natur-unser-viertel-1000x750.jpg 1000w, https:\/\/www.nabu-aachen.de\/wp-content\/uploads\/2023\/05\/mensch-natur-unser-viertel-300x225.jpg 300w, https:\/\/www.nabu-aachen.de\/wp-content\/uploads\/2023\/05\/mensch-natur-unser-viertel-1536x1152.jpg 1536w, https:\/\/www.nabu-aachen.de\/wp-content\/uploads\/2023\/05\/mensch-natur-unser-viertel.jpg 2000w, https:\/\/www.nabu-aachen.de\/wp-content\/uploads\/2023\/05\/mensch-natur-unser-viertel-300x225@2x.jpg 600w\" sizes=\"auto, (max-width: 1000px) 100vw, 1000px\" \/><figcaption class=\"wp-element-caption\">Foto: NABU Aachen\/ Helen Kahlenberg. Zu sehen von links: Martin Rietschel (Caritas), Laura Harter (KATHO), Ute Fischer (Caritas), Britta Mahn (Caritas), Bezirksb\u00fcrgermeisterin Petra Perschon, Betty Malangr\u00e9 (NABU), Christiane Overkamp (Stiftung Umwelt und Entwicklung Nordrhein-Westfalen), Norbert Frieters-Reermann (KATHO), Han Schmachtenberg (Schulleiter GGS Gut Kullen) und Bernhard Verholen (Caritas).<\/figcaption><\/figure>","protected":false},"excerpt":{"rendered":"<p>\u201eMensch, Natur, Unser Viertel\u201c hei\u00dft ein Projekt von Caritas Aachen und NABU Aachen in den Stadtteilen Kullen, Steppenberg und Vaalserquartier. Ziel des Projekts ist es, gemeinsam mit den Bewohnern und Bewohnerinnen ihr Wohnumfeld,&nbsp; ihr&#46;&#46;&#46;<\/p>","protected":false},"author":3,"featured_media":0,"parent":0,"menu_order":0,"comment_status":"closed","ping_status":"closed","template":"","meta":{"_lmt_disableupdate":"","_lmt_disable":"","footnotes":""},"categories":[],"tags":[],"class_list":["post-6221","page","type-page","status-publish","hentry"],"_links":{"self":[{"href":"https:\/\/www.nabu-aachen.de\/en\/wp-json\/wp\/v2\/pages\/6221","targetHints":{"allow":["GET"]}}],"collection":[{"href":"https:\/\/www.nabu-aachen.de\/en\/wp-json\/wp\/v2\/pages"}],"about":[{"href":"https:\/\/www.nabu-aachen.de\/en\/wp-json\/wp\/v2\/types\/page"}],"author":[{"embeddable":true,"href":"https:\/\/www.nabu-aachen.de\/en\/wp-json\/wp\/v2\/users\/3"}],"replies":[{"embeddable":true,"href":"https:\/\/www.nabu-aachen.de\/en\/wp-json\/wp\/v2\/comments?post=6221"}],"version-history":[{"count":1,"href":"https:\/\/www.nabu-aachen.de\/en\/wp-json\/wp\/v2\/pages\/6221\/revisions"}],"predecessor-version":[{"id":6222,"href":"https:\/\/www.nabu-aachen.de\/en\/wp-json\/wp\/v2\/pages\/6221\/revisions\/6222"}],"wp:attachment":[{"href":"https:\/\/www.nabu-aachen.de\/en\/wp-json\/wp\/v2\/media?parent=6221"}],"wp:term":[{"taxonomy":"category","embeddable":true,"href":"https:\/\/www.nabu-aachen.de\/en\/wp-json\/wp\/v2\/categories?post=6221"},{"taxonomy":"post_tag","embeddable":true,"href":"https:\/\/www.nabu-aachen.de\/en\/wp-json\/wp\/v2\/tags?post=6221"}],"curies":[{"name":"wp","href":"https:\/\/api.w.org\/{rel}","templated":true}]}}