{"id":704,"date":"2017-11-07T11:10:42","date_gmt":"2017-11-07T10:10:42","guid":{"rendered":"http:\/\/www.nabu-aachen.de\/?page_id=704"},"modified":"2020-09-16T15:52:10","modified_gmt":"2020-09-16T13:52:10","slug":"biodiversitaet-in-der-ackerlandschaft","status":"publish","type":"page","link":"https:\/\/www.nabu-aachen.de\/en\/biodiversitaet-in-der-ackerlandschaft\/","title":{"rendered":"Biodiversit\u00e4t in der Ackerlandschaft"},"content":{"rendered":"<p><strong>Feldv\u00f6gel<\/strong><\/p>\n<div id=\"attachment_707\" style=\"width: 310px\" class=\"wp-caption alignleft\"><a href=\"https:\/\/www.nabu-aachen.de\/wp-content\/uploads\/2018\/02\/nabunetz_feldlerche_ursuladoll.jpg\"><img loading=\"lazy\" decoding=\"async\" aria-describedby=\"caption-attachment-707\" class=\"wp-image-707 size-medium\" src=\"https:\/\/www.nabu-aachen.de\/wp-content\/uploads\/2018\/02\/nabunetz_feldlerche_ursuladoll-300x181.jpg\" alt=\"\" width=\"300\" height=\"181\" srcset=\"https:\/\/www.nabu-aachen.de\/wp-content\/uploads\/2018\/02\/nabunetz_feldlerche_ursuladoll-300x181.jpg 300w, https:\/\/www.nabu-aachen.de\/wp-content\/uploads\/2018\/02\/nabunetz_feldlerche_ursuladoll-1000x602.jpg 1000w, https:\/\/www.nabu-aachen.de\/wp-content\/uploads\/2018\/02\/nabunetz_feldlerche_ursuladoll.jpg 2000w, https:\/\/www.nabu-aachen.de\/wp-content\/uploads\/2018\/02\/nabunetz_feldlerche_ursuladoll-300x181@2x.jpg 600w\" sizes=\"auto, (max-width: 300px) 100vw, 300px\" \/><\/a><p id=\"caption-attachment-707\" class=\"wp-caption-text\">\u201eAllerweltsarten\u201c wie Kiebitz, Rebhuhn und Feldlerche (auf diesem Bild zu sehen) sind in Agrarlandschaften bundesweit deutlich seltener anzutreffen als noch vor wenigen Jahren. Foto: NABU\/Ursula Doll<\/p><\/div>\n<p>Die Feldv\u00f6gel (Acker- und Wiesenv\u00f6gel) sind die am meisten gef\u00e4hrdete Artengruppe innerhalb der mitteleurop\u00e4ischen Vogelfauna \u2013 sie finden sich \u00fcberproportional h\u00e4ufig in der Roten Liste wieder. Wie zahlreiche Untersuchungen belegen, ist der Niedergang der Feldv\u00f6gel der Wiesen- und Ackerlandschaften in unmittelbaren Zusammenhang mit der Intensivierung der Landwirtschaft zu bringen.<\/p>\n<p>Der Verlust von Hecken, Baumgruppen, Brachfl\u00e4chen und Feldrainen, die Zunahme des Energiepflanzenanbaus (Mais- und Rapsanbau) und der weiter zunehmende Einsatz von Pflanzenschutzmitteln tragen wesentlich dazu bei. Riesige Fl\u00e4chen mit bl\u00fchendem Raps sind zwar zun\u00e4chst h\u00fcbsch anzusehen, stehen Rebhuhn, Feldlerche und den anderen V\u00f6geln der Agrarlandschaft als Brutrevier und zur Nahrungssuche aber nicht zur Verf\u00fcgung. Die dichte Vegetation und intensiver Pflanzenschutzmitteleinsatz verhindern dies.<\/p>\n<p>Dabei k\u00f6nnte man zumindest die Situation f\u00fcr die V\u00f6gel der Ackerlebensr\u00e4ume durch einfache Ma\u00dfnahmen verbessern &#8211; wie die Anlage von Stilllegungsfl\u00e4chen, Hecken, Ackerrandstreifen und Bl\u00fchfl\u00e4chen sowie der Verzicht auf den Umbruch der Felder unmittelbar nach der Ernte und die deutliche Reduzierung der Pflanzenschutzmittel, allen voran Roundup (Glyphosat), aber auch eine ausgewogene Fruchtfolge w\u00e4ren wichtige Schritte, der Artenvielfalt wieder eine Chance zu geben.<\/p>\n<p>F\u00fcr Grundeigent\u00fcmerinnen und Grundeigent\u00fcmer, die landwirtschaftliche Fl\u00e4chen verpachten und sich mehr Natur w\u00fcnschen,&nbsp; gibt es das kostenlose Beratungs- und Informationsangebot <a href=\"https:\/\/www.fairpachten.org\/\" target=\"_blank\" rel=\"noopener noreferrer\">Fairpachten. Hier kann man sich dar\u00fcber informieren<\/a>, wie sich in Absprache mit den Landwirtinnen und Landwirten mehr Naturschutz auf Ackerfl\u00e4chen, Wiesen und Weiden umsetzen l\u00e4sst.<\/p>\n<p><a href=\"https:\/\/www.fairpachten.org\/\" target=\"_blank\" rel=\"noopener noreferrer\"><img loading=\"lazy\" decoding=\"async\" class=\"alignnone wp-image-2827 size-medium\" src=\"https:\/\/www.nabu-aachen.de\/wp-content\/uploads\/2020\/05\/fairpachten-300x171.jpg\" alt=\"\" width=\"300\" height=\"171\" srcset=\"https:\/\/www.nabu-aachen.de\/wp-content\/uploads\/2020\/05\/fairpachten-300x171.jpg 300w, https:\/\/www.nabu-aachen.de\/wp-content\/uploads\/2020\/05\/fairpachten-1000x572.jpg 1000w, https:\/\/www.nabu-aachen.de\/wp-content\/uploads\/2020\/05\/fairpachten-1536x878.jpg 1536w, https:\/\/www.nabu-aachen.de\/wp-content\/uploads\/2020\/05\/fairpachten.jpg 2000w, https:\/\/www.nabu-aachen.de\/wp-content\/uploads\/2020\/05\/fairpachten-300x171@2x.jpg 600w\" sizes=\"auto, (max-width: 300px) 100vw, 300px\" \/><\/a><\/p>\n<p><strong>Feldhamster&nbsp;(<em>Cricetus cricetus<\/em>)&nbsp;<\/strong><\/p>\n<p>Der in Deutschland heimische Feldhamster geh\u00f6rt mit einer K\u00f6rpergr\u00f6\u00dfe von 20 bis 35 Zentimetern und einem Gewicht von 200 bis 500 Gramm zu den Riesen unter unseren Nagetieren. Charakteristisch f\u00fcr den Feldhamster ist sein ausgesprochen buntes, weiches Fell, ein schwarzer Bauch und auff\u00e4llig braun-gelb gefleckte Flanken. Feldhamster sind typische Bewohner der Ackerlandschaften. Sie leben in einem weit verzweigten Gang- und H\u00f6hlensystem bis zu einem Meter unter der Erde. Dort hausen sie au\u00dferhalb der Paarungszeit allein. Jeder Hamster besitzt seinen eigenen Bau, den er vehement gegen seine Artgenossen verteidigt.<\/p>\n<p>Fr\u00fcher geh\u00f6rte der Feldhamster zu den h\u00e4ufigsten Kleins\u00e4ugern Deutschlands. Bis in die 70er Jahre wurde er sogar als Plage mit allerlei Gift bek\u00e4mpft. Doch nicht nur direkte Verfolgung hat dem Hamster einen Spitzenplatz auf der Roten Liste beschert. Die Intensivierung der Landwirtschaft hat die Lebensr\u00e4ume des Hamsters stark eingeschr\u00e4nkt. Gro\u00dfe Ackerfl\u00e4chen, die nur noch selten von artenreichen Feldrainen und Hecken begrenzt werden, bieten dem Nager keine Deckung. Diesen eint\u00f6nigen Feldern fehlt es auch an Wildkr\u00e4utern, einer wichtigen Nahrungsquelle f\u00fcr den Hamster. Selbst der von Natur aus robuste und wehrhafte Hamster muss in dieser lebensfeindlichen Umgebung kapitulieren. Schlie\u00dflich werden Lebensr\u00e4ume oft durch neue Baugebiete zerst\u00f6rt.<\/p>\n<p><strong>#NeueAgrarpolitik<\/strong><\/p>\n<p>Der NABU fordert&nbsp; zusammen mit anderen Umweltschutzverb\u00e4nden schon seit langem eine Umstellung der Gemeinsamen Agrarpolitik (GAP) der EU.&nbsp;Derzeit flie\u00dfen fast 40 Prozent des EU-Haushaltes, j\u00e4hrlich rund 60 Milliarden Euro, in die GAP. Doch die Subventionen an die Landwirte erfolgen nach einer pauschalen Fl\u00e4chenpr\u00e4mie &#8211; je mehr Fl\u00e4che desto mehr Geld. Der Umweltschutz bleibt auf der Strecke. Um die Biodiversit\u00e4t der Ackerlandschaft zu retten und die Landwirtschaft fairer und nachhaltiger zu gestalten, sollten solche Landwirte, die naturvertr\u00e4glich wirtschaften, mehr finanzielle Unterst\u00fctzung erhalten. Weitere Infos zur Agrar-Kampagne des NABU-Bundesverbandes finden sie auch <a href=\"https:\/\/www.nabu.de\/natur-und-landschaft\/landnutzung\/landwirtschaft\/agrarreform2021\/index.html\">hier<\/a>.<\/p>\n\n<ul class=\"wp-block-latest-posts__list is-grid columns-2 has-dates wp-block-latest-posts\"><li><div class=\"wp-block-latest-posts__featured-image\"><img loading=\"lazy\" decoding=\"async\" width=\"150\" height=\"150\" src=\"https:\/\/www.nabu-aachen.de\/wp-content\/uploads\/2018\/02\/biber-an-der-havel-150x150.jpg\" class=\"attachment-thumbnail size-thumbnail wp-post-image\" alt=\"\" style=\"\" srcset=\"https:\/\/www.nabu-aachen.de\/wp-content\/uploads\/2018\/02\/biber-an-der-havel-150x150.jpg 150w, https:\/\/www.nabu-aachen.de\/wp-content\/uploads\/2018\/02\/biber-an-der-havel-160x160.jpg 160w, https:\/\/www.nabu-aachen.de\/wp-content\/uploads\/2018\/02\/biber-an-der-havel-320x320.jpg 320w, https:\/\/www.nabu-aachen.de\/wp-content\/uploads\/2018\/02\/biber-an-der-havel-150x150@2x.jpg 300w, https:\/\/www.nabu-aachen.de\/wp-content\/uploads\/2018\/02\/biber-an-der-havel-320x320@2x.jpg 640w\" sizes=\"auto, (max-width: 150px) 100vw, 150px\" \/><\/div><a class=\"wp-block-latest-posts__post-title\" href=\"https:\/\/www.nabu-aachen.de\/en\/vom-nager-zum-klimaschuetzer-biber-machen-dieeu-wiederherstellungsverordnung-lebendig\/\">Vom Nager zum Klimasch\u00fctzer: Biber machen die EU-Wiederherstellungsverordnung lebendig<\/a><time datetime=\"2026-04-07T13:26:56+02:00\" class=\"wp-block-latest-posts__post-date\">7. April 2026<\/time><div class=\"wp-block-latest-posts__post-excerpt\">Internationaler Tag des Bibers Vom Nager zum Klimasch\u00fctzer: Biber machen dieEU-Wiederherstellungsverordnung lebendig Der Biber kehrt zur\u00fcck &#8211; und wird zum Schl\u00fcssel f\u00fcr Klimaschutz undresiliente Fl\u00fcsse Berlin &#8211; Der Eurasische Biber ist zur\u00fcck und mit&#46;&#46;&#46;<\/div><\/li>\n<li><div class=\"wp-block-latest-posts__featured-image\"><img loading=\"lazy\" decoding=\"async\" width=\"150\" height=\"150\" src=\"https:\/\/www.nabu-aachen.de\/wp-content\/uploads\/2025\/12\/Pflanzung2_Obstwiese-Oberforstbach_20251209_ManfredAletseen_Teaser-150x150.jpg\" class=\"attachment-thumbnail size-thumbnail wp-post-image\" alt=\"\" style=\"\" srcset=\"https:\/\/www.nabu-aachen.de\/wp-content\/uploads\/2025\/12\/Pflanzung2_Obstwiese-Oberforstbach_20251209_ManfredAletseen_Teaser-150x150.jpg 150w, https:\/\/www.nabu-aachen.de\/wp-content\/uploads\/2025\/12\/Pflanzung2_Obstwiese-Oberforstbach_20251209_ManfredAletseen_Teaser-160x160.jpg 160w, https:\/\/www.nabu-aachen.de\/wp-content\/uploads\/2025\/12\/Pflanzung2_Obstwiese-Oberforstbach_20251209_ManfredAletseen_Teaser-320x320.jpg 320w, https:\/\/www.nabu-aachen.de\/wp-content\/uploads\/2025\/12\/Pflanzung2_Obstwiese-Oberforstbach_20251209_ManfredAletseen_Teaser-150x150@2x.jpg 300w\" sizes=\"auto, (max-width: 150px) 100vw, 150px\" \/><\/div><a class=\"wp-block-latest-posts__post-title\" href=\"https:\/\/www.nabu-aachen.de\/en\/obstbaumpflanzung-der-nabu-naturschutzstation-aachen-2025\/\">Obstbaumpflanzung der NABU-Naturschutzstation Aachen 2025<\/a><time datetime=\"2025-12-12T17:36:09+01:00\" class=\"wp-block-latest-posts__post-date\">12. December 2025<\/time><div class=\"wp-block-latest-posts__post-excerpt\">Obstbaumpflanzung der NABU-Naturschutzstation Aachen 2025\u00a0 150 hochst\u00e4mmige Obstb\u00e4ume gepflanzt! Es ist schon Tradition. Dezember ist f\u00fcr die NABU-Naturschutzstation Pflanzzeit. Dieses Jahr wurden wieder 150 hochst\u00e4mmige Obstb\u00e4ume rund um Aachen gepflanzt. Zum Abschluss des Projektes&#46;&#46;&#46;<\/div><\/li>\n<li><div class=\"wp-block-latest-posts__featured-image\"><img loading=\"lazy\" decoding=\"async\" width=\"150\" height=\"150\" src=\"https:\/\/www.nabu-aachen.de\/wp-content\/uploads\/2025\/11\/Apfelsaft_Teaser-150x150.jpg\" class=\"attachment-thumbnail size-thumbnail wp-post-image\" alt=\"\" style=\"\" srcset=\"https:\/\/www.nabu-aachen.de\/wp-content\/uploads\/2025\/11\/Apfelsaft_Teaser-150x150.jpg 150w, https:\/\/www.nabu-aachen.de\/wp-content\/uploads\/2025\/11\/Apfelsaft_Teaser-160x160.jpg 160w, https:\/\/www.nabu-aachen.de\/wp-content\/uploads\/2025\/11\/Apfelsaft_Teaser-320x320.jpg 320w, https:\/\/www.nabu-aachen.de\/wp-content\/uploads\/2025\/11\/Apfelsaft_Teaser-150x150@2x.jpg 300w\" sizes=\"auto, (max-width: 150px) 100vw, 150px\" \/><\/div><a class=\"wp-block-latest-posts__post-title\" href=\"https:\/\/www.nabu-aachen.de\/en\/apfelsaft-von-unseren-streuobstwiesen\/\">Apfelsaft von unseren Streuobstwiesen<\/a><time datetime=\"2025-11-22T12:18:35+01:00\" class=\"wp-block-latest-posts__post-date\">22. November 2025<\/time><div class=\"wp-block-latest-posts__post-excerpt\">Apfelsaft von unseren Streuobstwiesen Info zum Apfelsaft Der naturtr\u00fcbe Apfelsaft des NABU Stadtverbandes Aachen wird aus den \u00c4pfeln unserer Streuobstwiesen in Aachen hergestellt. Die gesammelten Fr\u00fcchte werden in Zusammenarbeit mit einer mobilen Saftpresse verarbeitet,&#46;&#46;&#46;<\/div><\/li>\n<li><div class=\"wp-block-latest-posts__featured-image\"><img loading=\"lazy\" decoding=\"async\" width=\"150\" height=\"150\" src=\"https:\/\/www.nabu-aachen.de\/wp-content\/uploads\/2025\/10\/IMGP9137_DxO-Kopie-150x150.jpg\" class=\"attachment-thumbnail size-thumbnail wp-post-image\" alt=\"\" style=\"\" srcset=\"https:\/\/www.nabu-aachen.de\/wp-content\/uploads\/2025\/10\/IMGP9137_DxO-Kopie-150x150.jpg 150w, https:\/\/www.nabu-aachen.de\/wp-content\/uploads\/2025\/10\/IMGP9137_DxO-Kopie-160x160.jpg 160w, https:\/\/www.nabu-aachen.de\/wp-content\/uploads\/2025\/10\/IMGP9137_DxO-Kopie-320x320.jpg 320w, https:\/\/www.nabu-aachen.de\/wp-content\/uploads\/2025\/10\/IMGP9137_DxO-Kopie-150x150@2x.jpg 300w\" sizes=\"auto, (max-width: 150px) 100vw, 150px\" \/><\/div><a class=\"wp-block-latest-posts__post-title\" href=\"https:\/\/www.nabu-aachen.de\/en\/das-rebhuhn-ist-vogel-des-jahres-2026\/\">Das Rebhuhn ist Vogel des Jahres 2026<\/a><time datetime=\"2025-10-09T12:22:58+02:00\" class=\"wp-block-latest-posts__post-date\">9. October 2025<\/time><div class=\"wp-block-latest-posts__post-excerpt\">Umwelt \/ V\u00f6gel Das Rebhuhn ist Vogel des Jahres 2026 Ein kleiner Feldbewohner mit gro\u00dfer Botschaft Mit dem Rebhuhn r\u00fcckt ein stark gef\u00e4hrdeter Agrarvogel ins Rampenlicht \u2013 und das aus gutem Grund: Sein Lebensraum&#46;&#46;&#46;<\/div><\/li>\n<li><div class=\"wp-block-latest-posts__featured-image\"><img loading=\"lazy\" decoding=\"async\" width=\"150\" height=\"150\" src=\"https:\/\/www.nabu-aachen.de\/wp-content\/uploads\/2025\/09\/Vogel_des_Jahres_2026-150x150.jpg\" class=\"attachment-thumbnail size-thumbnail wp-post-image\" alt=\"\" style=\"\" srcset=\"https:\/\/www.nabu-aachen.de\/wp-content\/uploads\/2025\/09\/Vogel_des_Jahres_2026-150x150.jpg 150w, https:\/\/www.nabu-aachen.de\/wp-content\/uploads\/2025\/09\/Vogel_des_Jahres_2026-160x160.jpg 160w, https:\/\/www.nabu-aachen.de\/wp-content\/uploads\/2025\/09\/Vogel_des_Jahres_2026-320x320.jpg 320w, https:\/\/www.nabu-aachen.de\/wp-content\/uploads\/2025\/09\/Vogel_des_Jahres_2026-150x150@2x.jpg 300w\" sizes=\"auto, (max-width: 150px) 100vw, 150px\" \/><\/div><a class=\"wp-block-latest-posts__post-title\" href=\"https:\/\/www.nabu-aachen.de\/en\/wahl-zum-vogel-des-jahres-2026-startet\/\">Wahl zum Vogel des Jahres 2026 startet<\/a><time datetime=\"2025-09-05T17:27:25+02:00\" class=\"wp-block-latest-posts__post-date\">5. September 2025<\/time><div class=\"wp-block-latest-posts__post-excerpt\">Umwelt \/ V\u00f6gel Wahl zum Vogel des Jahres 2026 startet Amsel, Rebhuhn, Schleiereule, Waldohreule und Zwergtaucher k\u00e4mpfen um den Titel Berlin \u2013 Am 2. September starten NABU und sein bayerischer Partner LBV (Landesbund f\u00fcr&#46;&#46;&#46;<\/div><\/li>\n<li><div class=\"wp-block-latest-posts__featured-image\"><img loading=\"lazy\" decoding=\"async\" width=\"150\" height=\"150\" src=\"https:\/\/www.nabu-aachen.de\/wp-content\/uploads\/2025\/08\/IMGP4905_DxO-topaz-denoise-sharpen-Kopie-2-150x150.jpg\" class=\"attachment-thumbnail size-thumbnail wp-post-image\" alt=\"\" style=\"\" srcset=\"https:\/\/www.nabu-aachen.de\/wp-content\/uploads\/2025\/08\/IMGP4905_DxO-topaz-denoise-sharpen-Kopie-2-150x150.jpg 150w, https:\/\/www.nabu-aachen.de\/wp-content\/uploads\/2025\/08\/IMGP4905_DxO-topaz-denoise-sharpen-Kopie-2-160x160.jpg 160w, https:\/\/www.nabu-aachen.de\/wp-content\/uploads\/2025\/08\/IMGP4905_DxO-topaz-denoise-sharpen-Kopie-2-320x320.jpg 320w, https:\/\/www.nabu-aachen.de\/wp-content\/uploads\/2025\/08\/IMGP4905_DxO-topaz-denoise-sharpen-Kopie-2-150x150@2x.jpg 300w\" sizes=\"auto, (max-width: 150px) 100vw, 150px\" \/><\/div><a class=\"wp-block-latest-posts__post-title\" href=\"https:\/\/www.nabu-aachen.de\/en\/gutes-jahr-fuer-schmetterlinge\/\">Gutes Jahr f\u00fcr Schmetterlinge<\/a><time datetime=\"2025-08-02T17:46:16+02:00\" class=\"wp-block-latest-posts__post-date\">2. August 2025<\/time><div class=\"wp-block-latest-posts__post-excerpt\">Schmetterlinge \/ Umweltschutz RESSEMITTEILUNG NABU NRW | NR 43\/25 | 25. JULI 2025 Gutes Jahr f\u00fcr Schmetterlinge D\u00fcsseldorf \u00a0Bereits zum zehnten Mal hatte der NABU NRW zur Teilnahme an der Falterz\u00e4hlaktion Schmetterlingszeit in Nordrhein-Westfalen&#46;&#46;&#46;<\/div><\/li>\n<\/ul>","protected":false},"excerpt":{"rendered":"<p>Feldv\u00f6gel Die Feldv\u00f6gel (Acker- und Wiesenv\u00f6gel) sind die am meisten gef\u00e4hrdete Artengruppe innerhalb der mitteleurop\u00e4ischen Vogelfauna \u2013 sie finden sich \u00fcberproportional h\u00e4ufig in der Roten Liste wieder. Wie zahlreiche Untersuchungen belegen, ist der Niedergang&#46;&#46;&#46;<\/p>","protected":false},"author":3,"featured_media":707,"parent":0,"menu_order":0,"comment_status":"closed","ping_status":"closed","template":"","meta":{"_lmt_disableupdate":"","_lmt_disable":"","footnotes":""},"categories":[26],"tags":[],"class_list":["post-704","page","type-page","status-publish","has-post-thumbnail","hentry","category-themen"],"_links":{"self":[{"href":"https:\/\/www.nabu-aachen.de\/en\/wp-json\/wp\/v2\/pages\/704","targetHints":{"allow":["GET"]}}],"collection":[{"href":"https:\/\/www.nabu-aachen.de\/en\/wp-json\/wp\/v2\/pages"}],"about":[{"href":"https:\/\/www.nabu-aachen.de\/en\/wp-json\/wp\/v2\/types\/page"}],"author":[{"embeddable":true,"href":"https:\/\/www.nabu-aachen.de\/en\/wp-json\/wp\/v2\/users\/3"}],"replies":[{"embeddable":true,"href":"https:\/\/www.nabu-aachen.de\/en\/wp-json\/wp\/v2\/comments?post=704"}],"version-history":[{"count":13,"href":"https:\/\/www.nabu-aachen.de\/en\/wp-json\/wp\/v2\/pages\/704\/revisions"}],"predecessor-version":[{"id":3061,"href":"https:\/\/www.nabu-aachen.de\/en\/wp-json\/wp\/v2\/pages\/704\/revisions\/3061"}],"wp:featuredmedia":[{"embeddable":true,"href":"https:\/\/www.nabu-aachen.de\/en\/wp-json\/wp\/v2\/media\/707"}],"wp:attachment":[{"href":"https:\/\/www.nabu-aachen.de\/en\/wp-json\/wp\/v2\/media?parent=704"}],"wp:term":[{"taxonomy":"category","embeddable":true,"href":"https:\/\/www.nabu-aachen.de\/en\/wp-json\/wp\/v2\/categories?post=704"},{"taxonomy":"post_tag","embeddable":true,"href":"https:\/\/www.nabu-aachen.de\/en\/wp-json\/wp\/v2\/tags?post=704"}],"curies":[{"name":"wp","href":"https:\/\/api.w.org\/{rel}","templated":true}]}}