{"id":713,"date":"2017-09-07T11:34:26","date_gmt":"2017-09-07T09:34:26","guid":{"rendered":"http:\/\/www.nabu-aachen.de\/?page_id=713"},"modified":"2020-09-16T16:15:03","modified_gmt":"2020-09-16T14:15:03","slug":"kulturlandschaft-varnenum","status":"publish","type":"page","link":"https:\/\/www.nabu-aachen.de\/en\/kulturlandschaft-varnenum\/","title":{"rendered":"Varnenum cultural landscape"},"content":{"rendered":"<p>The Varnenum temple district near Aachen-Kornelim\u00fcnster was used as a cult center ruled by the Romans between around 100 and 260 AD. Today, there is little sign of the hustle and bustle of past centuries around the Varnenum: the foundations are covered with a layer of earth. This preserves the archaeological evidence for later investigations in the context of the finds and ensures \"that the site can still be scientifically examined by later generations\", explains Professor Heinz G\u00fcnter Horn, the archaeologist.<\/p>\n<div id=\"attachment_1074\" style=\"width: 310px\" class=\"wp-caption alignleft\"><a href=\"https:\/\/www.nabu-aachen.de\/wp-content\/uploads\/2018\/04\/dsc02549.jpg\"><img loading=\"lazy\" decoding=\"async\" aria-describedby=\"caption-attachment-1074\" class=\"wp-image-1074 size-medium\" src=\"https:\/\/www.nabu-aachen.de\/wp-content\/uploads\/2018\/04\/dsc02549-300x225.jpg\" alt=\"\" width=\"300\" height=\"225\" srcset=\"https:\/\/www.nabu-aachen.de\/wp-content\/uploads\/2018\/04\/dsc02549-300x225.jpg 300w, https:\/\/www.nabu-aachen.de\/wp-content\/uploads\/2018\/04\/dsc02549-1000x750.jpg 1000w, https:\/\/www.nabu-aachen.de\/wp-content\/uploads\/2018\/04\/dsc02549.jpg 2000w, https:\/\/www.nabu-aachen.de\/wp-content\/uploads\/2018\/04\/dsc02549-300x225@2x.jpg 600w\" sizes=\"auto, (max-width: 300px) 100vw, 300px\" \/><\/a><p id=\"caption-attachment-1074\" class=\"wp-caption-text\">Varnenum cultural landscape <br \/>Foto: Dr. Manfred Aletsee.<\/p><\/div>\n<p>Walled-up quarry stones show visitors where the buildings stood in the Varnenum temple district. The complex was actually much larger than the part visible today: A total of five hectares are under monument protection, as many archaeological remains probably still rest in the ground - undisturbed for almost two millennia.<\/p>\n<p>More information and photos of the monument can be found on the NRW-Stiftung website:\u00a0<a href=\"https:\/\/www.nrw-stiftung.de\/projekte\/projekt.php?pid=117\">https:\/\/www.nrw-stiftung.de\/projekte\/projekt.php?pid=117<\/a><\/p>\n<p><img loading=\"lazy\" decoding=\"async\" class=\"size-medium wp-image-714 alignright\" src=\"https:\/\/www.nabu-aachen.de\/wp-content\/uploads\/2018\/02\/nrw-stiftung-logo-google-bildersuche-300x134.png\" alt=\"\" width=\"300\" height=\"134\" srcset=\"https:\/\/www.nabu-aachen.de\/wp-content\/uploads\/2018\/02\/nrw-stiftung-logo-google-bildersuche-300x134.png 300w, https:\/\/www.nabu-aachen.de\/wp-content\/uploads\/2018\/02\/nrw-stiftung-logo-google-bildersuche.png 337w\" sizes=\"auto, (max-width: 300px) 100vw, 300px\" \/><\/p>\n<p>\u00a0<\/p>\n<p>\u00a0<\/p>\n<p>\u00a0<\/p>\n<p>\u00a0<\/p>\n\n<ul class=\"wp-block-latest-posts__list is-grid columns-2 has-dates wp-block-latest-posts\"><li><div class=\"wp-block-latest-posts__featured-image alignleft\"><img loading=\"lazy\" decoding=\"async\" width=\"150\" height=\"150\" src=\"https:\/\/www.nabu-aachen.de\/wp-content\/uploads\/2018\/01\/nabu_schutzgebiete-150x150.jpg\" class=\"attachment-thumbnail size-thumbnail wp-post-image\" alt=\"\" style=\"\" srcset=\"https:\/\/www.nabu-aachen.de\/wp-content\/uploads\/2018\/01\/nabu_schutzgebiete-150x150.jpg 150w, https:\/\/www.nabu-aachen.de\/wp-content\/uploads\/2018\/01\/nabu_schutzgebiete-160x160.jpg 160w, https:\/\/www.nabu-aachen.de\/wp-content\/uploads\/2018\/01\/nabu_schutzgebiete-320x320.jpg 320w, https:\/\/www.nabu-aachen.de\/wp-content\/uploads\/2018\/01\/nabu_schutzgebiete-150x150@2x.jpg 300w\" sizes=\"auto, (max-width: 150px) 100vw, 150px\" \/><\/div><a class=\"wp-block-latest-posts__post-title\" href=\"https:\/\/www.nabu-aachen.de\/en\/nabu-schutzgebiete\/\">NABU conservation areas<\/a><time datetime=\"2018-01-31T11:53:07+01:00\" class=\"wp-block-latest-posts__post-date\">31. January 2018<\/time><div class=\"wp-block-latest-posts__post-excerpt\">Die\u00a0Schutzgebiete des NABU Aachen\u00a0sind wichtige Zentren f\u00fcr den nachhaltigen Schutz der Arten- und Lebensraumvielfalt in Aachen. Sie repr\u00e4sentieren die Vielfalt naturnaher Lebensr\u00e4ume und historisch gewachsener Kulturlebensr\u00e4ume in unserer Region. Landwirtschaftlich gepr\u00e4gte Lebensr\u00e4ume werden in&#46;&#46;&#46;<\/div><\/li>\n<\/ul>","protected":false},"excerpt":{"rendered":"<p>Der Tempelbezirk Varnenum bei Aachen-Kornelim\u00fcnster wurde etwa zwischen den Jahren 100 und 260 nach Christus als von den R\u00f6mern beherrschtes Kult-Zentrum genutzt. Von dem regen Treiben\u00a0vergangener Jahrhunderte rund um das Varnenum ist heute nur&#46;&#46;&#46;<\/p>","protected":false},"author":3,"featured_media":1074,"parent":0,"menu_order":0,"comment_status":"closed","ping_status":"closed","template":"","meta":{"_lmt_disableupdate":"","_lmt_disable":"","footnotes":""},"categories":[3],"tags":[],"class_list":["post-713","page","type-page","status-publish","has-post-thumbnail","hentry","category-schutzgebiete"],"_links":{"self":[{"href":"https:\/\/www.nabu-aachen.de\/en\/wp-json\/wp\/v2\/pages\/713","targetHints":{"allow":["GET"]}}],"collection":[{"href":"https:\/\/www.nabu-aachen.de\/en\/wp-json\/wp\/v2\/pages"}],"about":[{"href":"https:\/\/www.nabu-aachen.de\/en\/wp-json\/wp\/v2\/types\/page"}],"author":[{"embeddable":true,"href":"https:\/\/www.nabu-aachen.de\/en\/wp-json\/wp\/v2\/users\/3"}],"replies":[{"embeddable":true,"href":"https:\/\/www.nabu-aachen.de\/en\/wp-json\/wp\/v2\/comments?post=713"}],"version-history":[{"count":7,"href":"https:\/\/www.nabu-aachen.de\/en\/wp-json\/wp\/v2\/pages\/713\/revisions"}],"predecessor-version":[{"id":3084,"href":"https:\/\/www.nabu-aachen.de\/en\/wp-json\/wp\/v2\/pages\/713\/revisions\/3084"}],"wp:featuredmedia":[{"embeddable":true,"href":"https:\/\/www.nabu-aachen.de\/en\/wp-json\/wp\/v2\/media\/1074"}],"wp:attachment":[{"href":"https:\/\/www.nabu-aachen.de\/en\/wp-json\/wp\/v2\/media?parent=713"}],"wp:term":[{"taxonomy":"category","embeddable":true,"href":"https:\/\/www.nabu-aachen.de\/en\/wp-json\/wp\/v2\/categories?post=713"},{"taxonomy":"post_tag","embeddable":true,"href":"https:\/\/www.nabu-aachen.de\/en\/wp-json\/wp\/v2\/tags?post=713"}],"curies":[{"name":"wp","href":"https:\/\/api.w.org\/{rel}","templated":true}]}}