{"id":7190,"date":"2025-09-01T17:44:41","date_gmt":"2025-09-01T15:44:41","guid":{"rendered":"https:\/\/www.nabu-aachen.de\/?page_id=7190"},"modified":"2025-09-01T17:44:45","modified_gmt":"2025-09-01T15:44:45","slug":"ak-lichtverschmutzung","status":"publish","type":"page","link":"https:\/\/www.nabu-aachen.de\/en\/ak-lichtverschmutzung\/","title":{"rendered":"AK Lichtverschmutzung"},"content":{"rendered":"<p style=\"font-weight: 400;\">\u201eLichtver\u00adschmutzung\u201c bezeichnet das Erhellen der Nacht mit k\u00fcnstlichem Licht. Es ist f\u00fcr uns l\u00e4ngst normal geworden, dass Laternen unsere Stra\u00dfen ausleuchten, Schaufenster auch nachts erhellt sind, gro\u00dfe Strahler historische Geb\u00e4ude in Szene setzen oder Privatleute dekorative Lichterketten aufh\u00e4ngen. Doch das Vertreiben der n\u00e4chtlichen Dunkelheit ist sowohl f\u00fcr das menschliche Wohlbefinden und den Energieverbrauch als auch f\u00fcr unsere Tierwelt pro\u00adblematisch. So ger\u00e4t der Biorhythmus von V\u00f6geln durch\u00adeinander, Flederm\u00e4use m\u00fcssen ausgeleuchtete Quartiere aufgeben oder Insekten verenden an Stra\u00dfenlaternen. Wir m\u00fcssen uns daher dringend die Frage stellen, wie wir verantwortungsvoll mit dem von uns produzierten Licht umgehen.<\/p>\n<p style=\"font-weight: 400;\">Der Arbeitskreis Lichtverschmutzung wurde Anfang 2024 gegr\u00fcndet, um sich f\u00fcr eine Verringerung der Lichtverschmutzung in Aachen einzusetzen. Zu den Aktivit\u00e4ten des Arbeitskreises geh\u00f6ren \u00d6ffentlichkeitsarbeit, Datenerhebung, die Erarbeitung eines Positionspapiers sowie die Beratung der Stadt Aachen. Die Mitglieder des Arbeitskreises verfolgen dabei einen realistischen und l\u00f6sungsorientierten Ansatz. Im Bereich der Stra\u00dfenbeleuchtung kann bspw. ein gezieltes Dimmen der LED-Leuchten oder die Wahl der richtigen Lichtfarbe den Energieverbrauch und die Betriebskosten vermindern und zugleich die Verluste von Insekten, V\u00f6geln und Flederm\u00e4usen verringern, ohne dass Komfort oder Sicherheit beeintr\u00e4chtigt werden.<\/p>\n<p style=\"font-weight: 400;\">Sie m\u00f6chten selbst aktiv werden? Melden Sie sich gerne!<\/p>\n<p style=\"font-weight: 400;\"><strong>Termine:<\/strong> Nach interner Absprache<\/p>\n<p style=\"font-weight: 400;\"><strong>Contact: <\/strong>Hermann Wagner (wagner@bio2.rwth-aachen.de)<\/p>\n<p style=\"font-weight: 400;\">Quellen:<\/p>\n<p style=\"font-weight: 400;\"><a href=\"https:\/\/www.nabu.de\/wir-ueber-uns\/infothek\/mitgliedermagazin\/archiv\/06891.html\">https:\/\/www.nabu.de\/wir-ueber-uns\/infothek\/mitgliedermagazin\/archiv\/06891.html<\/a><\/p>\n<p style=\"font-weight: 400;\"><a href=\"https:\/\/www.nabu.de\/imperia\/md\/content\/nabude\/energie\/20201202-nabu-flyer-stadtbeleuchtung.pdf\">https:\/\/www.nabu.de\/imperia\/md\/content\/nabude\/energie\/20201202-nabu-flyer-stadtbeleuchtung.pdf<\/a><\/p>\n<p style=\"font-weight: 400;\"><a href=\"https:\/\/www.igb-berlin.de\/news\/lichtverschmutzung-unterdrueckt-dunkelhormon-melatonin-bei-mensch-und-tier\">https:\/\/www.igb-berlin.de\/news\/lichtverschmutzung-unterdrueckt-dunkelhormon-melatonin-bei-mensch-und-tier<\/a><\/p>\n<p style=\"font-weight: 400;\"><a href=\"https:\/\/www.apotheken-umschau.de\/gesund-bleiben\/klima\/wie-wirkt-sich-lichtverschmutzung-auf-unseren-schlaf-aus-916525.html\">https:\/\/www.apotheken-umschau.de\/gesund-bleiben\/klima\/wie-wirkt-sich-lichtverschmutzung-auf-unseren-schlaf-aus-916525.html<\/a><\/p>\n<p style=\"font-weight: 400;\">","protected":false},"excerpt":{"rendered":"<p>\u201eLichtver\u00adschmutzung\u201c bezeichnet das Erhellen der Nacht mit k\u00fcnstlichem Licht. Es ist f\u00fcr uns l\u00e4ngst normal geworden, dass Laternen unsere Stra\u00dfen ausleuchten, Schaufenster auch nachts erhellt sind, gro\u00dfe Strahler historische Geb\u00e4ude in Szene setzen oder&#46;&#46;&#46;<\/p>","protected":false},"author":6,"featured_media":0,"parent":0,"menu_order":0,"comment_status":"closed","ping_status":"closed","template":"","meta":{"_lmt_disableupdate":"","_lmt_disable":"","footnotes":""},"categories":[121],"tags":[],"class_list":["post-7190","page","type-page","status-publish","hentry","category-ak-lichtverschmutzung"],"_links":{"self":[{"href":"https:\/\/www.nabu-aachen.de\/en\/wp-json\/wp\/v2\/pages\/7190","targetHints":{"allow":["GET"]}}],"collection":[{"href":"https:\/\/www.nabu-aachen.de\/en\/wp-json\/wp\/v2\/pages"}],"about":[{"href":"https:\/\/www.nabu-aachen.de\/en\/wp-json\/wp\/v2\/types\/page"}],"author":[{"embeddable":true,"href":"https:\/\/www.nabu-aachen.de\/en\/wp-json\/wp\/v2\/users\/6"}],"replies":[{"embeddable":true,"href":"https:\/\/www.nabu-aachen.de\/en\/wp-json\/wp\/v2\/comments?post=7190"}],"version-history":[{"count":1,"href":"https:\/\/www.nabu-aachen.de\/en\/wp-json\/wp\/v2\/pages\/7190\/revisions"}],"predecessor-version":[{"id":7191,"href":"https:\/\/www.nabu-aachen.de\/en\/wp-json\/wp\/v2\/pages\/7190\/revisions\/7191"}],"wp:attachment":[{"href":"https:\/\/www.nabu-aachen.de\/en\/wp-json\/wp\/v2\/media?parent=7190"}],"wp:term":[{"taxonomy":"category","embeddable":true,"href":"https:\/\/www.nabu-aachen.de\/en\/wp-json\/wp\/v2\/categories?post=7190"},{"taxonomy":"post_tag","embeddable":true,"href":"https:\/\/www.nabu-aachen.de\/en\/wp-json\/wp\/v2\/tags?post=7190"}],"curies":[{"name":"wp","href":"https:\/\/api.w.org\/{rel}","templated":true}]}}