{"id":7229,"date":"2025-09-13T19:26:18","date_gmt":"2025-09-13T17:26:18","guid":{"rendered":"https:\/\/www.nabu-aachen.de\/?page_id=7229"},"modified":"2025-09-13T19:26:19","modified_gmt":"2025-09-13T17:26:19","slug":"ak-lichtverschmutzung-2","status":"publish","type":"page","link":"https:\/\/www.nabu-aachen.de\/en\/ak-lichtverschmutzung-2\/","title":{"rendered":"AK Lichtverschmutzung"},"content":{"rendered":"<p>\u201eLichtver\u00adschmutzung\u201c bezeichnet das Erhellen der Nacht mit k\u00fcnstlichem Licht. Es ist f\u00fcr uns l\u00e4ngst normal geworden, dass Laternen unsere Stra\u00dfen ausleuchten, Schaufenster auch nachts erhellt sind, gro\u00dfe Strahler historische Geb\u00e4ude in Szene setzen oder Privatleute dekorative Lichterketten aufh\u00e4ngen. Doch das Vertreiben der n\u00e4chtlichen Dunkelheit ist sowohl f\u00fcr das menschliche Wohlbefinden und den Energieverbrauch als auch f\u00fcr unsere Tierwelt pro\u00adblematisch. So ger\u00e4t nicht nur unser eigener Biorhythmus, sondern auch der von Pflanzen und Tieren durch\u00adeinander, Flederm\u00e4use m\u00fcssen ausgeleuchtete Quartiere aufgeben oder Insekten verenden an Stra\u00dfenlaternen. Wir m\u00fcssen uns daher dringend die Frage stellen, wie wir verantwortungsvoll mit dem von uns produzierten Licht umgehen.<\/p>\n\n\n\n<figure class=\"wp-block-image size-large is-resized\"><img loading=\"lazy\" decoding=\"async\" width=\"1000\" height=\"667\" src=\"https:\/\/www.nabu-aachen.de\/wp-content\/uploads\/2025\/09\/ArturKeil_F15_Ali_Nabu43-1000x667.jpg\" alt=\"\" class=\"wp-image-7230\" style=\"width:733px;height:auto\" srcset=\"https:\/\/www.nabu-aachen.de\/wp-content\/uploads\/2025\/09\/ArturKeil_F15_Ali_Nabu43-1000x667.jpg 1000w, https:\/\/www.nabu-aachen.de\/wp-content\/uploads\/2025\/09\/ArturKeil_F15_Ali_Nabu43-300x200.jpg 300w, https:\/\/www.nabu-aachen.de\/wp-content\/uploads\/2025\/09\/ArturKeil_F15_Ali_Nabu43-1536x1024.jpg 1536w, https:\/\/www.nabu-aachen.de\/wp-content\/uploads\/2025\/09\/ArturKeil_F15_Ali_Nabu43-18x12.jpg 18w, https:\/\/www.nabu-aachen.de\/wp-content\/uploads\/2025\/09\/ArturKeil_F15_Ali_Nabu43.jpg 2000w, https:\/\/www.nabu-aachen.de\/wp-content\/uploads\/2025\/09\/ArturKeil_F15_Ali_Nabu43-300x200@2x.jpg 600w\" sizes=\"auto, (max-width: 1000px) 100vw, 1000px\" \/><figcaption class=\"wp-element-caption\">NABU\/Artur Keil<\/figcaption><\/figure>\n\n\n\n<p>Der Arbeitskreis Lichtverschmutzung wurde Anfang 2024 gegr\u00fcndet, um sich f\u00fcr eine Verringerung der Lichtverschmutzung in Aachen einzusetzen. Zu den Aktivit\u00e4ten des Arbeitskreises geh\u00f6ren \u00d6ffentlichkeitsarbeit, Datenerhebung, die Erarbeitung eines Positionspapiers sowie der Austausch mit den Energieversorgern (Regionetz, STAWAG) der Stadt Aachen. Die Mitglieder des Arbeitskreises verfolgen dabei einen realistischen und l\u00f6sungsorientierten Ansatz. Im Bereich der Stra\u00dfenbeleuchtung kann bspw. ein gezieltes Dimmen der LED-Leuchten, die zielgerichtete Lenkung des Lichts nach unten oder die Wahl der richtigen Lichtfarbe den Energieverbrauch und die Betriebskosten vermindern und zugleich die Verluste von Insekten, V\u00f6geln und Flederm\u00e4usen verringern, ohne dass Komfort oder Sicherheit beeintr\u00e4chtigt werden.<\/p>\n\n\n\n<p>Sie m\u00f6chten selbst aktiv werden? Melden Sie sich gerne!<\/p>\n\n\n\n<p><strong>Termine:<\/strong> keine festen Termine, Info \u00fcber Kontakt<\/p>\n\n\n\n<p><strong>Contact: <\/strong>Hermann Wagner (wagner@bio2.rwth-aachen.de)<\/p>\n\n\n\n<p>Quellen:<\/p>\n\n\n\n<p><a href=\"https:\/\/www.nabu.de\/wir-ueber-uns\/infothek\/mitgliedermagazin\/archiv\/06891.html\">https:\/\/www.nabu.de\/wir-ueber-uns\/infothek\/mitgliedermagazin\/archiv\/06891.html<\/a><\/p>\n\n\n\n<p><a href=\"https:\/\/www.nabu.de\/imperia\/md\/content\/nabude\/energie\/20201202-nabu-flyer-stadtbeleuchtung.pdf\">https:\/\/www.nabu.de\/imperia\/md\/content\/nabude\/energie\/20201202-nabu-flyer-stadtbeleuchtung.pdf<\/a><\/p>\n\n\n\n<p><a href=\"https:\/\/www.igb-berlin.de\/news\/lichtverschmutzung-unterdrueckt-dunkelhormon-melatonin-bei-mensch-und-tier\">https:\/\/www.igb-berlin.de\/news\/lichtverschmutzung-unterdrueckt-dunkelhormon-melatonin-bei-mensch-und-tier<\/a><\/p>\n\n\n\n<p><a href=\"https:\/\/www.apotheken-umschau.de\/gesund-bleiben\/klima\/wie-wirkt-sich-lichtverschmutzung-auf-unseren-schlaf-aus-916525.html\">https:\/\/www.apotheken-umschau.de\/gesund-bleiben\/klima\/wie-wirkt-sich-lichtverschmutzung-auf-unseren-schlaf-aus-916525.html<\/a><\/p>","protected":false},"excerpt":{"rendered":"<p>\u201eLichtver\u00adschmutzung\u201c bezeichnet das Erhellen der Nacht mit k\u00fcnstlichem Licht. Es ist f\u00fcr uns l\u00e4ngst normal geworden, dass Laternen unsere Stra\u00dfen ausleuchten, Schaufenster auch nachts erhellt sind, gro\u00dfe Strahler historische Geb\u00e4ude in Szene setzen oder&#46;&#46;&#46;<\/p>","protected":false},"author":3,"featured_media":0,"parent":0,"menu_order":0,"comment_status":"closed","ping_status":"closed","template":"","meta":{"_lmt_disableupdate":"","_lmt_disable":"","footnotes":""},"categories":[],"tags":[],"class_list":["post-7229","page","type-page","status-publish","hentry"],"_links":{"self":[{"href":"https:\/\/www.nabu-aachen.de\/en\/wp-json\/wp\/v2\/pages\/7229","targetHints":{"allow":["GET"]}}],"collection":[{"href":"https:\/\/www.nabu-aachen.de\/en\/wp-json\/wp\/v2\/pages"}],"about":[{"href":"https:\/\/www.nabu-aachen.de\/en\/wp-json\/wp\/v2\/types\/page"}],"author":[{"embeddable":true,"href":"https:\/\/www.nabu-aachen.de\/en\/wp-json\/wp\/v2\/users\/3"}],"replies":[{"embeddable":true,"href":"https:\/\/www.nabu-aachen.de\/en\/wp-json\/wp\/v2\/comments?post=7229"}],"version-history":[{"count":1,"href":"https:\/\/www.nabu-aachen.de\/en\/wp-json\/wp\/v2\/pages\/7229\/revisions"}],"predecessor-version":[{"id":7231,"href":"https:\/\/www.nabu-aachen.de\/en\/wp-json\/wp\/v2\/pages\/7229\/revisions\/7231"}],"wp:attachment":[{"href":"https:\/\/www.nabu-aachen.de\/en\/wp-json\/wp\/v2\/media?parent=7229"}],"wp:term":[{"taxonomy":"category","embeddable":true,"href":"https:\/\/www.nabu-aachen.de\/en\/wp-json\/wp\/v2\/categories?post=7229"},{"taxonomy":"post_tag","embeddable":true,"href":"https:\/\/www.nabu-aachen.de\/en\/wp-json\/wp\/v2\/tags?post=7229"}],"curies":[{"name":"wp","href":"https:\/\/api.w.org\/{rel}","templated":true}]}}