{"id":928,"date":"2019-03-11T10:00:33","date_gmt":"2019-03-11T09:00:33","guid":{"rendered":"https:\/\/www.nabu-aachen.de\/?page_id=928"},"modified":"2023-06-16T10:20:55","modified_gmt":"2023-06-16T08:20:55","slug":"atom-klima-und-energiepolitik","status":"publish","type":"page","link":"https:\/\/www.nabu-aachen.de\/en\/atom-klima-und-energiepolitik\/","title":{"rendered":"Atom-, Klima- und Energiepolitik"},"content":{"rendered":"<p>Der NABU Aachen setzt sich f\u00fcr eine sichere und klimafreundliche Energieversorgung ein: Mithilfe seines Fachwissens ber\u00e4t er Politik und Verwaltung und fordert beispielsweise naturvertr\u00e4gliche Trassenvarianten f\u00fcr Gaspipelines und Stromleitungen oder geeignete Standorte f\u00fcr Windkraftanlagen. In Zusammenarbeit mit weiteren Initiativen und Verb\u00e4nden macht er sich au\u00dferdem f\u00fcr einen Braunkohle- und Atom-Ausstieg stark, sowie insbesondere f\u00fcr die Abschaltung der\u00a0Reaktorbl\u00f6cke Tihange 1 und 2 sowie Doel 1, 2 und 3. Auf dieser Seite finden Sie gesammelt einige Stellungnahmen und Pressemeldungen zu diesen Themen.<\/p>\n<div>\u00a0<\/div>\n<div><strong>19. M\u00e4rz 2021 Geplanter Ausbau der Flughafens L\u00fcttich.<\/strong><\/div>\n<div>\u00a0<\/div>\n<div>Von der \u00d6ffentlichkeit weitgehend unbemerkt, ist der Flughafen L\u00fcttich (Bierset) in den letzten Jahren immer mehr zu einem internationalen Frachtflughafen mit Nachtflugerlaubnis ausgebaut worden. Leider bisher ohne die daf\u00fcr eigentlich erforderliche grenz\u00fcberschreitende Umweltvertr\u00e4glichkeitspr\u00fcfung (UVP) mit Beteiligung der deutschen betroffenen \u00d6ffentlichkeit. Nun soll der Flughafen weiter ausgebaut werden und deutsche Betroffene und Naturschutzverb\u00e4nde hatten erstmals die Gelegenheit zu Stellungnahme. Gr\u00f6\u00dftes Problem bei dem geplanten weiteren Ausbau sind nicht n\u00e4chtlicher L\u00e4rm und Kerosin-Abl\u00e4sse landender Flugzeuge, sondern die Fl\u00fcge schwerer Frachtflugmaschinen \u00fcber das Atomkraftwerk Tihange mit seinen drei Atommeilern und dem derzeit ebenfalls geplanten Atomm\u00fcll-Zwischenlager. Denn der von der Europ\u00e4ischen Union (EU) nach Fukushima angeordnete \u201eStresstest\u201c f\u00fcr alle in 13 EU-Mitgliedstaaten (noch) in Betrieb befindlichen AKW hat ergeben, dass das AKW Tihange weder gegen Flugzeugabst\u00fcrze noch gegen Terrorakte mit Flugzeugen (wie am 11. September 2001) ausreichend gesch\u00fctzt ist. F\u00fcr das Zwischenlager sind Betondecken mit l\u00e4cherlichen 20 cm Dicke geplant \u2013 bei den neuesten Zwischenlagern in Deutschland sind es 180 cm Dicke.<\/div>\n<div>Die Stellungnahme des NABU Aachen finden Sie hier: <a href=\"https:\/\/www.nabu-aachen.de\/wp-content\/uploads\/2021\/03\/nabu-stellungnahme_bierset_2021-03-12.pdf\">nabu-stellungnahme_bierset_2021-03-12<\/a><\/div>\n<p>Eine Musterstellungnahme, je in Deutsch und Franz\u00f6sisch, finden Sie hier:<\/p>\n<p><a href=\"https:\/\/www.nabu-aachen.de\/wp-content\/uploads\/2021\/04\/muster-stellungnahme_bierset_2021-03-12.doc\">muster-stellungnahme_bierset_2021-03-12<\/a><\/p>\n<p><a href=\"https:\/\/www.nabu-aachen.de\/wp-content\/uploads\/2021\/04\/muster-stellungnahme_bierset_franzoesisch_2021-04-21.doc\">muster-stellungnahme_bierset_franzoesisch_2021-04-21<\/a><\/p>\n<p><strong>Atomm\u00fcll-Zwischenlager in Tihange<\/strong><\/p>\n<p>Am Vorabend des Fukushima-Jahrestages 2020, am 10. M\u00e4rz, fand im Forum M der Mayerschen Buchhandlung in Aachen eine Veranstaltung der Initiative 3 Rosen e.V. zum geplanten Zwischenlager f\u00fcr Atomm\u00fcll auf dem Gel\u00e4nde der drei Reaktoren des belgischen Atomkraftwerkes in Tihange statt.<\/p>\n<p>F\u00fcr eine Betriebsdauer von 80 (!) Jahren sollen dort die abgebrannten, aber immer noch hochradioaktiven Brennelemente in Castoren oberirdisch deponiert werden. Der Plan f\u00fcr das zu konstruierende Geb\u00e4ude weist bedrohliche Sicherheitsm\u00e4ngel auf, welche die kommenden Generationen der Menschen in der Euregio in hohem Ma\u00df gef\u00e4hrden. Dazu hatten die Veranstalter monatelang recherchiert und Ungeheuerliches zu Tage gebracht.<\/p>\n<p>Zwei Beispiele: Flugzeuge vom nur 20 km entfernten internationalen Airport Li\u00e9ge Bierset \u00fcberfliegen das AKW- Gel\u00e4nde oft abweichend von den erlaubten Flugrouten. Das Geb\u00e4ude soll nur ein Dach mit einer 20 cm d\u00fcnnen Betondecke erhalten. Die 60 jeweils 5 m\u00b2 gro\u00dfen L\u00fcftungs\u00f6ffnungen zur K\u00fchlung der Castoren sind baulich nicht vor terroristischen Angriffen mit tragbaren panzerbrechenden Waffen gesch\u00fctzt.<\/p>\n<p>Den Vortrag von Robert Borsch-Laaks von der Initiative 3 Rosen e.V. finden Sie unter <a href=\"https:\/\/www.nabu-aachen.de\/wp-content\/uploads\/2020\/03\/zl-tihange_1.5.1.pdf\" target=\"_blank\" rel=\"noopener noreferrer\">zl-tihange_1.5.1<\/a> .<\/p>\n<p>Der zweite Referent des Abends, Jan Haverkamp aus Amsterdam, Atomm\u00fcll- Experte von Greenpeace, schlug vor, dazu von den belgischen Beh\u00f6rden eine grenz\u00fcberschreitende Umweltvertr\u00e4glichkeitspr\u00fcfung (UVP) unter Beteiligung der deutschen Beh\u00f6rden und B\u00fcrgerInnen zu fordern. Eine entsprechende Initiative wird derzeit vorbereitet. Der NABU-Stadtverband Aachen e.V. unterst\u00fctzt diese Aktion.<\/p>\n<p>Besorgte B\u00fcrgerinnen und B\u00fcrger aus den betreffenden Regionen in NRW und Rheinland-Pfalz k\u00f6nnen sich dem anschlie\u00dfen. Weitere Infos hierzu bitte anfordern unter: <a href=\"mailto:post@3rosen.eu\">post@3rosen.eu<\/a><\/p>\n<div>\u00a0<\/div>\n<div>\u00a0<\/div>\n<div>Die Aachener Anti-Atom-Initiative 3 Rosen, der NABU Aachen, Greenpeace Aachen und die IPPNW-Regionalgruppe Aachen haben die Landesregierungen von NRW und RLP aufgefordert, gegen die Genehmigung des Atomm\u00fcll-Zwischenlagers in Tihange rechtlich vorzugehen. Der Bau wurde inzwischen von der belgischen Regierung genehmigt, ohne die nach EU-Recht (UVP-Richtlinie) und internationalem V\u00f6lkerrecht (Espoo-Konvention) erforderliche grenz\u00fcberschreitende UVP mit umfassender \u00d6ffentlichkeitsbeteiligung auch der betroffenen Menschen im Grenzland (Aarhus-Konvention) durchzuf\u00fchren.<\/div>\n<div>\u00a0<\/div>\n<div>Eine gemeinsame Pressemeldung \u00a0vom 10. Juni hierzu finden Sie hier: <a href=\"https:\/\/www.nabu-aachen.de\/wp-content\/uploads\/2020\/06\/2020-06-10_pm-zwischenlager-tihange-final.pdf\">2020-06-10_pm-zwischenlager-tihange-final<\/a><\/div>\n<p>\u00a0<\/p>\n<p><strong>Geplanter Schwermetallabbau Ostbelgien:<\/strong><\/p>\n<p>Am 4. Februar 2019 waren Leo Meyers und andere Mitglieder der B\u00fcrgerinitiative Hergenrath Umwelt (BiHU) zu Gast bei der Aktivensitzung des NABU-Stadtverbandes Aachen, um von dem geplanten Schwermetallabbau in Ostbelgien zu berichten. Im Fr\u00fchjahr 2020 sollen die Probebohrungen f\u00fcr den Abbau beginnen, ab Mitte 2021 ist mit einer Absenkung des Grundwassers zu rechnen. Gesucht werden Blei, Zink, Thallium, Iridium und andere seltene Erze. Die B\u00fcrgerinitiative rechnet damit, dass sowohl Natura-2000-Gebiete als auch Naturschutzgebiete und Landschaftsschutzgebiete mit von PCB und Schwermetall belastetem Grubenwasser verunreinigt werden. Dies wird nicht nur Belgien, sondern auch die Aachener B\u00e4che und Naturschutzgebiete betreffen. Dennoch scheinen die zust\u00e4ndigen belgischen Beh\u00f6rden, wie schon bei der Laufzeitverl\u00e4ngerung des Atomreaktors Tihange 1 um 10 Jahre bis 2025, keine grenz\u00fcberschreitende Umweltvertr\u00e4glichkeitspr\u00fcfung (UVP) gem\u00e4\u00df der Espoo-Konvention durchf\u00fchren zu wollen, in der sich auch die betroffenen B\u00fcrgerinnen und B\u00fcrger in der Region Aachen gegen das Projekt wehren k\u00f6nnten. Der NABU wird das Projekt daher gemeinsam mit den belgischen Umweltgruppen kritisch begleiten!<\/p>\n<p>Die Power-Point-Pr\u00e4sentation zu Herrn Meyers Vortrag k\u00f6nnen Sie <a href=\"https:\/\/www.nabu-aachen.de\/wp-content\/uploads\/2019\/03\/bihu-brgbau-ostbelgien-nabu-pr\u00e4sentation-ohne-video.pdf\" target=\"_blank\" rel=\"noopener noreferrer\">hier<\/a> einsehen.<\/p>\n<div id=\"attachment_1042\" style=\"width: 310px\" class=\"wp-caption alignright\"><a href=\"https:\/\/www.nabu-aachen.de\/wp-content\/uploads\/2018\/03\/windpark-in-der-uckermark.jpg\"><img loading=\"lazy\" decoding=\"async\" aria-describedby=\"caption-attachment-1042\" class=\"size-medium wp-image-1042\" src=\"https:\/\/www.nabu-aachen.de\/wp-content\/uploads\/2018\/03\/windpark-in-der-uckermark-300x200.jpg\" alt=\"\" width=\"300\" height=\"200\" srcset=\"https:\/\/www.nabu-aachen.de\/wp-content\/uploads\/2018\/03\/windpark-in-der-uckermark-300x200.jpg 300w, https:\/\/www.nabu-aachen.de\/wp-content\/uploads\/2018\/03\/windpark-in-der-uckermark-1000x667.jpg 1000w, https:\/\/www.nabu-aachen.de\/wp-content\/uploads\/2018\/03\/windpark-in-der-uckermark.jpg 2000w, https:\/\/www.nabu-aachen.de\/wp-content\/uploads\/2018\/03\/windpark-in-der-uckermark-300x200@2x.jpg 600w\" sizes=\"auto, (max-width: 300px) 100vw, 300px\" \/><\/a><p id=\"caption-attachment-1042\" class=\"wp-caption-text\">NABU\/Eric Neuling<\/p><\/div>\n<p><strong>Windkraft:<\/strong><\/p>\n<p>Pressemeldung zu den Windkraftanlagen im M\u00fcnsterwald (Februar 2017):\u00a0<a href=\"https:\/\/www.nabu-aachen.de\/en\/nabu-lehnt-faellungen-vor-abschluss-der-gerichtsverfahren-ab\/\">https:\/\/www.nabu-aachen.de\/nabu-lehnt-faellungen-vor-abschluss-der-gerichtsverfahren-ab\/<\/a><\/p>\n<p>Aktuelles Positionspapier:\u00a0<a href=\"https:\/\/www.nabu-aachen.de\/wp-content\/uploads\/2023\/06\/wea_aachen_position-des-nabu_20230607.pdf\">wea_aachen_position-des-nabu_20230607<\/a><\/p>\n<p>Einige \u00e4ltere Positionspapiere:\u00a0<a href=\"https:\/\/www.nabu-aachen.de\/en\/windenergie-positionspapiere\/\">https:\/\/www.nabu-aachen.de\/windenergie-positionspapiere\/<\/a><\/p>\n<p><strong>Zeelink-Gaspipeline:<\/strong><\/p>\n<p>Pressemeldung zur Trassenvariante entlang der A44 (September 2017):\u00a0<a href=\"https:\/\/www.nabu-aachen.de\/en\/26-2\/\">https:\/\/www.nabu-aachen.de\/26-2\/<\/a><\/p>\n<p>Stellungnahme zum Korridor f\u00fcr die \u201eZeelink\u201c-Gaspipeline (M\u00e4rz 2017):\u00a0<a href=\"https:\/\/www.nabu-aachen.de\/en\/nabu-stellungnahme-zum-korridor-fuer-die-zeelink-gaspipeline-09-maerz-2017-5\/\">https:\/\/www.nabu-aachen.de\/nabu-stellungnahme-zum-korridor-fuer-die-zeelink-gaspipeline-09-maerz-2017-5\/<\/a><\/p>\n<p><strong>ALEGrO-Stromleitung:<\/strong><\/p>\n<p>Pressemitteilung vom 29.10.2018:\u00a0<a href=\"https:\/\/nrw.nabu.de\/news\/2018\/25338.html\">https:\/\/nrw.nabu.de\/news\/2018\/25338.html<\/a><\/p>\n<p><strong>Atomkraft:<\/strong><\/p>\n<p>Pressemeldung &#8211; NABU Aachen fordert \u00c4nderung des Euratom-Vertrages (M\u00e4rz 2017):\u00a0<a href=\"https:\/\/www.nabu-aachen.de\/en\/aenderung-euratom-vertrages\/\">https:\/\/www.nabu-aachen.de\/aenderung-euratom-vertrages\/<\/a><\/p>\n<p>Mitmachaktion &#8222;Lieferstopp f\u00fcr Risikoreaktoren&#8220;:\u00a0<a href=\"https:\/\/www.umweltinstitut.org\/mitmach-aktionen\/lieferstopp-fuer-risikoreaktoren.html?activeTab=3\">https:\/\/www.umweltinstitut.org\/mitmach-aktionen\/lieferstopp-fuer-risikoreaktoren.html?activeTab=3<\/a><\/p>\n<p><strong>Gemeinsame Pressemeldung zur GroKo-Sondierung:\u00a0<\/strong><a href=\"https:\/\/www.nabu-aachen.de\/en\/initiativen-und-verbaende-kritisieren-groko-sondierung\/\">https:\/\/www.nabu-aachen.de\/initiativen-und-verbaende-kritisieren-groko-sondierung\/<\/a><\/p>\n<p><strong>Unter diesen Links finden Sie zudem Informationen und Pressemeldungen des NABU Landesverbandes NRW:<\/strong><\/p>\n<p><a href=\"https:\/\/nrw.nabu.de\/umwelt-und-ressourcen\/energie\/kohelausstieg\/index.html\">https:\/\/nrw.nabu.de\/umwelt-und-ressourcen\/energie\/kohelausstieg\/index.html<\/a><\/p>\n<p><a href=\"https:\/\/nrw.nabu.de\/news\/2017\/22094.html\">https:\/\/nrw.nabu.de\/news\/2017\/22094.html<\/a><\/p>\n<p><a href=\"https:\/\/nrw.nabu.de\/news\/2016\/20206.html\">https:\/\/nrw.nabu.de\/news\/2016\/20206.html<\/a><\/p>\n<p><a href=\"https:\/\/nrw.nabu.de\/news\/2018\/23796.html\">https:\/\/nrw.nabu.de\/news\/2018\/23796.html<\/a><\/p>\n\n<ul class=\"wp-block-latest-posts__list is-grid columns-2 has-dates wp-block-latest-posts\"><li><div class=\"wp-block-latest-posts__featured-image alignleft\"><img loading=\"lazy\" decoding=\"async\" width=\"150\" height=\"150\" src=\"https:\/\/www.nabu-aachen.de\/wp-content\/uploads\/2024\/05\/europawahl-150x150.jpg\" class=\"attachment-thumbnail size-thumbnail wp-post-image\" alt=\"\" style=\"\" srcset=\"https:\/\/www.nabu-aachen.de\/wp-content\/uploads\/2024\/05\/europawahl-150x150.jpg 150w, https:\/\/www.nabu-aachen.de\/wp-content\/uploads\/2024\/05\/europawahl-160x160.jpg 160w, https:\/\/www.nabu-aachen.de\/wp-content\/uploads\/2024\/05\/europawahl-320x320.jpg 320w, https:\/\/www.nabu-aachen.de\/wp-content\/uploads\/2024\/05\/europawahl-150x150@2x.jpg 300w\" sizes=\"auto, (max-width: 150px) 100vw, 150px\" \/><\/div><a class=\"wp-block-latest-posts__post-title\" href=\"https:\/\/www.nabu-aachen.de\/en\/am-9-juni-natur-und-klima-waehlen\/\">Am 9. Juni Natur und Klima w\u00e4hlen<\/a><time datetime=\"2024-05-23T11:01:16+02:00\" class=\"wp-block-latest-posts__post-date\">23. May 2024<\/time><div class=\"wp-block-latest-posts__post-excerpt\">Wer die Natur sch\u00fctzen will, geht w\u00e4hlen! F\u00fcr die Natur und uns Menschen steht einiges auf dem Spiel: Die Europawahl am 9. Juni wird die Weichen f\u00fcr den Natur- und Klimaschutz der n\u00e4chsten Jahre&#46;&#46;&#46;<\/div><\/li>\n<li><div class=\"wp-block-latest-posts__featured-image alignleft\"><img loading=\"lazy\" decoding=\"async\" width=\"150\" height=\"150\" src=\"https:\/\/www.nabu-aachen.de\/wp-content\/uploads\/2024\/05\/imgp9694_dxo-150x150.jpg\" class=\"attachment-thumbnail size-thumbnail wp-post-image\" alt=\"\" style=\"\" srcset=\"https:\/\/www.nabu-aachen.de\/wp-content\/uploads\/2024\/05\/imgp9694_dxo-150x150.jpg 150w, https:\/\/www.nabu-aachen.de\/wp-content\/uploads\/2024\/05\/imgp9694_dxo-160x160.jpg 160w, https:\/\/www.nabu-aachen.de\/wp-content\/uploads\/2024\/05\/imgp9694_dxo-320x320.jpg 320w, https:\/\/www.nabu-aachen.de\/wp-content\/uploads\/2024\/05\/imgp9694_dxo-150x150@2x.jpg 300w\" sizes=\"auto, (max-width: 150px) 100vw, 150px\" \/><\/div><a class=\"wp-block-latest-posts__post-title\" href=\"https:\/\/www.nabu-aachen.de\/en\/abbau-weiterer-mindeststandards-nabu-warnt-vor-wirtschaftlichen-folgen-fuer-landwirtschaft\/\">Abbau weiterer Mindeststandards: NABU warnt vor wirtschaftlichen Folgen f\u00fcr Landwirtschaft\u00a0<\/a><time datetime=\"2024-05-23T10:39:19+02:00\" class=\"wp-block-latest-posts__post-date\">23. May 2024<\/time><div class=\"wp-block-latest-posts__post-excerpt\">Agrarminister*innenkonferenz Kr\u00fcger: Natur- und Klimakrise bedroht nat\u00fcrliche Produktionsgrundlage \/ Gelder f\u00fcr Naturschutz sind Investitionen f\u00fcr unser Wirtschaften von morgen\u00a0 Berlin \u2013 Bei der heutigen Sonder-Agrarminister*innenkonferenz verhandeln die Landwirtschaftsminister*innen von Bund und L\u00e4nder dar\u00fcber, wie&#46;&#46;&#46;<\/div><\/li>\n<li><div class=\"wp-block-latest-posts__featured-image alignleft\"><img loading=\"lazy\" decoding=\"async\" width=\"150\" height=\"150\" src=\"https:\/\/www.nabu-aachen.de\/wp-content\/uploads\/2020\/08\/entwurf_logo-volksinitiative-artenvielfalt-nrw_16-150x150.jpeg\" class=\"attachment-thumbnail size-thumbnail wp-post-image\" alt=\"\" style=\"\" srcset=\"https:\/\/www.nabu-aachen.de\/wp-content\/uploads\/2020\/08\/entwurf_logo-volksinitiative-artenvielfalt-nrw_16-150x150.jpeg 150w, https:\/\/www.nabu-aachen.de\/wp-content\/uploads\/2020\/08\/entwurf_logo-volksinitiative-artenvielfalt-nrw_16-160x160.jpeg 160w, https:\/\/www.nabu-aachen.de\/wp-content\/uploads\/2020\/08\/entwurf_logo-volksinitiative-artenvielfalt-nrw_16-320x320.jpeg 320w, https:\/\/www.nabu-aachen.de\/wp-content\/uploads\/2020\/08\/entwurf_logo-volksinitiative-artenvielfalt-nrw_16-150x150@2x.jpeg 300w\" sizes=\"auto, (max-width: 150px) 100vw, 150px\" \/><\/div><a class=\"wp-block-latest-posts__post-title\" href=\"https:\/\/www.nabu-aachen.de\/en\/cdu-und-fdp-wollen-buerger-engagement-im-naturschutz-schwaechen\/\">CDU und FDP wollen B\u00fcrger-Engagement im Naturschutz schw\u00e4chen<\/a><time datetime=\"2021-06-17T17:42:28+02:00\" class=\"wp-block-latest-posts__post-date\">17. June 2021<\/time><div class=\"wp-block-latest-posts__post-excerpt\">GEMEINSAME PRESSEMITTEILUNG von BUND, LNU und NABU vom 16. Juni 2021 CDU und FDP wollen B\u00fcrger-Engagement im Naturschutz schw\u00e4chen Novellierung Landesnaturschutzgesetz: Vermeintliche Verfahrungsbeschleunigung soll Eingriffe in Natur und Landschaft erleichtern D\u00fcsseldorf | Die drei&#46;&#46;&#46;<\/div><\/li>\n<li><div class=\"wp-block-latest-posts__featured-image alignleft\"><img loading=\"lazy\" decoding=\"async\" width=\"150\" height=\"150\" src=\"https:\/\/www.nabu-aachen.de\/wp-content\/uploads\/2021\/06\/960px-doel_-_nuclear_plant_doel_1-150x150.jpg\" class=\"attachment-thumbnail size-thumbnail wp-post-image\" alt=\"\" style=\"\" srcset=\"https:\/\/www.nabu-aachen.de\/wp-content\/uploads\/2021\/06\/960px-doel_-_nuclear_plant_doel_1-150x150.jpg 150w, https:\/\/www.nabu-aachen.de\/wp-content\/uploads\/2021\/06\/960px-doel_-_nuclear_plant_doel_1-160x160.jpg 160w, https:\/\/www.nabu-aachen.de\/wp-content\/uploads\/2021\/06\/960px-doel_-_nuclear_plant_doel_1-320x320.jpg 320w, https:\/\/www.nabu-aachen.de\/wp-content\/uploads\/2021\/06\/960px-doel_-_nuclear_plant_doel_1-150x150@2x.jpg 300w\" sizes=\"auto, (max-width: 150px) 100vw, 150px\" \/><\/div><a class=\"wp-block-latest-posts__post-title\" href=\"https:\/\/www.nabu-aachen.de\/en\/stellungnahmen-zur-laufzeitverlaengerung-der-atomreaktoren-doel-1-und-2-bitte-beteiligen-sie-sich\/\">Stellungnahmen zur Laufzeitverl\u00e4ngerung der Atomreaktoren Doel 1 und 2 &#8211; bitte beteiligen Sie sich!<\/a><time datetime=\"2021-06-14T18:54:04+02:00\" class=\"wp-block-latest-posts__post-date\">14. June 2021<\/time><div class=\"wp-block-latest-posts__post-excerpt\">Stellungnahmen zur Laufzeitverl\u00e4ngerung der Atomreaktoren Doel 1 und 2 &#8211; bitte beteiligen Sie sich! Die belgische Regierung hat im Jahr 2015 die Verl\u00e4ngerung der Laufzeiten der Atomreaktoren Doel 1 und 2 im Atomkraftwerk (AKW)&#46;&#46;&#46;<\/div><\/li>\n<li><div class=\"wp-block-latest-posts__featured-image alignleft\"><img loading=\"lazy\" decoding=\"async\" width=\"150\" height=\"150\" src=\"https:\/\/www.nabu-aachen.de\/wp-content\/uploads\/2021\/03\/anflug_luettich-150x150.jpg\" class=\"attachment-thumbnail size-thumbnail wp-post-image\" alt=\"\" style=\"\" srcset=\"https:\/\/www.nabu-aachen.de\/wp-content\/uploads\/2021\/03\/anflug_luettich-150x150.jpg 150w, https:\/\/www.nabu-aachen.de\/wp-content\/uploads\/2021\/03\/anflug_luettich-160x160.jpg 160w, https:\/\/www.nabu-aachen.de\/wp-content\/uploads\/2021\/03\/anflug_luettich-320x320.jpg 320w, https:\/\/www.nabu-aachen.de\/wp-content\/uploads\/2021\/03\/anflug_luettich-150x150@2x.jpg 300w\" sizes=\"auto, (max-width: 150px) 100vw, 150px\" \/><\/div><a class=\"wp-block-latest-posts__post-title\" href=\"https:\/\/www.nabu-aachen.de\/en\/nabu-stellungnahme-flughafen-luettich-akw-tihange\/\">NABU-Stellungnahme Flughafen L\u00fcttich \/ AKW Tihange<\/a><time datetime=\"2021-03-19T18:49:02+01:00\" class=\"wp-block-latest-posts__post-date\">19. March 2021<\/time><div class=\"wp-block-latest-posts__post-excerpt\">Von der \u00d6ffentlichkeit weitgehend unbemerkt, ist der Flughafen L\u00fcttich (Bierset) in den letzten Jahren immer mehr zu einem internationalen Frachtflughafen mit Nachtflugerlaubnis ausgebaut worden. Leider bisher ohne die daf\u00fcr eigentlich erforderliche grenz\u00fcberschreitende Umweltvertr\u00e4glichkeitspr\u00fcfung (UVP)&#46;&#46;&#46;<\/div><\/li>\n<li><a class=\"wp-block-latest-posts__post-title\" href=\"https:\/\/www.nabu-aachen.de\/en\/runder-tisch-klimanotstand-aachen-offener-brief\/\">Runder Tisch Klimanotstand Aachen: Offener Brief<\/a><time datetime=\"2020-06-18T14:48:08+02:00\" class=\"wp-block-latest-posts__post-date\">18. June 2020<\/time><div class=\"wp-block-latest-posts__post-excerpt\">Offener Brief zur Corona-Pandemie an die Politiker*innen der Stadt Aachen Ein Ansto\u00df f\u00fcr nachhaltige, regionale Entwicklung Autoren: Raphaela Kell, Alexandra Kessler, Claus Mayr, Karsten Schellmat &nbsp; Foto: www.pixabay.com Zurzeit \u00fcberdeckt die berechtigte Sorge um&#46;&#46;&#46;<\/div><\/li>\n<\/ul>","protected":false},"excerpt":{"rendered":"<p>Der NABU Aachen setzt sich f\u00fcr eine sichere und klimafreundliche Energieversorgung ein: Mithilfe seines Fachwissens ber\u00e4t er Politik und Verwaltung und fordert beispielsweise naturvertr\u00e4gliche Trassenvarianten f\u00fcr Gaspipelines und Stromleitungen oder geeignete Standorte f\u00fcr Windkraftanlagen.&#46;&#46;&#46;<\/p>","protected":false},"author":3,"featured_media":1042,"parent":0,"menu_order":0,"comment_status":"closed","ping_status":"closed","template":"","meta":{"_lmt_disableupdate":"","_lmt_disable":"","footnotes":""},"categories":[26],"tags":[],"class_list":["post-928","page","type-page","status-publish","has-post-thumbnail","hentry","category-themen"],"_links":{"self":[{"href":"https:\/\/www.nabu-aachen.de\/en\/wp-json\/wp\/v2\/pages\/928","targetHints":{"allow":["GET"]}}],"collection":[{"href":"https:\/\/www.nabu-aachen.de\/en\/wp-json\/wp\/v2\/pages"}],"about":[{"href":"https:\/\/www.nabu-aachen.de\/en\/wp-json\/wp\/v2\/types\/page"}],"author":[{"embeddable":true,"href":"https:\/\/www.nabu-aachen.de\/en\/wp-json\/wp\/v2\/users\/3"}],"replies":[{"embeddable":true,"href":"https:\/\/www.nabu-aachen.de\/en\/wp-json\/wp\/v2\/comments?post=928"}],"version-history":[{"count":28,"href":"https:\/\/www.nabu-aachen.de\/en\/wp-json\/wp\/v2\/pages\/928\/revisions"}],"predecessor-version":[{"id":5704,"href":"https:\/\/www.nabu-aachen.de\/en\/wp-json\/wp\/v2\/pages\/928\/revisions\/5704"}],"wp:featuredmedia":[{"embeddable":true,"href":"https:\/\/www.nabu-aachen.de\/en\/wp-json\/wp\/v2\/media\/1042"}],"wp:attachment":[{"href":"https:\/\/www.nabu-aachen.de\/en\/wp-json\/wp\/v2\/media?parent=928"}],"wp:term":[{"taxonomy":"category","embeddable":true,"href":"https:\/\/www.nabu-aachen.de\/en\/wp-json\/wp\/v2\/categories?post=928"},{"taxonomy":"post_tag","embeddable":true,"href":"https:\/\/www.nabu-aachen.de\/en\/wp-json\/wp\/v2\/tags?post=928"}],"curies":[{"name":"wp","href":"https:\/\/api.w.org\/{rel}","templated":true}]}}